{"id":5828,"date":"2015-12-07T11:35:48","date_gmt":"2015-12-07T10:35:48","guid":{"rendered":"http:\/\/www.andreclaude.fr\/web\/index.php\/produit\/riz-long-jaune-le-kilo\/"},"modified":"2022-01-25T09:03:17","modified_gmt":"2022-01-25T08:03:17","slug":"riz-long-jaune-le-kilo","status":"publish","type":"product","link":"https:\/\/www.passionfruits.fr\/index.php\/produit\/riz-long-jaune-le-kilo\/","title":{"rendered":"Riz long Cambodge barq env 400g"},"content":{"rendered":"<p>Origine : Cambodge<\/p>\n","protected":false},"excerpt":{"rendered":"<p>Les riz longs<b> :<\/b>ils ne collent pas. Ils sont g\u00e9n\u00e9ralement cuits \u00e0 l&#8217;eau (cuisson cr\u00e9ole) et servis \u00ab nature \u00bb, en accompagnement de plats en sauce comme la blanquette de veau. Ils s&#8217;int\u00e8grent \u00e9galement dans les salades froides.<\/p>\n<p>Ingr\u00e9dients : riz long \u00e9tuv\u00e9 Indica<br \/>\nValeurs \u00e9nerg\u00e9tiques et nutritionnelles moyennes pour 100 g:<br \/>\nEnergie : 1493kj\/355kcal<br \/>\nMati\u00e8res grasses : 0.78g dont acides gras satur\u00e9s : 0.22g<br \/>\nGlucides : 79.3g dont sucres : 0.42g<br \/>\nProt\u00e9ines :7g<br \/>\nSel : 0.005g<\/p>\n","protected":false},"featured_media":5829,"comment_status":"closed","ping_status":"closed","template":"","meta":{"spay_email":"","jetpack_publicize_message":"","jetpack_is_tweetstorm":false},"jetpack_publicize_connections":[],"jetpack_sharing_enabled":true,"jetpack-related-posts":[{"id":5827,"url":"https:\/\/www.passionfruits.fr\/index.php\/produit\/riz-basmati-le-kilo\/","url_meta":{"origin":5828,"position":0},"title":"Riz Basmati Inde\/Pakistan barq env 400g","date":"7 d\u00e9cembre 2015","format":false,"excerpt":"Pr\u00e9paration : Un volume de riz pour 2,5 de volumes d'eau bouillante sal\u00e9e. Cuire \u00e0 feu doux 10 \u00e0 15 minutes en couvrant et laisser gonfler. Valeurs \u00e9nerg\u00e9tiques et nutritionnelles moyennes pour 100 g: Energie : 354kcal\/1504kj Mati\u00e8res grasses : 0.4g dont acides gras satur\u00e9s : 0.1g Glucides : 80.4g\u2026","rel":"","context":"Article similaire","img":{"alt_text":"","src":"https:\/\/i0.wp.com\/www.passionfruits.fr\/wp-content\/uploads\/2015\/12\/basmati.jpg?fit=600%2C600&ssl=1&resize=350%2C200","width":350,"height":200},"classes":[]},{"id":5823,"url":"https:\/\/www.passionfruits.fr\/index.php\/produit\/riz-rond-le-kilo\/","url_meta":{"origin":5828,"position":1},"title":"Riz Rond Italie barq env 400g","date":"7 d\u00e9cembre 2015","format":false,"excerpt":"Le riz rond pour les desserts Ce riz rond est utilis\u00e9 de pr\u00e9f\u00e9rence pour les desserts (g\u00e2teau de riz, riz au lait). Il peut \u00eatre cuit, selon l'utilisation, dans de l'eau ou dans du lait.\u00a0Le riz rond, contrairement aux riz longs qui absorbent peu d'eau, gonfle lors de la cuisson.\u2026","rel":"","context":"Article similaire","img":{"alt_text":"","src":"https:\/\/i0.wp.com\/www.passionfruits.fr\/wp-content\/uploads\/2015\/12\/riz-rond.jpg?fit=600%2C600&ssl=1&resize=350%2C200","width":350,"height":200},"classes":[]},{"id":17690,"url":"https:\/\/www.passionfruits.fr\/index.php\/produit\/riz-au-lait-nature-le-pot-de-125g\/","url_meta":{"origin":5828,"position":2},"title":"Riz au lait nature le pot de  125g","date":"14 mars 2021","format":false,"excerpt":"Fabriqu\u00e9s \u00e0 la ferme avec du lait entier Recette naturelle, sans additif, sans conservateur, sans OGM. Bourdel 37160Neuilly le Brignon Ingr\u00e9dients : Lait* entier pasteuris\u00e9 Riz : 13 % Sucre : 10% Le lait est entier. Il n\u2019a subit aucune homog\u00e9n\u00e9isation ni standardisation Valeurs Nutritionnelles pour : 100 gr 125\u2026","rel":"","context":"Article similaire","img":{"alt_text":"","src":"https:\/\/i1.wp.com\/www.passionfruits.fr\/wp-content\/uploads\/2021\/03\/Riz-Nature.jpg?fit=400%2C400&ssl=1&resize=350%2C200","width":350,"height":200},"classes":[]},{"id":6287,"url":"https:\/\/www.passionfruits.fr\/index.php\/produit\/riz-melange-sauvage-les-500-grs\/","url_meta":{"origin":5828,"position":3},"title":"Riz m\u00e9lang\u00e9 sauvage Import barq env 400g","date":"7 d\u00e9cembre 2015","format":false,"excerpt":"Le \"M\u00e9lange sauvage\" est un m\u00e9lange de riz sauvage et de riz, pour son go\u00fbt d\u00e9licat et ses valeurs nutritionnelles.","rel":"","context":"Article similaire","img":{"alt_text":"","src":"https:\/\/i0.wp.com\/www.passionfruits.fr\/wp-content\/uploads\/2015\/12\/riz-melange-sauvage.jpg?fit=300%2C300&ssl=1&resize=350%2C200","width":350,"height":200},"classes":[]},{"id":9242,"url":"https:\/\/www.passionfruits.fr\/index.php\/produit\/melange-sambahia-barquette-150-g-environ\/","url_meta":{"origin":5828,"position":4},"title":"M\u00e9lange sambahia barquette 150 g environ","date":"20 ao\u00fbt 2016","format":false,"excerpt":"M\u00e9lange d'arachides enrob\u00e9es et de biscuits souffl\u00e9s au riz. Conditionn\u00e9 en barquette refermable \u00e0 volont\u00e9 pour garder toute sa saveur. Ingr\u00e9dients: Riz 33%, arachides 17%, farine de bl\u00e9,sucre, huile vegetales (palm, tournesol), amidon modifi\u00e9 de ma\u00efs et de tapioca, sauce soja (eau,soja,bl\u00e9,sel), sel, assaisonnement aromtis\u00e9 (maltodextrine, sel, oignon, ail, sucre,\u2026","rel":"","context":"Article similaire","img":{"alt_text":"","src":"https:\/\/i1.wp.com\/www.passionfruits.fr\/wp-content\/uploads\/2016\/08\/Melange-sambahia.jpg?fit=600%2C600&ssl=1&resize=350%2C200","width":350,"height":200},"classes":[]},{"id":6903,"url":"https:\/\/www.passionfruits.fr\/index.php\/produit\/figuette-andalousie-les-500-grs\/","url_meta":{"origin":5828,"position":5},"title":"Figuette Andalousie Cat 1  les 500g","date":"11 d\u00e9cembre 2015","format":false,"excerpt":"Figuettes s\u00e9ch\u00e9es sans sucre ajout\u00e9, sans conservateur ni colorant.Petite figue s\u00e9ch\u00e9e naturellement au soleil d'Andalousie. Ingr\u00e9dients : Figues s\u00e9ch\u00e9es, farine de riz","rel":"","context":"Article similaire","img":{"alt_text":"","src":"https:\/\/i0.wp.com\/www.passionfruits.fr\/wp-content\/uploads\/2015\/12\/figuette-sechee.jpg?fit=600%2C600&ssl=1&resize=350%2C200","width":350,"height":200},"classes":[]}],"_links":{"self":[{"href":"https:\/\/www.passionfruits.fr\/index.php\/wp-json\/wp\/v2\/product\/5828"}],"collection":[{"href":"https:\/\/www.passionfruits.fr\/index.php\/wp-json\/wp\/v2\/product"}],"about":[{"href":"https:\/\/www.passionfruits.fr\/index.php\/wp-json\/wp\/v2\/types\/product"}],"replies":[{"embeddable":true,"href":"https:\/\/www.passionfruits.fr\/index.php\/wp-json\/wp\/v2\/comments?post=5828"}],"wp:featuredmedia":[{"embeddable":true,"href":"https:\/\/www.passionfruits.fr\/index.php\/wp-json\/wp\/v2\/media\/5829"}],"wp:attachment":[{"href":"https:\/\/www.passionfruits.fr\/index.php\/wp-json\/wp\/v2\/media?parent=5828"}],"curies":[{"name":"wp","href":"https:\/\/api.w.org\/{rel}","templated":true}]}}