{"id":5830,"date":"2015-12-07T11:35:48","date_gmt":"2015-12-07T10:35:48","guid":{"rendered":"http:\/\/www.andreclaude.fr\/web\/index.php\/produit\/semoule-les-500-grs\/"},"modified":"2019-01-15T18:26:11","modified_gmt":"2019-01-15T17:26:11","slug":"semoule-les-500-grs","status":"publish","type":"product","link":"https:\/\/www.passionfruits.fr\/index.php\/produit\/semoule-les-500-grs\/","title":{"rendered":"Semoule moyenne Maroc barq env 400g"},"content":{"rendered":"<p>Origine : Import<\/p>\n","protected":false},"excerpt":{"rendered":"<p>100% semoule de bl\u00e9 dur roul\u00e9e et cuite \u00e0 la vapeur. Issue des meilleurs bl\u00e9s durs, la graine de couscous moyenne est fabriqu\u00e9e depuis toujours \u00e0 partir de la semoule roul\u00e9e, cuite \u00e0 la vapeur, s\u00e9ch\u00e9e puis tamis\u00e9e. Cette semoule pr\u00e9cuite est l\u00e9g\u00e8re et savoureuse.<\/p>\n<p>Ingr\u00e9dients : 10% semoule de bl\u00e9 dur de qualit\u00e9 sup\u00e9rieure<br \/>\nContient du <strong>Gluten<\/strong><br \/>\nValeurs \u00e9nerg\u00e9tiques et nutritionnelles moyennes pour 100 g:<br \/>\nEnergie : 1567kj\/370kcal<br \/>\nMati\u00e8res grasses : 2g dont acides gras satur\u00e9s : 0.4g<br \/>\nGlucides : 73g dont sucres : 3g<br \/>\nFibres alimentaires : 3.4g<br \/>\nProt\u00e9ines : 13.2g<br \/>\nSel : &lt;0.05g<\/p>\n","protected":false},"featured_media":6854,"comment_status":"closed","ping_status":"closed","template":"","meta":{"spay_email":"","jetpack_publicize_message":"","jetpack_is_tweetstorm":false},"jetpack_publicize_connections":[],"jetpack_sharing_enabled":true,"jetpack-related-posts":[{"id":18317,"url":"https:\/\/www.passionfruits.fr\/index.php\/produit\/ravioli-a-la-viande-barquettes-250-gr\/","url_meta":{"origin":5830,"position":0},"title":"RAVIOLI A LA VIANDE Barquettes 250 Gr","date":"16 septembre 2021","format":false,"excerpt":"ingr\u00e9dients de la p\u00e2te : farine de bl\u00e9 tendre, semoule de bl\u00e9 dur, \u0153ufs (10,8% sur le produit fini), eau. ingr\u00e9dients de la farce : pr\u00e9paration de viande (viande de b\u0153uf (9,5% sur le produit fini), viande de porc (9,5% sur le produit fini), sel, farine de bl\u00e9 tendre, ar\u00f4mes),\u2026","rel":"","context":"Article similaire","img":{"alt_text":"","src":"https:\/\/i0.wp.com\/www.passionfruits.fr\/wp-content\/uploads\/2021\/09\/raviolis_mg_5323_copier_copier_.jpg?fit=600%2C600&ssl=1&resize=350%2C200","width":350,"height":200},"classes":[]},{"id":6136,"url":"https:\/\/www.passionfruits.fr\/index.php\/produit\/pate-alsacienne-coquillette-le-paquet-250g\/","url_meta":{"origin":5830,"position":1},"title":"P\u00e2te Alsacienne coquillette le paquet 250g","date":"7 d\u00e9cembre 2015","format":false,"excerpt":"La petite p\u00e2te qui pla\u00eet \u00e0 tout le monde ! CARACTERISTIQUES PRODUIT Ingr\u00e9dients : - PATES D'ALSACE 7 OEUFS FRAIS AU KILO DE SEMOULE DE BLE DUR - - - - - - - - - - - - - - - - - - - INGREDIENTS : Semoule de\u2026","rel":"","context":"Article similaire","img":{"alt_text":"","src":"https:\/\/i1.wp.com\/www.passionfruits.fr\/wp-content\/uploads\/2015\/12\/coquillette.jpg?fit=597%2C600&ssl=1&resize=350%2C200","width":350,"height":200},"classes":[]},{"id":6137,"url":"https:\/\/www.passionfruits.fr\/index.php\/produit\/pate-alsacienne-torsade-le-paquet-250g\/","url_meta":{"origin":5830,"position":2},"title":"P\u00e2te Alsacienne - torsade le paquet 250g","date":"7 d\u00e9cembre 2015","format":false,"excerpt":"CARACTERISTIQUES PRODUIT Ingr\u00e9dients : - PATES D'ALSACE 7 OEUFS FRAIS AU KILO DE SEMOULE DE BLE DUR - - - - - - - - - - - - - - - - - - - INGREDIENTS : Semoule de bl\u00e9 dur de qualit\u00e9 sup\u00e9rieure, oeufs frais (30 %). Allerg\u00e8nes\u2026","rel":"","context":"Article similaire","img":{"alt_text":"","src":"https:\/\/i2.wp.com\/www.passionfruits.fr\/wp-content\/uploads\/2015\/12\/torsade.jpg?fit=594%2C600&ssl=1&resize=350%2C200","width":350,"height":200},"classes":[]},{"id":6139,"url":"https:\/\/www.passionfruits.fr\/index.php\/produit\/pate-alsacienne-nids-le-paquet-250g\/","url_meta":{"origin":5830,"position":3},"title":"P\u00e2te Alsacienne - nids le paquet 250g","date":"7 d\u00e9cembre 2015","format":false,"excerpt":"Le plus \"standard\" des nids CARACTERISTIQUES PRODUIT Ingr\u00e9dients : - PATES D'ALSACE 7 OEUFS FRAIS AU KILO DE SEMOULE DE BLE DUR - - - - - - - - - - - - - - - - - - - INGREDIENTS : Semoule de bl\u00e9 dur de qualit\u00e9 sup\u00e9rieure,\u2026","rel":"","context":"Article similaire","img":{"alt_text":"","src":"https:\/\/i1.wp.com\/www.passionfruits.fr\/wp-content\/uploads\/2015\/12\/nid.jpg?fit=598%2C600&ssl=1&resize=350%2C200","width":350,"height":200},"classes":[]},{"id":6190,"url":"https:\/\/www.passionfruits.fr\/index.php\/produit\/pate-alsacienne-pennes-le-paquet-250g\/","url_meta":{"origin":5830,"position":4},"title":"P\u00e2te Alsacienne - pennes le paquet 250g","date":"7 d\u00e9cembre 2015","format":false,"excerpt":"CARACTERISTIQUES PRODUIT Ingr\u00e9dients : - PATES D'ALSACE 7 OEUFS FRAIS AU KILO DE SEMOULE DE BLE DUR - - - - - - - - - - - - - - - - - - - INGREDIENTS : Semoule de bl\u00e9 dur de qualit\u00e9 sup\u00e9rieure, oeufs frais (30 %). Allerg\u00e8nes\u2026","rel":"","context":"Article similaire","img":{"alt_text":"","src":"https:\/\/i0.wp.com\/www.passionfruits.fr\/wp-content\/uploads\/2015\/12\/penne.jpg?fit=598%2C600&ssl=1&resize=350%2C200","width":350,"height":200},"classes":[]},{"id":6191,"url":"https:\/\/www.passionfruits.fr\/index.php\/produit\/pate-alsacienne-coquilles-gros-coudes-le-paquet-250g\/","url_meta":{"origin":5830,"position":5},"title":"P\u00e2te Alsacienne - coquilles gros coudes le paquet 250g","date":"7 d\u00e9cembre 2015","format":false,"excerpt":"CARACTERISTIQUES PRODUIT Ingr\u00e9dients : - PATES D'ALSACE 7 OEUFS FRAIS AU KILO DE SEMOULE DE BLE DUR - - - - - - - - - - - - - - - - - - - INGREDIENTS : Semoule de bl\u00e9 dur de qualit\u00e9 sup\u00e9rieure, oeufs frais (30 %). Allerg\u00e8nes\u2026","rel":"","context":"Article similaire","img":{"alt_text":"","src":"https:\/\/i0.wp.com\/www.passionfruits.fr\/wp-content\/uploads\/2015\/12\/coude.jpg?fit=576%2C600&ssl=1&resize=350%2C200","width":350,"height":200},"classes":[]}],"_links":{"self":[{"href":"https:\/\/www.passionfruits.fr\/index.php\/wp-json\/wp\/v2\/product\/5830"}],"collection":[{"href":"https:\/\/www.passionfruits.fr\/index.php\/wp-json\/wp\/v2\/product"}],"about":[{"href":"https:\/\/www.passionfruits.fr\/index.php\/wp-json\/wp\/v2\/types\/product"}],"replies":[{"embeddable":true,"href":"https:\/\/www.passionfruits.fr\/index.php\/wp-json\/wp\/v2\/comments?post=5830"}],"wp:featuredmedia":[{"embeddable":true,"href":"https:\/\/www.passionfruits.fr\/index.php\/wp-json\/wp\/v2\/media\/6854"}],"wp:attachment":[{"href":"https:\/\/www.passionfruits.fr\/index.php\/wp-json\/wp\/v2\/media?parent=5830"}],"curies":[{"name":"wp","href":"https:\/\/api.w.org\/{rel}","templated":true}]}}