{"id":5835,"date":"2015-12-07T11:35:48","date_gmt":"2015-12-07T10:35:48","guid":{"rendered":"http:\/\/www.andreclaude.fr\/web\/index.php\/produit\/wasabi-barq-150-g\/"},"modified":"2022-03-18T12:02:56","modified_gmt":"2022-03-18T11:02:56","slug":"wasabi-barq-150-g","status":"publish","type":"product","link":"https:\/\/www.passionfruits.fr\/index.php\/produit\/wasabi-barq-150-g\/","title":{"rendered":"Wasabi barquette 200 g environ soit 9.95\u20ac le Kg"},"content":{"rendered":"<p>Distribu\u00e9 par<\/p>\n<p>Agidra<\/p>\n<p>BP 156<\/p>\n<p>69801 SAINT PRIEST<\/p>\n","protected":false},"excerpt":{"rendered":"<p>Une arachide enrob\u00e9 d&#8217;une p\u00e2te croustillante et de wasabi, un produit relev\u00e9 et croustillant.<\/p>\n<p>Conditionn\u00e9 en barquette refermable \u00e0 volont\u00e9 pour garder toute sa saveur.<\/p>\n<p>Ingr\u00e9dients : Arachide 37%, amidon de ma\u00efs, farine de <strong>bl\u00e9<\/strong>, sucre, huile de palme, sel, poudre de wasabi 0.3% (contient <strong>moutarde<\/strong>), colorant: E140.<\/p>\n<p>Traces possibles de fruits \u00e0 coque, de s\u00e9same et de sulfites.<\/p>\n<p>Origine: Import.<\/p>\n<p>Valeurs nutritionnelles moyennes pour 100g<\/p>\n<p>Energie 1962kJ \/ 468kcal<br \/>\nGraisses 21.4g dont acides gras satur\u00e9s 6.8g<br \/>\nGlucides 51.6g dont sucres 9.7g<br \/>\nProt\u00e9ines 11.4g<br \/>\nSel 0.96g<\/p>\n<p>&nbsp;<\/p>\n","protected":false},"featured_media":7075,"comment_status":"closed","ping_status":"closed","template":"","meta":{"spay_email":"","jetpack_publicize_message":"","jetpack_is_tweetstorm":false},"jetpack_publicize_connections":[],"jetpack_sharing_enabled":true,"jetpack-related-posts":[{"id":9242,"url":"https:\/\/www.passionfruits.fr\/index.php\/produit\/melange-sambahia-barquette-150-g-environ\/","url_meta":{"origin":5835,"position":0},"title":"M\u00e9lange sambahia barquette 150 g environ","date":"20 ao\u00fbt 2016","format":false,"excerpt":"M\u00e9lange d'arachides enrob\u00e9es et de biscuits souffl\u00e9s au riz. Conditionn\u00e9 en barquette refermable \u00e0 volont\u00e9 pour garder toute sa saveur. Ingr\u00e9dients: Riz 33%, arachides 17%, farine de bl\u00e9,sucre, huile vegetales (palm, tournesol), amidon modifi\u00e9 de ma\u00efs et de tapioca, sauce soja (eau,soja,bl\u00e9,sel), sel, assaisonnement aromtis\u00e9 (maltodextrine, sel, oignon, ail, sucre,\u2026","rel":"","context":"Article similaire","img":{"alt_text":"","src":"https:\/\/i1.wp.com\/www.passionfruits.fr\/wp-content\/uploads\/2016\/08\/Melange-sambahia.jpg?fit=600%2C600&ssl=1&resize=350%2C200","width":350,"height":200},"classes":[]},{"id":6285,"url":"https:\/\/www.passionfruits.fr\/index.php\/produit\/melange-mexicain-barq-160-g\/","url_meta":{"origin":5835,"position":1},"title":"M\u00e9lange Mexicain barquette 220 g environ","date":"7 d\u00e9cembre 2015","format":false,"excerpt":"Conditionn\u00e9 en barquette refermable \u00e0 volont\u00e9 pour garder toute sa saveur. Ingr\u00e9dients: Arachides 53%, ma\u00efs, amidon de pomme de terre, amidon de bl\u00e9, sel, \u00e9pices, sucre, l\u00e9gumes s\u00e9ch\u00e9es, oeuf, extrait de levure, fromage en poudre, amidon modifi\u00e9 de ma\u00efs, acidifiants E262, E330, E270. Valeurs nutritionnelles et \u00e9nerg\u00e9tiques pour 100g :\u2026","rel":"","context":"Article similaire","img":{"alt_text":"","src":"https:\/\/i1.wp.com\/www.passionfruits.fr\/wp-content\/uploads\/2015\/12\/melange-mexicain01.jpg?fit=600%2C600&ssl=1&resize=350%2C200","width":350,"height":200},"classes":[]},{"id":5379,"url":"https:\/\/www.passionfruits.fr\/index.php\/produit\/noix-de-cajou-barq-200-g\/","url_meta":{"origin":5835,"position":2},"title":"Noix de cajou barquette 200 g environ","date":"7 d\u00e9cembre 2015","format":false,"excerpt":"Originaire du Br\u00e9sil, cette petite noix en forme de rein est un tr\u00e9sor pour notre sant\u00e9\u2026 Conditionn\u00e9 en barquette refermable \u00e0 volont\u00e9 pour garder toute sa saveur. Ingr\u00e9dients: Noix de cajou, huiles de tournesol et de palme, sel. Traces possibles d'arachides, de s\u00e9same et de sulfites. Valeurs \u00e9nerg\u00e9tiques et nutritionnelles\u2026","rel":"","context":"Article similaire","img":{"alt_text":"","src":"https:\/\/i1.wp.com\/www.passionfruits.fr\/wp-content\/uploads\/2015\/12\/noix-de-cajou.jpg?fit=600%2C600&ssl=1&resize=350%2C200","width":350,"height":200},"classes":[]},{"id":5370,"url":"https:\/\/www.passionfruits.fr\/index.php\/produit\/amande-decortiquee-barq-245-g\/","url_meta":{"origin":5835,"position":3},"title":"Amande barquette 220g environ","date":"7 d\u00e9cembre 2015","format":false,"excerpt":"Pour les monder, plongez les amandes 2mn dans de l\u2019eau bouillante puis \u00e9gouttez-les et passez-les sous l\u2019eau froide. Vous pourrez ensuite tr\u00e8s facilement enlever la peau en les pin\u00e7ant entre deux doigts. Conditionn\u00e9 en barquette refermable \u00e0 volont\u00e9 pour garder toute sa saveur. Ingr\u00e9dients : amandes Origine :\u00a0 U.S.A. Traces\u2026","rel":"","context":"Article similaire","img":{"alt_text":"","src":"https:\/\/i2.wp.com\/www.passionfruits.fr\/wp-content\/uploads\/2015\/12\/113-129-large.jpg?fit=300%2C300&ssl=1&resize=350%2C200","width":350,"height":200},"classes":[]},{"id":5358,"url":"https:\/\/www.passionfruits.fr\/index.php\/produit\/raisin-sec-flame-barq-250-g\/","url_meta":{"origin":5835,"position":4},"title":"Raisin sec Afrique du sud Cat 1 Flame la barquette 300 g environ","date":"7 d\u00e9cembre 2015","format":false,"excerpt":"Les raisins secs sont des raisins s\u00e9ch\u00e9s. Ils peuvent \u00eatre consomm\u00e9s crus tels quels ou \u00eatre utilis\u00e9s cuits dans certaines recettes. Conditionn\u00e9 en barquette refermable \u00e0 volont\u00e9 pour garder toute sa saveur. Ingr\u00e9dients : raisin Sultanine, huile de tournesol Traces possibles d'arachides et de fruits \u00e0 coque. Valeurs \u00e9nerg\u00e9tiques et\u2026","rel":"","context":"Article similaire","img":{"alt_text":"","src":"https:\/\/i2.wp.com\/www.passionfruits.fr\/wp-content\/uploads\/2015\/12\/raisin_sec.jpg?fit=400%2C400&ssl=1&resize=350%2C200","width":350,"height":200},"classes":[]},{"id":5833,"url":"https:\/\/www.passionfruits.fr\/index.php\/produit\/melange-japonais-barq-150g\/","url_meta":{"origin":5835,"position":5},"title":"M\u00e9lange Japonais barquette 150 g environ","date":"7 d\u00e9cembre 2015","format":false,"excerpt":"C\u2019est un joyeux m\u00e9lange de saveurs qui vont du sal\u00e9 au l\u00e9g\u00e8rement sucr\u00e9. Les petites boules renferment en g\u00e9n\u00e9ral une cacahu\u00e8te dans leur coque color\u00e9e et douce. Les petits biscuits sont d\u00e9licatement \u00e9pic\u00e9s et sal\u00e9s. Ce m\u00e9lange ne pique pas. Conditionn\u00e9 en barquette refermable \u00e0 volont\u00e9 pour garder toute sa\u2026","rel":"","context":"Article similaire","img":{"alt_text":"","src":"https:\/\/i1.wp.com\/www.passionfruits.fr\/wp-content\/uploads\/2015\/12\/melange-japonais.jpg?fit=600%2C600&ssl=1&resize=350%2C200","width":350,"height":200},"classes":[]}],"_links":{"self":[{"href":"https:\/\/www.passionfruits.fr\/index.php\/wp-json\/wp\/v2\/product\/5835"}],"collection":[{"href":"https:\/\/www.passionfruits.fr\/index.php\/wp-json\/wp\/v2\/product"}],"about":[{"href":"https:\/\/www.passionfruits.fr\/index.php\/wp-json\/wp\/v2\/types\/product"}],"replies":[{"embeddable":true,"href":"https:\/\/www.passionfruits.fr\/index.php\/wp-json\/wp\/v2\/comments?post=5835"}],"wp:featuredmedia":[{"embeddable":true,"href":"https:\/\/www.passionfruits.fr\/index.php\/wp-json\/wp\/v2\/media\/7075"}],"wp:attachment":[{"href":"https:\/\/www.passionfruits.fr\/index.php\/wp-json\/wp\/v2\/media?parent=5835"}],"curies":[{"name":"wp","href":"https:\/\/api.w.org\/{rel}","templated":true}]}}