{"id":5841,"date":"2015-12-07T11:35:48","date_gmt":"2015-12-07T10:35:48","guid":{"rendered":"http:\/\/www.andreclaude.fr\/web\/index.php\/produit\/saint-pourcain-rose-2012\/"},"modified":"2026-02-10T16:29:05","modified_gmt":"2026-02-10T15:29:05","slug":"saint-pourcain-rose-2023","status":"publish","type":"product","link":"https:\/\/www.passionfruits.fr\/index.php\/produit\/saint-pourcain-rose-2023\/","title":{"rendered":"Saint Pour\u00e7ain Ros\u00e9 R\u00e9serve Sp\u00e9ciale 75 cl 2023"},"content":{"rendered":"","protected":false},"excerpt":{"rendered":"<p>42 \u20ac\u00a0 le carton de 6 bouteilles soit 7 \u20ac la bouteille<\/p>\n<p>SAINT-POUR\u00c7AIN A.O.C. Mis en bouteille \u00e0 la propri\u00e9t\u00e9<br \/>\nApp\u00e9tissante robe rose \u00e0 reflets saumon. Ce ros\u00e9 de pressurage direct exprime des ar\u00f4mes de bonbon anglais, de peau de poire, de kirsch et de fruits rouges. C\u2019est un vin tr\u00e8s agr\u00e9able, l\u00e9ger et fruit\u00e9, avec une sympathique fra\u00eecheur, agr\u00e9ment\u00e9e d\u2019une certaine longueur.<br \/>\nC\u00e9page : 100 % Gamay Terroirs : Sols siliceux et granitiques. Age des vignes : 20 \u00e0 40 ans.<br \/>\nServir \u00e0 8\u00b0C, rafra\u00eechi dans un seau \u00e0 glace.<\/p>\n<p class=\" text-justify\">Alcool 13 % Contient des sulfites.<\/p>\n<p class=\" text-justify\">UDVDSP Saint Pour\u00e7ain SUR Sioul Allier<\/p>\n<p class=\" text-justify\">La consommation de boissons alcoolis\u00e9es pendant la grossesse, m\u00eame en faible quantit\u00e9, peut avoir des cons\u00e9quences graves sur la sant\u00e9 de l\u2019enfant.<\/p>\n<p class=\" text-justify\">L ABUS D ALCOOL EST DANGEREUX POUR LA SANTE. A CONSOMMER AVEC MODERATION.<\/p>\n<p class=\" text-justify\">LA VENTE D ALCOOL EST INTERDITE AUX MINEURS.<\/p>\n","protected":false},"featured_media":19581,"comment_status":"closed","ping_status":"closed","template":"","meta":{"spay_email":"","jetpack_publicize_message":"","jetpack_is_tweetstorm":false},"jetpack_publicize_connections":[],"jetpack_sharing_enabled":true,"jetpack-related-posts":[{"id":19582,"url":"https:\/\/www.passionfruits.fr\/index.php\/produit\/saint-pourcain-blanc-reserve-speciale-75-cl\/","url_meta":{"origin":5841,"position":0},"title":"Saint Pour\u00e7ain Blanc R\u00e9serve Sp\u00e9ciale 75 cl","date":"16 septembre 2023","format":false,"excerpt":"42 \u20ac\u00a0 le carton de 6 bouteilles soit 7 \u20ac la bouteille SAINT-POUR\u00c7AIN A.O.C. Mis en bouteille \u00e0 la propri\u00e9t\u00e9 Robe jaune dor\u00e9 \u00e0 l\u00e9gers reflets verts. Le nez \u00e9l\u00e9gant exprime des nuances de fruits blancs caract\u00e9ristique du Tressallier largement pr\u00e9sent dans ce vin, et d\u2019une pointe d\u2019agrumes. La bouche\u2026","rel":"","context":"Article similaire","img":{"alt_text":"","src":"https:\/\/i2.wp.com\/www.passionfruits.fr\/wp-content\/uploads\/2023\/09\/792.jpg?fit=600%2C600&ssl=1&resize=350%2C200","width":350,"height":200},"classes":[]},{"id":19890,"url":"https:\/\/www.passionfruits.fr\/index.php\/produit\/gris-dargens-souvenir-du-var-igp-var-argens-rose-75cl\/","url_meta":{"origin":5841,"position":1},"title":"Gris d'Argens \"Souvenir du Var\" IGP Var Argens ros\u00e9 75cl","date":"27 mars 2024","format":false,"excerpt":"35.70 \u20ac le carton de 6 bouteilles soit 5.95 \u20ac la bouteille Ros\u00e9 fruit\u00e9, l\u00e9ger, frais gouleyant en bouche. Ce vin d\u00e9veloppe un nez tirant sur les ar\u00f4mes de fruits \u00e0 chair blanche, vous s\u00e9duira par sa fra\u00eecheur et sa finale toute en finesse. Alcool 12.5 % Contient des sulfites.\u2026","rel":"","context":"Article similaire","img":{"alt_text":"","src":"https:\/\/i2.wp.com\/www.passionfruits.fr\/wp-content\/uploads\/2024\/03\/718.jpg?fit=600%2C600&ssl=1&resize=350%2C200","width":350,"height":200},"classes":[]},{"id":5580,"url":"https:\/\/www.passionfruits.fr\/index.php\/produit\/saint-pourcain-rouge-2022\/","url_meta":{"origin":5841,"position":2},"title":"Saint Pour\u00e7ain Rouge R\u00e9serve Sp\u00e9ciale 75 cl","date":"7 d\u00e9cembre 2015","format":false,"excerpt":"42 \u20ac\u00a0 le carton de 6 bouteilles soit 7 \u20ac la bouteille SAINT-POUR\u00c7AIN A.O.C. Mis en bouteille \u00e0 la propri\u00e9t\u00e9 Belle robe rouge , ar\u00f4mes \u00e9l\u00e9gants relev\u00e9s d\u2019une pointe \u00e9pic\u00e9e. Le plus fruit\u00e9 de notre gamme et le plus repr\u00e9sentatif des Saint-Pour\u00e7ain rouges. C\u00e9pages : 25% Pinot Noir & 75%\u2026","rel":"","context":"Article similaire","img":{"alt_text":"","src":"https:\/\/i0.wp.com\/www.passionfruits.fr\/wp-content\/uploads\/2015\/12\/791.jpg?fit=600%2C600&ssl=1&resize=350%2C200","width":350,"height":200},"classes":[]},{"id":14544,"url":"https:\/\/www.passionfruits.fr\/index.php\/produit\/pilaho-rose-domaine-pellehaut-bouteille-75-cl\/","url_meta":{"origin":5841,"position":3},"title":"Pilaho Ros\u00e9 Domaine Pellehaut bouteille 75 cl","date":"22 octobre 2019","format":false,"excerpt":"53,70\u20ac le carton de bouteilles soit 8.95 \u20ac la bouteille \u00a0 Une mousse fine et abondante qui s'\u00e9vapore en laissant un parfum sucr\u00e9 de fraise et de cerise. Une couleur rouge, ros\u00e9 qui rappelle le sirop de grenadine, \u00e0 boire frais l'\u00e9t\u00e9. En bouche, la comparaison avec un coulis de\u2026","rel":"","context":"Article similaire","img":{"alt_text":"","src":"https:\/\/i0.wp.com\/www.passionfruits.fr\/wp-content\/uploads\/2019\/10\/pilaho-rose.jpg?fit=600%2C600&ssl=1&resize=350%2C200","width":350,"height":200},"classes":[]},{"id":20285,"url":"https:\/\/www.passionfruits.fr\/index.php\/produit\/saint-emilion-origins-la-bouteille-75-cl-2018\/","url_meta":{"origin":5841,"position":4},"title":"Saint Emilion Origins la bouteille 75 cl 2018","date":"11 janvier 2025","format":false,"excerpt":"14 \u20ac la bouteille au cartons de 6 bouteilles Borie-Manoux, cr\u00e9\u00e9 par Eug\u00e8ne et Emile Borie en 1870, est une maison aujourd\u2019hui reconnue, qui a \u00e9volu\u00e9 pendant plus d\u2019un si\u00e8cle gr\u00e2ce aux familles Borie et Cast\u00e9ja. Alcool 13 % Contient des sulfites. La consommation de boissons alcoolis\u00e9es pendant la grossesse,\u2026","rel":"","context":"Article similaire","img":{"alt_text":"","src":"https:\/\/i1.wp.com\/www.passionfruits.fr\/wp-content\/uploads\/2025\/01\/839.jpg?fit=600%2C600&ssl=1&resize=350%2C200","width":350,"height":200},"classes":[]},{"id":6348,"url":"https:\/\/www.passionfruits.fr\/index.php\/produit\/pellehaut-rose-l-ete-gascon-la-bouteille-75-cl\/","url_meta":{"origin":5841,"position":5},"title":"Domaine Pellehaut Et\u00e9 Gascond ros\u00e9 75 cl 2024","date":"7 d\u00e9cembre 2015","format":false,"excerpt":"53.70 \u20ac le carton de 6 bouteilles soit 8,95 \u20ac la bouteille Avis des professionnels : Gilbert et Gaillard 2017 Mill\u00e9sime 2016 : Robe orang\u00e9 p\u00e2le. Nez sur les agrumes oranges, mandarines) et les petits fruits rouges, pr\u00e9sence \u00e9pic\u00e9e florale. Bouche gourmande, avec une sucrosit\u00e9 salivante qui s\\'\u00e9quilibre avec la\u2026","rel":"","context":"Article similaire","img":{"alt_text":"","src":"https:\/\/i0.wp.com\/www.passionfruits.fr\/wp-content\/uploads\/2015\/12\/pellehaut-rose.jpg?fit=600%2C600&ssl=1&resize=350%2C200","width":350,"height":200},"classes":[]}],"_links":{"self":[{"href":"https:\/\/www.passionfruits.fr\/index.php\/wp-json\/wp\/v2\/product\/5841"}],"collection":[{"href":"https:\/\/www.passionfruits.fr\/index.php\/wp-json\/wp\/v2\/product"}],"about":[{"href":"https:\/\/www.passionfruits.fr\/index.php\/wp-json\/wp\/v2\/types\/product"}],"replies":[{"embeddable":true,"href":"https:\/\/www.passionfruits.fr\/index.php\/wp-json\/wp\/v2\/comments?post=5841"}],"wp:featuredmedia":[{"embeddable":true,"href":"https:\/\/www.passionfruits.fr\/index.php\/wp-json\/wp\/v2\/media\/19581"}],"wp:attachment":[{"href":"https:\/\/www.passionfruits.fr\/index.php\/wp-json\/wp\/v2\/media?parent=5841"}],"curies":[{"name":"wp","href":"https:\/\/api.w.org\/{rel}","templated":true}]}}