{"id":5929,"date":"2015-12-07T11:36:17","date_gmt":"2015-12-07T10:36:17","guid":{"rendered":"http:\/\/www.andreclaude.fr\/web\/index.php\/produit\/crouton-le-sachet\/"},"modified":"2022-02-19T15:45:51","modified_gmt":"2022-02-19T14:45:51","slug":"crouton-le-sachet","status":"publish","type":"product","link":"https:\/\/www.passionfruits.fr\/index.php\/produit\/crouton-le-sachet\/","title":{"rendered":"Crouton nature le sachet de 100g"},"content":{"rendered":"<p>Distribu\u00e9 par<\/p>\n<p>SDP<\/p>\n<p><span class=\"LrzXr\">8 Rue des Oliviers, <\/span><\/p>\n<p><span class=\"LrzXr\">94310 Orly<\/span><\/p>\n","protected":false},"excerpt":{"rendered":"<p>Id\u00e9ale pour accompagner vos soupes ou vos salades.<\/p>\n<p>Ingr\u00e9dients : farine de<strong> bl\u00e9<\/strong>, huile de tournesol, levure, sel,<strong> lactose, prot\u00e9ines de lait.<br \/>\n<\/strong><\/p>\n<p>Valeurs nutritionnelles moyennes pour 100g<\/p>\n<p>Energie : 2097kj\/501kcal<\/p>\n<p>Mati\u00e8res grasses : 26g dont acides gras satur\u00e9s : 2.9g<\/p>\n<p>Glucides : 57.1g dont sucres 3.4g<\/p>\n<p>Prot\u00e9ines : 8.3g<\/p>\n<p>Sel : 1.52g<\/p>\n","protected":false},"featured_media":7873,"comment_status":"closed","ping_status":"closed","template":"","meta":{"spay_email":"","jetpack_publicize_message":"","jetpack_is_tweetstorm":false},"jetpack_publicize_connections":[],"jetpack_sharing_enabled":true,"jetpack-related-posts":[{"id":7901,"url":"https:\/\/www.passionfruits.fr\/index.php\/produit\/crouton-a-l-ail-le-sachet-de-100g\/","url_meta":{"origin":5929,"position":0},"title":"Crouton \u00e0 l' ail le sachet de 100g","date":"29 janvier 2016","format":false,"excerpt":"Id\u00e9ale pour accompagner vos soupes ou vos salades. Ingr\u00e9dients : farine de bl\u00e9, huile de tournesol, levure, sel, ar\u00f4me naturel d'ail (1.6%), traces de lait Valeurs nutritionnelles moyennes pour 100g Energie : 2163kj\/518kcal Mati\u00e8res grasses : 28.9g dont acides gras satur\u00e9s : 3g Glucides : 54.3g dont sucres 3.5g Prot\u00e9ines\u2026","rel":"","context":"Article similaire","img":{"alt_text":"","src":"https:\/\/i1.wp.com\/www.passionfruits.fr\/wp-content\/uploads\/2016\/01\/crouton-ail.jpg?fit=600%2C600&ssl=1&resize=350%2C200","width":350,"height":200},"classes":[]},{"id":10577,"url":"https:\/\/www.passionfruits.fr\/index.php\/produit\/fleurs-des-champs-les-100g\/","url_meta":{"origin":5929,"position":1},"title":"Fleurs des champs part env. 200g","date":"12 mai 2017","format":false,"excerpt":"C\u2019est un fromage suisse dont la cro\u00fbte est entour\u00e9e d\u2019herbe, de foin qu\u2019on trouve dans les champs P\u00e2te press\u00e9e MG\/ Extrait sec <45% Ingr\u00e9dients : Lait de vache thermis\u00e9, sel, ferments, pr\u00e9sure animale. Ingr\u00e9dients croute : fleurs des champs Valeurs nutritionnelles pour 100 g Energie : 1545kj\/369 kcal Mati\u00e8res grasses\u2026","rel":"","context":"Article similaire","img":{"alt_text":"","src":"https:\/\/i2.wp.com\/www.passionfruits.fr\/wp-content\/uploads\/2017\/05\/fleurs-des-champs.jpg?fit=600%2C533&ssl=1&resize=350%2C200","width":350,"height":200},"classes":[]},{"id":6133,"url":"https:\/\/www.passionfruits.fr\/index.php\/produit\/croquant-de-corde-le-paquet\/","url_meta":{"origin":5929,"position":2},"title":"Croquant de corde sachet 100g","date":"7 d\u00e9cembre 2015","format":false,"excerpt":"Croquant de corde sachet 100g. Biscuits souffl\u00e9s, l\u00e9gers, finement croustillants, parsem\u00e9s d'\u00e9clats d'amandes et au bon go\u00fbt de nougatine. Ingr\u00e9dients : sucre, amandes 20%, farine de bl\u00e9, blancs d'oeufs. Traces possibles de lait et de noisettes. Valeurs nutritionnelles moyennes pour 100g Energie : 1884kj\/448kcal Mati\u00e8res grasses : 13g dont acides\u2026","rel":"","context":"Article similaire","img":{"alt_text":"","src":"https:\/\/i1.wp.com\/www.passionfruits.fr\/wp-content\/uploads\/2015\/12\/croquant-corde.jpg?fit=600%2C600&ssl=1&resize=350%2C200","width":350,"height":200},"classes":[]},{"id":10579,"url":"https:\/\/www.passionfruits.fr\/index.php\/produit\/fromage-de-brebis-des-pyrenees-les-100g\/","url_meta":{"origin":5929,"position":3},"title":"Fromage de brebis des Pyr\u00e9n\u00e9es part env. 200g","date":"12 mai 2017","format":false,"excerpt":"C'est le fromage qui repr\u00e9sente le mieux le pays Basque. C'est une tomme avec une cro\u00fbte un peu \u00e9paisse de couleur gris\u00e2tre \u00e0 jaune orang\u00e9. Sa p\u00e2te est blanche de consistance ferme . Ingr\u00e9dients : lait pasteuris\u00e9 de brebis (origine UE) sel, pr\u00e9sure, ferments lactiques, colorants de cro\u00fbte :E153, E160b,\u2026","rel":"","context":"Article similaire","img":{"alt_text":"","src":"https:\/\/i2.wp.com\/www.passionfruits.fr\/wp-content\/uploads\/2017\/05\/fromage-des-pyrenees.jpg?fit=300%2C300&ssl=1&resize=350%2C200","width":350,"height":200},"classes":[]},{"id":5753,"url":"https:\/\/www.passionfruits.fr\/index.php\/produit\/selles-sur-cher\/","url_meta":{"origin":5929,"position":4},"title":"Ch\u00e8vre Selles sur Cher la pi\u00e8ce","date":"7 d\u00e9cembre 2015","format":false,"excerpt":"41 130 Selles-sur-Cher. Le Selles-sur-Cher, au lait de ch\u00e8vre entier, se reconna\u00eet \u00e0 sa p\u00e2te molle de couleur blanche et \u00e0 sa cro\u00fbte cendr\u00e9e. Sa texture est fondante. Ingr\u00e9dients : lait de ch\u00e8vre , ferments, colorant : charbon v\u00e9g\u00e9tal, pr\u00e9sure. Valeurs nutritionnelles moyennes pour 100g Energie : 1231kj\/297kcal Mati\u00e8res grasses\u2026","rel":"","context":"Article similaire","img":{"alt_text":"","src":"https:\/\/i0.wp.com\/www.passionfruits.fr\/wp-content\/uploads\/2015\/12\/sellesurcher1.jpg?fit=598%2C596&ssl=1&resize=350%2C200","width":350,"height":200},"classes":[]},{"id":17781,"url":"https:\/\/www.passionfruits.fr\/index.php\/produit\/moutarde-au-miel-le-pot-de-200g\/","url_meta":{"origin":5929,"position":5},"title":"Moutarde au miel le pot de 200g","date":"21 mars 2021","format":false,"excerpt":"Ingr\u00e9dients : Graine de\u00a0moutarde, eau, vinaigre, sel, sucre,\u00a0miel\u00a010% conservateur :\u00a0sulfite, acide de sodium Valeurs nutritionnelles moyennes pour 100g Energie :\u00a0843kj\/202kcal Mati\u00e8res grasses\u00a012.1g dont acides gras satur\u00e9s\u00a00.9g Glucides\u00a013.7g dont sucres\u00a012.8g Fibres alimentaires\u00a04.1g Prot\u00e9ines\u00a07.6g Sel\u00a04.4g Distrazur 26780 Malataverne","rel":"","context":"Article similaire","img":{"alt_text":"","src":"https:\/\/i2.wp.com\/www.passionfruits.fr\/wp-content\/uploads\/2021\/03\/Moutarde563.jpg?fit=640%2C480&ssl=1&resize=350%2C200","width":350,"height":200},"classes":[]}],"_links":{"self":[{"href":"https:\/\/www.passionfruits.fr\/index.php\/wp-json\/wp\/v2\/product\/5929"}],"collection":[{"href":"https:\/\/www.passionfruits.fr\/index.php\/wp-json\/wp\/v2\/product"}],"about":[{"href":"https:\/\/www.passionfruits.fr\/index.php\/wp-json\/wp\/v2\/types\/product"}],"replies":[{"embeddable":true,"href":"https:\/\/www.passionfruits.fr\/index.php\/wp-json\/wp\/v2\/comments?post=5929"}],"wp:featuredmedia":[{"embeddable":true,"href":"https:\/\/www.passionfruits.fr\/index.php\/wp-json\/wp\/v2\/media\/7873"}],"wp:attachment":[{"href":"https:\/\/www.passionfruits.fr\/index.php\/wp-json\/wp\/v2\/media?parent=5929"}],"curies":[{"name":"wp","href":"https:\/\/api.w.org\/{rel}","templated":true}]}}