{"id":5936,"date":"2015-12-07T11:36:17","date_gmt":"2015-12-07T10:36:17","guid":{"rendered":"http:\/\/www.andreclaude.fr\/web\/index.php\/produit\/rocher-coco-nature-le-paquet\/"},"modified":"2025-05-07T16:43:08","modified_gmt":"2025-05-07T15:43:08","slug":"rocher-coco-nature-le-paquet","status":"publish","type":"product","link":"https:\/\/www.passionfruits.fr\/index.php\/produit\/rocher-coco-nature-le-paquet\/","title":{"rendered":"Rocher noix de coco le paquet 200g"},"content":{"rendered":"<p>Distribu\u00e9 par<\/p>\n<p>SDP Rungis<\/p>\n<p>6 rue des oliviers<\/p>\n<p>94537 Orly<\/p>\n<p>&nbsp;<\/p>\n","protected":false},"excerpt":{"rendered":"<p>Contenance : 0 cl<br \/>\nPoids net : 200 g<br \/>\nPoids net \u00e9goutt\u00e9 : 0 g<\/p>\n<p>CARACTERISTIQUES PRODUIT<br \/>\nIngr\u00e9dients : coco r\u00e2p\u00e9 PH\/ID, sucre, sirop de glucose , chocolat noir [p\u00e2te de cacao, sucre, beurre de cacao, mati\u00e8re grasse laiti\u00e8re anhydre, \u00e9mulsifiant (l\u00e9cithine de soja E322),<br \/>\nblanc d&#8217;oeuf, farine de froment, huile de tournesol , amidon de froment , eau stabilisants:<br \/>\nsorbitol E420, glyc\u00e9rol E422 ,ar\u00f4mes naturels<\/p>\n<p>Allerg\u00e8nes : Oeufs, soja, lait, gluten<br \/>\nTraces d&#8217;allerg\u00e8nes possibles :<br \/>\nAllerg\u00e8nes pr\u00e9sents dans l&#8217;atelier :<\/p>\n<p>Valeurs nutritionnelles pour 100 g de produit \u00e9goutt\u00e9<\/p>\n<p>Energie 1898 kJ \/ 455 kcal<br \/>\nMati\u00e8res grasses 25,1 g<br \/>\ndont acides gras satur\u00e9s 19,1 g<br \/>\nGlucides 50,5 g<br \/>\nDont Sucres 39 g<br \/>\nFibres alimentaires 5,7 g<br \/>\nProt\u00e9ines 4,5 g<br \/>\nSel 0,1 g<\/p>\n<p>Mode d&#8217;emploi :<br \/>\nRecommandations :<br \/>\nContre indications :<br \/>\nStockage avant emploi :<br \/>\nStockage apr\u00e8s ouverture : frais (&lt; 23\u00b0C), sec<br \/>\n(humidit\u00e9 relative max 75%) et endroit sans odeurs<\/p>\n<p>DLUO \u00e0 fabrication :<br \/>\nDLUO garantie : 0 jour(s)<\/p>\n<p>&nbsp;<\/p>\n","protected":false},"featured_media":6987,"comment_status":"closed","ping_status":"closed","template":"","meta":{"spay_email":"","jetpack_publicize_message":"","jetpack_is_tweetstorm":false},"jetpack_publicize_connections":[],"jetpack_sharing_enabled":true,"jetpack-related-posts":[{"id":5939,"url":"https:\/\/www.passionfruits.fr\/index.php\/produit\/meringues-le-paquet\/","url_meta":{"origin":5936,"position":0},"title":"Meringues tradition le sachet 140g","date":"7 d\u00e9cembre 2015","format":false,"excerpt":"Contenance : 0 cl Poids net : 140 g Poids net \u00e9goutt\u00e9 : 0 g CARACTERISTIQUES PRODUIT Ingr\u00e9dients : Sucre, blancs d'oeufs, ar\u00f4me, Sel. Allerg\u00e8nes : Oeufs Traces d'allerg\u00e8nes possibles : Allerg\u00e8nes pr\u00e9sents dans l'atelier : Valeurs nutritionnelles pour 100 g de produit \u00e9goutt\u00e9 Energie 1683 kJ \/ 396 kcal\u2026","rel":"","context":"Article similaire","img":{"alt_text":"","src":"https:\/\/i1.wp.com\/www.passionfruits.fr\/wp-content\/uploads\/2015\/12\/meringues.jpg?fit=600%2C600&ssl=1&resize=350%2C200","width":350,"height":200},"classes":[]},{"id":6216,"url":"https:\/\/www.passionfruits.fr\/index.php\/produit\/gaufrette-vanille\/","url_meta":{"origin":5936,"position":1},"title":"Gaufrette \u00e0 la vanille le paquet 175g","date":"7 d\u00e9cembre 2015","format":false,"excerpt":"Contenance : 0 cl Poids net : 175 g Poids net \u00e9goutt\u00e9 : 0 g CARACTERISTIQUES PRODUIT Ingr\u00e9dients : Sucre, farine de bl\u00e9, mati\u00e8res grasses v\u00e9g\u00e9tales non hydrog\u00e9n\u00e9es, ar\u00f4mes, colorant : b\u00e9t\u00e0carot\u00e8ne, sel, \u00e9mulsifiant : l\u00e9cithine de soja (sans O.G.M), poudre \u00e0 lever : carbonate de magn\u00e9sie Allerg\u00e8nes : Traces\u2026","rel":"","context":"Article similaire","img":{"alt_text":"","src":"https:\/\/i2.wp.com\/www.passionfruits.fr\/wp-content\/uploads\/2015\/12\/gaufrette.jpg?fit=600%2C600&ssl=1&resize=350%2C200","width":350,"height":200},"classes":[]},{"id":11727,"url":"https:\/\/www.passionfruits.fr\/index.php\/produit\/biscotte-briochee-le-paquet-300-grs\/","url_meta":{"origin":5936,"position":2},"title":"Biscotte Brioch\u00e9e le paquet 300 grs","date":"15 f\u00e9vrier 2018","format":false,"excerpt":"Toutes les biscotteries artisanales ont disparu au cours des d\u00e9cennies qui suivirent, laissant place aux nombreuses fabrications industrielles. Toutes sauf une\u2026 la derni\u00e8re biscotterie artisanale en France aujourd\u2019hui encore, \u00e0\u00a0Saint Germain du\u00a0Salembre, \u00e9labore les biscottes suivant la recette et le savoir-faire authentiques. Contenance : 0 cl Poids net : 300\u2026","rel":"","context":"Article similaire","img":{"alt_text":"","src":"https:\/\/i2.wp.com\/www.passionfruits.fr\/wp-content\/uploads\/2018\/02\/Biscotte-Briochee.jpg?fit=599%2C600&ssl=1&resize=350%2C200","width":350,"height":200},"classes":[]},{"id":6121,"url":"https:\/\/www.passionfruits.fr\/index.php\/produit\/bocaux-lentilles\/","url_meta":{"origin":5936,"position":3},"title":"Bocaux lentilles le bocal de 660g","date":"7 d\u00e9cembre 2015","format":false,"excerpt":"Contenance : 72 cl Poids net : 660 g Poids net \u00e9goutt\u00e9 : 0 g CARACTERISTIQUES PRODUIT Ingr\u00e9dients : Eau, lentilles s\u00e8ches tremp\u00e9es 47%, graisse d'oie 3%, sel, double concentr\u00e9 de tomates, ar\u00f4mes (bl\u00e9, soja,c\u00e9leri) sirop de glucose, huile de tournesol, sucre, oignon, graisse de boeuf, herbes aromatiques, \u00e9pices, acidifiant\u2026","rel":"","context":"Article similaire","img":{"alt_text":"","src":"https:\/\/i0.wp.com\/www.passionfruits.fr\/wp-content\/uploads\/2015\/12\/lentille.jpg?fit=600%2C600&ssl=1&resize=350%2C200","width":350,"height":200},"classes":[]},{"id":6213,"url":"https:\/\/www.passionfruits.fr\/index.php\/produit\/gaufrette-chocolat\/","url_meta":{"origin":5936,"position":4},"title":"Gaufrette au chocolat le paquet 175g","date":"7 d\u00e9cembre 2015","format":false,"excerpt":"C'est une tradition qui remonte \u00e0 1894 ! Aujourd'hui, m\u00eame si la recette est toujours rigoureusement la m\u00eame, \u00e0 l'ar\u00f4me Vanille s'ajoutent celui du Chocolat, de la Framboise ... Et avant de d\u00e9guster votre gaufrette, n'oubliez pas de lire la petite phrase qui vous fera sourire!! Contenance : 0 cl\u2026","rel":"","context":"Article similaire","img":{"alt_text":"","src":"https:\/\/i2.wp.com\/www.passionfruits.fr\/wp-content\/uploads\/2015\/12\/gaufrette.jpg?fit=600%2C600&ssl=1&resize=350%2C200","width":350,"height":200},"classes":[]},{"id":11145,"url":"https:\/\/www.passionfruits.fr\/index.php\/produit\/gaufrette-au-noisette-le-paquet-175g\/","url_meta":{"origin":5936,"position":5},"title":"Gaufrette au noisette le paquet 175g","date":"1 octobre 2017","format":false,"excerpt":"C'est une tradition qui remonte \u00e0 1894 ! Aujourd'hui, m\u00eame si la recette est toujours rigoureusement la m\u00eame, \u00e0 l'ar\u00f4me Vanille s'ajoutent celui du Chocolat, de la Framboise ... Et avant de d\u00e9guster votre gaufrette, n'oubliez pas de lire la petite phrase qui vous fera sourire!! Contenance : 0 cl\u2026","rel":"","context":"Article similaire","img":{"alt_text":"","src":"https:\/\/i2.wp.com\/www.passionfruits.fr\/wp-content\/uploads\/2015\/12\/gaufrette.jpg?fit=600%2C600&ssl=1&resize=350%2C200","width":350,"height":200},"classes":[]}],"_links":{"self":[{"href":"https:\/\/www.passionfruits.fr\/index.php\/wp-json\/wp\/v2\/product\/5936"}],"collection":[{"href":"https:\/\/www.passionfruits.fr\/index.php\/wp-json\/wp\/v2\/product"}],"about":[{"href":"https:\/\/www.passionfruits.fr\/index.php\/wp-json\/wp\/v2\/types\/product"}],"replies":[{"embeddable":true,"href":"https:\/\/www.passionfruits.fr\/index.php\/wp-json\/wp\/v2\/comments?post=5936"}],"wp:featuredmedia":[{"embeddable":true,"href":"https:\/\/www.passionfruits.fr\/index.php\/wp-json\/wp\/v2\/media\/6987"}],"wp:attachment":[{"href":"https:\/\/www.passionfruits.fr\/index.php\/wp-json\/wp\/v2\/media?parent=5936"}],"curies":[{"name":"wp","href":"https:\/\/api.w.org\/{rel}","templated":true}]}}