{"id":5953,"date":"2015-12-07T11:36:37","date_gmt":"2015-12-07T10:36:37","guid":{"rendered":"http:\/\/www.andreclaude.fr\/web\/index.php\/produit\/pain-depices-le-paquet\/"},"modified":"2018-11-26T05:46:23","modified_gmt":"2018-11-26T04:46:23","slug":"pain-depices-le-paquet","status":"publish","type":"product","link":"https:\/\/www.passionfruits.fr\/index.php\/produit\/pain-depices-le-paquet\/","title":{"rendered":"Pain d&#8217;\u00e9pices au miel le paquet 500g"},"content":{"rendered":"<p>Distribu\u00e9 par<\/p>\n<p>SDP RUNGIS<\/p>\n<p><span class=\"LrzXr\">8 Rue des Oliviers,<\/span><\/p>\n<p><span class=\"LrzXr\"> 94310 Orly<\/span><\/p>\n","protected":false},"excerpt":{"rendered":"<p>Pain d\u2019\u00e9pices au miel avec perle de sucre paquet de 500 grs. Go\u00fbtez ce pain d\u2019\u00e9pices et vous retrouverez les saveurs de votre enfance.<\/p>\n<p>Ingr\u00e9dients : sirop de glucose-fructose, farine de <strong>seigle<\/strong>, miel (15%), sucre perl\u00e9 11%, poudres \u00e0 lever (carbonate acide de sodium, disphosphate disodique), \u00e9pices et ar\u00f4mes. Peut contenir des traces de fruits \u00e0 coques et lait.<\/p>\n<p>Valeurs nutritionnelles moyennes pour 100g<\/p>\n<p>Energie : 1382kj\/326kcal<\/p>\n<p>Mati\u00e8res grasses : 0.9g dont acides gras satur\u00e9s : 0.2g<\/p>\n<p>Glucides : 75g dont sucres : 41g<\/p>\n<p>Fibres : 3.1g<\/p>\n<p>Prot\u00e9ines : 2.9g<\/p>\n<p>Sel : 0.45g<\/p>\n<p>&nbsp;<\/p>\n<p>&nbsp;<\/p>\n","protected":false},"featured_media":7312,"comment_status":"closed","ping_status":"closed","template":"","meta":{"spay_email":"","jetpack_publicize_message":"","jetpack_is_tweetstorm":false},"jetpack_publicize_connections":[],"jetpack_sharing_enabled":true,"jetpack-related-posts":[{"id":8282,"url":"https:\/\/www.passionfruits.fr\/index.php\/produit\/composition-limonade-et-pain-depices\/","url_meta":{"origin":5953,"position":0},"title":"Composition limonade et pain d'\u00e9pices","date":"2 mars 2016","format":false,"excerpt":"Composition limonade et pain d'\u00e9pices Limonade bouteille 1 litre Pain d\u2019\u00e9pices au miel le paquet 500g Pour les gourmands et les amateurs de Gastronomie, vous pouvez composez vous-m\u00eame vos paniers gourmands et m\u00eame les faire livrer directement \u00e0 vos proches. Limonade: Ingr\u00e9dients : Eau gaz\u00e9ifi\u00e9e, sucre de betterave, ar\u00f4mes naturels\u2026","rel":"","context":"Article similaire","img":{"alt_text":"","src":"https:\/\/i0.wp.com\/www.passionfruits.fr\/wp-content\/uploads\/2016\/03\/limonade-pain-depice.jpg?fit=600%2C600&ssl=1&resize=350%2C200","width":350,"height":200},"classes":[]},{"id":17781,"url":"https:\/\/www.passionfruits.fr\/index.php\/produit\/moutarde-au-miel-le-pot-de-200g\/","url_meta":{"origin":5953,"position":1},"title":"Moutarde au miel le pot de 200g","date":"21 mars 2021","format":false,"excerpt":"Ingr\u00e9dients : Graine de\u00a0moutarde, eau, vinaigre, sel, sucre,\u00a0miel\u00a010% conservateur :\u00a0sulfite, acide de sodium Valeurs nutritionnelles moyennes pour 100g Energie :\u00a0843kj\/202kcal Mati\u00e8res grasses\u00a012.1g dont acides gras satur\u00e9s\u00a00.9g Glucides\u00a013.7g dont sucres\u00a012.8g Fibres alimentaires\u00a04.1g Prot\u00e9ines\u00a07.6g Sel\u00a04.4g Distrazur 26780 Malataverne","rel":"","context":"Article similaire","img":{"alt_text":"","src":"https:\/\/i2.wp.com\/www.passionfruits.fr\/wp-content\/uploads\/2021\/03\/Moutarde563.jpg?fit=640%2C480&ssl=1&resize=350%2C200","width":350,"height":200},"classes":[]},{"id":8280,"url":"https:\/\/www.passionfruits.fr\/index.php\/produit\/composition-produits-d-eure-et-loir\/","url_meta":{"origin":5953,"position":2},"title":"Composition produits de la r\u00e9gion","date":"2 mars 2016","format":false,"excerpt":"Composition produits de la r\u00e9gion Jus de pomme bouteille 1 litre : Aucun conservateur, ni additif, sans ajout de sucre, conform\u00e9ment \u00e0 la l\u00e9gislation. Limonade bouteille 1 litre : Ingr\u00e9dients : Eau gaz\u00e9ifi\u00e9e, sucre de betterave, ar\u00f4mes naturels d'agrumes, acide citrique. D\u00e9claration nutritionnelle pour 100ml : Energie : 131kj \/\u2026","rel":"","context":"Article similaire","img":{"alt_text":"","src":"https:\/\/i0.wp.com\/www.passionfruits.fr\/wp-content\/uploads\/2016\/03\/coffret-eure-et-loir.jpg?fit=600%2C600&ssl=1&resize=350%2C200","width":350,"height":200},"classes":[]},{"id":6002,"url":"https:\/\/www.passionfruits.fr\/index.php\/produit\/speculos-le-paquet\/","url_meta":{"origin":5953,"position":3},"title":"Sp\u00e9culoos authentiques le paquet 225g","date":"7 d\u00e9cembre 2015","format":false,"excerpt":"Nos sp\u00e9culoos sont d'authentiques Sp\u00e9culoos de Belgique, ils sont pr\u00e9par\u00e9s selon une recette \u00e0 l'ancienne sans colorants et sans conservateurs chimiques. Paquet de 20 sp\u00e9culoos \u00e0 d\u00e9guster \u00e0 l'heure du th\u00e9 Ingr\u00e9dients : farine de froment, sucre candi, huiles et graisses v\u00e9g\u00e9tales (palme, colza), sucre de canne brut, farine de\u2026","rel":"","context":"Article similaire","img":{"alt_text":"","src":"https:\/\/i0.wp.com\/www.passionfruits.fr\/wp-content\/uploads\/2015\/12\/speculoos.jpg?fit=600%2C600&ssl=1&resize=350%2C200","width":350,"height":200},"classes":[]},{"id":7782,"url":"https:\/\/www.passionfruits.fr\/index.php\/produit\/pain-a-la-tomate-sachet-150g\/","url_meta":{"origin":5953,"position":4},"title":"Pain grill\u00e9 \u00e0 la tomate sachet 150g","date":"21 janvier 2016","format":false,"excerpt":"Id\u00e9al pour tartiner vos tapenades \u00e0 l' ap\u00e9ritif. Ingr\u00e9dients : farine de bl\u00e9, huile de tournesol raffin\u00e9e (29%), tomate d\u00e9shydrat\u00e9e en poudre (8%)\u00a0 levure, sel, origan (0.4%), am\u00e9liorant de panification (farine de bl\u00e9, antiagglom\u00e9rant E170i, \u00e9mulsifiant E472e, antioxydant E300 et enzymes) et sucre. Contient du gluten. Contient des traces de\u2026","rel":"","context":"Article similaire","img":{"alt_text":"","src":"https:\/\/i1.wp.com\/www.passionfruits.fr\/wp-content\/uploads\/2016\/01\/pain-tomatep.jpg?fit=460%2C460&ssl=1&resize=350%2C200","width":350,"height":200},"classes":[]},{"id":6014,"url":"https:\/\/www.passionfruits.fr\/index.php\/produit\/pain-a-lail\/","url_meta":{"origin":5953,"position":5},"title":"Pain grill\u00e9 \u00e0 l'ail et au persil sachet 150g","date":"7 d\u00e9cembre 2015","format":false,"excerpt":"Id\u00e9al pour tartiner vos tapenades \u00e0 l' ap\u00e9ritif. Ingr\u00e9dients : farine de bl\u00e9, assaisonnement (huile de tournesol raffin\u00e9e (22%), \u00e0 l'ail (0.1%) et sel) huile de tournesol raffin\u00e9e (8%), levure, sel, persil (0.4%), am\u00e9liorant de panification (farine de bl\u00e9, antiagglom\u00e9rant E170i, \u00e9mulsifiant E472e, antioxydant E300 et enzymes) et sucre. Contient\u2026","rel":"","context":"Article similaire","img":{"alt_text":"","src":"https:\/\/i0.wp.com\/www.passionfruits.fr\/wp-content\/uploads\/2015\/12\/pain-a-l-ail.jpg?fit=460%2C460&ssl=1&resize=350%2C200","width":350,"height":200},"classes":[]}],"_links":{"self":[{"href":"https:\/\/www.passionfruits.fr\/index.php\/wp-json\/wp\/v2\/product\/5953"}],"collection":[{"href":"https:\/\/www.passionfruits.fr\/index.php\/wp-json\/wp\/v2\/product"}],"about":[{"href":"https:\/\/www.passionfruits.fr\/index.php\/wp-json\/wp\/v2\/types\/product"}],"replies":[{"embeddable":true,"href":"https:\/\/www.passionfruits.fr\/index.php\/wp-json\/wp\/v2\/comments?post=5953"}],"wp:featuredmedia":[{"embeddable":true,"href":"https:\/\/www.passionfruits.fr\/index.php\/wp-json\/wp\/v2\/media\/7312"}],"wp:attachment":[{"href":"https:\/\/www.passionfruits.fr\/index.php\/wp-json\/wp\/v2\/media?parent=5953"}],"curies":[{"name":"wp","href":"https:\/\/api.w.org\/{rel}","templated":true}]}}