{"id":6014,"date":"2015-12-07T11:36:58","date_gmt":"2015-12-07T10:36:58","guid":{"rendered":"http:\/\/www.andreclaude.fr\/web\/index.php\/produit\/pain-a-lail\/"},"modified":"2025-10-29T16:40:19","modified_gmt":"2025-10-29T15:40:19","slug":"pain-a-lail","status":"publish","type":"product","link":"https:\/\/www.passionfruits.fr\/index.php\/produit\/pain-a-lail\/","title":{"rendered":"Pain grill\u00e9 \u00e0 l&#8217;ail et au persil sachet 150g"},"content":{"rendered":"<p>Fabriqu\u00e9 par<\/p>\n<p>COMEX BAKERY<\/p>\n<p>46611 Benimuslem<\/p>\n<p>Espagne<\/p>\n","protected":false},"excerpt":{"rendered":"<p>Id\u00e9al pour tartiner vos tapenades \u00e0 l&#8217; ap\u00e9ritif.<\/p>\n<p>Ingr\u00e9dients : farine de <strong>bl\u00e9<\/strong>, assaisonnement (huile de tournesol raffin\u00e9e (22%), \u00e0 l&#8217;ail (0.1%) et sel) huile de tournesol raffin\u00e9e (8%), levure, sel, persil (0.4%), am\u00e9liorant de panification (farine de <strong>bl\u00e9<\/strong>, antiagglom\u00e9rant E170i, \u00e9mulsifiant E472e, antioxydant E300 et enzymes) et sucre. Contient du gluten. Contient des traces de cacahu\u00e8tes, soja, d\u00e9riv\u00e9s laitiers et s\u00e9same. Fabriqu\u00e9 en Espagne.<\/p>\n<p>Valeurs nutritionnelles moyennes pour 100g<\/p>\n<p>Energie : 2108kj\/504kcal<\/p>\n<p>Mati\u00e8res grasses : 25.9g dont acides gras satur\u00e9s : 3.2g<\/p>\n<p>Glucides : 57.7g dont sucre : 2.6g<\/p>\n<p>Fibres : 3g<\/p>\n<p>Prot\u00e9ines : 8.5g<\/p>\n<p>Sel : 1.8g<\/p>\n","protected":false},"featured_media":7784,"comment_status":"closed","ping_status":"closed","template":"","meta":{"spay_email":"","jetpack_publicize_message":"","jetpack_is_tweetstorm":false},"jetpack_publicize_connections":[],"jetpack_sharing_enabled":true,"jetpack-related-posts":[{"id":7782,"url":"https:\/\/www.passionfruits.fr\/index.php\/produit\/pain-a-la-tomate-sachet-150g\/","url_meta":{"origin":6014,"position":0},"title":"Pain grill\u00e9 \u00e0 la tomate sachet 150g","date":"21 janvier 2016","format":false,"excerpt":"Id\u00e9al pour tartiner vos tapenades \u00e0 l' ap\u00e9ritif. Ingr\u00e9dients : farine de bl\u00e9, huile de tournesol raffin\u00e9e (29%), tomate d\u00e9shydrat\u00e9e en poudre (8%)\u00a0 levure, sel, origan (0.4%), am\u00e9liorant de panification (farine de bl\u00e9, antiagglom\u00e9rant E170i, \u00e9mulsifiant E472e, antioxydant E300 et enzymes) et sucre. Contient du gluten. Contient des traces de\u2026","rel":"","context":"Article similaire","img":{"alt_text":"","src":"https:\/\/i1.wp.com\/www.passionfruits.fr\/wp-content\/uploads\/2016\/01\/pain-tomatep.jpg?fit=460%2C460&ssl=1&resize=350%2C200","width":350,"height":200},"classes":[]},{"id":9242,"url":"https:\/\/www.passionfruits.fr\/index.php\/produit\/melange-sambahia-barquette-150-g-environ\/","url_meta":{"origin":6014,"position":1},"title":"M\u00e9lange sambahia barquette 150 g environ","date":"20 ao\u00fbt 2016","format":false,"excerpt":"M\u00e9lange d'arachides enrob\u00e9es et de biscuits souffl\u00e9s au riz. Conditionn\u00e9 en barquette refermable \u00e0 volont\u00e9 pour garder toute sa saveur. Ingr\u00e9dients: Riz 33%, arachides 17%, farine de bl\u00e9,sucre, huile vegetales (palm, tournesol), amidon modifi\u00e9 de ma\u00efs et de tapioca, sauce soja (eau,soja,bl\u00e9,sel), sel, assaisonnement aromtis\u00e9 (maltodextrine, sel, oignon, ail, sucre,\u2026","rel":"","context":"Article similaire","img":{"alt_text":"","src":"https:\/\/i1.wp.com\/www.passionfruits.fr\/wp-content\/uploads\/2016\/08\/Melange-sambahia.jpg?fit=600%2C600&ssl=1&resize=350%2C200","width":350,"height":200},"classes":[]},{"id":7901,"url":"https:\/\/www.passionfruits.fr\/index.php\/produit\/crouton-a-l-ail-le-sachet-de-100g\/","url_meta":{"origin":6014,"position":2},"title":"Crouton \u00e0 l' ail le sachet de 100g","date":"29 janvier 2016","format":false,"excerpt":"Id\u00e9ale pour accompagner vos soupes ou vos salades. Ingr\u00e9dients : farine de bl\u00e9, huile de tournesol, levure, sel, ar\u00f4me naturel d'ail (1.6%), traces de lait Valeurs nutritionnelles moyennes pour 100g Energie : 2163kj\/518kcal Mati\u00e8res grasses : 28.9g dont acides gras satur\u00e9s : 3g Glucides : 54.3g dont sucres 3.5g Prot\u00e9ines\u2026","rel":"","context":"Article similaire","img":{"alt_text":"","src":"https:\/\/i1.wp.com\/www.passionfruits.fr\/wp-content\/uploads\/2016\/01\/crouton-ail.jpg?fit=600%2C600&ssl=1&resize=350%2C200","width":350,"height":200},"classes":[]},{"id":18315,"url":"https:\/\/www.passionfruits.fr\/index.php\/produit\/tortellinis-aux-legumes-grilles-barquettes-250-gr\/","url_meta":{"origin":6014,"position":3},"title":"TORTELLINIS AUX LEGUMES GRILLES Barquettes 250 Gr","date":"16 septembre 2021","format":false,"excerpt":".Ingr\u00e9dients : Ingr\u00e9dients de la p\u00e2te : farine de bl\u00e9 tendre, semoule de bl\u00e9 dur, \u0153ufs (11,2% sur le produit fini), eau. Ingr\u00e9dients de la garniture : Ricotta (lactos\u00e9rum, cr\u00e8me de lait), chapelure (farine de bl\u00e9 tendre, eau, sel), huile de graines de tournesol, lactos\u00e9rum, flocons de pomme de terre,\u2026","rel":"","context":"Article similaire","img":{"alt_text":"","src":"https:\/\/i1.wp.com\/www.passionfruits.fr\/wp-content\/uploads\/2021\/09\/tore4_1_1_1.jpg?fit=600%2C600&ssl=1&resize=350%2C200","width":350,"height":200},"classes":[]},{"id":18323,"url":"https:\/\/www.passionfruits.fr\/index.php\/produit\/croutons-ail-et-basilic-sachet-de-150-gr\/","url_meta":{"origin":6014,"position":4},"title":"Croutons ail et basilic sachet de 150 Gr","date":"16 septembre 2021","format":false,"excerpt":"Ingr\u00e9dients: farine de bl\u00e9, huile d'olive extra vierge 5%, huile d'olive 5%, sel iod\u00e9, arome naturel, ail 1%, basilic 1%,levure,gluten de bl\u00e9, farine de bl\u00e9 malt\u00e9e, malt d 'orge grill\u00e9 .Peut contenir des traces de soja et de lait. Valeurs nutritionnelles moyennes pour 100grs \u00e9nergies 1885kj_447kcal Mati\u00e8res grasses 11,9g dont\u2026","rel":"","context":"Article similaire","img":{"alt_text":"","src":"https:\/\/i1.wp.com\/www.passionfruits.fr\/wp-content\/uploads\/2021\/09\/croutons_-_sc_ail_et_basilic_-_img_4783_copier_copier_.jpg?fit=600%2C600&ssl=1&resize=350%2C200","width":350,"height":200},"classes":[]},{"id":11720,"url":"https:\/\/www.passionfruits.fr\/index.php\/produit\/biscotte-aux-7-cereales-le-paquet-370-grs\/","url_meta":{"origin":6014,"position":5},"title":"Biscotte aux 7 c\u00e9r\u00e9ales le paquet 370 grs","date":"15 f\u00e9vrier 2018","format":false,"excerpt":"Toutes les biscotteries artisanales ont disparu au cours des d\u00e9cennies qui suivirent, laissant place aux nombreuses fabrications industrielles. Toutes sauf une\u2026 la derni\u00e8re biscotterie artisanale en France aujourd\u2019hui encore, \u00e0\u00a0Saint Germain du\u00a0Salembre, \u00e9labore les biscottes suivant la recette et le savoir-faire authentiques. Ingr\u00e9dients : farine de bl\u00e9 (gluten), c\u00e9r\u00e9ales (gluten)\u2026","rel":"","context":"Article similaire","img":{"alt_text":"","src":"https:\/\/i2.wp.com\/www.passionfruits.fr\/wp-content\/uploads\/2018\/02\/Biscotte-7cereales.jpg?fit=599%2C600&ssl=1&resize=350%2C200","width":350,"height":200},"classes":[]}],"_links":{"self":[{"href":"https:\/\/www.passionfruits.fr\/index.php\/wp-json\/wp\/v2\/product\/6014"}],"collection":[{"href":"https:\/\/www.passionfruits.fr\/index.php\/wp-json\/wp\/v2\/product"}],"about":[{"href":"https:\/\/www.passionfruits.fr\/index.php\/wp-json\/wp\/v2\/types\/product"}],"replies":[{"embeddable":true,"href":"https:\/\/www.passionfruits.fr\/index.php\/wp-json\/wp\/v2\/comments?post=6014"}],"wp:featuredmedia":[{"embeddable":true,"href":"https:\/\/www.passionfruits.fr\/index.php\/wp-json\/wp\/v2\/media\/7784"}],"wp:attachment":[{"href":"https:\/\/www.passionfruits.fr\/index.php\/wp-json\/wp\/v2\/media?parent=6014"}],"curies":[{"name":"wp","href":"https:\/\/api.w.org\/{rel}","templated":true}]}}