{"id":6026,"date":"2015-12-07T11:37:06","date_gmt":"2015-12-07T10:37:06","guid":{"rendered":"http:\/\/www.andreclaude.fr\/web\/index.php\/produit\/vinaigre-balsamique-la-bouteille\/"},"modified":"2025-10-24T09:30:51","modified_gmt":"2025-10-24T08:30:51","slug":"vinaigre-balsamique-la-bouteille","status":"publish","type":"product","link":"https:\/\/www.passionfruits.fr\/index.php\/produit\/vinaigre-balsamique-la-bouteille\/","title":{"rendered":"Vinaigre balsamique la bouteille de 50 cl"},"content":{"rendered":"<p>Distribu\u00e9 par<\/p>\n<p>SDP<\/p>\n<p><span class=\"LrzXr\">8 Rue des Oliviers, <\/span><\/p>\n<p><span class=\"LrzXr\">94310 Orly<\/span><\/p>\n","protected":false},"excerpt":{"rendered":"<p>Ingr\u00e9dients : vinaigre de vin, Mo\u00fbt de raisin cuit, colorant : E150d, sulfites. Produit d&#8217;Italie<\/p>\n","protected":false},"featured_media":7871,"comment_status":"closed","ping_status":"closed","template":"","meta":{"spay_email":"","jetpack_publicize_message":"","jetpack_is_tweetstorm":false},"jetpack_publicize_connections":[],"jetpack_sharing_enabled":true,"jetpack-related-posts":[{"id":6218,"url":"https:\/\/www.passionfruits.fr\/index.php\/produit\/vinaigre-de-xeres\/","url_meta":{"origin":6026,"position":0},"title":"Vinaigre de X\u00e9r\u00e8s la bouteille de 25cl","date":"7 d\u00e9cembre 2015","format":false,"excerpt":"Ingr\u00e9dients : vinaigre de X\u00e9r\u00e8s sulfites Produit d'Espagne","rel":"","context":"Article similaire","img":{"alt_text":"","src":"https:\/\/i2.wp.com\/www.passionfruits.fr\/wp-content\/uploads\/2015\/12\/xeres2.jpg?fit=588%2C600&ssl=1&resize=350%2C200","width":350,"height":200},"classes":[]},{"id":11701,"url":"https:\/\/www.passionfruits.fr\/index.php\/produit\/vinaigrette-au-vinaigre-de-xeres-ail-et-basilic-bouteille-500-ml\/","url_meta":{"origin":6026,"position":1},"title":"Vinaigrette au vinaigre de X\u00e9r\u00e8s, Ail et Basilic bouteille 500 ml","date":"14 f\u00e9vrier 2018","format":false,"excerpt":"Sauce vinaigrette au vinaigre de X\u00e9r\u00e8s Jean d\u2019 Audignac. Excellente vinaigrette pour assaisonner les salades et crudit\u00e9s. Ingr\u00e9dients : huile de colza 40%, vinaigre de X\u00e9r\u00e8s 15%, eau, huile d'olive 10%, pur\u00e9e de tomates, moutarde de Dijon (vinaigre d'alcool, graines de moutarde, eau, sel) , sel, ail 2%, basilic 1.5%,\u2026","rel":"","context":"Article similaire","img":{"alt_text":"","src":"https:\/\/i0.wp.com\/www.passionfruits.fr\/wp-content\/uploads\/2018\/02\/Vinaigrette-xeres.jpg?fit=600%2C600&ssl=1&resize=350%2C200","width":350,"height":200},"classes":[]},{"id":11703,"url":"https:\/\/www.passionfruits.fr\/index.php\/produit\/vinaigrette-au-vinaigre-de-cidre-et-moutarde-a-l-ancienne-bouteille-500-ml\/","url_meta":{"origin":6026,"position":2},"title":"Vinaigrette au vinaigre de cidre et moutarde \u00e0 l' ancienne bouteille 500 ml","date":"14 f\u00e9vrier 2018","format":false,"excerpt":"Sauce vinaigrette au vinaigre de cidre et moutarde \u00e0 l' ancienne Jean d\u2019Audignac. Excellente vinaigrette pour assaisonner les salades et crudit\u00e9s. Ingr\u00e9dients : huile de tournesol 50%, vinaigre de cidre 24%, moutarde \u00e0 l'ancienne 20% (vinaigre d'alcool, graines de moutarde, eau, sel\u00b0, sel. Contient des sulfites. Valeurs nutritionnelles moyennes pour\u2026","rel":"","context":"Article similaire","img":{"alt_text":"","src":"https:\/\/i1.wp.com\/www.passionfruits.fr\/wp-content\/uploads\/2018\/02\/Vinaigrette-cidre.jpg?fit=600%2C600&ssl=1&resize=350%2C200","width":350,"height":200},"classes":[]},{"id":15876,"url":"https:\/\/www.passionfruits.fr\/index.php\/produit\/vinaigre-vin-rouge-aromatise-framboise-25-cl\/","url_meta":{"origin":6026,"position":3},"title":"Vinaigre vin rouge aromatis\u00e9 Framboise 25 cl","date":"24 avril 2020","format":false,"excerpt":"","rel":"","context":"Article similaire","img":{"alt_text":"","src":"https:\/\/i2.wp.com\/www.passionfruits.fr\/wp-content\/uploads\/2020\/04\/Vinaigre-vin-rouge-aromatise-Framboise.jpg?fit=600%2C600&ssl=1&resize=350%2C200","width":350,"height":200},"classes":[]},{"id":6030,"url":"https:\/\/www.passionfruits.fr\/index.php\/produit\/vinaigrette-balsamique-la-bouteille\/","url_meta":{"origin":6026,"position":4},"title":"Vinaigrette balsamique & Huile d'Olives bouteille 500 ml","date":"7 d\u00e9cembre 2015","format":false,"excerpt":"Sauce vinaigrette \u00e0 l'huile d'olive(10%) et au vinaigre balsamique Jean d'Audignac. Excellente vinaigrette pour assaisonner les salades et crudit\u00e9s. Ingr\u00e9dients : huile de tournesol , vinaigre balsamique 19.5% (vianigre de vin*, mo\u00fbt de raisin, colorant : caramel E150d), eau, huile d'olive 10%, vinaigre de vin rouge*, moutarde de Dijon* (graine\u2026","rel":"","context":"Article similaire","img":{"alt_text":"","src":"https:\/\/i2.wp.com\/www.passionfruits.fr\/wp-content\/uploads\/2015\/12\/vinaigrette-balsamique.jpg?fit=584%2C600&ssl=1&resize=350%2C200","width":350,"height":200},"classes":[]},{"id":17076,"url":"https:\/\/www.passionfruits.fr\/index.php\/produit\/chips-de-beauce-au-vinaigre-le-paquet-150g\/","url_meta":{"origin":6026,"position":5},"title":"Chips de Beauce Au vinaigre le paquet 150g","date":"11 d\u00e9cembre 2020","format":false,"excerpt":"Belsia, c'est l'histoire de Cl\u00e9mence et Matthieu qui, par amour du bon et du terroir, d\u00e9cident de transformer les belles pommes de terre de l'exploitation familiale de Mathieu en chips. Ni une ni deux, la ferme de L\u00e9tourville au milieu de la plaine de Beauce (\"Belsia\" en latin), se voit\u2026","rel":"","context":"Article similaire","img":{"alt_text":"","src":"https:\/\/i1.wp.com\/www.passionfruits.fr\/wp-content\/uploads\/2023\/03\/Chips-Vinaigre.jpg?fit=600%2C600&ssl=1&resize=350%2C200","width":350,"height":200},"classes":[]}],"_links":{"self":[{"href":"https:\/\/www.passionfruits.fr\/index.php\/wp-json\/wp\/v2\/product\/6026"}],"collection":[{"href":"https:\/\/www.passionfruits.fr\/index.php\/wp-json\/wp\/v2\/product"}],"about":[{"href":"https:\/\/www.passionfruits.fr\/index.php\/wp-json\/wp\/v2\/types\/product"}],"replies":[{"embeddable":true,"href":"https:\/\/www.passionfruits.fr\/index.php\/wp-json\/wp\/v2\/comments?post=6026"}],"wp:featuredmedia":[{"embeddable":true,"href":"https:\/\/www.passionfruits.fr\/index.php\/wp-json\/wp\/v2\/media\/7871"}],"wp:attachment":[{"href":"https:\/\/www.passionfruits.fr\/index.php\/wp-json\/wp\/v2\/media?parent=6026"}],"curies":[{"name":"wp","href":"https:\/\/api.w.org\/{rel}","templated":true}]}}