{"id":6034,"date":"2015-12-07T11:37:06","date_gmt":"2015-12-07T10:37:06","guid":{"rendered":"http:\/\/www.andreclaude.fr\/web\/index.php\/produit\/fromage-du-cure-affine-au-muscadet-specialite-nantaise-part-env-250-grs\/"},"modified":"2022-03-23T18:10:59","modified_gmt":"2022-03-23T17:10:59","slug":"fromage-du-cure-affine-au-muscadet-specialite-nantaise-part-env-250-grs","status":"publish","type":"product","link":"https:\/\/www.passionfruits.fr\/index.php\/produit\/fromage-du-cure-affine-au-muscadet-specialite-nantaise-part-env-250-grs\/","title":{"rendered":"Fromage du cur\u00e9 part env. 200g"},"content":{"rendered":"<p>Le Cur\u00e9 Nantais<\/p>\n<p>44210 PORNIC<\/p>\n<p>&nbsp;<\/p>\n","protected":false},"excerpt":{"rendered":"<p align=\"justify\">Fromage du cur\u00e9 au <strong>lait<\/strong> cru entier de vache affin\u00e9 au muscadet sp\u00e9cialit\u00e9 de la r\u00e9gion Nantaise de fabrication artisanale est un assez surprenant ! avec une texture tr\u00e8s souple et onctueuse, fondante en bouche mais ne coulant pas . Le fait de la frotter au Muscadet lui donne un go\u00fbt fruit\u00e9, agr\u00e9able et vraiment tr\u00e8s l\u00e9g\u00e8rement &#8220;alcoolis\u00e9&#8221; mais sans exc\u00e8s ! Sa saveur est fine en bouche et tr\u00e8s agr\u00e9able au palais ! Un juste \u00e9quilibre entre texture et saveur !<\/p>\n<p align=\"justify\">Ingr\u00e9dients : <strong>Lait<\/strong> de vache entier cru (origine France), sel, ferments, pr\u00e9sure<\/p>\n<p align=\"justify\">Valeurs nutritionnelles moyennes pour 100g<\/p>\n<p align=\"justify\">Energie : 1361kj\/328kcal<\/p>\n<p align=\"justify\">Mati\u00e8res grasses : 26g dont acides gras satur\u00e9s : 17.4g<\/p>\n<p align=\"justify\">Glucides : 0.5g dont sucres 0.5g<\/p>\n<p align=\"justify\">Prot\u00e9ines : 23g<\/p>\n<p align=\"justify\">Sel : 1.7g<\/p>\n<p>&nbsp;<\/p>\n","protected":false},"featured_media":10613,"comment_status":"closed","ping_status":"closed","template":"","meta":{"spay_email":"","jetpack_publicize_message":"","jetpack_is_tweetstorm":false},"jetpack_publicize_connections":[],"jetpack_sharing_enabled":true,"jetpack-related-posts":[{"id":5690,"url":"https:\/\/www.passionfruits.fr\/index.php\/produit\/tome-de-savoie-petite-part-env-150-grs\/","url_meta":{"origin":6034,"position":0},"title":"Tomme de Savoie part env. 200g","date":"7 d\u00e9cembre 2015","format":false,"excerpt":"Le lait provient quasi-exclusivement de vaches de races locales : Tarine, Abondance et Montb\u00e9liarde. La transformation du lait et l\u2019affinage du fromage sont ensuite r\u00e9alis\u00e9s strictement en Savoie et en Haute-Savoie. S\u00fbrement l'un des plus vieux fromages savoyards. La Tomme de Savoie a une cro\u00fbte gris\u00e2tre. Sa p\u00e2te est souple,\u2026","rel":"","context":"Article similaire","img":{"alt_text":"","src":"https:\/\/i1.wp.com\/www.passionfruits.fr\/wp-content\/uploads\/2015\/12\/tomme1.jpg?fit=346%2C346&ssl=1&resize=350%2C200","width":350,"height":200},"classes":[]},{"id":5726,"url":"https:\/\/www.passionfruits.fr\/index.php\/produit\/gruyere-rape-barq-150-grs\/","url_meta":{"origin":6034,"position":1},"title":"Gruy\u00e8re rap\u00e9 barquette 125 grs","date":"7 d\u00e9cembre 2015","format":false,"excerpt":"Conditionn\u00e9 en barquette refermable \u00e0 volont\u00e9 pour garder toute sa saveur. Fromage \u00e0 p\u00e2te press\u00e9e cuite, fabriqu\u00e9 \u00e0 partir de lait cru de vache (98.68% ), ferments lactiques (1%), sel (0.3%), pr\u00e9sure(0.02%). Valeurs nutritionnelles moyennes pour 100g : Energie : 396kcal \/ 1643kj Mati\u00e8res grasses : 31g sur produit fini\u2026","rel":"","context":"Article similaire","img":{"alt_text":"","src":"https:\/\/i1.wp.com\/www.passionfruits.fr\/wp-content\/uploads\/2015\/12\/rape.jpg?fit=500%2C500&ssl=1&resize=350%2C200","width":350,"height":200},"classes":[]},{"id":5687,"url":"https:\/\/www.passionfruits.fr\/index.php\/produit\/12-reblochon\/","url_meta":{"origin":6034,"position":2},"title":"Reblochon le demi environ 250g","date":"7 d\u00e9cembre 2015","format":false,"excerpt":"Reblochon de Savoie fermier. Sa p\u00e2te est onctueuse, souple, lisse et grasse. Il a un go\u00fbt agr\u00e9able, subtil et moelleux. Ingr\u00e9dients : lait cru de vache, ferments lactiques et d'affinage, sel, pr\u00e9sure, colorant de la cro\u00fbte : rocou. Valeurs nutritionnelles moyennes pour 100g Energie :1403kj\/338kcal Mati\u00e8res grasses : 28g dont\u2026","rel":"","context":"Article similaire","img":{"alt_text":"","src":"https:\/\/i0.wp.com\/www.passionfruits.fr\/wp-content\/uploads\/2015\/12\/Reblochon-demi.jpg?fit=600%2C600&ssl=1&resize=350%2C200","width":350,"height":200},"classes":[]},{"id":13527,"url":"https:\/\/www.passionfruits.fr\/index.php\/produit\/saint-nectaire-fermier-part-env-190g\/","url_meta":{"origin":6034,"position":3},"title":"Saint Nectaire Fermier part env. 190g","date":"7 f\u00e9vrier 2019","format":false,"excerpt":"le Saint-Nectaire, qu\u2019il soit laitier ou fermier, offre une multiplicit\u00e9 de saveurs pour plaire au plus grand nombre. Pour ces deux productions, les soins apport\u00e9s \u00e0 la r\u00e9alisation de ce fromage restent inchang\u00e9s. Ingr\u00e9dients : Lait Cru de vache (origine France), sel, ferments lactiques,\u00a0 pr\u00e9sure. Valeurs nutritionnelles moyennes pour 100g\u2026","rel":"","context":"Article similaire","img":{"alt_text":"","src":"https:\/\/i0.wp.com\/www.passionfruits.fr\/wp-content\/uploads\/2015\/12\/stnectaire.jpg?fit=849%2C566&ssl=1&resize=350%2C200","width":350,"height":200},"classes":[]},{"id":5689,"url":"https:\/\/www.passionfruits.fr\/index.php\/produit\/reblochon-env-500-grs\/","url_meta":{"origin":6034,"position":4},"title":"Reblochon la pi\u00e8ce environ 500g","date":"7 d\u00e9cembre 2015","format":false,"excerpt":"Reblochon de Savoie fermier. Sa p\u00e2te est onctueuse, souple, lisse et grasse. Il a un go\u00fbt agr\u00e9able, subtil et moelleux. Ingr\u00e9dients : lait cru de vache, ferments lactiques et d'affinage, sel, pr\u00e9sure, colorant de la cro\u00fbte : rocou. Valeurs nutritionnelles moyennes pour 100g Energie :1403kj\/338kcal Mati\u00e8res grasses : 28g dont\u2026","rel":"","context":"Article similaire","img":{"alt_text":"","src":"https:\/\/i0.wp.com\/www.passionfruits.fr\/wp-content\/uploads\/2015\/12\/reblochon.jpg?fit=600%2C600&ssl=1&resize=350%2C200","width":350,"height":200},"classes":[]},{"id":5780,"url":"https:\/\/www.passionfruits.fr\/index.php\/produit\/emmental-petite-part-env-150-grs\/","url_meta":{"origin":6034,"position":5},"title":"Emmental la part environ 200 grs","date":"7 d\u00e9cembre 2015","format":false,"excerpt":"Fromage \u00e0 p\u00e2te press\u00e9e cuite, fabriqu\u00e9 \u00e0 partir de lait cru de vache (98.68% ), ferments lactiques (1%), sel (0.3%), pr\u00e9sure(0.02%). Valeurs nutritionnelles moyennes pour 100g : Energie : 396kcal \/ 1643kj \u00a0 Mati\u00e8res grasses : 31g sur produit fini dont acides gras satur\u00e9s : 20g Prot\u00e9ines : 29g Glucides\u2026","rel":"","context":"Article similaire","img":{"alt_text":"","src":"https:\/\/i1.wp.com\/www.passionfruits.fr\/wp-content\/uploads\/2015\/12\/emmental-francais.jpg?fit=600%2C600&ssl=1&resize=350%2C200","width":350,"height":200},"classes":[]}],"_links":{"self":[{"href":"https:\/\/www.passionfruits.fr\/index.php\/wp-json\/wp\/v2\/product\/6034"}],"collection":[{"href":"https:\/\/www.passionfruits.fr\/index.php\/wp-json\/wp\/v2\/product"}],"about":[{"href":"https:\/\/www.passionfruits.fr\/index.php\/wp-json\/wp\/v2\/types\/product"}],"replies":[{"embeddable":true,"href":"https:\/\/www.passionfruits.fr\/index.php\/wp-json\/wp\/v2\/comments?post=6034"}],"wp:featuredmedia":[{"embeddable":true,"href":"https:\/\/www.passionfruits.fr\/index.php\/wp-json\/wp\/v2\/media\/10613"}],"wp:attachment":[{"href":"https:\/\/www.passionfruits.fr\/index.php\/wp-json\/wp\/v2\/media?parent=6034"}],"curies":[{"name":"wp","href":"https:\/\/api.w.org\/{rel}","templated":true}]}}