{"id":6068,"date":"2015-12-07T11:37:23","date_gmt":"2015-12-07T10:37:23","guid":{"rendered":"http:\/\/www.andreclaude.fr\/web\/index.php\/produit\/confiture-mirabelle-le-pot\/"},"modified":"2024-05-22T14:40:55","modified_gmt":"2024-05-22T13:40:55","slug":"confiture-mirabelle-le-pot","status":"publish","type":"product","link":"https:\/\/www.passionfruits.fr\/index.php\/produit\/confiture-mirabelle-le-pot\/","title":{"rendered":"Confiture de mirabelle le pot 370g"},"content":{"rendered":"<p>SAS COPYR<\/p>\n<p>09190 LORP<\/p>\n","protected":false},"excerpt":{"rendered":"<p>Confiture Extra Daniel Boudet<\/p>\n<p>Pr\u00e9par\u00e9e avec 55g de fruit pour 100g de produit fini.<\/p>\n<p>Teneur totale en sucres : 60g pour 100g<\/p>\n<p>Ingr\u00e9dients : Mirabelles, sucre, g\u00e9lifiant : pectine, jus concentr\u00e9 de citron.<\/p>\n<p>OGM : Garanti sans OGM<br \/>\nIONISATION : Ce produit n&#8217;est pas trait\u00e9 par ionisation et ne contient aucun ingr\u00e9dient ou additif ionis\u00e9.<br \/>\nALLERGENE(S) :Absence<\/p>\n<p>Valeurs nutritionnelles\u00a0 pour 100 g<\/p>\n<p>Energie : 230kcal \/978 kj<\/p>\n<p>Mati\u00e8res grasses : 0.1 g dont acides gras satur\u00e9s : 0g<\/p>\n<p>Glucides : 56g dont sucres 50g<\/p>\n<p>Prot\u00e9ines : 0.4g<\/p>\n<p>Sel : 0g<\/p>\n","protected":false},"featured_media":6700,"comment_status":"closed","ping_status":"closed","template":"","meta":{"spay_email":"","jetpack_publicize_message":"","jetpack_is_tweetstorm":false},"jetpack_publicize_connections":[],"jetpack_sharing_enabled":true,"jetpack-related-posts":[{"id":6054,"url":"https:\/\/www.passionfruits.fr\/index.php\/produit\/confiture-fraise-le-pot\/","url_meta":{"origin":6068,"position":0},"title":"Confiture de fraise le pot de 370g","date":"7 d\u00e9cembre 2015","format":false,"excerpt":"Confiture Extra Daniel Boudet Pr\u00e9par\u00e9e avec 55g de fruit pour 100g de produit fini. Teneur totale en sucres : 60g pour 100g Ingr\u00e9dients : Fraise, sucre, g\u00e9lifiant : pectine. OGM : Garanti sans OGM IONISATION : Ce produit n'est pas trait\u00e9 par ionisation et ne contient aucun ingr\u00e9dient ou additif\u2026","rel":"","context":"Article similaire","img":{"alt_text":"","src":"https:\/\/i0.wp.com\/www.passionfruits.fr\/wp-content\/uploads\/2015\/12\/fraise1.jpg?fit=600%2C600&ssl=1&resize=350%2C200","width":350,"height":200},"classes":[]},{"id":6060,"url":"https:\/\/www.passionfruits.fr\/index.php\/produit\/confiture-figue-le-pot\/","url_meta":{"origin":6068,"position":1},"title":"Confiture de figue le pot de 370g","date":"7 d\u00e9cembre 2015","format":false,"excerpt":"Confiture Extra Daniel Boudet Pr\u00e9par\u00e9e avec 55g de fruit pour 100g de produit fini. Teneur totale en sucres : 60g pour 100g Ingr\u00e9dients : Figue, sucre, g\u00e9lifiant : pectine. OGM : Garanti sans OGM IONISATION : Ce produit n'est pas trait\u00e9 par ionisation et ne contient aucun ingr\u00e9dient ou additif\u2026","rel":"","context":"Article similaire","img":{"alt_text":"","src":"https:\/\/i0.wp.com\/www.passionfruits.fr\/wp-content\/uploads\/2015\/12\/figue11.jpg?fit=600%2C600&ssl=1&resize=350%2C200","width":350,"height":200},"classes":[]},{"id":6082,"url":"https:\/\/www.passionfruits.fr\/index.php\/produit\/confiture-abricot-le-pot\/","url_meta":{"origin":6068,"position":2},"title":"Confiture d'abricot le pot de 370g","date":"7 d\u00e9cembre 2015","format":false,"excerpt":"Confiture Extra Daniel Boudet Pr\u00e9par\u00e9e avec 55g de fruit pour 100g de produit fini. Teneur totale en sucres : 60g pour 100g Ingr\u00e9dients : Abricots, sucre, g\u00e9lifiant : pectine. OGM : Garanti sans OGM IONISATION : Ce produit n'est pas trait\u00e9 par ionisation et ne contient aucun ingr\u00e9dient ou additif\u2026","rel":"","context":"Article similaire","img":{"alt_text":"","src":"https:\/\/i0.wp.com\/www.passionfruits.fr\/wp-content\/uploads\/2015\/12\/Confitureabricot2.jpg?fit=600%2C600&ssl=1&resize=350%2C200","width":350,"height":200},"classes":[]},{"id":6066,"url":"https:\/\/www.passionfruits.fr\/index.php\/produit\/confiture-3-agrumes-le-pot\/","url_meta":{"origin":6068,"position":3},"title":"Marmelade aux 3 agrumes le pot de 370g","date":"7 d\u00e9cembre 2015","format":false,"excerpt":"Confiture Extra Daniel Boudet Pr\u00e9par\u00e9e avec 45g de fruit pour 100g de produit fini. Teneur totale en sucres : 60g pour 100g Ingr\u00e9dients : Sucre, fruits (orange douce 50%, pamplemousse 39%, citron 11%), g\u00e9lifiant : pectine. OGM : Garanti sans OGM IONISATION : Ce produit n'est pas trait\u00e9 par ionisation\u2026","rel":"","context":"Article similaire","img":{"alt_text":"","src":"https:\/\/i0.wp.com\/www.passionfruits.fr\/wp-content\/uploads\/2015\/12\/troisagrumes.jpg?fit=600%2C600&ssl=1&resize=350%2C200","width":350,"height":200},"classes":[]},{"id":11393,"url":"https:\/\/www.passionfruits.fr\/index.php\/produit\/confiture-cerise-noire-le-pot-de-45g\/","url_meta":{"origin":6068,"position":4},"title":"Confiture Cerise Noire le pot de 28g","date":"9 d\u00e9cembre 2017","format":false,"excerpt":"Confiture Extra Daniel Boudet Pr\u00e9par\u00e9e avec 55g de fruit pour 100g de produit fini. Teneur totale en sucres : 60g pour 100g Ingr\u00e9dients : Cerises noires, sucre, jus de citron, g\u00e9lifiant : pectine, affermissant : citrate calcique (si n\u00e9cessaire) Peut contenir un noyau. OGM : Garanti sans OGM IONISATION :\u2026","rel":"","context":"Article similaire","img":{"alt_text":"","src":"https:\/\/i0.wp.com\/www.passionfruits.fr\/wp-content\/uploads\/2017\/12\/cerise-noire.jpg?fit=597%2C599&ssl=1&resize=350%2C200","width":350,"height":200},"classes":[]},{"id":6074,"url":"https:\/\/www.passionfruits.fr\/index.php\/produit\/gelee-de-coing-le-pot\/","url_meta":{"origin":6068,"position":5},"title":"Gel\u00e9e de coing traditionnelle le pot de 370g","date":"7 d\u00e9cembre 2015","format":false,"excerpt":"Gel\u00e9e Daniel Boudet Pr\u00e9par\u00e9e avec 55g de fruit pour 100g de produit fini. Teneur totale en sucres : 60g pour 100g Ingr\u00e9dients : Sucre, eau, jus concentr\u00e9 de coing (9,9%), jus de citron concentr\u00e9, g\u00e9lifiant : pectine. OGM : Garanti sans OGM IONISATION : Ce produit n'est pas trait\u00e9 par\u2026","rel":"","context":"Article similaire","img":{"alt_text":"","src":"https:\/\/i2.wp.com\/www.passionfruits.fr\/wp-content\/uploads\/2015\/12\/Geleedecoing1.jpg?fit=600%2C600&ssl=1&resize=350%2C200","width":350,"height":200},"classes":[]}],"_links":{"self":[{"href":"https:\/\/www.passionfruits.fr\/index.php\/wp-json\/wp\/v2\/product\/6068"}],"collection":[{"href":"https:\/\/www.passionfruits.fr\/index.php\/wp-json\/wp\/v2\/product"}],"about":[{"href":"https:\/\/www.passionfruits.fr\/index.php\/wp-json\/wp\/v2\/types\/product"}],"replies":[{"embeddable":true,"href":"https:\/\/www.passionfruits.fr\/index.php\/wp-json\/wp\/v2\/comments?post=6068"}],"wp:featuredmedia":[{"embeddable":true,"href":"https:\/\/www.passionfruits.fr\/index.php\/wp-json\/wp\/v2\/media\/6700"}],"wp:attachment":[{"href":"https:\/\/www.passionfruits.fr\/index.php\/wp-json\/wp\/v2\/media?parent=6068"}],"curies":[{"name":"wp","href":"https:\/\/api.w.org\/{rel}","templated":true}]}}