{"id":6096,"date":"2015-12-07T11:37:28","date_gmt":"2015-12-07T10:37:28","guid":{"rendered":"http:\/\/www.andreclaude.fr\/web\/index.php\/produit\/epice-cannelle-poudre-le-pot\/"},"modified":"2024-10-15T16:12:44","modified_gmt":"2024-10-15T15:12:44","slug":"epice-cannelle-poudre-le-pot","status":"publish","type":"product","link":"https:\/\/www.passionfruits.fr\/index.php\/produit\/epice-cannelle-poudre-le-pot\/","title":{"rendered":"Cannelle poudre le pot"},"content":{"rendered":"<p>Distribu\u00e9 par<\/p>\n<p>Agidra<\/p>\n<p>BP 156<\/p>\n<p>69801 SAINT PRIEST<\/p>\n","protected":false},"excerpt":{"rendered":"<p>Ingr\u00e9dients : cannelle en poudre<\/p>\n<p>Traces possibles de c\u00e9leri, gluten, moutarde et s\u00e9same<\/p>\n","protected":false},"featured_media":7241,"comment_status":"closed","ping_status":"closed","template":"","meta":{"spay_email":"","jetpack_publicize_message":"","jetpack_is_tweetstorm":false},"jetpack_publicize_connections":[],"jetpack_sharing_enabled":true,"jetpack-related-posts":[{"id":6002,"url":"https:\/\/www.passionfruits.fr\/index.php\/produit\/speculos-le-paquet\/","url_meta":{"origin":6096,"position":0},"title":"Sp\u00e9culoos authentiques le paquet 225g","date":"7 d\u00e9cembre 2015","format":false,"excerpt":"Nos sp\u00e9culoos sont d'authentiques Sp\u00e9culoos de Belgique, ils sont pr\u00e9par\u00e9s selon une recette \u00e0 l'ancienne sans colorants et sans conservateurs chimiques. Paquet de 20 sp\u00e9culoos \u00e0 d\u00e9guster \u00e0 l'heure du th\u00e9 Ingr\u00e9dients : farine de froment, sucre candi, huiles et graisses v\u00e9g\u00e9tales (palme, colza), sucre de canne brut, farine de\u2026","rel":"","context":"Article similaire","img":{"alt_text":"","src":"https:\/\/i0.wp.com\/www.passionfruits.fr\/wp-content\/uploads\/2015\/12\/speculoos.jpg?fit=600%2C600&ssl=1&resize=350%2C200","width":350,"height":200},"classes":[]},{"id":17660,"url":"https:\/\/www.passionfruits.fr\/index.php\/produit\/vin-dhiver-bouteille-75-cl\/","url_meta":{"origin":6096,"position":1},"title":"Vin d'hiver bouteille 75 cl","date":"8 mars 2021","format":false,"excerpt":"Vin d'hiver\u00a0 75cl - 12% SUGGESTION DE CONSOMMATION En boisson froide\u00a0A savourer bien frais \u00e0 l'ap\u00e9ritif En boisson chaude A d\u00e9guster en vin chaud Retrouvez toute la tradition des vins de f\u00eate et autres \" vins de no\u00ebl \" aux \u00e9pices et agrumes (orange, cannelle, girofle\u2026). Notes de d\u00e9gustation Son\u2026","rel":"","context":"Article similaire","img":{"alt_text":"","src":"https:\/\/i1.wp.com\/www.passionfruits.fr\/wp-content\/uploads\/2021\/03\/vin-d-hiver.jpg?fit=600%2C600&ssl=1&resize=350%2C200","width":350,"height":200},"classes":[]},{"id":6099,"url":"https:\/\/www.passionfruits.fr\/index.php\/produit\/epice-cumin-poudre-le-pot\/","url_meta":{"origin":6096,"position":2},"title":"Cumin poudre le pot","date":"7 d\u00e9cembre 2015","format":false,"excerpt":"Ingr\u00e9dients : cumin en poudre Traces possibles de c\u00e9leri, gluten, moutarde et s\u00e9same","rel":"","context":"Article similaire","img":{"alt_text":"","src":"https:\/\/i1.wp.com\/www.passionfruits.fr\/wp-content\/uploads\/2015\/12\/Epice-divers.jpg?fit=600%2C600&ssl=1&resize=350%2C200","width":350,"height":200},"classes":[]},{"id":6147,"url":"https:\/\/www.passionfruits.fr\/index.php\/produit\/epice-curcuma-poudre-le-pot\/","url_meta":{"origin":6096,"position":3},"title":"Curcuma poudre le pot","date":"7 d\u00e9cembre 2015","format":false,"excerpt":"Ingr\u00e9dients : curcuma en poudre Traces possibles de c\u00e9leri, gluten, moutarde et s\u00e9same","rel":"","context":"Article similaire","img":{"alt_text":"","src":"https:\/\/i1.wp.com\/www.passionfruits.fr\/wp-content\/uploads\/2015\/12\/Epice-divers.jpg?fit=600%2C600&ssl=1&resize=350%2C200","width":350,"height":200},"classes":[]},{"id":5996,"url":"https:\/\/www.passionfruits.fr\/index.php\/produit\/piment-espelette-poudre-le-pot\/","url_meta":{"origin":6096,"position":4},"title":"(A)  Piment d'espelette poudre le pot","date":"7 d\u00e9cembre 2015","format":false,"excerpt":"La poudre de piment d'Espelette A.O.P de l'Atelier du Piment a \u00e9t\u00e9 m\u00e9daill\u00e9e d'OR aux concours g\u00e9n\u00e9ral agricole de Paris 2012 (Salon de l'agriculture).Pot 50 g.La poudre de piment d'Espelette A.O.P parfume et rel\u00e8ve d\u00e9licatement tous vos plats, v\u00e9ritable ingr\u00e9dient incontournable de la cuisine basque. Ingr\u00e9dients : poudre piment d'Espelette\u2026","rel":"","context":"Article similaire","img":{"alt_text":"","src":"https:\/\/i2.wp.com\/www.passionfruits.fr\/wp-content\/uploads\/2015\/12\/poudre-de-piment-d-espelette.jpg?fit=600%2C600&ssl=1&resize=350%2C200","width":350,"height":200},"classes":[]},{"id":6292,"url":"https:\/\/www.passionfruits.fr\/index.php\/produit\/the-rooibos-aux-epices-la-boite\/","url_meta":{"origin":6096,"position":5},"title":"Th\u00e9 - Roo\u00efbos aux \u00e9pices la boite de 40 sachets voile","date":"7 d\u00e9cembre 2015","format":false,"excerpt":"Rooibos, \u00e9corces d'orange, graines de cardamone 9.6%, morceaux de cannelle 5.8%, morceaux de gingembre3.9%, ar\u00f4mes Peut contenir des traces de fruits \u00e0 coque, de lait et de soja. Temp\u00e9rature : 90 \u00b0C Temps d\u2019infusion : 4 min Avec ou sans lait Moment de la journ\u00e9e : toute la journ\u00e9e et\u2026","rel":"","context":"Article similaire","img":{"alt_text":"","src":"https:\/\/i2.wp.com\/www.passionfruits.fr\/wp-content\/uploads\/2015\/12\/rooibos-epices.jpg?fit=900%2C900&ssl=1&resize=350%2C200","width":350,"height":200},"classes":[]}],"_links":{"self":[{"href":"https:\/\/www.passionfruits.fr\/index.php\/wp-json\/wp\/v2\/product\/6096"}],"collection":[{"href":"https:\/\/www.passionfruits.fr\/index.php\/wp-json\/wp\/v2\/product"}],"about":[{"href":"https:\/\/www.passionfruits.fr\/index.php\/wp-json\/wp\/v2\/types\/product"}],"replies":[{"embeddable":true,"href":"https:\/\/www.passionfruits.fr\/index.php\/wp-json\/wp\/v2\/comments?post=6096"}],"wp:featuredmedia":[{"embeddable":true,"href":"https:\/\/www.passionfruits.fr\/index.php\/wp-json\/wp\/v2\/media\/7241"}],"wp:attachment":[{"href":"https:\/\/www.passionfruits.fr\/index.php\/wp-json\/wp\/v2\/media?parent=6096"}],"curies":[{"name":"wp","href":"https:\/\/api.w.org\/{rel}","templated":true}]}}