{"id":6144,"date":"2015-12-07T11:37:48","date_gmt":"2015-12-07T10:37:48","guid":{"rendered":"http:\/\/www.andreclaude.fr\/web\/index.php\/produit\/limonade-la-bouteille\/"},"modified":"2022-08-23T08:29:16","modified_gmt":"2022-08-23T07:29:16","slug":"limonade-la-bouteille","status":"publish","type":"product","link":"https:\/\/www.passionfruits.fr\/index.php\/produit\/limonade-la-bouteille\/","title":{"rendered":"Limonade la Beauceronne bouteille 1 litre"},"content":{"rendered":"<p class=\"m-b5\">Maison Savour\u00e9<\/p>\n<p>11, avenue Justin-Clichy &#8211; 28310 JANVILLE<\/p>\n","protected":false},"excerpt":{"rendered":"<p>Sans colorant,Sans ar\u00f4me artificiel,Sans conservateur. Elle est con\u00e7ue avec des produits de notre terroir :Eau des nappes de Beauce,Sucre de betterave,Ar\u00f4me naturel d\u2019agrumes.<\/p>\n<p>Ingr\u00e9dients : Eau gaz\u00e9ifi\u00e9e, sucre de betterave, ar\u00f4mes naturels d&#8217;agrumes, acide citrique.<\/p>\n<p>D\u00e9claration nutritionnelle pour 100ml :<\/p>\n<p>Energie : 131kj \/ 31kcal<\/p>\n<p>Mati\u00e8res grasses : 0g dont acides gras satur\u00e9s : 0g<\/p>\n<p>Glucides : 7.6g dont sucres : 7.6g<\/p>\n<p>Prot\u00e9ines : 0g<\/p>\n<p>Sel : 0g<\/p>\n<p>&nbsp;<\/p>\n<p>&nbsp;<\/p>\n","protected":false},"featured_media":7050,"comment_status":"closed","ping_status":"closed","template":"","meta":{"spay_email":"","jetpack_publicize_message":"","jetpack_is_tweetstorm":false},"jetpack_publicize_connections":[],"jetpack_sharing_enabled":true,"jetpack-related-posts":[{"id":19513,"url":"https:\/\/www.passionfruits.fr\/index.php\/produit\/limonade-la-beauceronne-bouteille-33-cl\/","url_meta":{"origin":6144,"position":0},"title":"Limonade la Beauceronne bouteille 33 cl","date":"4 ao\u00fbt 2023","format":false,"excerpt":"6 \u20ac les 3 bouteilles Sans colorant,Sans ar\u00f4me artificiel,Sans conservateur. Elle est con\u00e7ue avec des produits de notre terroir :Eau des nappes de Beauce,Sucre de betterave,Ar\u00f4me naturel d\u2019agrumes. Ingr\u00e9dients : Eau gaz\u00e9ifi\u00e9e, sucre de betterave, ar\u00f4mes naturels d'agrumes, acide citrique. D\u00e9claration nutritionnelle pour 100ml : Energie : 131kj \/ 31kcal\u2026","rel":"","context":"Article similaire","img":{"alt_text":"","src":"https:\/\/i0.wp.com\/www.passionfruits.fr\/wp-content\/uploads\/2015\/12\/limonade-la-beauceronne.jpg?fit=600%2C600&ssl=1&resize=350%2C200","width":350,"height":200},"classes":[]},{"id":8282,"url":"https:\/\/www.passionfruits.fr\/index.php\/produit\/composition-limonade-et-pain-depices\/","url_meta":{"origin":6144,"position":1},"title":"Composition limonade et pain d'\u00e9pices","date":"2 mars 2016","format":false,"excerpt":"Composition limonade et pain d'\u00e9pices Limonade bouteille 1 litre Pain d\u2019\u00e9pices au miel le paquet 500g Pour les gourmands et les amateurs de Gastronomie, vous pouvez composez vous-m\u00eame vos paniers gourmands et m\u00eame les faire livrer directement \u00e0 vos proches. Limonade: Ingr\u00e9dients : Eau gaz\u00e9ifi\u00e9e, sucre de betterave, ar\u00f4mes naturels\u2026","rel":"","context":"Article similaire","img":{"alt_text":"","src":"https:\/\/i0.wp.com\/www.passionfruits.fr\/wp-content\/uploads\/2016\/03\/limonade-pain-depice.jpg?fit=600%2C600&ssl=1&resize=350%2C200","width":350,"height":200},"classes":[]},{"id":8280,"url":"https:\/\/www.passionfruits.fr\/index.php\/produit\/composition-produits-d-eure-et-loir\/","url_meta":{"origin":6144,"position":2},"title":"Composition produits de la r\u00e9gion","date":"2 mars 2016","format":false,"excerpt":"Composition produits de la r\u00e9gion Jus de pomme bouteille 1 litre : Aucun conservateur, ni additif, sans ajout de sucre, conform\u00e9ment \u00e0 la l\u00e9gislation. Limonade bouteille 1 litre : Ingr\u00e9dients : Eau gaz\u00e9ifi\u00e9e, sucre de betterave, ar\u00f4mes naturels d'agrumes, acide citrique. D\u00e9claration nutritionnelle pour 100ml : Energie : 131kj \/\u2026","rel":"","context":"Article similaire","img":{"alt_text":"","src":"https:\/\/i0.wp.com\/www.passionfruits.fr\/wp-content\/uploads\/2016\/03\/coffret-eure-et-loir.jpg?fit=600%2C600&ssl=1&resize=350%2C200","width":350,"height":200},"classes":[]},{"id":6066,"url":"https:\/\/www.passionfruits.fr\/index.php\/produit\/confiture-3-agrumes-le-pot\/","url_meta":{"origin":6144,"position":3},"title":"Marmelade aux 3 agrumes le pot de 370g","date":"7 d\u00e9cembre 2015","format":false,"excerpt":"Confiture Extra Daniel Boudet Pr\u00e9par\u00e9e avec 45g de fruit pour 100g de produit fini. Teneur totale en sucres : 60g pour 100g Ingr\u00e9dients : Sucre, fruits (orange douce 50%, pamplemousse 39%, citron 11%), g\u00e9lifiant : pectine. OGM : Garanti sans OGM IONISATION : Ce produit n'est pas trait\u00e9 par ionisation\u2026","rel":"","context":"Article similaire","img":{"alt_text":"","src":"https:\/\/i0.wp.com\/www.passionfruits.fr\/wp-content\/uploads\/2015\/12\/troisagrumes.jpg?fit=600%2C600&ssl=1&resize=350%2C200","width":350,"height":200},"classes":[]},{"id":15033,"url":"https:\/\/www.passionfruits.fr\/index.php\/produit\/beauce-cola-la-bouteille-de-1-litre\/","url_meta":{"origin":6144,"position":4},"title":"Beauce cola la bouteille de 1 litre","date":"19 mars 2020","format":false,"excerpt":"En 2010, n\u00e9 le Beauce Cola. Son go\u00fbt authentique r\u00e9veille les papilles de notre enfance gr\u00e2ce \u00e0 sa bulle tr\u00e8s fine. L'eau filtr\u00e9e est issue des nappes de Beauce, le sucre des betteraves provient de la sucrerie de Toury et les ar\u00f4mes naturels du nord de la r\u00e9gion Centre. A\u2026","rel":"","context":"Article similaire","img":{"alt_text":"","src":"https:\/\/i0.wp.com\/www.passionfruits.fr\/wp-content\/uploads\/2020\/03\/cola2.jpg?fit=600%2C599&ssl=1&resize=350%2C200","width":350,"height":200},"classes":[]},{"id":7886,"url":"https:\/\/www.passionfruits.fr\/index.php\/produit\/vinaigrette-au-piment-despelette-la-bouteille-de-500ml\/","url_meta":{"origin":6144,"position":5},"title":"Vinaigrette au piment d'espelette bouteille 500ml","date":"29 janvier 2016","format":false,"excerpt":"Sauce vinaigrette Jean d\u2019Audignac. Excellente vinaigrette pour assaisonner les salades et crudit\u00e9s. Ingr\u00e9dients : huile de tournesol 50%, vinaigre de vin de Bordeaux* 32.5% (dont conservateur E228* et stabilisant E414) eau, moutarde de Dijon (graines de moutarde, vinaigre d'alcool eau, sel), sel, piment d'Espelette 0.75%. * Contient des sulfites. Valeurs\u2026","rel":"","context":"Article similaire","img":{"alt_text":"","src":"https:\/\/i0.wp.com\/www.passionfruits.fr\/wp-content\/uploads\/2016\/01\/Vinaigrette-espelette.jpg?fit=598%2C600&ssl=1&resize=350%2C200","width":350,"height":200},"classes":[]}],"_links":{"self":[{"href":"https:\/\/www.passionfruits.fr\/index.php\/wp-json\/wp\/v2\/product\/6144"}],"collection":[{"href":"https:\/\/www.passionfruits.fr\/index.php\/wp-json\/wp\/v2\/product"}],"about":[{"href":"https:\/\/www.passionfruits.fr\/index.php\/wp-json\/wp\/v2\/types\/product"}],"replies":[{"embeddable":true,"href":"https:\/\/www.passionfruits.fr\/index.php\/wp-json\/wp\/v2\/comments?post=6144"}],"wp:featuredmedia":[{"embeddable":true,"href":"https:\/\/www.passionfruits.fr\/index.php\/wp-json\/wp\/v2\/media\/7050"}],"wp:attachment":[{"href":"https:\/\/www.passionfruits.fr\/index.php\/wp-json\/wp\/v2\/media?parent=6144"}],"curies":[{"name":"wp","href":"https:\/\/api.w.org\/{rel}","templated":true}]}}