{"id":6170,"date":"2015-12-07T11:37:58","date_gmt":"2015-12-07T10:37:58","guid":{"rendered":"http:\/\/www.andreclaude.fr\/web\/index.php\/produit\/flan-citron-le-sachet\/"},"modified":"2018-10-04T15:56:03","modified_gmt":"2018-10-04T14:56:03","slug":"flan-citron-le-sachet","status":"publish","type":"product","link":"https:\/\/www.passionfruits.fr\/index.php\/produit\/flan-citron-le-sachet\/","title":{"rendered":"Flan au citron le sachet de 45g"},"content":{"rendered":"<p><span class=\"st\"><em>Abbaye de la Coudre<\/em><\/span>.<\/p>\n<p>BP 10537<\/p>\n<p>53005 LAVAL<\/p>\n","protected":false},"excerpt":{"rendered":"<p><span class=\"st\"><em>Abbaye de la Coudre<\/em><\/span>. Les s\u0153urs fabriquent des pr\u00e9parations pour cr\u00e8mes desserts, \u00e0 partir d\u2019ingr\u00e9dients naturels , sans gluten et sans colorants ni conservateurs. Leur go\u00fbt est fin et d\u00e9licat.Sachet 45g.<\/p>\n<p>Ingr\u00e9dients : sucre, amidon de ma\u00efs, g\u00e9lifiant : carragh\u00e9nanes, ar\u00f4me naturel<\/p>\n<p>Peut contenir de traces de <strong>gluten<\/strong> et de <strong>fruits \u00e0 coque<\/strong>.<\/p>\n<table style=\"width: 462.967px; height: 376px;\">\n<tbody>\n<tr>\n<td style=\"width: 245px;\">Informations nutritionelles moyennes<\/td>\n<td style=\"width: 100px;\">Pour 100 g<\/p>\n<p>poudre<\/td>\n<td style=\"width: 121px;\">Pour 100g<\/p>\n<p>entremets *<\/td>\n<td style=\"width: 10px;\"><\/td>\n<\/tr>\n<tr>\n<td style=\"width: 245px;\">Valeur \u00e9nerg\u00e9tique (kj)<\/td>\n<td style=\"width: 100px; text-align: center;\">1643<\/td>\n<td style=\"width: 121px; text-align: center;\">182<\/td>\n<td style=\"width: 10px; text-align: center;\"><\/td>\n<\/tr>\n<tr>\n<td style=\"width: 245px;\">Valeur \u00e9nerg\u00e9tique (kcal)<\/td>\n<td style=\"width: 100px; text-align: center;\">387<\/td>\n<td style=\"width: 121px; text-align: center;\">43<\/td>\n<td style=\"width: 10px; text-align: center;\"><\/td>\n<\/tr>\n<tr>\n<td style=\"width: 245px;\">Mati\u00e8res grasses (g)<\/td>\n<td style=\"width: 100px; text-align: center;\">0.2<\/td>\n<td style=\"width: 121px; text-align: center;\">0.19<\/td>\n<td style=\"width: 10px; text-align: center;\"><\/td>\n<\/tr>\n<tr>\n<td style=\"width: 245px;\">dont acides gras satur\u00e9s (g)<\/td>\n<td style=\"width: 100px; text-align: center;\">0.08<\/td>\n<td style=\"width: 121px; text-align: center;\">0.11<\/td>\n<td style=\"width: 10px; text-align: center;\"><\/td>\n<\/tr>\n<tr>\n<td style=\"width: 245px;\">Glucides (g)<\/td>\n<td style=\"width: 100px; text-align: center;\">94.2<\/td>\n<td style=\"width: 121px; text-align: center;\">9.74<\/td>\n<td style=\"width: 10px; text-align: center;\"><\/td>\n<\/tr>\n<tr>\n<td style=\"width: 245px;\">dont sucres (g)<\/td>\n<td style=\"width: 100px; text-align: center;\">90.9<\/td>\n<td style=\"width: 121px; text-align: center;\">8.89<\/td>\n<td style=\"width: 10px; text-align: center;\"><\/td>\n<\/tr>\n<tr>\n<td style=\"width: 245px;\">Fibres alimentaires (g)<\/td>\n<td style=\"width: 100px; text-align: center;\">3.6<\/td>\n<td style=\"width: 121px; text-align: center;\">0.35<\/td>\n<td style=\"width: 10px; text-align: center;\"><\/td>\n<\/tr>\n<tr>\n<td style=\"width: 245px;\">Prot\u00e9ines (g)<\/td>\n<td style=\"width: 100px; text-align: center;\">0.3<\/td>\n<td style=\"width: 121px; text-align: center;\">0.39<\/td>\n<td style=\"width: 10px; text-align: center;\"><\/td>\n<\/tr>\n<tr>\n<td style=\"width: 245px;\">Sel (g)<\/td>\n<td style=\"width: 100px; text-align: center;\">0.14<\/td>\n<td style=\"width: 121px; text-align: center;\">0.02<\/td>\n<td style=\"width: 10px; text-align: center;\"><\/td>\n<\/tr>\n<\/tbody>\n<\/table>\n<ul>\n<li>pr\u00e9par\u00e9 avec du lait 1\/2 \u00e9cr\u00e9m\u00e9 selon les conseils de pr\u00e9paration<\/li>\n<\/ul>\n","protected":false},"featured_media":7231,"comment_status":"closed","ping_status":"closed","template":"","meta":{"spay_email":"","jetpack_publicize_message":"","jetpack_is_tweetstorm":false},"jetpack_publicize_connections":[],"jetpack_sharing_enabled":true,"jetpack-related-posts":[{"id":12594,"url":"https:\/\/www.passionfruits.fr\/index.php\/produit\/flan-a-la-framboise-le-sachet-de-45g\/","url_meta":{"origin":6170,"position":0},"title":"Flan \u00e0 la Framboise le sachet de 45g","date":"29 ao\u00fbt 2018","format":false,"excerpt":"Abbaye de la Coudre. Les s\u0153urs fabriquent des pr\u00e9parations pour cr\u00e8mes desserts, \u00e0 partir d\u2019ingr\u00e9dients naturels , sans gluten et sans colorants ni conservateurs. Leur go\u00fbt est fin et d\u00e9licat.Sachet 45g. Ingr\u00e9dients : sucre, amidon de ma\u00efs, g\u00e9lifiant : carragh\u00e9nanes, ar\u00f4me naturel Peut contenir de traces de gluten et de\u2026","rel":"","context":"Article similaire","img":{"alt_text":"","src":"https:\/\/i2.wp.com\/www.passionfruits.fr\/wp-content\/uploads\/2015\/12\/flans.jpg?fit=600%2C600&ssl=1&resize=350%2C200","width":350,"height":200},"classes":[]},{"id":6172,"url":"https:\/\/www.passionfruits.fr\/index.php\/produit\/flan-noisette-le-sachet\/","url_meta":{"origin":6170,"position":1},"title":"Flan pralin\u00e9 noisette le sachet de 45g","date":"7 d\u00e9cembre 2015","format":false,"excerpt":"Abbaye de la Coudre. Les s\u0153urs fabriquent des pr\u00e9parations pour cr\u00e8mes desserts, \u00e0 partir d\u2019ingr\u00e9dients naturels , sans gluten et sans colorants ni conservateurs. Leur go\u00fbt est fin et d\u00e9licat.Sachet 45g. Ingr\u00e9dients : sucre, amidon de ma\u00efs, g\u00e9lifiant : carragh\u00e9nanes, ar\u00f4mes naturels (amande, noisette), cacao Peut contenir de traces de\u2026","rel":"","context":"Article similaire","img":{"alt_text":"","src":"https:\/\/i2.wp.com\/www.passionfruits.fr\/wp-content\/uploads\/2015\/12\/flans.jpg?fit=600%2C600&ssl=1&resize=350%2C200","width":350,"height":200},"classes":[]},{"id":12595,"url":"https:\/\/www.passionfruits.fr\/index.php\/produit\/flan-a-la-caramel-au-beurre-sale-le-sachet-de-45g\/","url_meta":{"origin":6170,"position":2},"title":"Flan  Caramel au beurre sal\u00e9 le sachet de 45g","date":"29 ao\u00fbt 2018","format":false,"excerpt":"Les s\u0153urs fabriquent des pr\u00e9parations pour cr\u00e8mes desserts, \u00e0 partir d\u2019ingr\u00e9dients naturels , sans gluten et sans colorants ni conservateurs. Leur go\u00fbt est fin et d\u00e9licat.Sachet 45g. Ingr\u00e9dients : sucre, amidon de ma\u00efs, g\u00e9lifiant : carragh\u00e9nanes, ar\u00f4me naturel Peut contenir de traces de gluten et de fruits \u00e0 coque. Informations\u2026","rel":"","context":"Article similaire","img":{"alt_text":"","src":"https:\/\/i2.wp.com\/www.passionfruits.fr\/wp-content\/uploads\/2015\/12\/flans.jpg?fit=600%2C600&ssl=1&resize=350%2C200","width":350,"height":200},"classes":[]},{"id":17758,"url":"https:\/\/www.passionfruits.fr\/index.php\/produit\/flan-cacao-le-sachet-de-45g\/","url_meta":{"origin":6170,"position":3},"title":"Flan  Cacao le sachet de 45g","date":"19 mars 2021","format":false,"excerpt":"Les s\u0153urs fabriquent des pr\u00e9parations pour cr\u00e8mes desserts, \u00e0 partir d\u2019ingr\u00e9dients naturels , sans gluten et sans colorants ni conservateurs. Leur go\u00fbt est fin et d\u00e9licat.Sachet 45g. Ingr\u00e9dients : sucre, cacao, amidon de ma\u00efs, g\u00e9lifiant : carragh\u00e9nanes. Peut contenir de traces de\u00a0gluten\u00a0et de\u00a0fruits \u00e0 coque. Informations nutritionelles moyennes Pour 100\u2026","rel":"","context":"Article similaire","img":{"alt_text":"","src":"https:\/\/i2.wp.com\/www.passionfruits.fr\/wp-content\/uploads\/2015\/12\/flans.jpg?fit=600%2C600&ssl=1&resize=350%2C200","width":350,"height":200},"classes":[]},{"id":6169,"url":"https:\/\/www.passionfruits.fr\/index.php\/produit\/flan-cafe-le-sachet\/","url_meta":{"origin":6170,"position":4},"title":"Flan au caf\u00e9 le sachet de 45 grs","date":"7 d\u00e9cembre 2015","format":false,"excerpt":"Abbaye de la Coudre. Les s\u0153urs fabriquent des pr\u00e9parations pour cr\u00e8mes desserts, \u00e0 partir d\u2019ingr\u00e9dients naturels , sans gluten et sans colorants ni conservateurs. Leur go\u00fbt est fin et d\u00e9licat.Sachet 45g. Ingr\u00e9dients : sucre, amidon de ma\u00efs, g\u00e9lifiant : carragh\u00e9nanes, caf\u00e9 (3%) Peut contenir de traces de gluten et de\u2026","rel":"","context":"Article similaire","img":{"alt_text":"","src":"https:\/\/i2.wp.com\/www.passionfruits.fr\/wp-content\/uploads\/2015\/12\/flans.jpg?fit=600%2C600&ssl=1&resize=350%2C200","width":350,"height":200},"classes":[]},{"id":6167,"url":"https:\/\/www.passionfruits.fr\/index.php\/produit\/flan-vanille-le-sachet\/","url_meta":{"origin":6170,"position":5},"title":"Flan \u00e0 la vanille le sachet de 45g","date":"7 d\u00e9cembre 2015","format":false,"excerpt":"Abbaye de la Coudre. Les s\u0153urs fabriquent des pr\u00e9parations pour cr\u00e8mes desserts, \u00e0 partir d\u2019ingr\u00e9dients naturels , sans gluten et sans colorants ni conservateurs. Leur go\u00fbt est fin et d\u00e9licat.Sachet 45g. Ingr\u00e9dients : sucre, amidon de ma\u00efs, g\u00e9lifiant : carragh\u00e9nanes, ar\u00f4me naturel Peut contenir de traces de gluten et de\u2026","rel":"","context":"Article similaire","img":{"alt_text":"","src":"https:\/\/i2.wp.com\/www.passionfruits.fr\/wp-content\/uploads\/2015\/12\/flans.jpg?fit=600%2C600&ssl=1&resize=350%2C200","width":350,"height":200},"classes":[]}],"_links":{"self":[{"href":"https:\/\/www.passionfruits.fr\/index.php\/wp-json\/wp\/v2\/product\/6170"}],"collection":[{"href":"https:\/\/www.passionfruits.fr\/index.php\/wp-json\/wp\/v2\/product"}],"about":[{"href":"https:\/\/www.passionfruits.fr\/index.php\/wp-json\/wp\/v2\/types\/product"}],"replies":[{"embeddable":true,"href":"https:\/\/www.passionfruits.fr\/index.php\/wp-json\/wp\/v2\/comments?post=6170"}],"wp:featuredmedia":[{"embeddable":true,"href":"https:\/\/www.passionfruits.fr\/index.php\/wp-json\/wp\/v2\/media\/7231"}],"wp:attachment":[{"href":"https:\/\/www.passionfruits.fr\/index.php\/wp-json\/wp\/v2\/media?parent=6170"}],"curies":[{"name":"wp","href":"https:\/\/api.w.org\/{rel}","templated":true}]}}