{"id":6177,"date":"2015-12-07T11:37:58","date_gmt":"2015-12-07T10:37:58","guid":{"rendered":"http:\/\/www.andreclaude.fr\/web\/index.php\/produit\/the-the-vert-au-jasmin-la-boite\/"},"modified":"2022-05-10T10:38:09","modified_gmt":"2022-05-10T09:38:09","slug":"the-the-vert-au-jasmin-la-boite","status":"publish","type":"product","link":"https:\/\/www.passionfruits.fr\/index.php\/produit\/the-the-vert-au-jasmin-la-boite\/","title":{"rendered":"Th\u00e9 &#8211; th\u00e9 vert au jasmin la boite de 40 sachets"},"content":{"rendered":"<p>Comptoirs RICHARD<\/p>\n<p>71, Rue Lecourbe<\/p>\n<p>75015 Paris<\/p>\n<p><span class=\"short-description\"><span class=\"description\">Il se d\u00e9guste id\u00e9alement la journ\u00e9e et le soir, sans lait. Ce th\u00e9 r\u00e9unit de petites feuilles torsad\u00e9es de couleur verte p\u00e2le et des p\u00e9tales de jasmin. Sa liqueur claire jaune paille r\u00e9v\u00e8le des notes v\u00e9g\u00e9tales et fleuries avec une l\u00e9g\u00e8re astringence.<\/span><\/span><\/p>\n<p>Il s&#8217;accorde parfaitement avec des plats chinois, tha\u00ef ou vietnamiens.<\/p>\n","protected":false},"excerpt":{"rendered":"<p>Th\u00e9 Vert , fleurs de jasmin 5%<\/p>\n<p>Peut contenir des traces de fruits \u00e0 coque, de lait et de soja.<\/p>\n<p>Temp\u00e9rature : 80 \u00b0C<\/p>\n<p>Temps d\u2019infusion : 3 min<\/p>\n<p>Sans lait<\/p>\n<p>Moment de la journ\u00e9e : toute la journ\u00e9e et le soir<\/p>\n","protected":false},"featured_media":6178,"comment_status":"closed","ping_status":"closed","template":"","meta":{"spay_email":"","jetpack_publicize_message":"","jetpack_is_tweetstorm":false},"jetpack_publicize_connections":[],"jetpack_sharing_enabled":true,"jetpack-related-posts":[{"id":6268,"url":"https:\/\/www.passionfruits.fr\/index.php\/produit\/the-menthe-la-boite\/","url_meta":{"origin":6177,"position":0},"title":"Th\u00e9 - Menthe la boite de 40 sachets voile","date":"7 d\u00e9cembre 2015","format":false,"excerpt":"Th\u00e9 Vert menthe\u00a0 verte 19%, ar\u00f4mes. Peut contenir des traces de fruits \u00e0 coque, de lait et de soja. Temp\u00e9rature : 90 \u00b0C Temps d\u2019infusion : 3 min Sans lait Moment de la journ\u00e9e : toute la journ\u00e9e et le soir","rel":"","context":"Article similaire","img":{"alt_text":"","src":"https:\/\/i2.wp.com\/www.passionfruits.fr\/wp-content\/uploads\/2015\/12\/the-menthe.jpg?fit=900%2C900&ssl=1&resize=350%2C200","width":350,"height":200},"classes":[]},{"id":6188,"url":"https:\/\/www.passionfruits.fr\/index.php\/produit\/the-jardin-des-merveilles-la-boite\/","url_meta":{"origin":6177,"position":1},"title":"Th\u00e9 - jardin des merveilles la boite de 40 sachets","date":"7 d\u00e9cembre 2015","format":false,"excerpt":"Th\u00e9 vert, ar\u00f4mes (p\u00eache, abricot), p\u00e9tales de fleurs : bleuet, rose, souci Peut contenir des traces de fruits \u00e0 coque, de lait et de soja. Temp\u00e9rature : 90 \u00b0C Temps d\u2019infusion : 3 min Sans lait Moment de la journ\u00e9e : toute la journ\u00e9e","rel":"","context":"Article similaire","img":{"alt_text":"","src":"https:\/\/i0.wp.com\/www.passionfruits.fr\/wp-content\/uploads\/2015\/12\/the-voile-jardins-des-merveilles-300x300.jpg?fit=300%2C300&ssl=1&resize=350%2C200","width":350,"height":200},"classes":[]},{"id":6183,"url":"https:\/\/www.passionfruits.fr\/index.php\/produit\/the-the-vert-sencha-la-boite\/","url_meta":{"origin":6177,"position":2},"title":"Th\u00e9 - th\u00e9 vert Sencha la boite de 40 sachets","date":"7 d\u00e9cembre 2015","format":false,"excerpt":"Th\u00e9 vert de Chine Peut contenir des traces de fruits \u00e0 coque, de lait et de soja. Temp\u00e9rature : 80 \u00b0C Temps d\u2019infusion : 3 min Sans lait Moment de la journ\u00e9e : toute la journ\u00e9e","rel":"","context":"Article similaire","img":{"alt_text":"","src":"https:\/\/i0.wp.com\/www.passionfruits.fr\/wp-content\/uploads\/2015\/12\/vert-sencha1.jpg?fit=900%2C900&ssl=1&resize=350%2C200","width":350,"height":200},"classes":[]},{"id":20460,"url":"https:\/\/www.passionfruits.fr\/index.php\/produit\/the-vrac-andre-claude-sachet-100-grs\/","url_meta":{"origin":6177,"position":3},"title":"Th\u00e9 vrac Andr\u00e9 Claude Sachet 100 grs","date":"15 mai 2025","format":false,"excerpt":"M\u00e9lange d' agrumes avec une pointe de Jasmin","rel":"","context":"Article similaire","img":{"alt_text":"","src":"https:\/\/i1.wp.com\/www.passionfruits.fr\/wp-content\/uploads\/2025\/05\/ac.jpg?fit=600%2C600&ssl=1&resize=350%2C200","width":350,"height":200},"classes":[]},{"id":6291,"url":"https:\/\/www.passionfruits.fr\/index.php\/produit\/the-lapsung-souchong-la-boite\/","url_meta":{"origin":6177,"position":4},"title":"Th\u00e9 - Lapsung souchong la boite de 40 sachets","date":"7 d\u00e9cembre 2015","format":false,"excerpt":"Th\u00e9 noir fum\u00e9 de Chine Peut contenir des traces de fruits \u00e0 coque, de lait et de soja. Temp\u00e9rature : 90 \u00b0C Temps d\u2019infusion : 4 min Avec ou sans lait Moment de la journ\u00e9e : toute la journ\u00e9e et le soir","rel":"","context":"Article similaire","img":{"alt_text":"","src":"https:\/\/i0.wp.com\/www.passionfruits.fr\/wp-content\/uploads\/2015\/12\/lapsang-souchong-450x450.jpg?fit=450%2C450&ssl=1&resize=350%2C200","width":350,"height":200},"classes":[]},{"id":6296,"url":"https:\/\/www.passionfruits.fr\/index.php\/produit\/the-au-temps-des-tsarines-la-boite\/","url_meta":{"origin":6177,"position":5},"title":"Th\u00e9 - Au Temps des Tsarines la boite de 40 sachets","date":"7 d\u00e9cembre 2015","format":false,"excerpt":"Th\u00e9 vert , \u00e9corces d'oranges, ar\u00f4me orange, carthame Peut contenir des traces de fruits \u00e0 coque, de lait et de soja. Temp\u00e9rature : 90 \u00b0C Temps d\u2019infusion : 3 min Sans lait Moment de la journ\u00e9e : matin et journ\u00e9e","rel":"","context":"Article similaire","img":{"alt_text":"","src":"https:\/\/i2.wp.com\/www.passionfruits.fr\/wp-content\/uploads\/2015\/12\/temps-des-tsarines.jpg?fit=900%2C900&ssl=1&resize=350%2C200","width":350,"height":200},"classes":[]}],"_links":{"self":[{"href":"https:\/\/www.passionfruits.fr\/index.php\/wp-json\/wp\/v2\/product\/6177"}],"collection":[{"href":"https:\/\/www.passionfruits.fr\/index.php\/wp-json\/wp\/v2\/product"}],"about":[{"href":"https:\/\/www.passionfruits.fr\/index.php\/wp-json\/wp\/v2\/types\/product"}],"replies":[{"embeddable":true,"href":"https:\/\/www.passionfruits.fr\/index.php\/wp-json\/wp\/v2\/comments?post=6177"}],"wp:featuredmedia":[{"embeddable":true,"href":"https:\/\/www.passionfruits.fr\/index.php\/wp-json\/wp\/v2\/media\/6178"}],"wp:attachment":[{"href":"https:\/\/www.passionfruits.fr\/index.php\/wp-json\/wp\/v2\/media?parent=6177"}],"curies":[{"name":"wp","href":"https:\/\/api.w.org\/{rel}","templated":true}]}}