{"id":6179,"date":"2015-12-07T11:38:08","date_gmt":"2015-12-07T10:38:08","guid":{"rendered":"http:\/\/www.andreclaude.fr\/web\/index.php\/produit\/the-jardin-de-darjeeling-la-boite\/"},"modified":"2022-05-10T10:37:22","modified_gmt":"2022-05-10T09:37:22","slug":"the-jardin-de-darjeeling-la-boite","status":"publish","type":"product","link":"https:\/\/www.passionfruits.fr\/index.php\/produit\/the-jardin-de-darjeeling-la-boite\/","title":{"rendered":"Th\u00e9 &#8211; jardin de Darjeeling la boite de 40 sachets"},"content":{"rendered":"<p>Comptoirs RICHARD<\/p>\n<p>71, Rue Lecourbe<\/p>\n<p>75015 Paris<\/p>\n<p><span class=\"\"><span class=\"description\">Il se d\u00e9guste id\u00e9alement le matin et en journ\u00e9e, avec ou sans lait. Tr\u00e8s raffin\u00e9, ce m\u00e9lange de crus d\u2019\u00e9t\u00e9 en feuilles enti\u00e8res est issu de jardins s\u00e9lectionn\u00e9s dans l\u2019appellation Darjeeling. Sa liqueur ambr\u00e9e r\u00e9v\u00e8le une l\u00e9g\u00e8re astringence et des notes bois\u00e9e et fruit\u00e9e.<\/span><\/span><\/p>\n","protected":false},"excerpt":{"rendered":"<p><span class=\"short-description\"> Th\u00e9 noir nature Jardins de Darjeeling <\/span> Comptoirs Richard<\/p>\n<p>Peut contenir des traces de fruits \u00e0 coque, de lait et de soja.<\/p>\n<p>Temp\u00e9rature : 90 \u00b0C<\/p>\n<p>Temps d\u2019infusion : 3 min<\/p>\n<p>Avec ou sans lait<\/p>\n<p>Moment de la journ\u00e9e : matin et journ\u00e9e<\/p>\n","protected":false},"featured_media":6180,"comment_status":"closed","ping_status":"closed","template":"","meta":{"spay_email":"","jetpack_publicize_message":"","jetpack_is_tweetstorm":false},"jetpack_publicize_connections":[],"jetpack_sharing_enabled":true,"jetpack-related-posts":[{"id":6188,"url":"https:\/\/www.passionfruits.fr\/index.php\/produit\/the-jardin-des-merveilles-la-boite\/","url_meta":{"origin":6179,"position":0},"title":"Th\u00e9 - jardin des merveilles la boite de 40 sachets","date":"7 d\u00e9cembre 2015","format":false,"excerpt":"Th\u00e9 vert, ar\u00f4mes (p\u00eache, abricot), p\u00e9tales de fleurs : bleuet, rose, souci Peut contenir des traces de fruits \u00e0 coque, de lait et de soja. Temp\u00e9rature : 90 \u00b0C Temps d\u2019infusion : 3 min Sans lait Moment de la journ\u00e9e : toute la journ\u00e9e","rel":"","context":"Article similaire","img":{"alt_text":"","src":"https:\/\/i0.wp.com\/www.passionfruits.fr\/wp-content\/uploads\/2015\/12\/the-voile-jardins-des-merveilles-300x300.jpg?fit=300%2C300&ssl=1&resize=350%2C200","width":350,"height":200},"classes":[]},{"id":6294,"url":"https:\/\/www.passionfruits.fr\/index.php\/produit\/the-ceylan-la-boite\/","url_meta":{"origin":6179,"position":1},"title":"Th\u00e9 - ceylan la boite de 40 sachets voile","date":"7 d\u00e9cembre 2015","format":false,"excerpt":"Th\u00e9 noir de Sri Lanka Ceylan OP (Orange Pekoe) Comptoirs Richard Peut contenir des traces de fruits \u00e0 coque, de lait et de soja. Temp\u00e9rature : 90 \u00b0C Temps d\u2019infusion : 4 min Avec ou sans lait Moment de la journ\u00e9e : matin et journ\u00e9e","rel":"","context":"Article similaire","img":{"alt_text":"","src":"https:\/\/i1.wp.com\/www.passionfruits.fr\/wp-content\/uploads\/2015\/12\/ceylan.jpg?fit=900%2C900&ssl=1&resize=350%2C200","width":350,"height":200},"classes":[]},{"id":6181,"url":"https:\/\/www.passionfruits.fr\/index.php\/produit\/the-grand-earl-grey-la-boite\/","url_meta":{"origin":6179,"position":2},"title":"Th\u00e9 - grand Earl Grey la boite de 40 sachets","date":"7 d\u00e9cembre 2015","format":false,"excerpt":"Th\u00e9 noir Grand Earl Grey Comptoirs Richard Th\u00e9 noir, ar\u00f4mes, p\u00e9tales de bleuet et de souci, ar\u00f4me naturel de bergamote. Peut contenir des traces de fruits \u00e0 coque, de lait et de soja. Temp\u00e9rature : 90 \u00b0C Temps d\u2019infusion : 4 min Avec ou sans lait Moment de la journ\u00e9e\u2026","rel":"","context":"Article similaire","img":{"alt_text":"","src":"https:\/\/i1.wp.com\/www.passionfruits.fr\/wp-content\/uploads\/2015\/12\/grand-earl-grey-site.jpg?fit=900%2C900&ssl=1&resize=350%2C200","width":350,"height":200},"classes":[]},{"id":6189,"url":"https:\/\/www.passionfruits.fr\/index.php\/produit\/the-breakfast-la-boite\/","url_meta":{"origin":6179,"position":3},"title":"Th\u00e9 - breakfast la boite de 40 sachets","date":"7 d\u00e9cembre 2015","format":false,"excerpt":"Th\u00e9 noir de Sri Lanka Peut contenir des traces de fruits\u00a0 \u00e0 coque, de lait et de soja. Temp\u00e9rature : 90 \u00b0C Temps d\u2019infusion : 4 min Avec ou sans lait Moment de la journ\u00e9e : matin et journ\u00e9e","rel":"","context":"Article similaire","img":{"alt_text":"","src":"https:\/\/i1.wp.com\/www.passionfruits.fr\/wp-content\/uploads\/2015\/12\/the-voile-breakfast.jpg?fit=900%2C900&ssl=1&resize=350%2C200","width":350,"height":200},"classes":[]},{"id":6296,"url":"https:\/\/www.passionfruits.fr\/index.php\/produit\/the-au-temps-des-tsarines-la-boite\/","url_meta":{"origin":6179,"position":4},"title":"Th\u00e9 - Au Temps des Tsarines la boite de 40 sachets","date":"7 d\u00e9cembre 2015","format":false,"excerpt":"Th\u00e9 vert , \u00e9corces d'oranges, ar\u00f4me orange, carthame Peut contenir des traces de fruits \u00e0 coque, de lait et de soja. Temp\u00e9rature : 90 \u00b0C Temps d\u2019infusion : 3 min Sans lait Moment de la journ\u00e9e : matin et journ\u00e9e","rel":"","context":"Article similaire","img":{"alt_text":"","src":"https:\/\/i2.wp.com\/www.passionfruits.fr\/wp-content\/uploads\/2015\/12\/temps-des-tsarines.jpg?fit=900%2C900&ssl=1&resize=350%2C200","width":350,"height":200},"classes":[]},{"id":6185,"url":"https:\/\/www.passionfruits.fr\/index.php\/produit\/the-vanille-caramel-la-boite\/","url_meta":{"origin":6179,"position":5},"title":"Th\u00e9 - Tonka  caramel la boite de 40 sachets","date":"7 d\u00e9cembre 2015","format":false,"excerpt":"Th\u00e9 noir parfum\u00e9 ar\u00f4mes (vanille, caramel) morceaux de vanille 2.8% Peut contenir des traces de fruits \u00e0 coque, de lait et de soja. Temp\u00e9rature : 90 \u00b0C Temps d\u2019infusion : 4 min Avec ou sans lait Moment de la journ\u00e9e : toute la journ\u00e9e","rel":"","context":"Article similaire","img":{"alt_text":"","src":"https:\/\/i2.wp.com\/www.passionfruits.fr\/wp-content\/uploads\/2015\/12\/vanille-caramel.jpg?fit=600%2C600&ssl=1&resize=350%2C200","width":350,"height":200},"classes":[]}],"_links":{"self":[{"href":"https:\/\/www.passionfruits.fr\/index.php\/wp-json\/wp\/v2\/product\/6179"}],"collection":[{"href":"https:\/\/www.passionfruits.fr\/index.php\/wp-json\/wp\/v2\/product"}],"about":[{"href":"https:\/\/www.passionfruits.fr\/index.php\/wp-json\/wp\/v2\/types\/product"}],"replies":[{"embeddable":true,"href":"https:\/\/www.passionfruits.fr\/index.php\/wp-json\/wp\/v2\/comments?post=6179"}],"wp:featuredmedia":[{"embeddable":true,"href":"https:\/\/www.passionfruits.fr\/index.php\/wp-json\/wp\/v2\/media\/6180"}],"wp:attachment":[{"href":"https:\/\/www.passionfruits.fr\/index.php\/wp-json\/wp\/v2\/media?parent=6179"}],"curies":[{"name":"wp","href":"https:\/\/api.w.org\/{rel}","templated":true}]}}