{"id":6183,"date":"2015-12-07T11:38:08","date_gmt":"2015-12-07T10:38:08","guid":{"rendered":"http:\/\/www.andreclaude.fr\/web\/index.php\/produit\/the-the-vert-sencha-la-boite\/"},"modified":"2022-05-10T10:37:59","modified_gmt":"2022-05-10T09:37:59","slug":"the-the-vert-sencha-la-boite","status":"publish","type":"product","link":"https:\/\/www.passionfruits.fr\/index.php\/produit\/the-the-vert-sencha-la-boite\/","title":{"rendered":"Th\u00e9 &#8211; th\u00e9 vert Sencha la boite de 40 sachets"},"content":{"rendered":"<p>Comptoirs RICHARD<\/p>\n<p>71, Rue Lecourbe<\/p>\n<p>75015 Paris<\/p>\n<p><span class=\"\">Il se d\u00e9guste id\u00e9alement la journ\u00e9e sans lait. Son aspect est celui d&#8217;une feuille aplatie de couleur verte jaune. Sa liqueur jaune citron typ\u00e9e sencha r\u00e9v\u00e8le des notes acidul\u00e9es v\u00e9g\u00e9tales et marines plus douces que le sencha du Japon.<\/span><\/p>\n<p>Il est aussi bon chaud que froid.<\/p>\n","protected":false},"excerpt":{"rendered":"<p>Th\u00e9 vert de Chine<\/p>\n<p>Peut contenir des traces de fruits \u00e0 coque, de lait et de soja.<\/p>\n<p>Temp\u00e9rature : 80 \u00b0C<\/p>\n<p>Temps d\u2019infusion : 3 min<\/p>\n<p>Sans lait<\/p>\n<p>Moment de la journ\u00e9e : toute la journ\u00e9e<\/p>\n","protected":false},"featured_media":6184,"comment_status":"closed","ping_status":"closed","template":"","meta":{"spay_email":"","jetpack_publicize_message":"","jetpack_is_tweetstorm":false},"jetpack_publicize_connections":[],"jetpack_sharing_enabled":true,"jetpack-related-posts":[{"id":6177,"url":"https:\/\/www.passionfruits.fr\/index.php\/produit\/the-the-vert-au-jasmin-la-boite\/","url_meta":{"origin":6183,"position":0},"title":"Th\u00e9 - th\u00e9 vert au jasmin la boite de 40 sachets","date":"7 d\u00e9cembre 2015","format":false,"excerpt":"Th\u00e9 Vert , fleurs de jasmin 5% Peut contenir des traces de fruits \u00e0 coque, de lait et de soja. Temp\u00e9rature : 80 \u00b0C Temps d\u2019infusion : 3 min Sans lait Moment de la journ\u00e9e : toute la journ\u00e9e et le soir","rel":"","context":"Article similaire","img":{"alt_text":"","src":"https:\/\/i1.wp.com\/www.passionfruits.fr\/wp-content\/uploads\/2015\/12\/vert-jasmin1.jpg?fit=900%2C900&ssl=1&resize=350%2C200","width":350,"height":200},"classes":[]},{"id":6296,"url":"https:\/\/www.passionfruits.fr\/index.php\/produit\/the-au-temps-des-tsarines-la-boite\/","url_meta":{"origin":6183,"position":1},"title":"Th\u00e9 - Au Temps des Tsarines la boite de 40 sachets","date":"7 d\u00e9cembre 2015","format":false,"excerpt":"Th\u00e9 vert , \u00e9corces d'oranges, ar\u00f4me orange, carthame Peut contenir des traces de fruits \u00e0 coque, de lait et de soja. Temp\u00e9rature : 90 \u00b0C Temps d\u2019infusion : 3 min Sans lait Moment de la journ\u00e9e : matin et journ\u00e9e","rel":"","context":"Article similaire","img":{"alt_text":"","src":"https:\/\/i2.wp.com\/www.passionfruits.fr\/wp-content\/uploads\/2015\/12\/temps-des-tsarines.jpg?fit=900%2C900&ssl=1&resize=350%2C200","width":350,"height":200},"classes":[]},{"id":6188,"url":"https:\/\/www.passionfruits.fr\/index.php\/produit\/the-jardin-des-merveilles-la-boite\/","url_meta":{"origin":6183,"position":2},"title":"Th\u00e9 - jardin des merveilles la boite de 40 sachets","date":"7 d\u00e9cembre 2015","format":false,"excerpt":"Th\u00e9 vert, ar\u00f4mes (p\u00eache, abricot), p\u00e9tales de fleurs : bleuet, rose, souci Peut contenir des traces de fruits \u00e0 coque, de lait et de soja. Temp\u00e9rature : 90 \u00b0C Temps d\u2019infusion : 3 min Sans lait Moment de la journ\u00e9e : toute la journ\u00e9e","rel":"","context":"Article similaire","img":{"alt_text":"","src":"https:\/\/i0.wp.com\/www.passionfruits.fr\/wp-content\/uploads\/2015\/12\/the-voile-jardins-des-merveilles-300x300.jpg?fit=300%2C300&ssl=1&resize=350%2C200","width":350,"height":200},"classes":[]},{"id":6268,"url":"https:\/\/www.passionfruits.fr\/index.php\/produit\/the-menthe-la-boite\/","url_meta":{"origin":6183,"position":3},"title":"Th\u00e9 - Menthe la boite de 40 sachets voile","date":"7 d\u00e9cembre 2015","format":false,"excerpt":"Th\u00e9 Vert menthe\u00a0 verte 19%, ar\u00f4mes. Peut contenir des traces de fruits \u00e0 coque, de lait et de soja. Temp\u00e9rature : 90 \u00b0C Temps d\u2019infusion : 3 min Sans lait Moment de la journ\u00e9e : toute la journ\u00e9e et le soir","rel":"","context":"Article similaire","img":{"alt_text":"","src":"https:\/\/i2.wp.com\/www.passionfruits.fr\/wp-content\/uploads\/2015\/12\/the-menthe.jpg?fit=900%2C900&ssl=1&resize=350%2C200","width":350,"height":200},"classes":[]},{"id":6179,"url":"https:\/\/www.passionfruits.fr\/index.php\/produit\/the-jardin-de-darjeeling-la-boite\/","url_meta":{"origin":6183,"position":4},"title":"Th\u00e9 - jardin de Darjeeling la boite de 40 sachets","date":"7 d\u00e9cembre 2015","format":false,"excerpt":"Th\u00e9 noir nature Jardins de Darjeeling Comptoirs Richard Peut contenir des traces de fruits \u00e0 coque, de lait et de soja. Temp\u00e9rature : 90 \u00b0C Temps d\u2019infusion : 3 min Avec ou sans lait Moment de la journ\u00e9e : matin et journ\u00e9e","rel":"","context":"Article similaire","img":{"alt_text":"","src":"https:\/\/i0.wp.com\/www.passionfruits.fr\/wp-content\/uploads\/2015\/12\/darjeeling.jpg?fit=900%2C900&ssl=1&resize=350%2C200","width":350,"height":200},"classes":[]},{"id":6294,"url":"https:\/\/www.passionfruits.fr\/index.php\/produit\/the-ceylan-la-boite\/","url_meta":{"origin":6183,"position":5},"title":"Th\u00e9 - ceylan la boite de 40 sachets voile","date":"7 d\u00e9cembre 2015","format":false,"excerpt":"Th\u00e9 noir de Sri Lanka Ceylan OP (Orange Pekoe) Comptoirs Richard Peut contenir des traces de fruits \u00e0 coque, de lait et de soja. Temp\u00e9rature : 90 \u00b0C Temps d\u2019infusion : 4 min Avec ou sans lait Moment de la journ\u00e9e : matin et journ\u00e9e","rel":"","context":"Article similaire","img":{"alt_text":"","src":"https:\/\/i1.wp.com\/www.passionfruits.fr\/wp-content\/uploads\/2015\/12\/ceylan.jpg?fit=900%2C900&ssl=1&resize=350%2C200","width":350,"height":200},"classes":[]}],"_links":{"self":[{"href":"https:\/\/www.passionfruits.fr\/index.php\/wp-json\/wp\/v2\/product\/6183"}],"collection":[{"href":"https:\/\/www.passionfruits.fr\/index.php\/wp-json\/wp\/v2\/product"}],"about":[{"href":"https:\/\/www.passionfruits.fr\/index.php\/wp-json\/wp\/v2\/types\/product"}],"replies":[{"embeddable":true,"href":"https:\/\/www.passionfruits.fr\/index.php\/wp-json\/wp\/v2\/comments?post=6183"}],"wp:featuredmedia":[{"embeddable":true,"href":"https:\/\/www.passionfruits.fr\/index.php\/wp-json\/wp\/v2\/media\/6184"}],"wp:attachment":[{"href":"https:\/\/www.passionfruits.fr\/index.php\/wp-json\/wp\/v2\/media?parent=6183"}],"curies":[{"name":"wp","href":"https:\/\/api.w.org\/{rel}","templated":true}]}}