{"id":6203,"date":"2015-12-07T11:38:20","date_gmt":"2015-12-07T10:38:20","guid":{"rendered":"http:\/\/www.andreclaude.fr\/web\/index.php\/produit\/nounours-guimauve-au-lait-barq-200-grs-env\/"},"modified":"2024-11-07T11:56:46","modified_gmt":"2024-11-07T10:56:46","slug":"nounours-guimauve-au-lait-barq-200-grs-env","status":"publish","type":"product","link":"https:\/\/www.passionfruits.fr\/index.php\/produit\/nounours-guimauve-au-lait-barq-200-grs-env\/","title":{"rendered":"Oursons chocolat au lait barq. 200g env."},"content":{"rendered":"<p>Distribu\u00e9 par<\/p>\n<p>AGIDRA<\/p>\n<p>BP 156<\/p>\n<p>69801 SAINT PRIEST<\/p>\n","protected":false},"excerpt":{"rendered":"<p>Parmi tous les bonbons et toutes les confiseries au monde, la guimauve est certainement la friandise la plus douce et la plus r\u00e9confortante.<\/p>\n<p>Ingr\u00e9dients : sirop de glucose-fructose, chocolat au lait 30% (sucre, beurre de cacao, p\u00e2te de cacao, lait entier en poudre, \u00e9mulsifiant : lecithine de soja, ar\u00f4me naturel vanille), sucre, eau, g\u00e9latine, ar\u00f4me.<\/p>\n<p>Mati\u00e8res grasses :10.5 g<br \/>\ndont AG satur\u00e9s : 6,5 g<br \/>\nProt\u00e9ines :3.7 g<br \/>\nGlucides: 73.8 g<br \/>\n&#8211; dont sucres : 56.4 g<br \/>\nFibres : 0.8 g<br \/>\nSel : 0,06 g<\/p>\n","protected":false},"featured_media":7348,"comment_status":"closed","ping_status":"closed","template":"","meta":{"spay_email":"","jetpack_publicize_message":"","jetpack_is_tweetstorm":false},"jetpack_publicize_connections":[],"jetpack_sharing_enabled":true,"jetpack-related-posts":[{"id":6503,"url":"https:\/\/www.passionfruits.fr\/index.php\/produit\/nounours-guimaume-noir-barq-200-grs-env\/","url_meta":{"origin":6203,"position":0},"title":"Oursons chocolat noir barq. 200g env.","date":"7 d\u00e9cembre 2015","format":false,"excerpt":"Parmi tous les bonbons et toutes les confiseries au monde, la guimauve est certainement la friandise la plus douce et la plus r\u00e9confortante. Ingr\u00e9dients : sirop de glucose-fructose, chocolat noir 30% (sucre, p\u00e2te de cacao, beurre de cacao, \u00e9mulsifiant : lecithine de soja, ar\u00f4me vanille), sucre, eau, g\u00e9latine, ar\u00f4me, lait.\u2026","rel":"","context":"Article similaire","img":{"alt_text":"","src":"https:\/\/i1.wp.com\/www.passionfruits.fr\/wp-content\/uploads\/2015\/12\/oursons-guimauve.jpg?fit=290%2C290&ssl=1&resize=350%2C200","width":350,"height":200},"classes":[]},{"id":6279,"url":"https:\/\/www.passionfruits.fr\/index.php\/produit\/nounours-guimaume-blanc-barq-200-grs-env\/","url_meta":{"origin":6203,"position":1},"title":"Oursons chocolat blanc barq. 200g env.","date":"7 d\u00e9cembre 2015","format":false,"excerpt":"Parmi tous les bonbons et toutes les confiseries au monde, la guimauve est certainement la friandise la plus douce et la plus r\u00e9confortante Ingr\u00e9dients : sirop de glucose-fructose, chocolat blanc 30% (sucre, beurre de cacao, lait entier en poudre, \u00e9mulsifiant : lecithine de soja, ar\u00f4me), sucre, eau, g\u00e9latine, ar\u00f4me. Mati\u00e8res\u2026","rel":"","context":"Article similaire","img":{"alt_text":"","src":"https:\/\/i1.wp.com\/www.passionfruits.fr\/wp-content\/uploads\/2015\/12\/oursons-guimauve.jpg?fit=290%2C290&ssl=1&resize=350%2C200","width":350,"height":200},"classes":[]},{"id":5936,"url":"https:\/\/www.passionfruits.fr\/index.php\/produit\/rocher-coco-nature-le-paquet\/","url_meta":{"origin":6203,"position":2},"title":"Rocher noix de coco le paquet 200g","date":"7 d\u00e9cembre 2015","format":false,"excerpt":"Contenance : 0 cl Poids net : 200 g Poids net \u00e9goutt\u00e9 : 0 g CARACTERISTIQUES PRODUIT Ingr\u00e9dients : coco r\u00e2p\u00e9 PH\/ID, sucre, sirop de glucose , chocolat noir [p\u00e2te de cacao, sucre, beurre de cacao, mati\u00e8re grasse laiti\u00e8re anhydre, \u00e9mulsifiant (l\u00e9cithine de soja E322), blanc d'oeuf, farine de froment,\u2026","rel":"","context":"Article similaire","img":{"alt_text":"","src":"https:\/\/i2.wp.com\/www.passionfruits.fr\/wp-content\/uploads\/2015\/12\/maxi-rocher-coco.jpg?fit=600%2C600&ssl=1&resize=350%2C200","width":350,"height":200},"classes":[]},{"id":17758,"url":"https:\/\/www.passionfruits.fr\/index.php\/produit\/flan-cacao-le-sachet-de-45g\/","url_meta":{"origin":6203,"position":3},"title":"Flan  Cacao le sachet de 45g","date":"19 mars 2021","format":false,"excerpt":"Les s\u0153urs fabriquent des pr\u00e9parations pour cr\u00e8mes desserts, \u00e0 partir d\u2019ingr\u00e9dients naturels , sans gluten et sans colorants ni conservateurs. Leur go\u00fbt est fin et d\u00e9licat.Sachet 45g. Ingr\u00e9dients : sucre, cacao, amidon de ma\u00efs, g\u00e9lifiant : carragh\u00e9nanes. Peut contenir de traces de\u00a0gluten\u00a0et de\u00a0fruits \u00e0 coque. Informations nutritionelles moyennes Pour 100\u2026","rel":"","context":"Article similaire","img":{"alt_text":"","src":"https:\/\/i2.wp.com\/www.passionfruits.fr\/wp-content\/uploads\/2015\/12\/flans.jpg?fit=600%2C600&ssl=1&resize=350%2C200","width":350,"height":200},"classes":[]},{"id":6172,"url":"https:\/\/www.passionfruits.fr\/index.php\/produit\/flan-noisette-le-sachet\/","url_meta":{"origin":6203,"position":4},"title":"Flan pralin\u00e9 noisette le sachet de 45g","date":"7 d\u00e9cembre 2015","format":false,"excerpt":"Abbaye de la Coudre. Les s\u0153urs fabriquent des pr\u00e9parations pour cr\u00e8mes desserts, \u00e0 partir d\u2019ingr\u00e9dients naturels , sans gluten et sans colorants ni conservateurs. Leur go\u00fbt est fin et d\u00e9licat.Sachet 45g. Ingr\u00e9dients : sucre, amidon de ma\u00efs, g\u00e9lifiant : carragh\u00e9nanes, ar\u00f4mes naturels (amande, noisette), cacao Peut contenir de traces de\u2026","rel":"","context":"Article similaire","img":{"alt_text":"","src":"https:\/\/i2.wp.com\/www.passionfruits.fr\/wp-content\/uploads\/2015\/12\/flans.jpg?fit=600%2C600&ssl=1&resize=350%2C200","width":350,"height":200},"classes":[]},{"id":10332,"url":"https:\/\/www.passionfruits.fr\/index.php\/produit\/arachides-3-chocolats-de-paques-sachet-428g\/","url_meta":{"origin":6203,"position":5},"title":"Arachides 3 chocolats sachet 420 grs","date":"21 mars 2017","format":false,"excerpt":"De d\u00e9licieuses cacahu\u00e8tes enrob\u00e9es aux trois chocolats: chocolat noir, chocolat au lait et chocolat blanc. Ingr\u00e9dients : arachide 49%, chocolat noir (p\u00e2te de cacao, sucre, beurre de cacao, mati\u00e8re grasse laiti\u00e8re, \u00e9mulsifiant : l\u00e9cithine de soja, ar\u00f4me naturel vanille), chocolat au lait (sucre, beurre de cacao, lait entier en poudre,\u2026","rel":"","context":"Article similaire","img":{"alt_text":"","src":"https:\/\/i2.wp.com\/www.passionfruits.fr\/wp-content\/uploads\/2017\/03\/oeufs-de-paques.jpg?fit=500%2C500&ssl=1&resize=350%2C200","width":350,"height":200},"classes":[]}],"_links":{"self":[{"href":"https:\/\/www.passionfruits.fr\/index.php\/wp-json\/wp\/v2\/product\/6203"}],"collection":[{"href":"https:\/\/www.passionfruits.fr\/index.php\/wp-json\/wp\/v2\/product"}],"about":[{"href":"https:\/\/www.passionfruits.fr\/index.php\/wp-json\/wp\/v2\/types\/product"}],"replies":[{"embeddable":true,"href":"https:\/\/www.passionfruits.fr\/index.php\/wp-json\/wp\/v2\/comments?post=6203"}],"wp:featuredmedia":[{"embeddable":true,"href":"https:\/\/www.passionfruits.fr\/index.php\/wp-json\/wp\/v2\/media\/7348"}],"wp:attachment":[{"href":"https:\/\/www.passionfruits.fr\/index.php\/wp-json\/wp\/v2\/media?parent=6203"}],"curies":[{"name":"wp","href":"https:\/\/api.w.org\/{rel}","templated":true}]}}