{"id":6233,"date":"2015-12-07T11:38:31","date_gmt":"2015-12-07T10:38:31","guid":{"rendered":"http:\/\/www.andreclaude.fr\/web\/index.php\/produit\/b-gressins-huile-dolive\/"},"modified":"2018-10-05T16:26:17","modified_gmt":"2018-10-05T15:26:17","slug":"b-gressins-huile-dolive","status":"publish","type":"product","link":"https:\/\/www.passionfruits.fr\/index.php\/produit\/b-gressins-huile-dolive\/","title":{"rendered":"Gressins aux olives le sachet de 200g"},"content":{"rendered":"<p>Distribu\u00e9 par<\/p>\n<p>DISTRAZUR<\/p>\n<p><span class=\"LrzXr\">ZI des plaines,<\/span><\/p>\n<p><span class=\"LrzXr\"> 80 chemins des buis,<\/span><\/p>\n<p><span class=\"LrzXr\"> 26780 Malataverne<\/span><\/p>\n","protected":false},"excerpt":{"rendered":"<p>Les gressins se d\u00e9gustent tout simplement \u00e0 table, pour accompagner le repas ou pour remplacer le pain. Ils sont \u00e9galement appr\u00e9ci\u00e9s en ap\u00e9ritif.<\/p>\n<p>Ingr\u00e9dients :<\/p>\n<p>Farine de <strong>froment<\/strong> 84%, olives noires (E579) 5%, huile de palme 4%, huile d&#8217;olive vierge 2%, sel 2%,\u00a0 levure de bi\u00e8re 2%, farine de <strong>bl\u00e9<\/strong> au malt 1%<\/p>\n<p>Valeurs nutritionnelles moyennes pour 100 g<\/p>\n<p>Energie : 1688kj &#8211; 400kcal<\/p>\n<p>Mati\u00e8res grasses : 9.9g dont acides gras satur\u00e9s 4g<\/p>\n<p>Glucides : 65g dont sucres 2.2g<\/p>\n<p>Prot\u00e9ines : 11.4g<\/p>\n<p>Fibres alimentaires : 3g<\/p>\n<p>Sel 2.75g<\/p>\n<p>&nbsp;<\/p>\n<p>&nbsp;<\/p>\n","protected":false},"featured_media":7946,"comment_status":"closed","ping_status":"closed","template":"","meta":{"spay_email":"","jetpack_publicize_message":"","jetpack_is_tweetstorm":false},"jetpack_publicize_connections":[],"jetpack_sharing_enabled":true,"jetpack-related-posts":[{"id":9588,"url":"https:\/\/www.passionfruits.fr\/index.php\/produit\/croutons-a-lhuile-dolive-sachet-de-150-gr\/","url_meta":{"origin":6233,"position":0},"title":"Croutons \u00e0 l'huile d'olive sachet de 150 Gr","date":"28 octobre 2016","format":false,"excerpt":"Id\u00e9ale pour accompagner vos soupes ou vos salades. Ingr\u00e9dients : farine de bl\u00e9, huile v\u00e9g\u00e9tale, huile d'olive extra vierge 5%, sel, levure, farine de c\u00e9r\u00e9ales malt\u00e9es, lait en poudre, extrait de levure, ar\u00f4me naturel. Peut contenir des traces de graines de s\u00e9same. Valeurs nutritionnelles moyennes\u00a0 pour 100 g Energie :\u2026","rel":"","context":"Article similaire","img":{"alt_text":"","src":"https:\/\/i0.wp.com\/www.passionfruits.fr\/wp-content\/uploads\/2016\/10\/croutons-huile-olive-150g.jpg?fit=600%2C600&ssl=1&resize=350%2C200","width":350,"height":200},"classes":[]},{"id":18323,"url":"https:\/\/www.passionfruits.fr\/index.php\/produit\/croutons-ail-et-basilic-sachet-de-150-gr\/","url_meta":{"origin":6233,"position":1},"title":"Croutons ail et basilic sachet de 150 Gr","date":"16 septembre 2021","format":false,"excerpt":"Ingr\u00e9dients: farine de bl\u00e9, huile d'olive extra vierge 5%, huile d'olive 5%, sel iod\u00e9, arome naturel, ail 1%, basilic 1%,levure,gluten de bl\u00e9, farine de bl\u00e9 malt\u00e9e, malt d 'orge grill\u00e9 .Peut contenir des traces de soja et de lait. Valeurs nutritionnelles moyennes pour 100grs \u00e9nergies 1885kj_447kcal Mati\u00e8res grasses 11,9g dont\u2026","rel":"","context":"Article similaire","img":{"alt_text":"","src":"https:\/\/i1.wp.com\/www.passionfruits.fr\/wp-content\/uploads\/2021\/09\/croutons_-_sc_ail_et_basilic_-_img_4783_copier_copier_.jpg?fit=600%2C600&ssl=1&resize=350%2C200","width":350,"height":200},"classes":[]},{"id":11706,"url":"https:\/\/www.passionfruits.fr\/index.php\/produit\/vinaigrette-a-l-huile-d-olive-et-citron-la-bouteille-de-500-ml\/","url_meta":{"origin":6233,"position":2},"title":"Vinaigrette \u00e0 l\u2019 huile d' olive et citron la bouteille de 500 ml","date":"14 f\u00e9vrier 2018","format":false,"excerpt":"Sauce Vinaigrette \u00e0 l\u2019 huile d' olive et citron Jean d\u2019Audignac. Excellente vinaigrette pour assaisonner les salades et crudit\u00e9s. Ingr\u00e9dients : huile de tournesol 40%, eau, vinaigre de vin blanc*, huile d'olive 10%, moutarde de Dijon* (graine de moutarde, vinaigre d'alcool, eau, sel), sel, orange 1.5% citron 1.5%. * contient\u2026","rel":"","context":"Article similaire","img":{"alt_text":"","src":"https:\/\/i1.wp.com\/www.passionfruits.fr\/wp-content\/uploads\/2018\/02\/Vinaigrette-olive-citron.jpg?fit=600%2C600&ssl=1&resize=350%2C200","width":350,"height":200},"classes":[]},{"id":6157,"url":"https:\/\/www.passionfruits.fr\/index.php\/produit\/tapenade-sardinade-le-pot\/","url_meta":{"origin":6233,"position":3},"title":"Tapenade - Sardinade verrine 90g","date":"7 d\u00e9cembre 2015","format":false,"excerpt":"Souvenir d'enfance, la Sardinade et ses saveurs...Sur une bonne tartine de pain , le tout saupoudr\u00e9 de piment d'Espelette. Pr\u00eate \u00e0 \u00eatre d\u00e9gust\u00e9e ! Ingr\u00e9dients : sardines 31%, olives vertes,poivrons rouges, huile de tournesol, tomates s\u00e9ch\u00e9es 9%, c\u00e2pres, tomates pel\u00e9es, persil, ail, huile d'olive, jus de citron, concentr\u00e9, sel amidon\u2026","rel":"","context":"Article similaire","img":{"alt_text":"","src":"https:\/\/i2.wp.com\/www.passionfruits.fr\/wp-content\/uploads\/2015\/12\/sardinade.jpg?fit=458%2C458&ssl=1&resize=350%2C200","width":350,"height":200},"classes":[]},{"id":6158,"url":"https:\/\/www.passionfruits.fr\/index.php\/produit\/tapenade-thoionade-le-pot\/","url_meta":{"origin":6233,"position":4},"title":"Tapenade - Tho\u00efonade verrine 90g","date":"7 d\u00e9cembre 2015","format":false,"excerpt":"Subtile recette au thon associ\u00e9 au piment d'Espelette et aux tomates s\u00e9ch\u00e9es. Une recette simple et authentique. Ingr\u00e9dients : thon 28%, olives vertes,poivrons rouges, huile de tournesol, tomates s\u00e9ch\u00e9es 8%, cornichons, tomates pel\u00e9es, persil, ail, huile d'olive, jus de citron, concentr\u00e9, sel\u00a0 \u00e9paississants :amidon transform\u00e9, farine de guar ,et xanthane,\u2026","rel":"","context":"Article similaire","img":{"alt_text":"","src":"https:\/\/i2.wp.com\/www.passionfruits.fr\/wp-content\/uploads\/2015\/12\/thoionade.jpg?fit=458%2C458&ssl=1&resize=350%2C200","width":350,"height":200},"classes":[]},{"id":9590,"url":"https:\/\/www.passionfruits.fr\/index.php\/produit\/croutons-tomate-et-basilic-sachet-150g\/","url_meta":{"origin":6233,"position":5},"title":"Croutons tomate et basilic sachet de 150g","date":"28 octobre 2016","format":false,"excerpt":"Id\u00e9ale pour accompagner vos soupes ou vos salades. Ingr\u00e9dients : farine de bl\u00e9 76%, huile v\u00e9g\u00e9tale 7%, huile d'olive extra vierge 5%, concentr\u00e9 de tomate 3%, herbes aromatiques (romarin ,persil) 2.5%, sel 2%, levure 1% , basilic 1% \u00e9pices (paprika, curry, chili)0.5% farine de c\u00e9r\u00e9ales malt\u00e9es 0.4%, lait en poudre\u2026","rel":"","context":"Article similaire","img":{"alt_text":"","src":"https:\/\/i1.wp.com\/www.passionfruits.fr\/wp-content\/uploads\/2016\/10\/croutons-tomate.jpg?fit=600%2C600&ssl=1&resize=350%2C200","width":350,"height":200},"classes":[]}],"_links":{"self":[{"href":"https:\/\/www.passionfruits.fr\/index.php\/wp-json\/wp\/v2\/product\/6233"}],"collection":[{"href":"https:\/\/www.passionfruits.fr\/index.php\/wp-json\/wp\/v2\/product"}],"about":[{"href":"https:\/\/www.passionfruits.fr\/index.php\/wp-json\/wp\/v2\/types\/product"}],"replies":[{"embeddable":true,"href":"https:\/\/www.passionfruits.fr\/index.php\/wp-json\/wp\/v2\/comments?post=6233"}],"wp:featuredmedia":[{"embeddable":true,"href":"https:\/\/www.passionfruits.fr\/index.php\/wp-json\/wp\/v2\/media\/7946"}],"wp:attachment":[{"href":"https:\/\/www.passionfruits.fr\/index.php\/wp-json\/wp\/v2\/media?parent=6233"}],"curies":[{"name":"wp","href":"https:\/\/api.w.org\/{rel}","templated":true}]}}