{"id":6249,"date":"2015-12-07T11:38:40","date_gmt":"2015-12-07T10:38:40","guid":{"rendered":"http:\/\/www.andreclaude.fr\/web\/index.php\/produit\/ciboulette-la-botte\/"},"modified":"2023-08-18T09:09:09","modified_gmt":"2023-08-18T08:09:09","slug":"ciboulette-la-botte","status":"publish","type":"product","link":"https:\/\/www.passionfruits.fr\/index.php\/produit\/ciboulette-la-botte\/","title":{"rendered":"Ciboulette France Cat 1 la barq."},"content":{"rendered":"","protected":false},"excerpt":{"rendered":"<div class=\"copy-paste-block\">la ciboulette est id\u00e9al pour accompagner les tomates , les salades, le fromage faisselle et battu et les omelettes .<\/div>\n","protected":false},"featured_media":6617,"comment_status":"closed","ping_status":"closed","template":"","meta":{"spay_email":"","jetpack_publicize_message":"","jetpack_is_tweetstorm":false},"jetpack_publicize_connections":[],"jetpack_sharing_enabled":true,"jetpack-related-posts":[{"id":10681,"url":"https:\/\/www.passionfruits.fr\/index.php\/produit\/neuville-aux-herbes-la-piece-240-g\/","url_meta":{"origin":6249,"position":0},"title":"Neuville aux herbes la pi\u00e8ce 240 g","date":"6 juin 2017","format":false,"excerpt":"Le Neuville est un fromage \u00e0 p\u00e2te molle, au lait de vache pasteuris\u00e9. Sa mati\u00e8re grasse sur extrait sec est de 22%, son poids de 240 g, Au cours de son affinage en cave, il d\u00e9veloppe une p\u00e2te homog\u00e8ne, cr\u00e9meuse \u00e0 souhait. Ingr\u00e9dients : fromage, persil ciboulette Lait origine France\u2026","rel":"","context":"Article similaire","img":{"alt_text":"","src":"https:\/\/i1.wp.com\/www.passionfruits.fr\/wp-content\/uploads\/2017\/06\/Neuvilleherbes.jpg?fit=597%2C590&ssl=1&resize=350%2C200","width":350,"height":200},"classes":[]},{"id":11093,"url":"https:\/\/www.passionfruits.fr\/index.php\/produit\/rillettes-de-thon-a-la-creole-le-pot-de-90-grs\/","url_meta":{"origin":6249,"position":1},"title":"Rillettes de Thon \u00e0 la Cr\u00e9ole le pot de 90 grs","date":"19 septembre 2017","format":false,"excerpt":"Contenance : 0 cl Poids net : 90 g Poids net \u00e9goutt\u00e9 : 0 g CARACTERISTIQUES PRODUIT Ingr\u00e9dients : Thon 50%, oignons frais, huile de tournesol, vinaigre d\u2019alcool, ciboulette, carotte miette, jus concentr\u00e9 de citron, ail poudre, \u00e9paississant: carragh\u00e9nane, sel, poivre, piment Allerg\u00e8nes : POISSON, Traces d'allerg\u00e8nes possibles : Allerg\u00e8nes\u2026","rel":"","context":"Article similaire","img":{"alt_text":"","src":"https:\/\/i0.wp.com\/www.passionfruits.fr\/wp-content\/uploads\/2017\/09\/rillette-de-poisson.jpg?fit=600%2C600&ssl=1&resize=350%2C200","width":350,"height":200},"classes":[]},{"id":11096,"url":"https:\/\/www.passionfruits.fr\/index.php\/produit\/rillettes-de-maquereau-a-la-creole-le-pot-de-90-grs\/","url_meta":{"origin":6249,"position":2},"title":"Rillettes de Maquereau \u00e0 la Cr\u00e9ole le pot de 90 grs","date":"19 septembre 2017","format":false,"excerpt":"Contenance : 0 cl Poids net : 90 g Poids net \u00e9goutt\u00e9 : 0 g CARACTERISTIQUES PRODUIT Ingr\u00e9dients : Maquereau 50%, oignons frais, huile de tournesol, vinaigre d\u2019alcool, ciboulette, carotte miette, jus concentr\u00e9 de citron, ail poudre, \u00e9paississant: carragh\u00e9nane, sel, poivre, piment. Allerg\u00e8nes : Poissons Traces d'allerg\u00e8nes possibles : Allerg\u00e8nes\u2026","rel":"","context":"Article similaire","img":{"alt_text":"","src":"https:\/\/i0.wp.com\/www.passionfruits.fr\/wp-content\/uploads\/2017\/09\/rillette-de-poisson.jpg?fit=600%2C600&ssl=1&resize=350%2C200","width":350,"height":200},"classes":[]},{"id":11094,"url":"https:\/\/www.passionfruits.fr\/index.php\/produit\/rillettes-de-truite-fumee-a-la-creole-le-pot-de-90-grs\/","url_meta":{"origin":6249,"position":3},"title":"Rillettes de Truite fum\u00e9e \u00e0 la Cr\u00e9ole le pot de 90 grs","date":"19 septembre 2017","format":false,"excerpt":"Contenance : 0 cl Poids net : 90 g Poids net \u00e9goutt\u00e9 : 0 g CARACTERISTIQUES PRODUIT Ingr\u00e9dients : Truite fum\u00e9e 26 %, filet de saumon 24%, oignons frais, huile de tournesol, vinaigre d\u2019alcool, ciboulette, carotte miette, jus concentr\u00e9 de citron, ail poudre, \u00e9paississant: carragh\u00e9nane, sel, poivre, piment. Allerg\u00e8nes :\u2026","rel":"","context":"Article similaire","img":{"alt_text":"","src":"https:\/\/i0.wp.com\/www.passionfruits.fr\/wp-content\/uploads\/2017\/09\/rillette-de-poisson.jpg?fit=600%2C600&ssl=1&resize=350%2C200","width":350,"height":200},"classes":[]},{"id":11087,"url":"https:\/\/www.passionfruits.fr\/index.php\/produit\/rillettes-de-dorade-a-la-creole-le-pot-de-90-grs\/","url_meta":{"origin":6249,"position":4},"title":"Rillettes de Dorade \u00e0 la Cr\u00e9ole le pot de 90 grs","date":"19 septembre 2017","format":false,"excerpt":"Voici un produit particuli\u00e8rement l\u00e9ger et riche en go\u00fbt, \u00e0 base de cr\u00e8me fra\u00eeche, et de chair des poissons ou crustac\u00e9s , relev\u00e9 par des oignons et du persil frais. Vous appr\u00e9cierez les Rillettes sur du bon pain de campagne en sandwich ou sur des toasts grill\u00e9s. L\u2019histoire de cette\u2026","rel":"","context":"Article similaire","img":{"alt_text":"","src":"https:\/\/i0.wp.com\/www.passionfruits.fr\/wp-content\/uploads\/2017\/09\/rillette-de-poisson.jpg?fit=600%2C600&ssl=1&resize=350%2C200","width":350,"height":200},"classes":[]},{"id":11090,"url":"https:\/\/www.passionfruits.fr\/index.php\/produit\/rillettes-de-sardine-le-pot-de-90-grs\/","url_meta":{"origin":6249,"position":5},"title":"Rillettes de Sardine le pot de 90 grs","date":"19 septembre 2017","format":false,"excerpt":"Voici un produit particuli\u00e8rement l\u00e9ger et riche en go\u00fbt, \u00e0 base de cr\u00e8me fra\u00eeche, et de chair des poissons ou crustac\u00e9s , relev\u00e9 par des oignons et du persil frais. Vous appr\u00e9cierez les Rillettes sur du bon pain de campagne en sandwich ou sur des toasts grill\u00e9s. L\u2019histoire de cette\u2026","rel":"","context":"Article similaire","img":{"alt_text":"","src":"https:\/\/i0.wp.com\/www.passionfruits.fr\/wp-content\/uploads\/2017\/09\/rillette-de-poisson.jpg?fit=600%2C600&ssl=1&resize=350%2C200","width":350,"height":200},"classes":[]}],"_links":{"self":[{"href":"https:\/\/www.passionfruits.fr\/index.php\/wp-json\/wp\/v2\/product\/6249"}],"collection":[{"href":"https:\/\/www.passionfruits.fr\/index.php\/wp-json\/wp\/v2\/product"}],"about":[{"href":"https:\/\/www.passionfruits.fr\/index.php\/wp-json\/wp\/v2\/types\/product"}],"replies":[{"embeddable":true,"href":"https:\/\/www.passionfruits.fr\/index.php\/wp-json\/wp\/v2\/comments?post=6249"}],"wp:featuredmedia":[{"embeddable":true,"href":"https:\/\/www.passionfruits.fr\/index.php\/wp-json\/wp\/v2\/media\/6617"}],"wp:attachment":[{"href":"https:\/\/www.passionfruits.fr\/index.php\/wp-json\/wp\/v2\/media?parent=6249"}],"curies":[{"name":"wp","href":"https:\/\/api.w.org\/{rel}","templated":true}]}}