{"id":6254,"date":"2015-12-07T11:38:40","date_gmt":"2015-12-07T10:38:40","guid":{"rendered":"http:\/\/www.andreclaude.fr\/web\/index.php\/produit\/basilic-la-botte\/"},"modified":"2023-08-18T09:11:51","modified_gmt":"2023-08-18T08:11:51","slug":"basilic-la-botte","status":"publish","type":"product","link":"https:\/\/www.passionfruits.fr\/index.php\/produit\/basilic-la-botte\/","title":{"rendered":"Basilic France Cat 1 la barq."},"content":{"rendered":"","protected":false},"excerpt":{"rendered":"","protected":false},"featured_media":6856,"comment_status":"closed","ping_status":"closed","template":"","meta":{"spay_email":"","jetpack_publicize_message":"","jetpack_is_tweetstorm":false},"jetpack_publicize_connections":[],"jetpack_sharing_enabled":true,"jetpack-related-posts":[{"id":5274,"url":"https:\/\/www.passionfruits.fr\/index.php\/produit\/endive-rouge-la-barq-de-300grs\/","url_meta":{"origin":6254,"position":0},"title":"Endive rouge France la barq de 300 grs  Cat 1","date":"7 d\u00e9cembre 2015","format":false,"excerpt":"","rel":"","context":"Article similaire","img":{"alt_text":"","src":"https:\/\/i0.wp.com\/www.passionfruits.fr\/wp-content\/uploads\/2015\/12\/endive-rouge.jpg?fit=576%2C556&ssl=1&resize=350%2C200","width":350,"height":200},"classes":[]},{"id":4933,"url":"https:\/\/www.passionfruits.fr\/index.php\/produit\/fraise-mara-des-bois-la-barq-250-grs\/","url_meta":{"origin":6254,"position":1},"title":"Fraise Mara des bois France Cat 1 la barquette de 250 grs","date":"7 d\u00e9cembre 2015","format":false,"excerpt":"","rel":"","context":"Article similaire","img":{"alt_text":"","src":"https:\/\/i2.wp.com\/www.passionfruits.fr\/wp-content\/uploads\/2015\/12\/fraise-mara-des-bois.jpg?fit=600%2C600&ssl=1&resize=350%2C200","width":350,"height":200},"classes":[]},{"id":6497,"url":"https:\/\/www.passionfruits.fr\/index.php\/produit\/blanc-de-poireau-barq-400grs\/","url_meta":{"origin":6254,"position":2},"title":"Blanc de poireau France Cat 1 la Barq. 400g","date":"7 d\u00e9cembre 2015","format":false,"excerpt":"L\u00e9gumes \u00e9pluch\u00e9s et coup\u00e9s, pr\u00eats \u00e0 consommer. Conditionn\u00e9 en barquette refermable \u00e0 volont\u00e9 pour garder toute sa saveur. 100% Frais, 100% Pr\u00eat, sans conservateur.","rel":"","context":"Article similaire","img":{"alt_text":"","src":"https:\/\/i0.wp.com\/www.passionfruits.fr\/wp-content\/uploads\/2015\/12\/blanc-de-poireau-450x300.jpg?fit=450%2C300&ssl=1&resize=350%2C200","width":350,"height":200},"classes":[]},{"id":6508,"url":"https:\/\/www.passionfruits.fr\/index.php\/produit\/carotte-rondelle-barq-500g\/","url_meta":{"origin":6254,"position":3},"title":"Carotte rondelle France  Cat 1 la barq. 500g","date":"7 d\u00e9cembre 2015","format":false,"excerpt":"L\u00e9gumes \u00e9pluch\u00e9s et coup\u00e9s, pr\u00eats \u00e0 consommer. Conditionn\u00e9 en barquette refermable \u00e0 volont\u00e9 pour garder toute sa saveur. 100% Frais, 100% Pr\u00eat, sans conservateur.","rel":"","context":"Article similaire","img":{"alt_text":"","src":"https:\/\/i1.wp.com\/www.passionfruits.fr\/wp-content\/uploads\/2015\/12\/carotte-rondelle.jpg?fit=600%2C600&ssl=1&resize=350%2C200","width":350,"height":200},"classes":[]},{"id":6300,"url":"https:\/\/www.passionfruits.fr\/index.php\/produit\/rapee-chou-blanc-rape-barq-150g\/","url_meta":{"origin":6254,"position":4},"title":"Chou blanc rap\u00e9 France Cat 1 la barq.150g","date":"7 d\u00e9cembre 2015","format":false,"excerpt":"L\u00e9gumes \u00e9pluch\u00e9s et coup\u00e9s, pr\u00eats \u00e0 consommer. Conditionn\u00e9 en barquette refermable \u00e0 volont\u00e9 pour garder toute sa saveur. 100% Frais, 100% Pr\u00eat, sans conservateur.","rel":"","context":"Article similaire","img":{"alt_text":"","src":"https:\/\/i0.wp.com\/www.passionfruits.fr\/wp-content\/uploads\/2015\/12\/chou-blanc1.jpg?fit=600%2C599&ssl=1&resize=350%2C200","width":350,"height":200},"classes":[]},{"id":6302,"url":"https:\/\/www.passionfruits.fr\/index.php\/produit\/rapee-chou-rouge-rape-barq-150g\/","url_meta":{"origin":6254,"position":5},"title":"Chou rouge rap\u00e9 France Cat 1 la barq.150g","date":"7 d\u00e9cembre 2015","format":false,"excerpt":"L\u00e9gumes \u00e9pluch\u00e9s et coup\u00e9s, pr\u00eats \u00e0 consommer. Conditionn\u00e9 en barquette refermable \u00e0 volont\u00e9 pour garder toute sa saveur. 100% Frais, 100% Pr\u00eat, sans conservateur.","rel":"","context":"Article similaire","img":{"alt_text":"","src":"https:\/\/i1.wp.com\/www.passionfruits.fr\/wp-content\/uploads\/2015\/12\/chou-rouge1.jpg?fit=599%2C599&ssl=1&resize=350%2C200","width":350,"height":200},"classes":[]}],"_links":{"self":[{"href":"https:\/\/www.passionfruits.fr\/index.php\/wp-json\/wp\/v2\/product\/6254"}],"collection":[{"href":"https:\/\/www.passionfruits.fr\/index.php\/wp-json\/wp\/v2\/product"}],"about":[{"href":"https:\/\/www.passionfruits.fr\/index.php\/wp-json\/wp\/v2\/types\/product"}],"replies":[{"embeddable":true,"href":"https:\/\/www.passionfruits.fr\/index.php\/wp-json\/wp\/v2\/comments?post=6254"}],"wp:featuredmedia":[{"embeddable":true,"href":"https:\/\/www.passionfruits.fr\/index.php\/wp-json\/wp\/v2\/media\/6856"}],"wp:attachment":[{"href":"https:\/\/www.passionfruits.fr\/index.php\/wp-json\/wp\/v2\/media?parent=6254"}],"curies":[{"name":"wp","href":"https:\/\/api.w.org\/{rel}","templated":true}]}}