{"id":6287,"date":"2015-12-07T11:39:07","date_gmt":"2015-12-07T10:39:07","guid":{"rendered":"http:\/\/www.andreclaude.fr\/web\/index.php\/produit\/riz-melange-sauvage-les-500-grs\/"},"modified":"2021-02-24T11:48:15","modified_gmt":"2021-02-24T10:48:15","slug":"riz-melange-sauvage-les-500-grs","status":"publish","type":"product","link":"https:\/\/www.passionfruits.fr\/index.php\/produit\/riz-melange-sauvage-les-500-grs\/","title":{"rendered":"Riz m\u00e9lang\u00e9 sauvage Import barq env 400g"},"content":{"rendered":"<p>Utilisation: Se sert avec des plats en sauce, des soupes ou en accompagnement. Pour personnaliser vos pr\u00e9parations aromatisez l&#8217;eau de cuisson de vos riz selon votre go\u00fbt avec une feuille de laurier, de la cardamome, de la coriandre, du lait de coco, &#8230;. Un trempage pr\u00e9alable de 20 minutes ou l&#8217;utilisation d&#8217;un autocuiseur vous aidera \u00e0 r\u00e9duire le temps de cuisson.<\/p>\n","protected":false},"excerpt":{"rendered":"<p>Le &#8220;M\u00e9lange sauvage&#8221; est un m\u00e9lange de riz sauvage et de riz, pour son go\u00fbt d\u00e9licat et ses valeurs nutritionnelles.<\/p>\n","protected":false},"featured_media":17613,"comment_status":"closed","ping_status":"closed","template":"","meta":{"spay_email":"","jetpack_publicize_message":"","jetpack_is_tweetstorm":false},"jetpack_publicize_connections":[],"jetpack_sharing_enabled":true,"jetpack-related-posts":[{"id":5823,"url":"https:\/\/www.passionfruits.fr\/index.php\/produit\/riz-rond-le-kilo\/","url_meta":{"origin":6287,"position":0},"title":"Riz Rond Italie barq env 400g","date":"7 d\u00e9cembre 2015","format":false,"excerpt":"Le riz rond pour les desserts Ce riz rond est utilis\u00e9 de pr\u00e9f\u00e9rence pour les desserts (g\u00e2teau de riz, riz au lait). Il peut \u00eatre cuit, selon l'utilisation, dans de l'eau ou dans du lait.\u00a0Le riz rond, contrairement aux riz longs qui absorbent peu d'eau, gonfle lors de la cuisson.\u2026","rel":"","context":"Article similaire","img":{"alt_text":"","src":"https:\/\/i0.wp.com\/www.passionfruits.fr\/wp-content\/uploads\/2015\/12\/riz-rond.jpg?fit=600%2C600&ssl=1&resize=350%2C200","width":350,"height":200},"classes":[]},{"id":5828,"url":"https:\/\/www.passionfruits.fr\/index.php\/produit\/riz-long-jaune-le-kilo\/","url_meta":{"origin":6287,"position":1},"title":"Riz long Cambodge barq env 400g","date":"7 d\u00e9cembre 2015","format":false,"excerpt":"Les riz longs :ils ne collent pas. Ils sont g\u00e9n\u00e9ralement cuits \u00e0 l'eau (cuisson cr\u00e9ole) et servis \u00ab nature \u00bb, en accompagnement de plats en sauce comme la blanquette de veau. Ils s'int\u00e8grent \u00e9galement dans les salades froides. Ingr\u00e9dients : riz long \u00e9tuv\u00e9 Indica Valeurs \u00e9nerg\u00e9tiques et nutritionnelles moyennes pour\u2026","rel":"","context":"Article similaire","img":{"alt_text":"","src":"https:\/\/i0.wp.com\/www.passionfruits.fr\/wp-content\/uploads\/2015\/12\/Fotolia_38885705_XS.jpg?fit=346%2C346&ssl=1&resize=350%2C200","width":350,"height":200},"classes":[]},{"id":5827,"url":"https:\/\/www.passionfruits.fr\/index.php\/produit\/riz-basmati-le-kilo\/","url_meta":{"origin":6287,"position":2},"title":"Riz Basmati Inde\/Pakistan barq env 400g","date":"7 d\u00e9cembre 2015","format":false,"excerpt":"Pr\u00e9paration : Un volume de riz pour 2,5 de volumes d'eau bouillante sal\u00e9e. Cuire \u00e0 feu doux 10 \u00e0 15 minutes en couvrant et laisser gonfler. Valeurs \u00e9nerg\u00e9tiques et nutritionnelles moyennes pour 100 g: Energie : 354kcal\/1504kj Mati\u00e8res grasses : 0.4g dont acides gras satur\u00e9s : 0.1g Glucides : 80.4g\u2026","rel":"","context":"Article similaire","img":{"alt_text":"","src":"https:\/\/i0.wp.com\/www.passionfruits.fr\/wp-content\/uploads\/2015\/12\/basmati.jpg?fit=600%2C600&ssl=1&resize=350%2C200","width":350,"height":200},"classes":[]},{"id":9242,"url":"https:\/\/www.passionfruits.fr\/index.php\/produit\/melange-sambahia-barquette-150-g-environ\/","url_meta":{"origin":6287,"position":3},"title":"M\u00e9lange sambahia barquette 150 g environ","date":"20 ao\u00fbt 2016","format":false,"excerpt":"M\u00e9lange d'arachides enrob\u00e9es et de biscuits souffl\u00e9s au riz. Conditionn\u00e9 en barquette refermable \u00e0 volont\u00e9 pour garder toute sa saveur. Ingr\u00e9dients: Riz 33%, arachides 17%, farine de bl\u00e9,sucre, huile vegetales (palm, tournesol), amidon modifi\u00e9 de ma\u00efs et de tapioca, sauce soja (eau,soja,bl\u00e9,sel), sel, assaisonnement aromtis\u00e9 (maltodextrine, sel, oignon, ail, sucre,\u2026","rel":"","context":"Article similaire","img":{"alt_text":"","src":"https:\/\/i1.wp.com\/www.passionfruits.fr\/wp-content\/uploads\/2016\/08\/Melange-sambahia.jpg?fit=600%2C600&ssl=1&resize=350%2C200","width":350,"height":200},"classes":[]},{"id":4992,"url":"https:\/\/www.passionfruits.fr\/index.php\/produit\/oignon-jaune-les-500-grs\/","url_meta":{"origin":6287,"position":4},"title":"Oignon jaune France  Cat 1 les 500g","date":"7 d\u00e9cembre 2015","format":false,"excerpt":"Origine : Eure et Loir. L\u2019oignon jaune est l\u2019oignon le plus utilis\u00e9 en cuisine. Il a une odeur assez forte et un go\u00fbt tr\u00e8s prononc\u00e9. D\u2019ailleurs il n\u2019est pas tr\u00e8s bon cru, \u00e0 moins de bien le m\u00e9langer \u00e0 d\u2019autres ingr\u00e9dients. Il est parfait pour les cuissons car il donne\u2026","rel":"","context":"Article similaire","img":{"alt_text":"","src":"https:\/\/i0.wp.com\/www.passionfruits.fr\/wp-content\/uploads\/2015\/12\/oignon3.jpg?fit=599%2C597&ssl=1&resize=350%2C200","width":350,"height":200},"classes":[]},{"id":6380,"url":"https:\/\/www.passionfruits.fr\/index.php\/produit\/oignon-les-10-kgs\/","url_meta":{"origin":6287,"position":5},"title":"Oignon jaune France  Cat 1 les 5 kgs","date":"7 d\u00e9cembre 2015","format":false,"excerpt":"Origine : Eure et Loir. L\u2019oignon jaune est l\u2019oignon le plus utilis\u00e9 en cuisine. Il a une odeur assez forte et un go\u00fbt tr\u00e8s prononc\u00e9. D\u2019ailleurs il n\u2019est pas tr\u00e8s bon cru, \u00e0 moins de bien le m\u00e9langer \u00e0 d\u2019autres ingr\u00e9dients. Il est parfait pour les cuissons car il donne\u2026","rel":"","context":"Article similaire","img":{"alt_text":"","src":"https:\/\/i0.wp.com\/www.passionfruits.fr\/wp-content\/uploads\/2015\/12\/oignon3.jpg?fit=599%2C597&ssl=1&resize=350%2C200","width":350,"height":200},"classes":[]}],"_links":{"self":[{"href":"https:\/\/www.passionfruits.fr\/index.php\/wp-json\/wp\/v2\/product\/6287"}],"collection":[{"href":"https:\/\/www.passionfruits.fr\/index.php\/wp-json\/wp\/v2\/product"}],"about":[{"href":"https:\/\/www.passionfruits.fr\/index.php\/wp-json\/wp\/v2\/types\/product"}],"replies":[{"embeddable":true,"href":"https:\/\/www.passionfruits.fr\/index.php\/wp-json\/wp\/v2\/comments?post=6287"}],"wp:featuredmedia":[{"embeddable":true,"href":"https:\/\/www.passionfruits.fr\/index.php\/wp-json\/wp\/v2\/media\/17613"}],"wp:attachment":[{"href":"https:\/\/www.passionfruits.fr\/index.php\/wp-json\/wp\/v2\/media?parent=6287"}],"curies":[{"name":"wp","href":"https:\/\/api.w.org\/{rel}","templated":true}]}}