{"id":6292,"date":"2015-12-07T11:39:22","date_gmt":"2015-12-07T10:39:22","guid":{"rendered":"http:\/\/www.andreclaude.fr\/web\/index.php\/produit\/the-rooibos-aux-epices-la-boite\/"},"modified":"2022-05-10T10:36:07","modified_gmt":"2022-05-10T09:36:07","slug":"the-rooibos-aux-epices-la-boite","status":"publish","type":"product","link":"https:\/\/www.passionfruits.fr\/index.php\/produit\/the-rooibos-aux-epices-la-boite\/","title":{"rendered":"Th\u00e9 &#8211; Roo\u00efbos aux \u00e9pices la boite de 40 sachets voile"},"content":{"rendered":"<p>Comptoirs RICHARD<\/p>\n<p>71, Rue Lecourbe<\/p>\n<p>75015 Paris<\/p>\n<p><span class=\"\">Il se d\u00e9guste id\u00e9alement la journ\u00e9e et le soir, avec ou sans nuage de lait. Son aspect est celui d&#8217;une petite feuille bris\u00e9e rouge homog\u00e8ne. Le Roo\u00efbos aux \u00e9pices se compose d&#8217;un roo\u00efbos rouge aromatis\u00e9 \u00e0 l\u2019orange et aux \u00e9pices et agr\u00e9ment\u00e9 de graines de cardamome, d\u2019\u00e9corces de cannelle, de clou de girofle, de p\u00e9tales de tournesol et de morceaux de vanille. Sa liqueur rouge orang\u00e9e r\u00e9v\u00e9lant des notes bois\u00e9es, \u00e9pic\u00e9es et zest\u00e9es orange douce sans aucune astringence ni amertume.<\/span><\/p>\n<p>Sans th\u00e9ine, il est id\u00e9al pour le soir. Il est aussi bon chaud que froid.<\/p>\n","protected":false},"excerpt":{"rendered":"<p>Rooibos, \u00e9corces d&#8217;orange, graines de cardamone 9.6%, morceaux de cannelle 5.8%, morceaux de gingembre3.9%, ar\u00f4mes<\/p>\n<p>Peut contenir des traces de fruits \u00e0 coque, de lait et de soja.<\/p>\n<p>Temp\u00e9rature : 90 \u00b0C<\/p>\n<p>Temps d\u2019infusion : 4 min<\/p>\n<p>Avec ou sans lait<\/p>\n<p>Moment de la journ\u00e9e : toute la journ\u00e9e et le soir<\/p>\n","protected":false},"featured_media":6293,"comment_status":"closed","ping_status":"closed","template":"","meta":{"spay_email":"","jetpack_publicize_message":"","jetpack_is_tweetstorm":false},"jetpack_publicize_connections":[],"jetpack_sharing_enabled":true,"jetpack-related-posts":[{"id":17660,"url":"https:\/\/www.passionfruits.fr\/index.php\/produit\/vin-dhiver-bouteille-75-cl\/","url_meta":{"origin":6292,"position":0},"title":"Vin d'hiver bouteille 75 cl","date":"8 mars 2021","format":false,"excerpt":"Vin d'hiver\u00a0 75cl - 12% SUGGESTION DE CONSOMMATION En boisson froide\u00a0A savourer bien frais \u00e0 l'ap\u00e9ritif En boisson chaude A d\u00e9guster en vin chaud Retrouvez toute la tradition des vins de f\u00eate et autres \" vins de no\u00ebl \" aux \u00e9pices et agrumes (orange, cannelle, girofle\u2026). Notes de d\u00e9gustation Son\u2026","rel":"","context":"Article similaire","img":{"alt_text":"","src":"https:\/\/i1.wp.com\/www.passionfruits.fr\/wp-content\/uploads\/2021\/03\/vin-d-hiver.jpg?fit=600%2C600&ssl=1&resize=350%2C200","width":350,"height":200},"classes":[]},{"id":6298,"url":"https:\/\/www.passionfruits.fr\/index.php\/produit\/the-the-de-noel-la-boite\/","url_meta":{"origin":6292,"position":1},"title":"Th\u00e9 - th\u00e9 de no\u00ebl la boite de 40 sachets","date":"7 d\u00e9cembre 2015","format":false,"excerpt":"Th\u00e9 noir , \u00e9corces d'orange, ar\u00f4mes, poivre rose, p\u00e9tales de grenade, p\u00e9tales de souci. Peut contenir des traces de fruits \u00e0 coque, de lait et de soja. Temp\u00e9rature : 90 \u00b0C Temps d\u2019infusion : 4 min Avec ou sans lait Moment de la journ\u00e9e : toute la journ\u00e9e","rel":"","context":"Article similaire","img":{"alt_text":"","src":"https:\/\/i0.wp.com\/www.passionfruits.fr\/wp-content\/uploads\/2015\/12\/noel-aux-comptoirs.jpg?fit=900%2C900&ssl=1&resize=350%2C200","width":350,"height":200},"classes":[]},{"id":6296,"url":"https:\/\/www.passionfruits.fr\/index.php\/produit\/the-au-temps-des-tsarines-la-boite\/","url_meta":{"origin":6292,"position":2},"title":"Th\u00e9 - Au Temps des Tsarines la boite de 40 sachets","date":"7 d\u00e9cembre 2015","format":false,"excerpt":"Th\u00e9 vert , \u00e9corces d'oranges, ar\u00f4me orange, carthame Peut contenir des traces de fruits \u00e0 coque, de lait et de soja. Temp\u00e9rature : 90 \u00b0C Temps d\u2019infusion : 3 min Sans lait Moment de la journ\u00e9e : matin et journ\u00e9e","rel":"","context":"Article similaire","img":{"alt_text":"","src":"https:\/\/i2.wp.com\/www.passionfruits.fr\/wp-content\/uploads\/2015\/12\/temps-des-tsarines.jpg?fit=900%2C900&ssl=1&resize=350%2C200","width":350,"height":200},"classes":[]},{"id":6291,"url":"https:\/\/www.passionfruits.fr\/index.php\/produit\/the-lapsung-souchong-la-boite\/","url_meta":{"origin":6292,"position":3},"title":"Th\u00e9 - Lapsung souchong la boite de 40 sachets","date":"7 d\u00e9cembre 2015","format":false,"excerpt":"Th\u00e9 noir fum\u00e9 de Chine Peut contenir des traces de fruits \u00e0 coque, de lait et de soja. Temp\u00e9rature : 90 \u00b0C Temps d\u2019infusion : 4 min Avec ou sans lait Moment de la journ\u00e9e : toute la journ\u00e9e et le soir","rel":"","context":"Article similaire","img":{"alt_text":"","src":"https:\/\/i0.wp.com\/www.passionfruits.fr\/wp-content\/uploads\/2015\/12\/lapsang-souchong-450x450.jpg?fit=450%2C450&ssl=1&resize=350%2C200","width":350,"height":200},"classes":[]},{"id":6096,"url":"https:\/\/www.passionfruits.fr\/index.php\/produit\/epice-cannelle-poudre-le-pot\/","url_meta":{"origin":6292,"position":4},"title":"Cannelle poudre le pot","date":"7 d\u00e9cembre 2015","format":false,"excerpt":"Ingr\u00e9dients : cannelle en poudre Traces possibles de c\u00e9leri, gluten, moutarde et s\u00e9same","rel":"","context":"Article similaire","img":{"alt_text":"","src":"https:\/\/i1.wp.com\/www.passionfruits.fr\/wp-content\/uploads\/2015\/12\/Epice-divers.jpg?fit=600%2C600&ssl=1&resize=350%2C200","width":350,"height":200},"classes":[]},{"id":6186,"url":"https:\/\/www.passionfruits.fr\/index.php\/produit\/the-fruits-rouges-la-boite\/","url_meta":{"origin":6292,"position":5},"title":"Th\u00e9 - fruits rouges la boite de 40 sachets","date":"7 d\u00e9cembre 2015","format":false,"excerpt":"Th\u00e9 noir , ar\u00f4mes (fruits rouges, framboise), morceaux de fraise 2%, feuilles de m\u00fbrier 2% Peut contenir des traces de fruits \u00e0 coque, de lait et de soja. Temp\u00e9rature : 90 \u00b0C Temps d\u2019infusion : 4 min Avec ou sans lait Moment de la journ\u00e9e : toute la journ\u00e9e","rel":"","context":"Article similaire","img":{"alt_text":"","src":"https:\/\/i0.wp.com\/www.passionfruits.fr\/wp-content\/uploads\/2015\/12\/the-fruits-rouges.jpg?fit=300%2C300&ssl=1&resize=350%2C200","width":350,"height":200},"classes":[]}],"_links":{"self":[{"href":"https:\/\/www.passionfruits.fr\/index.php\/wp-json\/wp\/v2\/product\/6292"}],"collection":[{"href":"https:\/\/www.passionfruits.fr\/index.php\/wp-json\/wp\/v2\/product"}],"about":[{"href":"https:\/\/www.passionfruits.fr\/index.php\/wp-json\/wp\/v2\/types\/product"}],"replies":[{"embeddable":true,"href":"https:\/\/www.passionfruits.fr\/index.php\/wp-json\/wp\/v2\/comments?post=6292"}],"wp:featuredmedia":[{"embeddable":true,"href":"https:\/\/www.passionfruits.fr\/index.php\/wp-json\/wp\/v2\/media\/6293"}],"wp:attachment":[{"href":"https:\/\/www.passionfruits.fr\/index.php\/wp-json\/wp\/v2\/media?parent=6292"}],"curies":[{"name":"wp","href":"https:\/\/api.w.org\/{rel}","templated":true}]}}