{"id":6296,"date":"2015-12-07T11:39:22","date_gmt":"2015-12-07T10:39:22","guid":{"rendered":"http:\/\/www.andreclaude.fr\/web\/index.php\/produit\/the-au-temps-des-tsarines-la-boite\/"},"modified":"2022-05-10T10:35:44","modified_gmt":"2022-05-10T09:35:44","slug":"the-au-temps-des-tsarines-la-boite","status":"publish","type":"product","link":"https:\/\/www.passionfruits.fr\/index.php\/produit\/the-au-temps-des-tsarines-la-boite\/","title":{"rendered":"Th\u00e9 &#8211; Au Temps des Tsarines la boite de 40 sachets"},"content":{"rendered":"<p>Comptoirs RICHARD<\/p>\n<p>71, Rue Lecourbe<\/p>\n<p>75015 Paris<\/p>\n<p><span class=\"\"><span class=\"description\">Il se d\u00e9guste id\u00e9alement le matin et en journ\u00e9e sans lait. Ce th\u00e9 est une \u00e9vocation des m\u00e9langes russes aux agrumes sur une base de th\u00e9 vert sencha avec de l\u2019orange douce et parsem\u00e9 d\u2019\u00e9corces d\u2019orange. Ce th\u00e9 r\u00e9v\u00e8le une liqueur jaune citron et des notes gourmandes et rafra\u00eechissantes m\u00ealant le v\u00e9g\u00e9tal et l&#8217;acidul\u00e9 du sencha au zeste de l&#8217;orange douce.<\/span><\/span><\/p>\n<p>Il est aussi bon chaud que froid.<\/p>\n","protected":false},"excerpt":{"rendered":"<p>Th\u00e9 vert , \u00e9corces d&#8217;oranges, ar\u00f4me orange, carthame<\/p>\n<p>Peut contenir des traces de fruits \u00e0 coque, de lait et de soja.<\/p>\n<p>Temp\u00e9rature : 90 \u00b0C<\/p>\n<p>Temps d\u2019infusion : 3 min<\/p>\n<p>Sans lait<\/p>\n<p>Moment de la journ\u00e9e : matin et journ\u00e9e<\/p>\n","protected":false},"featured_media":6297,"comment_status":"closed","ping_status":"closed","template":"","meta":{"spay_email":"","jetpack_publicize_message":"","jetpack_is_tweetstorm":false},"jetpack_publicize_connections":[],"jetpack_sharing_enabled":true,"jetpack-related-posts":[{"id":6298,"url":"https:\/\/www.passionfruits.fr\/index.php\/produit\/the-the-de-noel-la-boite\/","url_meta":{"origin":6296,"position":0},"title":"Th\u00e9 - th\u00e9 de no\u00ebl la boite de 40 sachets","date":"7 d\u00e9cembre 2015","format":false,"excerpt":"Th\u00e9 noir , \u00e9corces d'orange, ar\u00f4mes, poivre rose, p\u00e9tales de grenade, p\u00e9tales de souci. Peut contenir des traces de fruits \u00e0 coque, de lait et de soja. Temp\u00e9rature : 90 \u00b0C Temps d\u2019infusion : 4 min Avec ou sans lait Moment de la journ\u00e9e : toute la journ\u00e9e","rel":"","context":"Article similaire","img":{"alt_text":"","src":"https:\/\/i0.wp.com\/www.passionfruits.fr\/wp-content\/uploads\/2015\/12\/noel-aux-comptoirs.jpg?fit=900%2C900&ssl=1&resize=350%2C200","width":350,"height":200},"classes":[]},{"id":6292,"url":"https:\/\/www.passionfruits.fr\/index.php\/produit\/the-rooibos-aux-epices-la-boite\/","url_meta":{"origin":6296,"position":1},"title":"Th\u00e9 - Roo\u00efbos aux \u00e9pices la boite de 40 sachets voile","date":"7 d\u00e9cembre 2015","format":false,"excerpt":"Rooibos, \u00e9corces d'orange, graines de cardamone 9.6%, morceaux de cannelle 5.8%, morceaux de gingembre3.9%, ar\u00f4mes Peut contenir des traces de fruits \u00e0 coque, de lait et de soja. Temp\u00e9rature : 90 \u00b0C Temps d\u2019infusion : 4 min Avec ou sans lait Moment de la journ\u00e9e : toute la journ\u00e9e et\u2026","rel":"","context":"Article similaire","img":{"alt_text":"","src":"https:\/\/i2.wp.com\/www.passionfruits.fr\/wp-content\/uploads\/2015\/12\/rooibos-epices.jpg?fit=900%2C900&ssl=1&resize=350%2C200","width":350,"height":200},"classes":[]},{"id":6181,"url":"https:\/\/www.passionfruits.fr\/index.php\/produit\/the-grand-earl-grey-la-boite\/","url_meta":{"origin":6296,"position":2},"title":"Th\u00e9 - grand Earl Grey la boite de 40 sachets","date":"7 d\u00e9cembre 2015","format":false,"excerpt":"Th\u00e9 noir Grand Earl Grey Comptoirs Richard Th\u00e9 noir, ar\u00f4mes, p\u00e9tales de bleuet et de souci, ar\u00f4me naturel de bergamote. Peut contenir des traces de fruits \u00e0 coque, de lait et de soja. Temp\u00e9rature : 90 \u00b0C Temps d\u2019infusion : 4 min Avec ou sans lait Moment de la journ\u00e9e\u2026","rel":"","context":"Article similaire","img":{"alt_text":"","src":"https:\/\/i1.wp.com\/www.passionfruits.fr\/wp-content\/uploads\/2015\/12\/grand-earl-grey-site.jpg?fit=900%2C900&ssl=1&resize=350%2C200","width":350,"height":200},"classes":[]},{"id":6294,"url":"https:\/\/www.passionfruits.fr\/index.php\/produit\/the-ceylan-la-boite\/","url_meta":{"origin":6296,"position":3},"title":"Th\u00e9 - ceylan la boite de 40 sachets voile","date":"7 d\u00e9cembre 2015","format":false,"excerpt":"Th\u00e9 noir de Sri Lanka Ceylan OP (Orange Pekoe) Comptoirs Richard Peut contenir des traces de fruits \u00e0 coque, de lait et de soja. Temp\u00e9rature : 90 \u00b0C Temps d\u2019infusion : 4 min Avec ou sans lait Moment de la journ\u00e9e : matin et journ\u00e9e","rel":"","context":"Article similaire","img":{"alt_text":"","src":"https:\/\/i1.wp.com\/www.passionfruits.fr\/wp-content\/uploads\/2015\/12\/ceylan.jpg?fit=900%2C900&ssl=1&resize=350%2C200","width":350,"height":200},"classes":[]},{"id":6268,"url":"https:\/\/www.passionfruits.fr\/index.php\/produit\/the-menthe-la-boite\/","url_meta":{"origin":6296,"position":4},"title":"Th\u00e9 - Menthe la boite de 40 sachets voile","date":"7 d\u00e9cembre 2015","format":false,"excerpt":"Th\u00e9 Vert menthe\u00a0 verte 19%, ar\u00f4mes. Peut contenir des traces de fruits \u00e0 coque, de lait et de soja. Temp\u00e9rature : 90 \u00b0C Temps d\u2019infusion : 3 min Sans lait Moment de la journ\u00e9e : toute la journ\u00e9e et le soir","rel":"","context":"Article similaire","img":{"alt_text":"","src":"https:\/\/i2.wp.com\/www.passionfruits.fr\/wp-content\/uploads\/2015\/12\/the-menthe.jpg?fit=900%2C900&ssl=1&resize=350%2C200","width":350,"height":200},"classes":[]},{"id":6183,"url":"https:\/\/www.passionfruits.fr\/index.php\/produit\/the-the-vert-sencha-la-boite\/","url_meta":{"origin":6296,"position":5},"title":"Th\u00e9 - th\u00e9 vert Sencha la boite de 40 sachets","date":"7 d\u00e9cembre 2015","format":false,"excerpt":"Th\u00e9 vert de Chine Peut contenir des traces de fruits \u00e0 coque, de lait et de soja. Temp\u00e9rature : 80 \u00b0C Temps d\u2019infusion : 3 min Sans lait Moment de la journ\u00e9e : toute la journ\u00e9e","rel":"","context":"Article similaire","img":{"alt_text":"","src":"https:\/\/i0.wp.com\/www.passionfruits.fr\/wp-content\/uploads\/2015\/12\/vert-sencha1.jpg?fit=900%2C900&ssl=1&resize=350%2C200","width":350,"height":200},"classes":[]}],"_links":{"self":[{"href":"https:\/\/www.passionfruits.fr\/index.php\/wp-json\/wp\/v2\/product\/6296"}],"collection":[{"href":"https:\/\/www.passionfruits.fr\/index.php\/wp-json\/wp\/v2\/product"}],"about":[{"href":"https:\/\/www.passionfruits.fr\/index.php\/wp-json\/wp\/v2\/types\/product"}],"replies":[{"embeddable":true,"href":"https:\/\/www.passionfruits.fr\/index.php\/wp-json\/wp\/v2\/comments?post=6296"}],"wp:featuredmedia":[{"embeddable":true,"href":"https:\/\/www.passionfruits.fr\/index.php\/wp-json\/wp\/v2\/media\/6297"}],"wp:attachment":[{"href":"https:\/\/www.passionfruits.fr\/index.php\/wp-json\/wp\/v2\/media?parent=6296"}],"curies":[{"name":"wp","href":"https:\/\/api.w.org\/{rel}","templated":true}]}}