{"id":6298,"date":"2015-12-07T11:39:22","date_gmt":"2015-12-07T10:39:22","guid":{"rendered":"http:\/\/www.andreclaude.fr\/web\/index.php\/produit\/the-the-de-noel-la-boite\/"},"modified":"2022-05-10T10:35:32","modified_gmt":"2022-05-10T09:35:32","slug":"the-the-de-noel-la-boite","status":"publish","type":"product","link":"https:\/\/www.passionfruits.fr\/index.php\/produit\/the-the-de-noel-la-boite\/","title":{"rendered":"Th\u00e9 &#8211; th\u00e9 de no\u00ebl la boite de 40 sachets"},"content":{"rendered":"<p>Comptoirs RICHARD<\/p>\n<p>71, Rue Lecourbe<\/p>\n<p>75015 Paris<\/p>\n<p><span class=\"\">Il se d\u00e9guste id\u00e9alement la journ\u00e9e, avec ou sans nuage de lait. Il se compose d&#8217;un gourmand m\u00e9lange de th\u00e9 noir avec des \u00e9pices, de l\u2019orange douce et de la vanille et agr\u00e9ment\u00e9 de baies roses, de p\u00e9tales de calendula et de fleurs de grenade. Sa liqueur cuivr\u00e9e d\u00e9veloppe une dominante de notes gourmandes douces vanill\u00e9es et zest\u00e9es orange sur un fond bois\u00e9.<br \/>\n<\/span><\/p>\n","protected":false},"excerpt":{"rendered":"<p>Th\u00e9 noir , \u00e9corces d&#8217;orange, ar\u00f4mes, poivre rose, p\u00e9tales de grenade, p\u00e9tales de souci.<\/p>\n<p>Peut contenir des traces de fruits \u00e0 coque, de lait et de soja.<\/p>\n<p>Temp\u00e9rature : 90 \u00b0C<\/p>\n<p>Temps d\u2019infusion : 4 min<\/p>\n<p>Avec ou sans lait<\/p>\n<p>Moment de la journ\u00e9e : toute la journ\u00e9e<\/p>\n","protected":false},"featured_media":6299,"comment_status":"closed","ping_status":"closed","template":"","meta":{"spay_email":"","jetpack_publicize_message":"","jetpack_is_tweetstorm":false},"jetpack_publicize_connections":[],"jetpack_sharing_enabled":true,"jetpack-related-posts":[{"id":6181,"url":"https:\/\/www.passionfruits.fr\/index.php\/produit\/the-grand-earl-grey-la-boite\/","url_meta":{"origin":6298,"position":0},"title":"Th\u00e9 - grand Earl Grey la boite de 40 sachets","date":"7 d\u00e9cembre 2015","format":false,"excerpt":"Th\u00e9 noir Grand Earl Grey Comptoirs Richard Th\u00e9 noir, ar\u00f4mes, p\u00e9tales de bleuet et de souci, ar\u00f4me naturel de bergamote. Peut contenir des traces de fruits \u00e0 coque, de lait et de soja. Temp\u00e9rature : 90 \u00b0C Temps d\u2019infusion : 4 min Avec ou sans lait Moment de la journ\u00e9e\u2026","rel":"","context":"Article similaire","img":{"alt_text":"","src":"https:\/\/i1.wp.com\/www.passionfruits.fr\/wp-content\/uploads\/2015\/12\/grand-earl-grey-site.jpg?fit=900%2C900&ssl=1&resize=350%2C200","width":350,"height":200},"classes":[]},{"id":6188,"url":"https:\/\/www.passionfruits.fr\/index.php\/produit\/the-jardin-des-merveilles-la-boite\/","url_meta":{"origin":6298,"position":1},"title":"Th\u00e9 - jardin des merveilles la boite de 40 sachets","date":"7 d\u00e9cembre 2015","format":false,"excerpt":"Th\u00e9 vert, ar\u00f4mes (p\u00eache, abricot), p\u00e9tales de fleurs : bleuet, rose, souci Peut contenir des traces de fruits \u00e0 coque, de lait et de soja. Temp\u00e9rature : 90 \u00b0C Temps d\u2019infusion : 3 min Sans lait Moment de la journ\u00e9e : toute la journ\u00e9e","rel":"","context":"Article similaire","img":{"alt_text":"","src":"https:\/\/i0.wp.com\/www.passionfruits.fr\/wp-content\/uploads\/2015\/12\/the-voile-jardins-des-merveilles-300x300.jpg?fit=300%2C300&ssl=1&resize=350%2C200","width":350,"height":200},"classes":[]},{"id":6292,"url":"https:\/\/www.passionfruits.fr\/index.php\/produit\/the-rooibos-aux-epices-la-boite\/","url_meta":{"origin":6298,"position":2},"title":"Th\u00e9 - Roo\u00efbos aux \u00e9pices la boite de 40 sachets voile","date":"7 d\u00e9cembre 2015","format":false,"excerpt":"Rooibos, \u00e9corces d'orange, graines de cardamone 9.6%, morceaux de cannelle 5.8%, morceaux de gingembre3.9%, ar\u00f4mes Peut contenir des traces de fruits \u00e0 coque, de lait et de soja. Temp\u00e9rature : 90 \u00b0C Temps d\u2019infusion : 4 min Avec ou sans lait Moment de la journ\u00e9e : toute la journ\u00e9e et\u2026","rel":"","context":"Article similaire","img":{"alt_text":"","src":"https:\/\/i2.wp.com\/www.passionfruits.fr\/wp-content\/uploads\/2015\/12\/rooibos-epices.jpg?fit=900%2C900&ssl=1&resize=350%2C200","width":350,"height":200},"classes":[]},{"id":6296,"url":"https:\/\/www.passionfruits.fr\/index.php\/produit\/the-au-temps-des-tsarines-la-boite\/","url_meta":{"origin":6298,"position":3},"title":"Th\u00e9 - Au Temps des Tsarines la boite de 40 sachets","date":"7 d\u00e9cembre 2015","format":false,"excerpt":"Th\u00e9 vert , \u00e9corces d'oranges, ar\u00f4me orange, carthame Peut contenir des traces de fruits \u00e0 coque, de lait et de soja. Temp\u00e9rature : 90 \u00b0C Temps d\u2019infusion : 3 min Sans lait Moment de la journ\u00e9e : matin et journ\u00e9e","rel":"","context":"Article similaire","img":{"alt_text":"","src":"https:\/\/i2.wp.com\/www.passionfruits.fr\/wp-content\/uploads\/2015\/12\/temps-des-tsarines.jpg?fit=900%2C900&ssl=1&resize=350%2C200","width":350,"height":200},"classes":[]},{"id":6177,"url":"https:\/\/www.passionfruits.fr\/index.php\/produit\/the-the-vert-au-jasmin-la-boite\/","url_meta":{"origin":6298,"position":4},"title":"Th\u00e9 - th\u00e9 vert au jasmin la boite de 40 sachets","date":"7 d\u00e9cembre 2015","format":false,"excerpt":"Th\u00e9 Vert , fleurs de jasmin 5% Peut contenir des traces de fruits \u00e0 coque, de lait et de soja. Temp\u00e9rature : 80 \u00b0C Temps d\u2019infusion : 3 min Sans lait Moment de la journ\u00e9e : toute la journ\u00e9e et le soir","rel":"","context":"Article similaire","img":{"alt_text":"","src":"https:\/\/i1.wp.com\/www.passionfruits.fr\/wp-content\/uploads\/2015\/12\/vert-jasmin1.jpg?fit=900%2C900&ssl=1&resize=350%2C200","width":350,"height":200},"classes":[]},{"id":6185,"url":"https:\/\/www.passionfruits.fr\/index.php\/produit\/the-vanille-caramel-la-boite\/","url_meta":{"origin":6298,"position":5},"title":"Th\u00e9 - Tonka  caramel la boite de 40 sachets","date":"7 d\u00e9cembre 2015","format":false,"excerpt":"Th\u00e9 noir parfum\u00e9 ar\u00f4mes (vanille, caramel) morceaux de vanille 2.8% Peut contenir des traces de fruits \u00e0 coque, de lait et de soja. Temp\u00e9rature : 90 \u00b0C Temps d\u2019infusion : 4 min Avec ou sans lait Moment de la journ\u00e9e : toute la journ\u00e9e","rel":"","context":"Article similaire","img":{"alt_text":"","src":"https:\/\/i2.wp.com\/www.passionfruits.fr\/wp-content\/uploads\/2015\/12\/vanille-caramel.jpg?fit=600%2C600&ssl=1&resize=350%2C200","width":350,"height":200},"classes":[]}],"_links":{"self":[{"href":"https:\/\/www.passionfruits.fr\/index.php\/wp-json\/wp\/v2\/product\/6298"}],"collection":[{"href":"https:\/\/www.passionfruits.fr\/index.php\/wp-json\/wp\/v2\/product"}],"about":[{"href":"https:\/\/www.passionfruits.fr\/index.php\/wp-json\/wp\/v2\/types\/product"}],"replies":[{"embeddable":true,"href":"https:\/\/www.passionfruits.fr\/index.php\/wp-json\/wp\/v2\/comments?post=6298"}],"wp:featuredmedia":[{"embeddable":true,"href":"https:\/\/www.passionfruits.fr\/index.php\/wp-json\/wp\/v2\/media\/6299"}],"wp:attachment":[{"href":"https:\/\/www.passionfruits.fr\/index.php\/wp-json\/wp\/v2\/media?parent=6298"}],"curies":[{"name":"wp","href":"https:\/\/api.w.org\/{rel}","templated":true}]}}