{"id":6300,"date":"2015-12-07T11:39:22","date_gmt":"2015-12-07T10:39:22","guid":{"rendered":"http:\/\/www.andreclaude.fr\/web\/index.php\/produit\/rapee-chou-blanc-rape-barq-150g\/"},"modified":"2024-10-23T10:07:27","modified_gmt":"2024-10-23T09:07:27","slug":"rapee-chou-blanc-rape-barq-150g","status":"publish","type":"product","link":"https:\/\/www.passionfruits.fr\/index.php\/produit\/rapee-chou-blanc-rape-barq-150g\/","title":{"rendered":"Chou blanc rap\u00e9 France Cat 1 la barq.150g"},"content":{"rendered":"","protected":false},"excerpt":{"rendered":"<p>L\u00e9gumes \u00e9pluch\u00e9s et coup\u00e9s, pr\u00eats \u00e0 consommer.<\/p>\n<p>Conditionn\u00e9 en barquette refermable \u00e0 volont\u00e9 pour garder toute sa saveur.<\/p>\n<p>100% Frais, 100% Pr\u00eat, sans conservateur.<\/p>\n","protected":false},"featured_media":7450,"comment_status":"closed","ping_status":"closed","template":"","meta":{"spay_email":"","jetpack_publicize_message":"","jetpack_is_tweetstorm":false},"jetpack_publicize_connections":[],"jetpack_sharing_enabled":true,"jetpack-related-posts":[{"id":6497,"url":"https:\/\/www.passionfruits.fr\/index.php\/produit\/blanc-de-poireau-barq-400grs\/","url_meta":{"origin":6300,"position":0},"title":"Blanc de poireau France Cat 1 la Barq. 400g","date":"7 d\u00e9cembre 2015","format":false,"excerpt":"L\u00e9gumes \u00e9pluch\u00e9s et coup\u00e9s, pr\u00eats \u00e0 consommer. Conditionn\u00e9 en barquette refermable \u00e0 volont\u00e9 pour garder toute sa saveur. 100% Frais, 100% Pr\u00eat, sans conservateur.","rel":"","context":"Article similaire","img":{"alt_text":"","src":"https:\/\/i0.wp.com\/www.passionfruits.fr\/wp-content\/uploads\/2015\/12\/blanc-de-poireau-450x300.jpg?fit=450%2C300&ssl=1&resize=350%2C200","width":350,"height":200},"classes":[]},{"id":6508,"url":"https:\/\/www.passionfruits.fr\/index.php\/produit\/carotte-rondelle-barq-500g\/","url_meta":{"origin":6300,"position":1},"title":"Carotte rondelle France  Cat 1 la barq. 500g","date":"7 d\u00e9cembre 2015","format":false,"excerpt":"L\u00e9gumes \u00e9pluch\u00e9s et coup\u00e9s, pr\u00eats \u00e0 consommer. Conditionn\u00e9 en barquette refermable \u00e0 volont\u00e9 pour garder toute sa saveur. 100% Frais, 100% Pr\u00eat, sans conservateur.","rel":"","context":"Article similaire","img":{"alt_text":"","src":"https:\/\/i1.wp.com\/www.passionfruits.fr\/wp-content\/uploads\/2015\/12\/carotte-rondelle.jpg?fit=600%2C600&ssl=1&resize=350%2C200","width":350,"height":200},"classes":[]},{"id":6499,"url":"https:\/\/www.passionfruits.fr\/index.php\/produit\/courgette-lamelle-barq-450grs\/","url_meta":{"origin":6300,"position":2},"title":"Courgette lamelle Espagne Cat 1 la barq 450 grs","date":"7 d\u00e9cembre 2015","format":false,"excerpt":"L\u00e9gumes \u00e9pluch\u00e9s et coup\u00e9s, pr\u00eats \u00e0 consommer. Conditionn\u00e9 en barquette refermable \u00e0 volont\u00e9 pour garder toute sa saveur. 100% Frais, 100% Pr\u00eat, sans conservateur.","rel":"","context":"Article similaire","img":{"alt_text":"","src":"https:\/\/i1.wp.com\/www.passionfruits.fr\/wp-content\/uploads\/2015\/12\/Courgettes-Rondelle.jpg?fit=600%2C600&ssl=1&resize=350%2C200","width":350,"height":200},"classes":[]},{"id":6302,"url":"https:\/\/www.passionfruits.fr\/index.php\/produit\/rapee-chou-rouge-rape-barq-150g\/","url_meta":{"origin":6300,"position":3},"title":"Chou rouge rap\u00e9 France Cat 1 la barq.150g","date":"7 d\u00e9cembre 2015","format":false,"excerpt":"L\u00e9gumes \u00e9pluch\u00e9s et coup\u00e9s, pr\u00eats \u00e0 consommer. Conditionn\u00e9 en barquette refermable \u00e0 volont\u00e9 pour garder toute sa saveur. 100% Frais, 100% Pr\u00eat, sans conservateur.","rel":"","context":"Article similaire","img":{"alt_text":"","src":"https:\/\/i1.wp.com\/www.passionfruits.fr\/wp-content\/uploads\/2015\/12\/chou-rouge1.jpg?fit=599%2C599&ssl=1&resize=350%2C200","width":350,"height":200},"classes":[]},{"id":6304,"url":"https:\/\/www.passionfruits.fr\/index.php\/produit\/rapee-carotte-rapee-barq-200g\/","url_meta":{"origin":6300,"position":4},"title":"Carotte rap\u00e9e France   Cat 1 la barq.200g","date":"7 d\u00e9cembre 2015","format":false,"excerpt":"L\u00e9gumes \u00e9pluch\u00e9s et coup\u00e9s, pr\u00eats \u00e0 consommer. Conditionn\u00e9 en barquette refermable \u00e0 volont\u00e9 pour garder toute sa saveur. 100% Frais, 100% Pr\u00eat, sans conservateur.","rel":"","context":"Article similaire","img":{"alt_text":"","src":"https:\/\/i2.wp.com\/www.passionfruits.fr\/wp-content\/uploads\/2015\/12\/carotte-1.jpg?fit=597%2C563&ssl=1&resize=350%2C200","width":350,"height":200},"classes":[]},{"id":6386,"url":"https:\/\/www.passionfruits.fr\/index.php\/produit\/rapee-concombre-lamelle-barq-200g\/","url_meta":{"origin":6300,"position":5},"title":"Concombre lamelle France  Cat 1 la barq.200g","date":"7 d\u00e9cembre 2015","format":false,"excerpt":"L\u00e9gumes \u00e9pluch\u00e9s et coup\u00e9s, pr\u00eats \u00e0 consommer. Conditionn\u00e9 en barquette refermable \u00e0 volont\u00e9 pour garder toute sa saveur. 100% Frais, 100% Pr\u00eat, sans conservateur.","rel":"","context":"Article similaire","img":{"alt_text":"","src":"https:\/\/i2.wp.com\/www.passionfruits.fr\/wp-content\/uploads\/2015\/12\/concombre2.jpg?fit=598%2C598&ssl=1&resize=350%2C200","width":350,"height":200},"classes":[]}],"_links":{"self":[{"href":"https:\/\/www.passionfruits.fr\/index.php\/wp-json\/wp\/v2\/product\/6300"}],"collection":[{"href":"https:\/\/www.passionfruits.fr\/index.php\/wp-json\/wp\/v2\/product"}],"about":[{"href":"https:\/\/www.passionfruits.fr\/index.php\/wp-json\/wp\/v2\/types\/product"}],"replies":[{"embeddable":true,"href":"https:\/\/www.passionfruits.fr\/index.php\/wp-json\/wp\/v2\/comments?post=6300"}],"wp:featuredmedia":[{"embeddable":true,"href":"https:\/\/www.passionfruits.fr\/index.php\/wp-json\/wp\/v2\/media\/7450"}],"wp:attachment":[{"href":"https:\/\/www.passionfruits.fr\/index.php\/wp-json\/wp\/v2\/media?parent=6300"}],"curies":[{"name":"wp","href":"https:\/\/api.w.org\/{rel}","templated":true}]}}