{"id":6310,"date":"2015-12-07T11:40:29","date_gmt":"2015-12-07T10:40:29","guid":{"rendered":"http:\/\/www.andreclaude.fr\/web\/index.php\/produit\/pomme-golden-tentation-le-kilo\/"},"modified":"2024-10-08T07:00:55","modified_gmt":"2024-10-08T06:00:55","slug":"pomme-golden-tentation-le-kilo","status":"publish","type":"product","link":"https:\/\/www.passionfruits.fr\/index.php\/produit\/pomme-golden-tentation-le-kilo\/","title":{"rendered":"Pomme golden France cat 1 le kilo"},"content":{"rendered":"","protected":false},"excerpt":{"rendered":"","protected":false},"featured_media":17601,"comment_status":"closed","ping_status":"closed","template":"","meta":{"spay_email":"","jetpack_publicize_message":"","jetpack_is_tweetstorm":false},"jetpack_publicize_connections":[],"jetpack_sharing_enabled":true,"jetpack-related-posts":[{"id":9508,"url":"https:\/\/www.passionfruits.fr\/index.php\/produit\/pomme-golden-promo-les-3-kilos\/","url_meta":{"origin":6310,"position":0},"title":"Pomme sachet Golden France Cat 1 Promo les 3 kilos","date":"15 octobre 2016","format":false,"excerpt":"","rel":"","context":"Article similaire","img":{"alt_text":"","src":"https:\/\/i2.wp.com\/www.passionfruits.fr\/wp-content\/uploads\/2015\/12\/pomme-jonagored-sachet-3-kilos.jpg?fit=600%2C600&ssl=1&resize=350%2C200","width":350,"height":200},"classes":[]},{"id":5306,"url":"https:\/\/www.passionfruits.fr\/index.php\/produit\/pomme-boskoop-le-kilo\/","url_meta":{"origin":6310,"position":1},"title":"Pomme Boskoop France Cat 1 le kilo","date":"7 d\u00e9cembre 2015","format":false,"excerpt":"","rel":"","context":"Article similaire","img":{"alt_text":"","src":"https:\/\/i2.wp.com\/www.passionfruits.fr\/wp-content\/uploads\/2015\/12\/boskoop.jpg?fit=600%2C600&ssl=1&resize=350%2C200","width":350,"height":200},"classes":[]},{"id":5336,"url":"https:\/\/www.passionfruits.fr\/index.php\/produit\/pomme-pink-lady-le-kilo\/","url_meta":{"origin":6310,"position":2},"title":"Pomme Pink Lady France Cat 1 le kilo","date":"7 d\u00e9cembre 2015","format":false,"excerpt":"","rel":"","context":"Article similaire","img":{"alt_text":"","src":"https:\/\/i0.wp.com\/www.passionfruits.fr\/wp-content\/uploads\/2015\/12\/pink.jpg?fit=300%2C300&ssl=1&resize=350%2C200","width":350,"height":200},"classes":[]},{"id":5302,"url":"https:\/\/www.passionfruits.fr\/index.php\/produit\/pomme-granny-smith-le-kilo\/","url_meta":{"origin":6310,"position":3},"title":"Pomme Granny Smith France Cat 1 le kilo","date":"7 d\u00e9cembre 2015","format":false,"excerpt":"Elle se distingue par une chair ferme, juteuse et acidule\u0301e. Tr\u00e8s bonne \u00e0 croquer, elle peut aussi servir pour la cuisson. Sa saveur aigre-douce en font la troisi\u00e8me pomme pr\u00e9f\u00e9r\u00e9e des Fran\u00e7ais. La Granny Smith, une pomme tonique\u00a0!","rel":"","context":"Article similaire","img":{"alt_text":"","src":"https:\/\/i0.wp.com\/www.passionfruits.fr\/wp-content\/uploads\/2015\/12\/pommegrannysmith.jpg?fit=400%2C300&ssl=1&resize=350%2C200","width":350,"height":200},"classes":[]},{"id":5334,"url":"https:\/\/www.passionfruits.fr\/index.php\/produit\/pomme-jubile-le-kilo\/","url_meta":{"origin":6310,"position":4},"title":"Pomme dalilight Perche-France Cat 1 le kilo","date":"7 d\u00e9cembre 2015","format":false,"excerpt":"61 110 Coulonges les sablons. La jubil\u00e9 est une pomme tr\u00e8s parfum\u00e9e sucr\u00e9 et acidul\u00e9, croquante et juteuse.","rel":"","context":"Article similaire","img":{"alt_text":"","src":"https:\/\/i1.wp.com\/www.passionfruits.fr\/wp-content\/uploads\/2015\/12\/pomme-jubile.jpeg?fit=600%2C600&ssl=1&resize=350%2C200","width":350,"height":200},"classes":[]},{"id":5330,"url":"https:\/\/www.passionfruits.fr\/index.php\/produit\/pomme-royal-gala-le-kilo\/","url_meta":{"origin":6310,"position":5},"title":"Pomme Royal gala  France  Cat 1 le kilo","date":"7 d\u00e9cembre 2015","format":false,"excerpt":"La Gala occupe la deuxi\u00e8me place dans le c\u0153ur des Fran\u00e7ais. Sans doute pour son \u00e9clat app\u00e9tissant et la douceur de sa chair ! Tr\u00e8s croquante, sucr\u00e9e, juteuse. Id\u00e9ale pour vous d\u00e9salt\u00e9rer. A croquer, au four, en tarte, \u00e0 cuisiner. \u00a0 \u00a0","rel":"","context":"Article similaire","img":{"alt_text":"","src":"https:\/\/i2.wp.com\/www.passionfruits.fr\/wp-content\/uploads\/2015\/12\/gala.jpg?fit=600%2C600&ssl=1&resize=350%2C200","width":350,"height":200},"classes":[]}],"_links":{"self":[{"href":"https:\/\/www.passionfruits.fr\/index.php\/wp-json\/wp\/v2\/product\/6310"}],"collection":[{"href":"https:\/\/www.passionfruits.fr\/index.php\/wp-json\/wp\/v2\/product"}],"about":[{"href":"https:\/\/www.passionfruits.fr\/index.php\/wp-json\/wp\/v2\/types\/product"}],"replies":[{"embeddable":true,"href":"https:\/\/www.passionfruits.fr\/index.php\/wp-json\/wp\/v2\/comments?post=6310"}],"wp:featuredmedia":[{"embeddable":true,"href":"https:\/\/www.passionfruits.fr\/index.php\/wp-json\/wp\/v2\/media\/17601"}],"wp:attachment":[{"href":"https:\/\/www.passionfruits.fr\/index.php\/wp-json\/wp\/v2\/media?parent=6310"}],"curies":[{"name":"wp","href":"https:\/\/api.w.org\/{rel}","templated":true}]}}