{"id":6325,"date":"2015-12-07T11:40:29","date_gmt":"2015-12-07T10:40:29","guid":{"rendered":"http:\/\/www.andreclaude.fr\/web\/index.php\/produit\/kiwi-promo-lot-de-10-pieces\/"},"modified":"2026-04-21T05:46:12","modified_gmt":"2026-04-21T04:46:12","slug":"kiwi-promo-lot-de-10-pieces","status":"publish","type":"product","link":"https:\/\/www.passionfruits.fr\/index.php\/produit\/kiwi-promo-lot-de-10-pieces\/","title":{"rendered":"Kiwi Vert Promo France  Cat 1  les 10 pi\u00e8ces"},"content":{"rendered":"","protected":false},"excerpt":{"rendered":"","protected":false},"featured_media":5019,"comment_status":"closed","ping_status":"closed","template":"","meta":{"spay_email":"","jetpack_publicize_message":"","jetpack_is_tweetstorm":false},"jetpack_publicize_connections":[],"jetpack_sharing_enabled":true,"jetpack-related-posts":[{"id":6323,"url":"https:\/\/www.passionfruits.fr\/index.php\/produit\/kiwi-lot-de-5-pieces\/","url_meta":{"origin":6325,"position":0},"title":"Kiwi Vert Promo France  Cat 1 les 5 pi\u00e8ces","date":"7 d\u00e9cembre 2015","format":false,"excerpt":"","rel":"","context":"Article similaire","img":{"alt_text":"","src":"https:\/\/i1.wp.com\/www.passionfruits.fr\/wp-content\/uploads\/2015\/12\/kiwi.jpg?fit=375%2C320&ssl=1&resize=350%2C200","width":350,"height":200},"classes":[]},{"id":5018,"url":"https:\/\/www.passionfruits.fr\/index.php\/produit\/kiwi-la-piece\/","url_meta":{"origin":6325,"position":1},"title":"Kiwi Vert France Cat 1 la pi\u00e8ce","date":"7 d\u00e9cembre 2015","format":false,"excerpt":"","rel":"","context":"Article similaire","img":{"alt_text":"","src":"https:\/\/i1.wp.com\/www.passionfruits.fr\/wp-content\/uploads\/2015\/12\/kiwi.jpg?fit=375%2C320&ssl=1&resize=350%2C200","width":350,"height":200},"classes":[]},{"id":5091,"url":"https:\/\/www.passionfruits.fr\/index.php\/produit\/mangue-promo-la-piece\/","url_meta":{"origin":6325,"position":2},"title":"Mangue P\u00e9rou Cat 1 la pi\u00e8ce","date":"7 d\u00e9cembre 2015","format":false,"excerpt":"La laisser a\u0300 la tempe\u0301rature de la pie\u0300ce jusqu\u2019a\u0300 ce qu\u2019elle soit mu\u0302re. Une mangue encore verte continuera a\u0300 mu\u0302rir pendant une semaine a\u0300 la tempe\u0301rature ambiante. La placer dans un sac de papier si on de\u0301sire acce\u0301le\u0301rer le mu\u0302rissement. Ne jamais conserver au r\u00e9frig\u00e9rateur.","rel":"","context":"Article similaire","img":{"alt_text":"","src":"https:\/\/i1.wp.com\/www.passionfruits.fr\/wp-content\/uploads\/2016\/03\/mangues.jpg?fit=570%2C570&ssl=1&resize=350%2C200","width":350,"height":200},"classes":[]},{"id":4965,"url":"https:\/\/www.passionfruits.fr\/index.php\/produit\/salade-feuille-de-chene-verte-la-piece\/","url_meta":{"origin":6325,"position":3},"title":"Salade F. de Ch\u00eane verte France Cat 1 la pi\u00e8ce","date":"7 d\u00e9cembre 2015","format":false,"excerpt":"","rel":"","context":"Article similaire","img":{"alt_text":"","src":"https:\/\/i0.wp.com\/www.passionfruits.fr\/wp-content\/uploads\/2015\/12\/feuille.jpg?fit=424%2C519&ssl=1&resize=350%2C200","width":350,"height":200},"classes":[]},{"id":18761,"url":"https:\/\/www.passionfruits.fr\/index.php\/produit\/fraise-gariguette-promo-france-cat-1-les-2-barquettes-de-250-grs\/","url_meta":{"origin":6325,"position":4},"title":"Fraise Gariguette France Cat 1 la barquettes de 250 grs","date":"21 avril 2022","format":false,"excerpt":"\u00a0 \u00a0","rel":"","context":"Article similaire","img":{"alt_text":"","src":"https:\/\/i1.wp.com\/www.passionfruits.fr\/wp-content\/uploads\/2015\/12\/Gariguette.jpg?fit=600%2C600&ssl=1&resize=350%2C200","width":350,"height":200},"classes":[]},{"id":6327,"url":"https:\/\/www.passionfruits.fr\/index.php\/produit\/pomelos-promo-rose-lot-de-3-pieces\/","url_meta":{"origin":6325,"position":5},"title":"Pomelos Rose Espagne cat 1 promo les 3 pi\u00e8ces","date":"7 d\u00e9cembre 2015","format":false,"excerpt":"Conservation: A temp\u00e9rature ambiante pendant une semaine, attention je risque de s\u00e9cher. Au r\u00e9frig\u00e9rateur vous pourrez me conserver 3 semaines, sans risque de d\u00e9shydratation ainsi je garde tous mon jus et mes vitamines !!!","rel":"","context":"Article similaire","img":{"alt_text":"","src":"https:\/\/i0.wp.com\/www.passionfruits.fr\/wp-content\/uploads\/2015\/12\/Pomelos.jpg?fit=600%2C600&ssl=1&resize=350%2C200","width":350,"height":200},"classes":[]}],"_links":{"self":[{"href":"https:\/\/www.passionfruits.fr\/index.php\/wp-json\/wp\/v2\/product\/6325"}],"collection":[{"href":"https:\/\/www.passionfruits.fr\/index.php\/wp-json\/wp\/v2\/product"}],"about":[{"href":"https:\/\/www.passionfruits.fr\/index.php\/wp-json\/wp\/v2\/types\/product"}],"replies":[{"embeddable":true,"href":"https:\/\/www.passionfruits.fr\/index.php\/wp-json\/wp\/v2\/comments?post=6325"}],"wp:featuredmedia":[{"embeddable":true,"href":"https:\/\/www.passionfruits.fr\/index.php\/wp-json\/wp\/v2\/media\/5019"}],"wp:attachment":[{"href":"https:\/\/www.passionfruits.fr\/index.php\/wp-json\/wp\/v2\/media?parent=6325"}],"curies":[{"name":"wp","href":"https:\/\/api.w.org\/{rel}","templated":true}]}}