{"id":6436,"date":"2015-12-07T11:42:42","date_gmt":"2015-12-07T10:42:42","guid":{"rendered":"http:\/\/www.andreclaude.fr\/web\/index.php\/produit\/a-gousses-dail-marinees-bocal-314-ml\/"},"modified":"2018-10-04T16:54:00","modified_gmt":"2018-10-04T15:54:00","slug":"a-gousses-dail-marinees-bocal-314-ml","status":"publish","type":"product","link":"https:\/\/www.passionfruits.fr\/index.php\/produit\/a-gousses-dail-marinees-bocal-314-ml\/","title":{"rendered":"Gousses d&#8217;Ail Marin\u00e9es bocal 314 Ml"},"content":{"rendered":"<p>Maison\u00a0 CASTELLINO<\/p>\n<p>Distribu\u00e9 par<\/p>\n<p>DISTRAZUR<\/p>\n<p><span class=\"LrzXr\">ZI des plaines,<\/span><\/p>\n<p><span class=\"LrzXr\"> 80 chemins des buis,<\/span><\/p>\n<p><span class=\"LrzXr\"> 26780 Malataverne<\/span><\/p>\n","protected":false},"excerpt":{"rendered":"<p>Gousses d&#8217;ail marin\u00e9es aux herbes, a manger comme des olives.<\/p>\n","protected":false},"featured_media":6437,"comment_status":"closed","ping_status":"closed","template":"","meta":{"spay_email":"","jetpack_publicize_message":"","jetpack_is_tweetstorm":false},"jetpack_publicize_connections":[],"jetpack_sharing_enabled":true,"jetpack-related-posts":[{"id":18132,"url":"https:\/\/www.passionfruits.fr\/index.php\/produit\/tube-de-2-gousses-de-vanille-de-madagascar\/","url_meta":{"origin":6436,"position":0},"title":"Tube de 2 gousses de Vanille de Madagascar","date":"22 juin 2021","format":false,"excerpt":"","rel":"","context":"Article similaire","img":{"alt_text":"","src":"https:\/\/i0.wp.com\/www.passionfruits.fr\/wp-content\/uploads\/2021\/06\/gousse-vanille-bourbon-eurovanille-1-main-1300.jpg?fit=600%2C600&ssl=1&resize=350%2C200","width":350,"height":200},"classes":[]},{"id":6339,"url":"https:\/\/www.passionfruits.fr\/index.php\/produit\/olive-ail-et-persil-barq-env-350-grs\/","url_meta":{"origin":6436,"position":1},"title":"Olive Ail et persil Barq. env. 350 grs","date":"7 d\u00e9cembre 2015","format":false,"excerpt":"Olive, ail et persil. Conditionn\u00e9 en barquette refermable \u00e0 volont\u00e9 pour garder toute sa saveur.","rel":"","context":"Article similaire","img":{"alt_text":"","src":"https:\/\/i0.wp.com\/www.passionfruits.fr\/wp-content\/uploads\/2015\/12\/oliv-ail.jpg?fit=300%2C300&ssl=1&resize=350%2C200","width":350,"height":200},"classes":[]},{"id":4953,"url":"https:\/\/www.passionfruits.fr\/index.php\/produit\/ail-violet-les-100-grs\/","url_meta":{"origin":6436,"position":2},"title":"Ail sec  Espagne la t\u00eate 100 g","date":"7 d\u00e9cembre 2015","format":false,"excerpt":"un ail au singulier, des aulx au pluriel.","rel":"","context":"Article similaire","img":{"alt_text":"","src":"https:\/\/i0.wp.com\/www.passionfruits.fr\/wp-content\/uploads\/2015\/12\/ail-violet.jpg?fit=1200%2C1200&ssl=1&resize=350%2C200","width":350,"height":200},"classes":[]},{"id":5646,"url":"https:\/\/www.passionfruits.fr\/index.php\/produit\/roule-ail-et-fines-herbes-part-env-150-grs\/","url_meta":{"origin":6436,"position":3},"title":"Roul\u00e9 ail et fine herbe part environ 100 grs","date":"7 d\u00e9cembre 2015","format":false,"excerpt":"Le Roul\u00e9 est un fromage de vache frais fabriqu\u00e9 dans notre fromagerie des Vosges. Son go\u00fbt \u00e9quilibr\u00e9 d\u2019ail et de fines herbes et sa texture onctueuse en font une sp\u00e9cialit\u00e9 incontournable du plateau de fromage. Ingr\u00e9dients : Lait et cr\u00e8me pasteuris\u00e9s, sel, amidon, ail (0.7%), fines herbes (0.4%), conservateur :\u2026","rel":"","context":"Article similaire","img":{"alt_text":"","src":"https:\/\/i2.wp.com\/www.passionfruits.fr\/wp-content\/uploads\/2015\/12\/roule.jpg?fit=300%2C300&ssl=1&resize=350%2C200","width":350,"height":200},"classes":[]},{"id":7901,"url":"https:\/\/www.passionfruits.fr\/index.php\/produit\/crouton-a-l-ail-le-sachet-de-100g\/","url_meta":{"origin":6436,"position":4},"title":"Crouton \u00e0 l' ail le sachet de 100g","date":"29 janvier 2016","format":false,"excerpt":"Id\u00e9ale pour accompagner vos soupes ou vos salades. Ingr\u00e9dients : farine de bl\u00e9, huile de tournesol, levure, sel, ar\u00f4me naturel d'ail (1.6%), traces de lait Valeurs nutritionnelles moyennes pour 100g Energie : 2163kj\/518kcal Mati\u00e8res grasses : 28.9g dont acides gras satur\u00e9s : 3g Glucides : 54.3g dont sucres 3.5g Prot\u00e9ines\u2026","rel":"","context":"Article similaire","img":{"alt_text":"","src":"https:\/\/i1.wp.com\/www.passionfruits.fr\/wp-content\/uploads\/2016\/01\/crouton-ail.jpg?fit=600%2C600&ssl=1&resize=350%2C200","width":350,"height":200},"classes":[]},{"id":18323,"url":"https:\/\/www.passionfruits.fr\/index.php\/produit\/croutons-ail-et-basilic-sachet-de-150-gr\/","url_meta":{"origin":6436,"position":5},"title":"Croutons ail et basilic sachet de 150 Gr","date":"16 septembre 2021","format":false,"excerpt":"Ingr\u00e9dients: farine de bl\u00e9, huile d'olive extra vierge 5%, huile d'olive 5%, sel iod\u00e9, arome naturel, ail 1%, basilic 1%,levure,gluten de bl\u00e9, farine de bl\u00e9 malt\u00e9e, malt d 'orge grill\u00e9 .Peut contenir des traces de soja et de lait. Valeurs nutritionnelles moyennes pour 100grs \u00e9nergies 1885kj_447kcal Mati\u00e8res grasses 11,9g dont\u2026","rel":"","context":"Article similaire","img":{"alt_text":"","src":"https:\/\/i1.wp.com\/www.passionfruits.fr\/wp-content\/uploads\/2021\/09\/croutons_-_sc_ail_et_basilic_-_img_4783_copier_copier_.jpg?fit=600%2C600&ssl=1&resize=350%2C200","width":350,"height":200},"classes":[]}],"_links":{"self":[{"href":"https:\/\/www.passionfruits.fr\/index.php\/wp-json\/wp\/v2\/product\/6436"}],"collection":[{"href":"https:\/\/www.passionfruits.fr\/index.php\/wp-json\/wp\/v2\/product"}],"about":[{"href":"https:\/\/www.passionfruits.fr\/index.php\/wp-json\/wp\/v2\/types\/product"}],"replies":[{"embeddable":true,"href":"https:\/\/www.passionfruits.fr\/index.php\/wp-json\/wp\/v2\/comments?post=6436"}],"wp:featuredmedia":[{"embeddable":true,"href":"https:\/\/www.passionfruits.fr\/index.php\/wp-json\/wp\/v2\/media\/6437"}],"wp:attachment":[{"href":"https:\/\/www.passionfruits.fr\/index.php\/wp-json\/wp\/v2\/media?parent=6436"}],"curies":[{"name":"wp","href":"https:\/\/api.w.org\/{rel}","templated":true}]}}