{"id":6440,"date":"2015-12-07T11:42:42","date_gmt":"2015-12-07T10:42:42","guid":{"rendered":"http:\/\/www.andreclaude.fr\/web\/index.php\/produit\/tapenade-chevre-et-tomate-le-pot\/"},"modified":"2018-10-05T16:16:37","modified_gmt":"2018-10-05T15:16:37","slug":"tapenade-chevre-et-tomate-le-pot","status":"publish","type":"product","link":"https:\/\/www.passionfruits.fr\/index.php\/produit\/tapenade-chevre-et-tomate-le-pot\/","title":{"rendered":"Tapenade &#8211; Ch\u00e8vre et tomate verrine 90g"},"content":{"rendered":"<p>Distribu\u00e9 par<\/p>\n<p>DISTRAZUR<\/p>\n<p><span class=\"LrzXr\">ZI des plaines,<\/span><\/p>\n<p><span class=\"LrzXr\"> 80 chemins des buis,<\/span><\/p>\n<p><span class=\"LrzXr\"> 26780 Malataverne<\/span><\/p>\n","protected":false},"excerpt":{"rendered":"<p>Une alliance d\u00e9licate entre l&#8217;onctuosit\u00e9 cr\u00e9meuse du ch\u00e8vre et la saveur raffin\u00e9e de la tomate s\u00e9ch\u00e9e. Comblera le plus avis\u00e9 des gastronomes.<\/p>\n<p>Ingr\u00e9dients : <strong>fromage blanc, fromage de ch\u00e8vre<\/strong> 22% tomates s\u00e9ch\u00e9es 16%, tomates pel\u00e9es concass\u00e9es, ail, sel, origan, amidon transform\u00e9, poivre blanc.<\/p>\n<p>Sans conservateur, sans OGM<\/p>\n<p>Valeurs nutritionnelles moyennes pour 100 g<\/p>\n<p>Energie : 529kj\/127kcal<\/p>\n<p>Mati\u00e8res grasses :4.5 g dont acides gras satur\u00e9s : 2.8g<\/p>\n<p>Glucides : 10,8g dont sucres 6.6g<\/p>\n<p>Prot\u00e9ines : 7.4g<\/p>\n<p>Sel : 1.6g<\/p>\n","protected":false},"featured_media":7517,"comment_status":"closed","ping_status":"closed","template":"","meta":{"spay_email":"","jetpack_publicize_message":"","jetpack_is_tweetstorm":false},"jetpack_publicize_connections":[],"jetpack_sharing_enabled":true,"jetpack-related-posts":[{"id":6162,"url":"https:\/\/www.passionfruits.fr\/index.php\/produit\/tapenade-tomates-sechees-le-pot\/","url_meta":{"origin":6440,"position":0},"title":"Tapenade - Tomates s\u00e9ch\u00e9es verrine 90g","date":"7 d\u00e9cembre 2015","format":false,"excerpt":"Le D\u00e9lice de tomates s\u00e9ch\u00e9es est caract\u00e9ris\u00e9\u00a0par une robe sombre et un moelleux flatteur en bouche. Ingr\u00e9dients : tomates s\u00e9ch\u00e9es 45%, huile de tournesol, tomates pel\u00e9es, huile d'olive, eau, ail, mozzarella, poivre. Sans conservateur, sans OGM Valeurs nutritionnelles moyennes pour 100 g Energie : 2015kj\/487kcal Mati\u00e8res grasses : 43.2 g\u2026","rel":"","context":"Article similaire","img":{"alt_text":"","src":"https:\/\/i1.wp.com\/www.passionfruits.fr\/wp-content\/uploads\/2015\/12\/delice-de-tomates-sechees.jpg?fit=458%2C458&ssl=1&resize=350%2C200","width":350,"height":200},"classes":[]},{"id":6016,"url":"https:\/\/www.passionfruits.fr\/index.php\/produit\/tomate-sechee-le-pot\/","url_meta":{"origin":6440,"position":1},"title":"Tomate s\u00e9ch\u00e9e Italienne le pot de 280 g","date":"7 d\u00e9cembre 2015","format":false,"excerpt":"Des tomates s\u00e9ch\u00e9es dans la plus pure tradition italienne. En ap\u00e9ritif ou pour accompagner tous vos plats et surtout toutes les salades. La tomate s\u00e9ch\u00e9e pour personnaliser vos recettes (ap\u00e9ritifs d\u00eenatoires, cakes sal\u00e9s, quiches, etc...). Ingr\u00e9dients : tomates s\u00e9ch\u00e9es 64%, huile de tournesol, vinaigre de vin blanc, c\u00e2pres, sel, \u00e9pices\u2026","rel":"","context":"Article similaire","img":{"alt_text":"","src":"https:\/\/i0.wp.com\/www.passionfruits.fr\/wp-content\/uploads\/2015\/12\/tomate-sechee-1.jpg?fit=599%2C600&ssl=1&resize=350%2C200","width":350,"height":200},"classes":[]},{"id":17682,"url":"https:\/\/www.passionfruits.fr\/index.php\/produit\/tomme-de-chevre-la-part-env-200g\/","url_meta":{"origin":6440,"position":2},"title":"Tomme de ch\u00e8vre la part env. 200g","date":"12 mars 2021","format":false,"excerpt":"La Fromagerie de Maul\u00e9on Dans les Pyr\u00e9n\u00e9es-Atlantiques, au c\u0153ur de la Soule, la Fromagerie de Maul\u00e9on sublime le lait de ch\u00e8vre. C\u2019est en transposant leur savoir-faire ancien et reconnu dans les p\u00e2tes press\u00e9es de brebis, embl\u00e9matiques des montagnes du Pays Basque et du B\u00e9arn, que les ma\u00eetres-fromagers de Maul\u00e9on cr\u00e9ent\u2026","rel":"","context":"Article similaire","img":{"alt_text":"","src":"https:\/\/i2.wp.com\/www.passionfruits.fr\/wp-content\/uploads\/2021\/03\/Tomme-chevre.jpg?fit=600%2C600&ssl=1&resize=350%2C200","width":350,"height":200},"classes":[]},{"id":6158,"url":"https:\/\/www.passionfruits.fr\/index.php\/produit\/tapenade-thoionade-le-pot\/","url_meta":{"origin":6440,"position":3},"title":"Tapenade - Tho\u00efonade verrine 90g","date":"7 d\u00e9cembre 2015","format":false,"excerpt":"Subtile recette au thon associ\u00e9 au piment d'Espelette et aux tomates s\u00e9ch\u00e9es. Une recette simple et authentique. Ingr\u00e9dients : thon 28%, olives vertes,poivrons rouges, huile de tournesol, tomates s\u00e9ch\u00e9es 8%, cornichons, tomates pel\u00e9es, persil, ail, huile d'olive, jus de citron, concentr\u00e9, sel\u00a0 \u00e9paississants :amidon transform\u00e9, farine de guar ,et xanthane,\u2026","rel":"","context":"Article similaire","img":{"alt_text":"","src":"https:\/\/i2.wp.com\/www.passionfruits.fr\/wp-content\/uploads\/2015\/12\/thoionade.jpg?fit=458%2C458&ssl=1&resize=350%2C200","width":350,"height":200},"classes":[]},{"id":6492,"url":"https:\/\/www.passionfruits.fr\/index.php\/produit\/chevre-trefle-de-la-region-la-piece\/","url_meta":{"origin":6440,"position":4},"title":"Ch\u00e8vre Tr\u00e9fle de la r\u00e9gion la pi\u00e8ce","date":"7 d\u00e9cembre 2015","format":false,"excerpt":"Le Tr\u00e8fle CCP Fromage de ch\u00e8vre fermier au lait cru \u2013 CCP (certification de conformit\u00e9 de produit) \u00a0EARL DU PETIT PERCHE (97% de lait frais, 2% de lactos\u00e9rum issu de l\u2019exploitation,\u00a00,8% de pr\u00e9sure et 0,2 % de sel), provenant de L\u2019EARL DU PETIT PERCHE, Moul\u00e9 \u00e0 la louche Affin\u00e9 ou\u2026","rel":"","context":"Article similaire","img":{"alt_text":"","src":"https:\/\/i1.wp.com\/www.passionfruits.fr\/wp-content\/uploads\/2015\/12\/fromage-trefle.jpg?fit=597%2C596&ssl=1&resize=350%2C200","width":350,"height":200},"classes":[]},{"id":9857,"url":"https:\/\/www.passionfruits.fr\/index.php\/produit\/chevre-fruits-rouge-la-piece-env-100g\/","url_meta":{"origin":6440,"position":5},"title":"Ch\u00e8vre Perche blanc piment de la r\u00e9gion la pi\u00e8ce","date":"11 d\u00e9cembre 2016","format":false,"excerpt":"Le Petit Perche Piment d\u2019Espelette Fromage de ch\u00e8vre fermier au lait cru \u2013 EARL DU PETIT PERCHE (97% de lait frais, 2 % de lactos\u00e9rum issu de l\u2019exploitation, 0,8% de pr\u00e9sure, 0,1 % de sel et 0,1 % de piment), provenant de L\u2019EARL DU PETIT PERCHE, Moul\u00e9 \u00e0 la louche\u2026","rel":"","context":"Article similaire","img":{"alt_text":"","src":"https:\/\/i0.wp.com\/www.passionfruits.fr\/wp-content\/uploads\/2016\/12\/chevre-aromatise.jpg?fit=591%2C600&ssl=1&resize=350%2C200","width":350,"height":200},"classes":[]}],"_links":{"self":[{"href":"https:\/\/www.passionfruits.fr\/index.php\/wp-json\/wp\/v2\/product\/6440"}],"collection":[{"href":"https:\/\/www.passionfruits.fr\/index.php\/wp-json\/wp\/v2\/product"}],"about":[{"href":"https:\/\/www.passionfruits.fr\/index.php\/wp-json\/wp\/v2\/types\/product"}],"replies":[{"embeddable":true,"href":"https:\/\/www.passionfruits.fr\/index.php\/wp-json\/wp\/v2\/comments?post=6440"}],"wp:featuredmedia":[{"embeddable":true,"href":"https:\/\/www.passionfruits.fr\/index.php\/wp-json\/wp\/v2\/media\/7517"}],"wp:attachment":[{"href":"https:\/\/www.passionfruits.fr\/index.php\/wp-json\/wp\/v2\/media?parent=6440"}],"curies":[{"name":"wp","href":"https:\/\/api.w.org\/{rel}","templated":true}]}}