{"id":6445,"date":"2015-12-07T11:42:42","date_gmt":"2015-12-07T10:42:42","guid":{"rendered":"http:\/\/www.andreclaude.fr\/web\/index.php\/produit\/m-nougat-amandes-creme-brulee-part-180-grs-env\/"},"modified":"2021-03-19T15:51:36","modified_gmt":"2021-03-19T14:51:36","slug":"m-nougat-amandes-creme-brulee-part-180-grs-env","status":"publish","type":"product","link":"https:\/\/www.passionfruits.fr\/index.php\/produit\/m-nougat-amandes-creme-brulee-part-180-grs-env\/","title":{"rendered":"Nougat amandes cr\u00e8me brul\u00e9e part 180g env."},"content":{"rendered":"","protected":false},"excerpt":{"rendered":"","protected":false},"featured_media":9448,"comment_status":"closed","ping_status":"closed","template":"","meta":{"spay_email":"","jetpack_publicize_message":"","jetpack_is_tweetstorm":false},"jetpack_publicize_connections":[],"jetpack_sharing_enabled":true,"jetpack-related-posts":[{"id":6444,"url":"https:\/\/www.passionfruits.fr\/index.php\/produit\/n-nougat-amandes-caramel-part-180-grs-env\/","url_meta":{"origin":6445,"position":0},"title":"Nougat amandes caramel part 180g env.","date":"7 d\u00e9cembre 2015","format":false,"excerpt":"","rel":"","context":"Article similaire","img":{"alt_text":"","src":"https:\/\/i0.wp.com\/www.passionfruits.fr\/wp-content\/uploads\/2015\/12\/nougat-caramel.jpg?fit=600%2C600&ssl=1&resize=350%2C200","width":350,"height":200},"classes":[]},{"id":6465,"url":"https:\/\/www.passionfruits.fr\/index.php\/produit\/p-nougat-aux-amandes-pistachenutella-part-180-grs-env\/","url_meta":{"origin":6445,"position":1},"title":"Nougat Pistache\/nutella part 180g env.","date":"7 d\u00e9cembre 2015","format":false,"excerpt":"","rel":"","context":"Article similaire","img":{"alt_text":"","src":"https:\/\/i0.wp.com\/www.passionfruits.fr\/wp-content\/uploads\/2015\/12\/nougat-pistache.jpg?fit=598%2C599&ssl=1&resize=350%2C200","width":350,"height":200},"classes":[]},{"id":6442,"url":"https:\/\/www.passionfruits.fr\/index.php\/produit\/l-nougat-aux-amandes-nature-part-180-grs-env\/","url_meta":{"origin":6445,"position":2},"title":"Nougat amandes nature part 180g env.","date":"7 d\u00e9cembre 2015","format":false,"excerpt":"Il est tendre, moelleux et surtout\u00a0peu sucr\u00e9, gr\u00e2ce \u00e0 la\u00a0pectine de fruit\u00a0qui sert de\u00a0sucrant\u00a0et g\u00e9lifiant naturel.","rel":"","context":"Article similaire","img":{"alt_text":"","src":"https:\/\/i2.wp.com\/www.passionfruits.fr\/wp-content\/uploads\/2015\/12\/Nougat-part.jpg?fit=600%2C600&ssl=1&resize=350%2C200","width":350,"height":200},"classes":[]},{"id":6464,"url":"https:\/\/www.passionfruits.fr\/index.php\/produit\/o-nougat-amandes-fruits-confits-part-180-grs-env\/","url_meta":{"origin":6445,"position":3},"title":"Nougat amandes Fruits confits part 180 grs env.","date":"7 d\u00e9cembre 2015","format":false,"excerpt":"","rel":"","context":"Article similaire","img":{"alt_text":"","src":"https:\/\/i1.wp.com\/www.passionfruits.fr\/wp-content\/uploads\/2015\/12\/nougat-fruit-confit3.jpg?fit=600%2C600&ssl=1&resize=350%2C200","width":350,"height":200},"classes":[]},{"id":10992,"url":"https:\/\/www.passionfruits.fr\/index.php\/produit\/nougat-tendre-aux-amandes-barre-de-100-g\/","url_meta":{"origin":6445,"position":4},"title":"Nougat tendre aux amandes barre de 50 g","date":"31 ao\u00fbt 2017","format":false,"excerpt":"Cette barre 100 g de Nougat tendre se glissera facilement dans votre poche. Vous pourrez consommer cette confiserie traditionnelle seul ou \u00e0 deux.\u00a0Vous profiterez pleinement de ce m\u00e9lange de saveurs d'amandes et de Miel. Facile \u00e0 d\u00e9guster. Ingr\u00e9dients : sucre, glucose, amandes grill\u00e9es 15%, vanilline, blancs d'oeuf, miel. Distribution confiserie\u2026","rel":"","context":"Article similaire","img":{"alt_text":"","src":"https:\/\/i1.wp.com\/www.passionfruits.fr\/wp-content\/uploads\/2017\/08\/barre-nougat.jpg?fit=598%2C598&ssl=1&resize=350%2C200","width":350,"height":200},"classes":[]},{"id":13584,"url":"https:\/\/www.passionfruits.fr\/index.php\/produit\/amande-effilee-barq-env-200-grs\/","url_meta":{"origin":6445,"position":5},"title":"Amande effil\u00e9e Barq. env. 200 grs","date":"21 f\u00e9vrier 2019","format":false,"excerpt":"Conditionn\u00e9 en barquette refermable \u00e0 volont\u00e9 pour garder toute sa saveur. Ingredi\u00e9nts : amandes \u00e9ffil\u00e9es Valeurs nutritionnelles moyennes pour 100 g Energie : 2625kj\/635kcal Mati\u00e8res grasses : 56g dont acides gras satures : 4,5g Glucides : 4,9g dont sucres 4,3g Prot\u00e9ines : 24g Sel <0,1g Distribu\u00e9 par Agidra 69801 SAINT\u2026","rel":"","context":"Article similaire","img":{"alt_text":"","src":"https:\/\/i0.wp.com\/www.passionfruits.fr\/wp-content\/uploads\/2019\/02\/Amande-effilee.jpg?fit=600%2C600&ssl=1&resize=350%2C200","width":350,"height":200},"classes":[]}],"_links":{"self":[{"href":"https:\/\/www.passionfruits.fr\/index.php\/wp-json\/wp\/v2\/product\/6445"}],"collection":[{"href":"https:\/\/www.passionfruits.fr\/index.php\/wp-json\/wp\/v2\/product"}],"about":[{"href":"https:\/\/www.passionfruits.fr\/index.php\/wp-json\/wp\/v2\/types\/product"}],"replies":[{"embeddable":true,"href":"https:\/\/www.passionfruits.fr\/index.php\/wp-json\/wp\/v2\/comments?post=6445"}],"wp:featuredmedia":[{"embeddable":true,"href":"https:\/\/www.passionfruits.fr\/index.php\/wp-json\/wp\/v2\/media\/9448"}],"wp:attachment":[{"href":"https:\/\/www.passionfruits.fr\/index.php\/wp-json\/wp\/v2\/media?parent=6445"}],"curies":[{"name":"wp","href":"https:\/\/api.w.org\/{rel}","templated":true}]}}