{"id":6450,"date":"2015-12-07T11:42:50","date_gmt":"2015-12-07T10:42:50","guid":{"rendered":"http:\/\/www.andreclaude.fr\/web\/index.php\/produit\/figue-seche-les-250-grs\/"},"modified":"2024-10-08T06:58:27","modified_gmt":"2024-10-08T05:58:27","slug":"figue-seche-les-250-grs","status":"publish","type":"product","link":"https:\/\/www.passionfruits.fr\/index.php\/produit\/figue-seche-les-250-grs\/","title":{"rendered":"Figue s\u00e8che Turquie Cat 1 les 250g"},"content":{"rendered":"<p>Origine : Turquie<\/p>\n","protected":false},"excerpt":{"rendered":"<p>Ingr\u00e9dients : Figue s\u00e9ch\u00e9e<br \/>\nValeurs \u00e9nerg\u00e9tiques et nutritionnelles moyennes pour 100 g:<br \/>\nEnergie 1148kj\/271kcal<br \/>\nGraisses 2.8g dont acides gras satur\u00e9s 0.4g<br \/>\nGlucides 58g dont sucres 49g<br \/>\nFibres alimentaires : 13.5g<br \/>\nProt\u00e9ines 3.6g<br \/>\nSel 0.15g<\/p>\n","protected":false},"featured_media":6991,"comment_status":"closed","ping_status":"closed","template":"","meta":{"spay_email":"","jetpack_publicize_message":"","jetpack_is_tweetstorm":false},"jetpack_publicize_connections":[],"jetpack_sharing_enabled":true,"jetpack-related-posts":[{"id":6448,"url":"https:\/\/www.passionfruits.fr\/index.php\/produit\/1-corbeille-de-fruits-secs\/","url_meta":{"origin":6450,"position":0},"title":"Corbeille de fruits secs le panier","date":"7 d\u00e9cembre 2015","format":false,"excerpt":"Composition de fruits secs extras panier de un kilo Pruneaux de France, abricots et figues de Turquie et dattes d'Alg\u00e9rie , pour le plaisir des papilles.","rel":"","context":"Article similaire","img":{"alt_text":"","src":"https:\/\/i0.wp.com\/www.passionfruits.fr\/wp-content\/uploads\/2015\/12\/fruit-sec1.jpg?fit=602%2C602&ssl=1&resize=350%2C200","width":350,"height":200},"classes":[]},{"id":6060,"url":"https:\/\/www.passionfruits.fr\/index.php\/produit\/confiture-figue-le-pot\/","url_meta":{"origin":6450,"position":1},"title":"Confiture de figue le pot de 370g","date":"7 d\u00e9cembre 2015","format":false,"excerpt":"Confiture Extra Daniel Boudet Pr\u00e9par\u00e9e avec 55g de fruit pour 100g de produit fini. Teneur totale en sucres : 60g pour 100g Ingr\u00e9dients : Figue, sucre, g\u00e9lifiant : pectine. OGM : Garanti sans OGM IONISATION : Ce produit n'est pas trait\u00e9 par ionisation et ne contient aucun ingr\u00e9dient ou additif\u2026","rel":"","context":"Article similaire","img":{"alt_text":"","src":"https:\/\/i0.wp.com\/www.passionfruits.fr\/wp-content\/uploads\/2015\/12\/figue11.jpg?fit=600%2C600&ssl=1&resize=350%2C200","width":350,"height":200},"classes":[]},{"id":17752,"url":"https:\/\/www.passionfruits.fr\/index.php\/produit\/toasts-aux-figues-sachet-140g\/","url_meta":{"origin":6450,"position":2},"title":"Toasts Aux figues sachet 140g","date":"19 mars 2021","format":false,"excerpt":"Toutes les biscotteries artisanales ont disparu au cours des d\u00e9cennies qui suivirent, laissant place aux nombreuses fabrications industrielles. Toutes sauf une\u2026 la derni\u00e8re biscotterie artisanale en France aujourd\u2019hui encore, \u00e0\u00a0Saint Germain du\u00a0Salembre, \u00e9labore les biscottes suivant la recette et le savoir-faire authentiques. L\u2019association des morceaux de figues ou de raisin\u2026","rel":"","context":"Article similaire","img":{"alt_text":"","src":"https:\/\/i0.wp.com\/www.passionfruits.fr\/wp-content\/uploads\/2021\/03\/toast-figues.jpg?fit=600%2C596&ssl=1&resize=350%2C200","width":350,"height":200},"classes":[]},{"id":5347,"url":"https:\/\/www.passionfruits.fr\/index.php\/produit\/abricot-sec-les-250-grs\/","url_meta":{"origin":6450,"position":3},"title":"Abricot moelleux Turquie Cat 1 les 250g","date":"7 d\u00e9cembre 2015","format":false,"excerpt":"Ingr\u00e9dients : abricots secs de Turquie, eau, antioxydant : anhydride sulfureux, conservateur sorbate de potassium Valeurs \u00e9nerg\u00e9tiques et nutritionnelles moyennes pour 100 g: Energie 818kj\/193kcal Graisses 0.3g dont acides gras satur\u00e9s 0.1g Glucides 42g dont sucres 32g Fibres alimentaires : 4.5g Prot\u00e9ines 2g Sel 0.07g","rel":"","context":"Article similaire","img":{"alt_text":"","src":"https:\/\/i1.wp.com\/www.passionfruits.fr\/wp-content\/uploads\/2015\/12\/abricotsec.jpg?fit=346%2C346&ssl=1&resize=350%2C200","width":350,"height":200},"classes":[]},{"id":6903,"url":"https:\/\/www.passionfruits.fr\/index.php\/produit\/figuette-andalousie-les-500-grs\/","url_meta":{"origin":6450,"position":4},"title":"Figuette Andalousie Cat 1  les 500g","date":"11 d\u00e9cembre 2015","format":false,"excerpt":"Figuettes s\u00e9ch\u00e9es sans sucre ajout\u00e9, sans conservateur ni colorant.Petite figue s\u00e9ch\u00e9e naturellement au soleil d'Andalousie. Ingr\u00e9dients : Figues s\u00e9ch\u00e9es, farine de riz","rel":"","context":"Article similaire","img":{"alt_text":"","src":"https:\/\/i0.wp.com\/www.passionfruits.fr\/wp-content\/uploads\/2015\/12\/figuette-sechee.jpg?fit=600%2C600&ssl=1&resize=350%2C200","width":350,"height":200},"classes":[]},{"id":5654,"url":"https:\/\/www.passionfruits.fr\/index.php\/produit\/tomme-corse-part-env-200-grs\/","url_meta":{"origin":6450,"position":5},"title":"Tomme Corse part environ 200g","date":"7 d\u00e9cembre 2015","format":false,"excerpt":"Cette tomme de brebis est fabriqu\u00e9e de mani\u00e8re traditionnelle en Corse. Sa p\u00e2te a de doux parfums de noisette ainsi qu\u2019un subtil go\u00fbt de lait brebis.Elle s\u2019accompagne \u00e0 merveille de confiture de figues ou de cerises noires. Ingr\u00e9dients :\u00a0lait de brebis pasteuris\u00e9, sel, pr\u00e9sure et ferments. \u00a0 Valeurs nutritionnelles moyennes\u2026","rel":"","context":"Article similaire","img":{"alt_text":"","src":"https:\/\/i0.wp.com\/www.passionfruits.fr\/wp-content\/uploads\/2015\/12\/tomme-corse.jpg?fit=600%2C598&ssl=1&resize=350%2C200","width":350,"height":200},"classes":[]}],"_links":{"self":[{"href":"https:\/\/www.passionfruits.fr\/index.php\/wp-json\/wp\/v2\/product\/6450"}],"collection":[{"href":"https:\/\/www.passionfruits.fr\/index.php\/wp-json\/wp\/v2\/product"}],"about":[{"href":"https:\/\/www.passionfruits.fr\/index.php\/wp-json\/wp\/v2\/types\/product"}],"replies":[{"embeddable":true,"href":"https:\/\/www.passionfruits.fr\/index.php\/wp-json\/wp\/v2\/comments?post=6450"}],"wp:featuredmedia":[{"embeddable":true,"href":"https:\/\/www.passionfruits.fr\/index.php\/wp-json\/wp\/v2\/media\/6991"}],"wp:attachment":[{"href":"https:\/\/www.passionfruits.fr\/index.php\/wp-json\/wp\/v2\/media?parent=6450"}],"curies":[{"name":"wp","href":"https:\/\/api.w.org\/{rel}","templated":true}]}}