{"id":6456,"date":"2015-12-07T11:42:50","date_gmt":"2015-12-07T10:42:50","guid":{"rendered":"http:\/\/www.andreclaude.fr\/web\/index.php\/produit\/baie-de-goji-barq-200grs-env\/"},"modified":"2019-11-13T17:42:42","modified_gmt":"2019-11-13T16:42:42","slug":"baie-de-goji-barq-200grs-env","status":"publish","type":"product","link":"https:\/\/www.passionfruits.fr\/index.php\/produit\/baie-de-goji-barq-200grs-env\/","title":{"rendered":"Baie de Goji Sachet 150grs"},"content":{"rendered":"","protected":false},"excerpt":{"rendered":"<p>Baies de goji. Contient des sulfites. Traces possibles d&#8217;arachides et de fruits \u00e0 coque. Origine Chine<\/p>\n","protected":false},"featured_media":6760,"comment_status":"closed","ping_status":"closed","template":"","meta":{"spay_email":"","jetpack_publicize_message":"","jetpack_is_tweetstorm":false},"jetpack_publicize_connections":[],"jetpack_sharing_enabled":true,"jetpack-related-posts":[{"id":5835,"url":"https:\/\/www.passionfruits.fr\/index.php\/produit\/wasabi-barq-150-g\/","url_meta":{"origin":6456,"position":0},"title":"Wasabi barquette 200 g environ soit 9.95\u20ac le Kg","date":"7 d\u00e9cembre 2015","format":false,"excerpt":"Une arachide enrob\u00e9 d'une p\u00e2te croustillante et de wasabi, un produit relev\u00e9 et croustillant. Conditionn\u00e9 en barquette refermable \u00e0 volont\u00e9 pour garder toute sa saveur. Ingr\u00e9dients : Arachide 37%, amidon de ma\u00efs, farine de bl\u00e9, sucre, huile de palme, sel, poudre de wasabi 0.3% (contient moutarde), colorant: E140. Traces possibles\u2026","rel":"","context":"Article similaire","img":{"alt_text":"","src":"https:\/\/i0.wp.com\/www.passionfruits.fr\/wp-content\/uploads\/2015\/12\/wasabi1.jpg?fit=600%2C600&ssl=1&resize=350%2C200","width":350,"height":200},"classes":[]},{"id":19989,"url":"https:\/\/www.passionfruits.fr\/index.php\/produit\/lentille-blonde-france-eure-et-loir-sachet-500g\/","url_meta":{"origin":6456,"position":1},"title":"Lentille Blonde Eure et Loir sachet 500g","date":"30 mai 2024","format":false,"excerpt":"Origine Eure et Loir. Produit \u00e0 l\u2019ancienne, nous utilisons des vari\u00e9t\u00e9s anciennes ayant davantage de go\u00fbt. Elle compte parmi les plus anciennes et plus appr\u00e9ci\u00e9es des l\u00e9gumineuses.\u00a0 Ces produits sont cultiv\u00e9s sur une exploitation qui respecte l\u2019environnement. EURE\u00a0 ET\u00a0 LOIR Ne salez jamais l eau de cuisson, car les l\u00e9gumes\u2026","rel":"","context":"Article similaire","img":{"alt_text":"","src":"https:\/\/i0.wp.com\/www.passionfruits.fr\/wp-content\/uploads\/2015\/12\/lentille-1.jpg?fit=600%2C600&ssl=1&resize=350%2C200","width":350,"height":200},"classes":[]},{"id":5366,"url":"https:\/\/www.passionfruits.fr\/index.php\/produit\/lentille-corail-les-500-grs\/","url_meta":{"origin":6456,"position":2},"title":"Lentille corail Eure et Loir sachet 500g","date":"7 d\u00e9cembre 2015","format":false,"excerpt":"Trempage : non. Dur\u00e9e de cuisson \u00e0 l'\u00e9bullition : 20 minutes Ingr\u00e9dients :Lentille corail, traces possibles d'arachide, fruits \u00e0 la coque, de gluten, de s\u00e9same et de sulfites. Valeurs \u00e9nerg\u00e9tiques et nutritionnelles moyennes pour 100g : \u00e9nergie: 1413kJ\/ 334kcal Mati\u00e8res grasses: 2,2g dont acides gras satur\u00e9s: <0,5g Glucides: 48g dont\u2026","rel":"","context":"Article similaire","img":{"alt_text":"","src":"https:\/\/i1.wp.com\/www.passionfruits.fr\/wp-content\/uploads\/2015\/12\/lentille-corail.jpg?fit=600%2C600&ssl=1&resize=350%2C200","width":350,"height":200},"classes":[]},{"id":5352,"url":"https:\/\/www.passionfruits.fr\/index.php\/produit\/haricot-rouge-les-500-grs\/","url_meta":{"origin":6456,"position":3},"title":"Haricot rouge Eure et Loir sachet 500g","date":"7 d\u00e9cembre 2015","format":false,"excerpt":"Trempage : 12h. Dur\u00e9e de cuisson \u00e0 l'\u00e9bullition : 1h30. Energie: 487kJ\/ 116kcal Mati\u00e8res grasses: 0,5g dont acides gras satures: 0,1g Glucides: 15,4g dont sucres: 0,3g Fibres Alimentaires: 7,4g Prot\u00e9ines: 8,7g Sel: 0,60g Fer: 2,94mg Vitamine B9: 130\u00b5g Haricot. Traces possibles d'arachide de fruits \u00e0 la coque, de gluten, de\u2026","rel":"","context":"Article similaire","img":{"alt_text":"","src":"https:\/\/i1.wp.com\/www.passionfruits.fr\/wp-content\/uploads\/2015\/12\/haricot-rouge.jpg?fit=550%2C442&ssl=1&resize=350%2C200","width":350,"height":200},"classes":[]},{"id":5364,"url":"https:\/\/www.passionfruits.fr\/index.php\/produit\/pois-chiche-les-500-grs\/","url_meta":{"origin":6456,"position":4},"title":"Pois Chiche Eure et Loir sachet 500g","date":"7 d\u00e9cembre 2015","format":false,"excerpt":"Trempage : 12h. Dur\u00e9e de cuisson \u00e0 l'\u00e9bullition : 3 h\u00a0 ( ou 1 h en autocuiseur) Pois chiches. Traces possibles d'arachide, de fruits \u00e0 coque, de gluten, de s\u00e9same et de sulfite Valeurs nutritionnelles moyennes pour 100g Energie: 364kcal Matieres grasses: 6g dont acides gras satures: 0.6g Glucides: 61g\u2026","rel":"","context":"Article similaire","img":{"alt_text":"","src":"https:\/\/i2.wp.com\/www.passionfruits.fr\/wp-content\/uploads\/2015\/12\/pois-chiche.jpg?fit=600%2C597&ssl=1&resize=350%2C200","width":350,"height":200},"classes":[]},{"id":6092,"url":"https:\/\/www.passionfruits.fr\/index.php\/produit\/epice-baies-roses-le-pot\/","url_meta":{"origin":6456,"position":5},"title":"Baies rose le pot","date":"7 d\u00e9cembre 2015","format":false,"excerpt":"Ingr\u00e9dients : baies roses Traces possibles de c\u00e9leri, gluten, moutarde et s\u00e9same","rel":"","context":"Article similaire","img":{"alt_text":"","src":"https:\/\/i1.wp.com\/www.passionfruits.fr\/wp-content\/uploads\/2015\/12\/Epice-divers.jpg?fit=600%2C600&ssl=1&resize=350%2C200","width":350,"height":200},"classes":[]}],"_links":{"self":[{"href":"https:\/\/www.passionfruits.fr\/index.php\/wp-json\/wp\/v2\/product\/6456"}],"collection":[{"href":"https:\/\/www.passionfruits.fr\/index.php\/wp-json\/wp\/v2\/product"}],"about":[{"href":"https:\/\/www.passionfruits.fr\/index.php\/wp-json\/wp\/v2\/types\/product"}],"replies":[{"embeddable":true,"href":"https:\/\/www.passionfruits.fr\/index.php\/wp-json\/wp\/v2\/comments?post=6456"}],"wp:featuredmedia":[{"embeddable":true,"href":"https:\/\/www.passionfruits.fr\/index.php\/wp-json\/wp\/v2\/media\/6760"}],"wp:attachment":[{"href":"https:\/\/www.passionfruits.fr\/index.php\/wp-json\/wp\/v2\/media?parent=6456"}],"curies":[{"name":"wp","href":"https:\/\/api.w.org\/{rel}","templated":true}]}}