{"id":6476,"date":"2015-12-07T11:42:57","date_gmt":"2015-12-07T10:42:57","guid":{"rendered":"http:\/\/www.andreclaude.fr\/web\/index.php\/produit\/tomate-grosse-au-kilo\/"},"modified":"2026-05-05T06:57:27","modified_gmt":"2026-05-05T05:57:27","slug":"tomate-grosse-au-kilo","status":"publish","type":"product","link":"https:\/\/www.passionfruits.fr\/index.php\/produit\/tomate-grosse-au-kilo\/","title":{"rendered":"Tomate grosse France  Cat 1 le kilo"},"content":{"rendered":"","protected":false},"excerpt":{"rendered":"<p>Environ 5 pi\u00e8ces au kilo.<\/p>\n","protected":false},"featured_media":8439,"comment_status":"closed","ping_status":"closed","template":"","meta":{"spay_email":"","jetpack_publicize_message":"","jetpack_is_tweetstorm":false},"jetpack_publicize_connections":[],"jetpack_sharing_enabled":true,"jetpack-related-posts":[{"id":6239,"url":"https:\/\/www.passionfruits.fr\/index.php\/produit\/celeri-rave-le-kilo\/","url_meta":{"origin":6476,"position":0},"title":"C\u00e8leri rave France Cat 1 la pi\u00e8ce env. 1kg","date":"7 d\u00e9cembre 2015","format":false,"excerpt":"","rel":"","context":"Article similaire","img":{"alt_text":"","src":"https:\/\/i2.wp.com\/www.passionfruits.fr\/wp-content\/uploads\/2015\/12\/celerirave.jpg?fit=300%2C288&ssl=1&resize=350%2C200","width":350,"height":200},"classes":[]},{"id":6472,"url":"https:\/\/www.passionfruits.fr\/index.php\/produit\/tomate-grappe-le-kilo\/","url_meta":{"origin":6476,"position":1},"title":"Tomate grappe  France   Cat1 le kilo","date":"7 d\u00e9cembre 2015","format":false,"excerpt":"","rel":"","context":"Article similaire","img":{"alt_text":"","src":"https:\/\/i2.wp.com\/www.passionfruits.fr\/wp-content\/uploads\/2015\/12\/tomate-grappe.jpg?fit=600%2C600&ssl=1&resize=350%2C200","width":350,"height":200},"classes":[]},{"id":6376,"url":"https:\/\/www.passionfruits.fr\/index.php\/produit\/p-d-t-grenaille-x-5-kg-le-kilo\/","url_meta":{"origin":6476,"position":2},"title":"P.D.T. Grenaille  Promo  France Cat 1 les 5 kg soit 2,50 \u20ac le kg","date":"7 d\u00e9cembre 2015","format":false,"excerpt":"Pomme de terre agatha Calibre 28mm-40mm Pommes de terre de consommation Traitement anti-germinatif","rel":"","context":"Article similaire","img":{"alt_text":"","src":"https:\/\/i2.wp.com\/www.passionfruits.fr\/wp-content\/uploads\/2015\/12\/pomme-de-terre-grenaille.jpg?fit=800%2C553&ssl=1&resize=350%2C200","width":350,"height":200},"classes":[]},{"id":6374,"url":"https:\/\/www.passionfruits.fr\/index.php\/produit\/p-d-t-rouge-cherie-lavee-x-5-kg-le-kilo\/","url_meta":{"origin":6476,"position":3},"title":"P.D.T. Cheyenne Promo France Cat 1 les 5 kg soit 2,00 \u20ac le Kg","date":"7 d\u00e9cembre 2015","format":false,"excerpt":"Calibre 35 - 55 \u00a0 Pommes de terre \u00e0 chaire ferme Traitement anti-germinatif","rel":"","context":"Article similaire","img":{"alt_text":"","src":"https:\/\/i1.wp.com\/www.passionfruits.fr\/wp-content\/uploads\/2015\/12\/pomme-de-terre-rouge.jpg?fit=410%2C307&ssl=1&resize=350%2C200","width":350,"height":200},"classes":[]},{"id":5061,"url":"https:\/\/www.passionfruits.fr\/index.php\/produit\/chou-rouge-le-kilo\/","url_meta":{"origin":6476,"position":4},"title":"Chou Rouge France Cat 1 le demi env. 1 kilo","date":"7 d\u00e9cembre 2015","format":false,"excerpt":"","rel":"","context":"Article similaire","img":{"alt_text":"","src":"https:\/\/i0.wp.com\/www.passionfruits.fr\/wp-content\/uploads\/2015\/12\/chourouge.png?fit=600%2C600&ssl=1&resize=350%2C200","width":350,"height":200},"classes":[]},{"id":6247,"url":"https:\/\/www.passionfruits.fr\/index.php\/produit\/chou-blanc-le-kilo\/","url_meta":{"origin":6476,"position":5},"title":"Chou Blanc France Cat 1 le demi env. 1 kilo","date":"7 d\u00e9cembre 2015","format":false,"excerpt":"","rel":"","context":"Article similaire","img":{"alt_text":"","src":"https:\/\/i1.wp.com\/www.passionfruits.fr\/wp-content\/uploads\/2015\/12\/choublanc.jpg?fit=600%2C600&ssl=1&resize=350%2C200","width":350,"height":200},"classes":[]}],"_links":{"self":[{"href":"https:\/\/www.passionfruits.fr\/index.php\/wp-json\/wp\/v2\/product\/6476"}],"collection":[{"href":"https:\/\/www.passionfruits.fr\/index.php\/wp-json\/wp\/v2\/product"}],"about":[{"href":"https:\/\/www.passionfruits.fr\/index.php\/wp-json\/wp\/v2\/types\/product"}],"replies":[{"embeddable":true,"href":"https:\/\/www.passionfruits.fr\/index.php\/wp-json\/wp\/v2\/comments?post=6476"}],"wp:featuredmedia":[{"embeddable":true,"href":"https:\/\/www.passionfruits.fr\/index.php\/wp-json\/wp\/v2\/media\/8439"}],"wp:attachment":[{"href":"https:\/\/www.passionfruits.fr\/index.php\/wp-json\/wp\/v2\/media?parent=6476"}],"curies":[{"name":"wp","href":"https:\/\/api.w.org\/{rel}","templated":true}]}}