{"id":7179,"date":"2015-12-22T11:48:52","date_gmt":"2015-12-22T10:48:52","guid":{"rendered":"http:\/\/www.andreclaude.fr\/web\/?post_type=product&#038;p=7179"},"modified":"2021-02-24T11:31:41","modified_gmt":"2021-02-24T10:31:41","slug":"whisky-bellevoye-triple-malt-70-cl","status":"publish","type":"product","link":"https:\/\/www.passionfruits.fr\/index.php\/produit\/whisky-bellevoye-triple-malt-70-cl\/","title":{"rendered":"Whisky Fran\u00e7ais Bellevoye Triple Malt 70 cl Bleu"},"content":{"rendered":"","protected":false},"excerpt":{"rendered":"<p>Whisky Fran\u00e7ais Bellevoye 40\u00b0Avec \u00e9tui 70 cl<\/p>\n<div class=\"col-lg-4 col-md-12\">\n<div class=\"s-title8 ttu\">Cat\u00e9gorie 1er Triple Malt 100% fran\u00e7ais.<\/div>\n<div class=\"s-title8 ttu\">\n<div class=\"col-lg-4 col-md-12\">\n<div class=\"s-title8 ttu\">Origine Trois meilleurs Single Malt de France (Nord, Alsace, Charente). Non tourb\u00e9.<\/div>\n<div class=\"s-title8 ttu\">\n<div class=\"col-lg-4 col-md-12\">\n<div class=\"s-title8 ttu\">Notes de d\u00e9gustation Equilibre, \u00e9l\u00e9gance, rondeur et complexit\u00e9 aromatique.<\/div>\n<div class=\"s-title8 ttu\">La consommation de boissons alcoolis\u00e9es pendant la grossesse, m\u00eame en faible quantit\u00e9, peut avoir des cons\u00e9quences graves sur la sant\u00e9 de l\u2019enfant.<\/div>\n<\/div>\n<\/div>\n<\/div>\n<\/div>\n<\/div>\n<p>L ABUS D ALCOOL EST DANGEREUX POUR LA SANTE. A CONSOMMER AVEC MODERATION.<\/p>\n<p>LA VENTE D ALCOOL EST INTERDITE AUX MINEURS.<\/p>\n<p>Les bienheureux 10 avenue de la Grande Arm\u00e9e 75017 Paris.<\/p>\n","protected":false},"featured_media":17610,"comment_status":"closed","ping_status":"closed","template":"","meta":{"spay_email":"","jetpack_publicize_message":"","jetpack_is_tweetstorm":false},"jetpack_publicize_connections":[],"jetpack_sharing_enabled":true,"jetpack-related-posts":[{"id":17066,"url":"https:\/\/www.passionfruits.fr\/index.php\/produit\/whisky-francais-bellevoye-triple-malt-finition-sauterne-70-cl-blanc\/","url_meta":{"origin":7179,"position":0},"title":"Whisky Fran\u00e7ais Bellevoye Triple Malt finition sauterne 70 cl blanc","date":"11 d\u00e9cembre 2020","format":false,"excerpt":"Whisky Fran\u00e7ais Bellevoye 40\u00b0Triple Malt finition sauterne Avec \u00e9tui 70 cl Whisky triple malt, non\u00a0tourb\u00e9.\u200b Fini dans nos chais charentais en barriques de grands crus de Sauternes. \u00c9levage Primaire : trois \u00e0 huit ans en barriques de ch\u00eane. Secondaire : \u200bsix mois post-assemblage en barriques de grands crus de Sauternes.\u2026","rel":"","context":"Article similaire","img":{"alt_text":"","src":"https:\/\/i1.wp.com\/www.passionfruits.fr\/wp-content\/uploads\/2020\/12\/whiskyblanc.jpg?fit=300%2C300&ssl=1&resize=350%2C200","width":350,"height":200},"classes":[]},{"id":17644,"url":"https:\/\/www.passionfruits.fr\/index.php\/produit\/whisky-francais-bellevoye-triple-malt-finition-grand-cru-70-cl-rouge\/","url_meta":{"origin":7179,"position":1},"title":"Whisky Fran\u00e7ais Bellevoye Triple Malt finition grand cru 70 cl rouge","date":"25 f\u00e9vrier 2021","format":false,"excerpt":"Whisky Fran\u00e7ais Bellevoye 43\u00b0Avec \u00e9tui 70 cl Notes de d\u00e9gustation Le nez r\u00e9v\u00e8le une riche palette aromatique aux notes fruit\u00e9es et fra\u00eeches. Le malt se m\u00eale aux ar\u00f4mes de prunes d\u2019Ente, de cr\u00e8me br\u00fbl\u00e9e et aux premi\u00e8res noix d\u2019automne.\u200b La bouche rappelle la g\u00e9n\u00e9rosit\u00e9 des dattes de Medjool. la pr\u00e9sence\u2026","rel":"","context":"Article similaire","img":{"alt_text":"","src":"https:\/\/i1.wp.com\/www.passionfruits.fr\/wp-content\/uploads\/2021\/02\/whisky-rouge.jpg?fit=550%2C600&ssl=1&resize=350%2C200","width":350,"height":200},"classes":[]},{"id":19831,"url":"https:\/\/www.passionfruits.fr\/index.php\/produit\/whisky-francais-bellevoye-triple-malt-non-tourbe-finition-rhum-70-cl\/","url_meta":{"origin":7179,"position":2},"title":"Whisky Fran\u00e7ais Bellevoye triple malt, non tourb\u00e9 finition Rhum 70 cl","date":"1 mars 2024","format":false,"excerpt":"Le whisky de France affin\u00e9 en barriques de rhum ! BELLEVOYE est d\u00e9j\u00e0 en t\u00eate du classement des whiskies fran\u00e7ais. Servi \u00e0 l\u2019Elys\u00e9e, il a \u00e9galement gagn\u00e9 l\u2019appel d\u2019offres d\u2019Air France pour la classe affaires. BELLEVOYE est une des productions qui se fait de mieux dans le Monde du whisky.\u2026","rel":"","context":"Article similaire","img":{"alt_text":"","src":"https:\/\/i1.wp.com\/www.passionfruits.fr\/wp-content\/uploads\/2024\/03\/755.jpg?fit=600%2C600&ssl=1&resize=350%2C200","width":350,"height":200},"classes":[]},{"id":17070,"url":"https:\/\/www.passionfruits.fr\/index.php\/produit\/whisky-bellevoye-coffret-prestige-3x20cl-triple-malt-vert-noir-prune\/","url_meta":{"origin":7179,"position":3},"title":"whisky Bellevoye Coffret Prestige 3x20cl triple malt Vert, Noir, Prune","date":"11 d\u00e9cembre 2020","format":false,"excerpt":"BELLEVOYE VERT est un triple malt l\u00e9g\u00e8rement tourb\u00e9 affin\u00e9 en barriques de vieux Calvados. Il pr\u00e9sente au nez des ar\u00f4mes de pommes confites l\u00e9g\u00e8rement caram\u00e9lis\u00e9es. La bouche est ample et fra\u00eeche. Longue et exub\u00e9rante, la finale d\u00e9voile des ar\u00f4mes persistants de bois pr\u00e9cieux et de tabac. BELLEVOYE NOIR est un\u2026","rel":"","context":"Article similaire","img":{"alt_text":"","src":"https:\/\/i1.wp.com\/www.passionfruits.fr\/wp-content\/uploads\/2020\/12\/33.jpg?fit=300%2C300&ssl=1&resize=350%2C200","width":350,"height":200},"classes":[]},{"id":17068,"url":"https:\/\/www.passionfruits.fr\/index.php\/produit\/whisky-bellevoye-coffret-decouverte-3x20cl-triple-malt-bleu-blanc-rouge\/","url_meta":{"origin":7179,"position":4},"title":"whisky Bellevoye Coffret 3x20cl D\u00e9couverte Bleu, Blanc, Rouge","date":"11 d\u00e9cembre 2020","format":false,"excerpt":"Bellevoye Bleu finition grain fin. Bellevoye Rouge finition Grand Cru Saint-Emilion. Bellevoye Blanc finition Sauternes. \u00a0Un cadeau id\u00e9al pour l'amateur de grands whisky qui pourra\u00a0profiter de ces formats d\u00e9gustation. La consommation de boissons alcoolis\u00e9es pendant la grossesse, m\u00eame en faible quantit\u00e9, peut avoir des cons\u00e9quences graves sur la sant\u00e9 de\u2026","rel":"","context":"Article similaire","img":{"alt_text":"","src":"https:\/\/i2.wp.com\/www.passionfruits.fr\/wp-content\/uploads\/2020\/12\/77.jpg?fit=300%2C300&ssl=1&resize=350%2C200","width":350,"height":200},"classes":[]},{"id":19807,"url":"https:\/\/www.passionfruits.fr\/index.php\/produit\/biere-cocon-bouteille-33-cl\/","url_meta":{"origin":7179,"position":5},"title":"Bi\u00e8re blanche Cocon Bouteille 33 cl Elue \u201cMeilleure bi\u00e8re du Monde\u201d en 2021","date":"21 f\u00e9vrier 2024","format":false,"excerpt":"Elue \u201cMeilleure bi\u00e8re du Monde\u201d en 2021 Bi\u00e8re de Maintenon Une bi\u00e8re artisanale onctueuse et acidul\u00e9e. Bi\u00e8re artisanale finement p\u00e9tillante, l\u00e9g\u00e8re et onctueuse. Des notes de pamplemousse et de citron vert. \u00c0 table, la bi\u00e8re de garde pur malt \u201cCocon\u201d pourra accompagner coquillages, poissons grill\u00e9s et poissons fum\u00e9s, fromages de\u2026","rel":"","context":"Article similaire","img":{"alt_text":"","src":"https:\/\/i2.wp.com\/www.passionfruits.fr\/wp-content\/uploads\/2024\/02\/biere-cocon.jpg?fit=600%2C600&ssl=1&resize=350%2C200","width":350,"height":200},"classes":[]}],"_links":{"self":[{"href":"https:\/\/www.passionfruits.fr\/index.php\/wp-json\/wp\/v2\/product\/7179"}],"collection":[{"href":"https:\/\/www.passionfruits.fr\/index.php\/wp-json\/wp\/v2\/product"}],"about":[{"href":"https:\/\/www.passionfruits.fr\/index.php\/wp-json\/wp\/v2\/types\/product"}],"replies":[{"embeddable":true,"href":"https:\/\/www.passionfruits.fr\/index.php\/wp-json\/wp\/v2\/comments?post=7179"}],"wp:featuredmedia":[{"embeddable":true,"href":"https:\/\/www.passionfruits.fr\/index.php\/wp-json\/wp\/v2\/media\/17610"}],"wp:attachment":[{"href":"https:\/\/www.passionfruits.fr\/index.php\/wp-json\/wp\/v2\/media?parent=7179"}],"curies":[{"name":"wp","href":"https:\/\/api.w.org\/{rel}","templated":true}]}}