{"id":7182,"date":"2015-12-22T11:57:23","date_gmt":"2015-12-22T10:57:23","guid":{"rendered":"http:\/\/www.andreclaude.fr\/web\/?post_type=product&#038;p=7182"},"modified":"2026-02-10T16:13:56","modified_gmt":"2026-02-10T15:13:56","slug":"rhum-xo-70-cl","status":"publish","type":"product","link":"https:\/\/www.passionfruits.fr\/index.php\/produit\/rhum-xo-70-cl\/","title":{"rendered":"Rhum XO El Pasador 70 cl"},"content":{"rendered":"","protected":false},"excerpt":{"rendered":"<p>Rhum xo el pasador de oro 70 cl\u00a0 40\u00b0 Guatemala<\/p>\n<p>Le rhum XO du Guatemala se pr\u00e9sente dans une tr\u00e8s jolie carafe sous \u00e9tui.<br \/>\nProfil : Equilibre, \u00e9l\u00e9gance, onctuosit\u00e9, rondeur et complexit\u00e9 aromatique.<br \/>\n\u00c0 propos de EL PASADOR DE ORO.<br \/>\nDevenue en moins de cinq ans la marque en plus forte croissance du segment des rhums premiums, EL PASADOR DE ORO est un assemblage de rhums du Guatemala assembl\u00e9s et affin\u00e9s dans nos chais charentais en anciens foudres de cognac.<br \/>\nApr\u00e8s l\u2019obtention des m\u00e9dailles d\u2019or au Concours Mondial de Bruxelles 2019 pour l\u2019int\u00e9gralit\u00e9 de sa gamme, c\u2019est au concours de San Francisco 2020 que la marque \u00e9tonne avec l\u2019obtention de la double m\u00e9daille d\u2019or sur sa r\u00e9f\u00e9rence GRAN RESERVA et de la m\u00e9daille d\u2019or sur sa r\u00e9f\u00e9rence XO.<br \/>\nM\u00e9dailles.<br \/>\nM\u00e9daille d\u2019or au Rhum and Cacha\u00e7a Masters 2021.<br \/>\nM\u00e9daille d\u2019or au concours international de San Francisco en 2020.<br \/>\nM\u00e9daille d\u2019or au concours mondial de Bruxelles en 2019.<\/p>\n<p>La consommation de boissons alcoolis\u00e9es pendant la grossesse, m\u00eame en faible quantit\u00e9, peut avoir des cons\u00e9quences graves sur la sant\u00e9 de l\u2019enfant.<\/p>\n<p>L ABUS D ALCOOL EST DANGEREUX POUR LA SANTE. A CONSOMMER AVEC MODERATION.<\/p>\n<p>LA VENTE D ALCOOL EST INTERDITE AUX MINEURS.<\/p>\n<p>Les bienheureux\u00a0 75000 Paris<\/p>\n<p>&nbsp;<\/p>\n","protected":false},"featured_media":19838,"comment_status":"closed","ping_status":"closed","template":"","meta":{"spay_email":"","jetpack_publicize_message":"","jetpack_is_tweetstorm":false},"jetpack_publicize_connections":[],"jetpack_sharing_enabled":true,"jetpack-related-posts":[{"id":17072,"url":"https:\/\/www.passionfruits.fr\/index.php\/produit\/coffret-rhum-xo-pasador-3-x20-cl\/","url_meta":{"origin":7182,"position":0},"title":"Rhum XO (Pasador le passeur d\u2019or en fran\u00e7ais) Coffret 3 x20 cl","date":"11 d\u00e9cembre 2020","format":false,"excerpt":"EL PASADOR DE ORO (le passeur d\u2019or en fran\u00e7ais) lance son premier coffret de trois bouteilles de 20 cl d\u00e9clinant ses trois cr\u00e9ations : XO, GRAN RESERVA et 50. EL PASADOR DE ORO XO met d\u2019abord en \u00e9vidence un nez intense d\u2019\u00e9pices douces et de cr\u00e8me brul\u00e9e avant de s\u2019enrichir\u2026","rel":"","context":"Article similaire","img":{"alt_text":"","src":"https:\/\/i1.wp.com\/www.passionfruits.fr\/wp-content\/uploads\/2020\/12\/44-1.jpg?fit=300%2C300&ssl=1&resize=350%2C200","width":350,"height":200},"classes":[]},{"id":15957,"url":"https:\/\/www.passionfruits.fr\/index.php\/produit\/domaine-pellehaut-harmonie-rose-75-cl-2024\/","url_meta":{"origin":7182,"position":1},"title":"Domaine Pellehaut Harmonie ros\u00e9 75 cl 2024","date":"8 mai 2020","format":false,"excerpt":"36 \u20ac le carton de 6 bouteilles soit 6 \u20ac a bouteille Une jolie teinte corail. Un nez avec des notes de confiture et de jasmin. Une bouche nous rappelant le coulis de fruits rouges avec une pointe de rose forme un \u00e9quilibre parfait. Un vin id\u00e9al \u00e0 l\u2019occasion de\u2026","rel":"","context":"Article similaire","img":{"alt_text":"","src":"https:\/\/i0.wp.com\/www.passionfruits.fr\/wp-content\/uploads\/2020\/05\/harmonie-rose.jpg?fit=600%2C600&ssl=1&resize=350%2C200","width":350,"height":200},"classes":[]},{"id":13846,"url":"https:\/\/www.passionfruits.fr\/index.php\/produit\/domaine-pellehaut-ete-gascond-blanc-75-cl-2018\/","url_meta":{"origin":7182,"position":2},"title":"Domaine Pellehaut Et\u00e9 Gascond Blanc 75 cl 2023","date":"26 avril 2019","format":false,"excerpt":"53,70 \u20ac le carton de 6 bouteilles soit 8,95 \u20ac la bouteille \u00a0 Une base \u00e0 80 % de Gros Manseng accompagn\u00e9e de Chardonnay et de c\u00e9pages locaux. Une robe jaune, un nez intense de fruits exotiques. Un v\u00e9ritable dessert en bouche, entre douceur, tonicit\u00e9 et fra\u00eecheur, ce vin accompagnera\u2026","rel":"","context":"Article similaire","img":{"alt_text":"","src":"https:\/\/i0.wp.com\/www.passionfruits.fr\/wp-content\/uploads\/2019\/04\/Ete-blanc.jpg?fit=600%2C600&ssl=1&resize=350%2C200","width":350,"height":200},"classes":[]},{"id":14544,"url":"https:\/\/www.passionfruits.fr\/index.php\/produit\/pilaho-rose-domaine-pellehaut-bouteille-75-cl\/","url_meta":{"origin":7182,"position":3},"title":"Pilaho Ros\u00e9 Domaine Pellehaut bouteille 75 cl","date":"22 octobre 2019","format":false,"excerpt":"53,70\u20ac le carton de bouteilles soit 8.95 \u20ac la bouteille \u00a0 Une mousse fine et abondante qui s'\u00e9vapore en laissant un parfum sucr\u00e9 de fraise et de cerise. Une couleur rouge, ros\u00e9 qui rappelle le sirop de grenadine, \u00e0 boire frais l'\u00e9t\u00e9. En bouche, la comparaison avec un coulis de\u2026","rel":"","context":"Article similaire","img":{"alt_text":"","src":"https:\/\/i0.wp.com\/www.passionfruits.fr\/wp-content\/uploads\/2019\/10\/pilaho-rose.jpg?fit=600%2C600&ssl=1&resize=350%2C200","width":350,"height":200},"classes":[]},{"id":6486,"url":"https:\/\/www.passionfruits.fr\/index.php\/produit\/pave-de-chevre-cendre-de-la-region-la-piece\/","url_meta":{"origin":7182,"position":4},"title":"Ch\u00e8vre pav\u00e9 de la r\u00e9gion la pi\u00e8ce","date":"7 d\u00e9cembre 2015","format":false,"excerpt":"Le Pav\u00e9 du Perche. Fromage de ch\u00e8vre fermier au lait cru. FROMAGES M\u00c9DAILL\u00c9S Le 21 juin 2017, concours r\u00e9gional de fromages au ch\u00e2teau de Selles-Sur-Cher. 7 m\u00e9dailles re\u00e7ues pour 7 fromages pr\u00e9sent\u00e9s. Le Tr\u00e8ffle m\u00e9daille d'argent. La Pyramide m\u00e9daille d'argent ex-aequo. Le Petit Perche au poivre m\u00e9daille de bronze. Le\u2026","rel":"","context":"Article similaire","img":{"alt_text":"","src":"https:\/\/i1.wp.com\/www.passionfruits.fr\/wp-content\/uploads\/2015\/12\/fromage-pave.jpg?fit=595%2C598&ssl=1&resize=350%2C200","width":350,"height":200},"classes":[]},{"id":9859,"url":"https:\/\/www.passionfruits.fr\/index.php\/produit\/chevre-poivre-noir-la-piece-env-100g\/","url_meta":{"origin":7182,"position":5},"title":"Ch\u00e8vre Perche blanc Poivre de la r\u00e9gion la pi\u00e8ce","date":"11 d\u00e9cembre 2016","format":false,"excerpt":"id\u00e9al pour d\u00e9corer votre plateau de fromages. FROMAGES M\u00c9DAILL\u00c9S Le 21 juin 2017, concours r\u00e9gional de fromages au ch\u00e2teau de Selles-Sur-Cher. 7 m\u00e9dailles re\u00e7ues pour 7 fromages pr\u00e9sent\u00e9s. Le Tr\u00e8ffle m\u00e9daille d'argent. La Pyramide m\u00e9daille d'argent ex-aequo. Le Petit Perche au poivre m\u00e9daille de bronze. Le Petit Perche persillade m\u00e9daille\u2026","rel":"","context":"Article similaire","img":{"alt_text":"","src":"https:\/\/i0.wp.com\/www.passionfruits.fr\/wp-content\/uploads\/2016\/12\/chevre-aromatise.jpg?fit=591%2C600&ssl=1&resize=350%2C200","width":350,"height":200},"classes":[]}],"_links":{"self":[{"href":"https:\/\/www.passionfruits.fr\/index.php\/wp-json\/wp\/v2\/product\/7182"}],"collection":[{"href":"https:\/\/www.passionfruits.fr\/index.php\/wp-json\/wp\/v2\/product"}],"about":[{"href":"https:\/\/www.passionfruits.fr\/index.php\/wp-json\/wp\/v2\/types\/product"}],"replies":[{"embeddable":true,"href":"https:\/\/www.passionfruits.fr\/index.php\/wp-json\/wp\/v2\/comments?post=7182"}],"wp:featuredmedia":[{"embeddable":true,"href":"https:\/\/www.passionfruits.fr\/index.php\/wp-json\/wp\/v2\/media\/19838"}],"wp:attachment":[{"href":"https:\/\/www.passionfruits.fr\/index.php\/wp-json\/wp\/v2\/media?parent=7182"}],"curies":[{"name":"wp","href":"https:\/\/api.w.org\/{rel}","templated":true}]}}