{"id":7901,"date":"2016-01-29T21:16:14","date_gmt":"2016-01-29T20:16:14","guid":{"rendered":"http:\/\/www.andreclaude.fr\/web\/?post_type=product&#038;p=7901"},"modified":"2022-02-19T15:45:37","modified_gmt":"2022-02-19T14:45:37","slug":"crouton-a-l-ail-le-sachet-de-100g","status":"publish","type":"product","link":"https:\/\/www.passionfruits.fr\/index.php\/produit\/crouton-a-l-ail-le-sachet-de-100g\/","title":{"rendered":"Crouton \u00e0 l&#8217; ail le sachet de 100g"},"content":{"rendered":"<p>Distribu\u00e9 par :<\/p>\n<p>SDP RUNGIS<\/p>\n<p><span class=\"LrzXr\">8 Rue des Oliviers,<\/span><\/p>\n<p><span class=\"LrzXr\"> 94310 Orly<\/span><\/p>\n","protected":false},"excerpt":{"rendered":"<p>Id\u00e9ale pour accompagner vos soupes ou vos salades.<\/p>\n<p>Ingr\u00e9dients : farine de<strong> bl\u00e9<\/strong>, huile de tournesol, levure, sel, ar\u00f4me naturel d&#8217;ail (1.6%), traces de <strong>lait<\/strong><\/p>\n<p>Valeurs nutritionnelles moyennes pour 100g<\/p>\n<p>Energie : 2163kj\/518kcal<\/p>\n<p>Mati\u00e8res grasses : 28.9g dont acides gras satur\u00e9s : 3g<\/p>\n<p>Glucides : 54.3g dont sucres 3.5g<\/p>\n<p>Prot\u00e9ines : 8.5g<\/p>\n<p>Sel : 1.74g<\/p>\n","protected":false},"featured_media":7902,"comment_status":"closed","ping_status":"closed","template":"","meta":{"spay_email":"","jetpack_publicize_message":"","jetpack_is_tweetstorm":false},"jetpack_publicize_connections":[],"jetpack_sharing_enabled":true,"jetpack-related-posts":[{"id":11701,"url":"https:\/\/www.passionfruits.fr\/index.php\/produit\/vinaigrette-au-vinaigre-de-xeres-ail-et-basilic-bouteille-500-ml\/","url_meta":{"origin":7901,"position":0},"title":"Vinaigrette au vinaigre de X\u00e9r\u00e8s, Ail et Basilic bouteille 500 ml","date":"14 f\u00e9vrier 2018","format":false,"excerpt":"Sauce vinaigrette au vinaigre de X\u00e9r\u00e8s Jean d\u2019 Audignac. Excellente vinaigrette pour assaisonner les salades et crudit\u00e9s. Ingr\u00e9dients : huile de colza 40%, vinaigre de X\u00e9r\u00e8s 15%, eau, huile d'olive 10%, pur\u00e9e de tomates, moutarde de Dijon (vinaigre d'alcool, graines de moutarde, eau, sel) , sel, ail 2%, basilic 1.5%,\u2026","rel":"","context":"Article similaire","img":{"alt_text":"","src":"https:\/\/i0.wp.com\/www.passionfruits.fr\/wp-content\/uploads\/2018\/02\/Vinaigrette-xeres.jpg?fit=600%2C600&ssl=1&resize=350%2C200","width":350,"height":200},"classes":[]},{"id":6014,"url":"https:\/\/www.passionfruits.fr\/index.php\/produit\/pain-a-lail\/","url_meta":{"origin":7901,"position":1},"title":"Pain grill\u00e9 \u00e0 l'ail et au persil sachet 150g","date":"7 d\u00e9cembre 2015","format":false,"excerpt":"Id\u00e9al pour tartiner vos tapenades \u00e0 l' ap\u00e9ritif. Ingr\u00e9dients : farine de bl\u00e9, assaisonnement (huile de tournesol raffin\u00e9e (22%), \u00e0 l'ail (0.1%) et sel) huile de tournesol raffin\u00e9e (8%), levure, sel, persil (0.4%), am\u00e9liorant de panification (farine de bl\u00e9, antiagglom\u00e9rant E170i, \u00e9mulsifiant E472e, antioxydant E300 et enzymes) et sucre. Contient\u2026","rel":"","context":"Article similaire","img":{"alt_text":"","src":"https:\/\/i0.wp.com\/www.passionfruits.fr\/wp-content\/uploads\/2015\/12\/pain-a-l-ail.jpg?fit=460%2C460&ssl=1&resize=350%2C200","width":350,"height":200},"classes":[]},{"id":13010,"url":"https:\/\/www.passionfruits.fr\/index.php\/produit\/veloute-tomate-74-cl\/","url_meta":{"origin":7901,"position":2},"title":"Velout\u00e9 de Tomate  74 cl","date":"6 novembre 2018","format":false,"excerpt":"Velout\u00e9 st\u00e9rilis\u00e9. Sans conservateur, ni colorant, conform\u00e9ment \u00e0 la l\u00e9gislation. Apr\u00e8s ouverture, conserver \u00e0 4 \u00b0 et \u00e0 consommer dans les 24 heures. Ingr\u00e9dients : eaux, tomates 35%, pommes de terre, oignons, cr\u00e8me fra\u00eeche, huile d'olive, amidon de ma\u00efs, basilic 1%,, sel, sucre, ail. Traces \u00e9ventuelles de c\u00e9leri et de\u2026","rel":"","context":"Article similaire","img":{"alt_text":"","src":"https:\/\/i0.wp.com\/www.passionfruits.fr\/wp-content\/uploads\/2018\/11\/003990.jpg?fit=600%2C600&ssl=1&resize=350%2C200","width":350,"height":200},"classes":[]},{"id":10975,"url":"https:\/\/www.passionfruits.fr\/index.php\/produit\/rouille-le-pot-de-90g\/","url_meta":{"origin":7901,"position":3},"title":"Rouille le pot de 90g","date":"25 ao\u00fbt 2017","format":false,"excerpt":"Quelquefois appel\u00e9e mayonnaise proven\u00e7ale, la rouille est servie avec la bouillabaisse, ou la soupe de poissons \u00e0 la s\u00e9toise, et accompagne les plats de poisson, les crustac\u00e9s et les poulpes. Ingr\u00e9dients : huile de tournesol, lait, m\u00e9lange d'\u00e9pices (piment doux, ail semoule, sel, chapelure (gluten) poivre, piment fort, moutarde) Jaune\u2026","rel":"","context":"Article similaire","img":{"alt_text":"","src":"https:\/\/i2.wp.com\/www.passionfruits.fr\/wp-content\/uploads\/2017\/08\/rouille.jpg?fit=448%2C600&ssl=1&resize=350%2C200","width":350,"height":200},"classes":[]},{"id":11714,"url":"https:\/\/www.passionfruits.fr\/index.php\/produit\/sauce-bourguignonne-le-pot-de-90-grs\/","url_meta":{"origin":7901,"position":4},"title":"Sauce Bourguignonne le pot de 90 grs","date":"14 f\u00e9vrier 2018","format":false,"excerpt":"Ingr\u00e9dients : Huile de colza, double concentr\u00e9 de tomate,jaune d'oeuf, moutarde douce (eau, graines de moutarde, vinaigre, sel, sucre, huile de tournesol, \u00e9pices, colorant : caramel E150C (gluten) ar\u00f4mes (colorant E141) \u00e9chalotes r\u00e9hydrat\u00e9es, jaune d'oeuf, vinaigre, moutarde de dijon (eau graines de moutarde, vinaigre, sel, conservateur : bisulfite de sodium),\u2026","rel":"","context":"Article similaire","img":{"alt_text":"","src":"https:\/\/i1.wp.com\/www.passionfruits.fr\/wp-content\/uploads\/2018\/02\/sauce-bourguignonne.jpg?fit=600%2C600&ssl=1&resize=350%2C200","width":350,"height":200},"classes":[]},{"id":5646,"url":"https:\/\/www.passionfruits.fr\/index.php\/produit\/roule-ail-et-fines-herbes-part-env-150-grs\/","url_meta":{"origin":7901,"position":5},"title":"Roul\u00e9 ail et fine herbe part environ 100 grs","date":"7 d\u00e9cembre 2015","format":false,"excerpt":"Le Roul\u00e9 est un fromage de vache frais fabriqu\u00e9 dans notre fromagerie des Vosges. Son go\u00fbt \u00e9quilibr\u00e9 d\u2019ail et de fines herbes et sa texture onctueuse en font une sp\u00e9cialit\u00e9 incontournable du plateau de fromage. Ingr\u00e9dients : Lait et cr\u00e8me pasteuris\u00e9s, sel, amidon, ail (0.7%), fines herbes (0.4%), conservateur :\u2026","rel":"","context":"Article similaire","img":{"alt_text":"","src":"https:\/\/i2.wp.com\/www.passionfruits.fr\/wp-content\/uploads\/2015\/12\/roule.jpg?fit=300%2C300&ssl=1&resize=350%2C200","width":350,"height":200},"classes":[]}],"_links":{"self":[{"href":"https:\/\/www.passionfruits.fr\/index.php\/wp-json\/wp\/v2\/product\/7901"}],"collection":[{"href":"https:\/\/www.passionfruits.fr\/index.php\/wp-json\/wp\/v2\/product"}],"about":[{"href":"https:\/\/www.passionfruits.fr\/index.php\/wp-json\/wp\/v2\/types\/product"}],"replies":[{"embeddable":true,"href":"https:\/\/www.passionfruits.fr\/index.php\/wp-json\/wp\/v2\/comments?post=7901"}],"wp:featuredmedia":[{"embeddable":true,"href":"https:\/\/www.passionfruits.fr\/index.php\/wp-json\/wp\/v2\/media\/7902"}],"wp:attachment":[{"href":"https:\/\/www.passionfruits.fr\/index.php\/wp-json\/wp\/v2\/media?parent=7901"}],"curies":[{"name":"wp","href":"https:\/\/api.w.org\/{rel}","templated":true}]}}