{"id":8205,"date":"2016-02-24T20:12:08","date_gmt":"2016-02-24T19:12:08","guid":{"rendered":"http:\/\/www.andreclaude.fr\/web\/?post_type=product&#038;p=8205"},"modified":"2025-07-30T10:13:39","modified_gmt":"2025-07-30T09:13:39","slug":"composition-2-moulins","status":"publish","type":"product","link":"https:\/\/www.passionfruits.fr\/index.php\/produit\/composition-2-moulins\/","title":{"rendered":"Composition moulin poivre et moulin sel"},"content":{"rendered":"<p>Distribu\u00e9 par<\/p>\n<p>SDP<\/p>\n<p><span class=\"LrzXr\">8 Rue des Oliviers, <\/span><\/p>\n<p><span class=\"LrzXr\">94310 Orly<\/span><\/p>\n","protected":false},"excerpt":{"rendered":"<p class=\"product_title entry-title\">Composition 2 moulins<\/p>\n<ul>\n<li class=\"product_title entry-title\">Moulin aux 3 poivres noir blanc et vert 125 g<\/li>\n<\/ul>\n<ul>\n<li class=\"product_title entry-title\">Moulin au diamant de sel rose d\u2019 Himalaya 450 g<\/li>\n<\/ul>\n<p>Pour les gourmands et les amateurs de Gastronomie, vous pouvez composez vous-m\u00eame vos paniers gourmands et m\u00eame les faire livrer directement \u00e0 vos proches.<\/p>\n","protected":false},"featured_media":8206,"comment_status":"closed","ping_status":"closed","template":"","meta":{"spay_email":"","jetpack_publicize_message":"","jetpack_is_tweetstorm":false},"jetpack_publicize_connections":[],"jetpack_sharing_enabled":true,"jetpack-related-posts":[{"id":7891,"url":"https:\/\/www.passionfruits.fr\/index.php\/produit\/moulin-aux-3-poivres-noir-blanc-et-vert\/","url_meta":{"origin":8205,"position":0},"title":"Moulin aux 3 poivres noir blanc et vert 125g","date":"29 janvier 2016","format":false,"excerpt":"Le Moulin 3 Poivres propose une association subtile et \u00e9quilibr\u00e9e de poivre noir, de poivre blanc et de poivre vert . Un m\u00e9lange in\u00e9dit pour varier les plaisirs du poivre. Pratique \u00e0 table comme en cuisine, il vous permettra d\u2019appr\u00e9cier pleinement la qualit\u00e9 des ingr\u00e9dients fra\u00eechement moulus.","rel":"","context":"Article similaire","img":{"alt_text":"","src":"https:\/\/i0.wp.com\/www.passionfruits.fr\/wp-content\/uploads\/2016\/01\/moulin-poivre.jpg?fit=600%2C600&ssl=1&resize=350%2C200","width":350,"height":200},"classes":[]},{"id":17728,"url":"https:\/\/www.passionfruits.fr\/index.php\/produit\/moulin-poivre-noir-de-malabar-50g\/","url_meta":{"origin":8205,"position":1},"title":"Moulin Poivre noir de Malabar 50g","date":"19 mars 2021","format":false,"excerpt":"Pratique \u00e0 table comme en cuisine, il vous permettra d\u2019appr\u00e9cier pleinement la qualit\u00e9 des ingr\u00e9dients fra\u00eechement moulus. Ingr\u00e9dient : poivre de Malabar","rel":"","context":"Article similaire","img":{"alt_text":"","src":"https:\/\/i0.wp.com\/www.passionfruits.fr\/wp-content\/uploads\/2021\/03\/poivre50g.jpg?fit=600%2C600&ssl=1&resize=350%2C200","width":350,"height":200},"classes":[]},{"id":7889,"url":"https:\/\/www.passionfruits.fr\/index.php\/produit\/moulin-au-sel-rose-d-himalaya\/","url_meta":{"origin":8205,"position":2},"title":"Moulin au diamant de sel rose d' Himalaya 450g","date":"29 janvier 2016","format":false,"excerpt":"Le sel rose de l'Himalaya est un concentr\u00e9 de bienfaits. Sa puret\u00e9 et sa richesse en min\u00e9raux en font un alli\u00e9 indispensable dans votre cuisine. Son go\u00fbt est plus raffin\u00e9 que le sel classique, qu'il remplacera avantageusement. Il est parfait dans vos plats crus ou cuits, et dans les m\u00e9langes\u2026","rel":"","context":"Article similaire","img":{"alt_text":"","src":"https:\/\/i0.wp.com\/www.passionfruits.fr\/wp-content\/uploads\/2016\/01\/moulin-sel.jpg?fit=600%2C600&ssl=1&resize=350%2C200","width":350,"height":200},"classes":[]},{"id":17726,"url":"https:\/\/www.passionfruits.fr\/index.php\/produit\/moulin-au-diamant-de-sel-rose-d-himalaya-110g\/","url_meta":{"origin":8205,"position":3},"title":"Moulin au diamant de sel rose d' Himalaya 110g","date":"19 mars 2021","format":false,"excerpt":"Le sel rose de l'Himalaya est un concentr\u00e9 de bienfaits. Sa puret\u00e9 et sa richesse en min\u00e9raux en font un alli\u00e9 indispensable dans votre cuisine. Son go\u00fbt est plus raffin\u00e9 que le sel classique, qu'il remplacera avantageusement. Il est parfait dans vos plats crus ou cuits, et dans les m\u00e9langes\u2026","rel":"","context":"Article similaire","img":{"alt_text":"","src":"https:\/\/i0.wp.com\/www.passionfruits.fr\/wp-content\/uploads\/2021\/03\/sel110g.jpg?fit=598%2C600&ssl=1&resize=350%2C200","width":350,"height":200},"classes":[]},{"id":5638,"url":"https:\/\/www.passionfruits.fr\/index.php\/produit\/cotes-de-nuits-blanc-150-cl-2005\/","url_meta":{"origin":8205,"position":4},"title":"L.J. Ch\u00e2teau des Jacques Moulin-\u00e0-Vent 150 cl 2022","date":"7 d\u00e9cembre 2015","format":false,"excerpt":"Louis Jadot. Le Moulin-\u00e0-Vent est un vin structur\u00e9, charpent\u00e9, charnu, particuli\u00e8rement velout\u00e9 et tendre en bouche. Avec sa robe rubis fonc\u00e9, il d\u00e9gage des ar\u00f4mes d'iris, de roses fan\u00e9es, d'\u00e9pices et de fruits murs. Il peut s'appr\u00e9cier jeune avec des viandes rouges ou blanches et avec des plats plus cors\u00e9s\u2026","rel":"","context":"Article similaire","img":{"alt_text":"","src":"https:\/\/i2.wp.com\/www.passionfruits.fr\/wp-content\/uploads\/2015\/12\/jacques_moulin_vent.jpg?fit=600%2C600&ssl=1&resize=350%2C200","width":350,"height":200},"classes":[]},{"id":8272,"url":"https:\/\/www.passionfruits.fr\/index.php\/produit\/composition-tapenades-et-gressin\/","url_meta":{"origin":8205,"position":5},"title":"Composition tapenades et gressins","date":"2 mars 2016","format":false,"excerpt":"Composition tapenades et gressins Gressins nature le sachet de 200g : Ingr\u00e9dients : Farine de froment 76%, s\u00e9same 14%, huile de palme 5%,\u00a0 sel 2%,\u00a0 levure de bi\u00e8re 2%, farine de bl\u00e9 au malt 1% Valeurs nutritionnelles moyennes pour 100 g Energie :2044kj - 487kcal Mati\u00e8res grasses : 18.4g dont\u2026","rel":"","context":"Article similaire","img":{"alt_text":"","src":"https:\/\/i1.wp.com\/www.passionfruits.fr\/wp-content\/uploads\/2016\/03\/IMG_0496.jpg?fit=600%2C600&ssl=1&resize=350%2C200","width":350,"height":200},"classes":[]}],"_links":{"self":[{"href":"https:\/\/www.passionfruits.fr\/index.php\/wp-json\/wp\/v2\/product\/8205"}],"collection":[{"href":"https:\/\/www.passionfruits.fr\/index.php\/wp-json\/wp\/v2\/product"}],"about":[{"href":"https:\/\/www.passionfruits.fr\/index.php\/wp-json\/wp\/v2\/types\/product"}],"replies":[{"embeddable":true,"href":"https:\/\/www.passionfruits.fr\/index.php\/wp-json\/wp\/v2\/comments?post=8205"}],"wp:featuredmedia":[{"embeddable":true,"href":"https:\/\/www.passionfruits.fr\/index.php\/wp-json\/wp\/v2\/media\/8206"}],"wp:attachment":[{"href":"https:\/\/www.passionfruits.fr\/index.php\/wp-json\/wp\/v2\/media?parent=8205"}],"curies":[{"name":"wp","href":"https:\/\/api.w.org\/{rel}","templated":true}]}}