{"id":8282,"date":"2016-03-02T11:57:12","date_gmt":"2016-03-02T10:57:12","guid":{"rendered":"http:\/\/www.andreclaude.fr\/web\/?post_type=product&#038;p=8282"},"modified":"2018-10-16T16:06:44","modified_gmt":"2018-10-16T15:06:44","slug":"composition-limonade-et-pain-depices","status":"publish","type":"product","link":"https:\/\/www.passionfruits.fr\/index.php\/produit\/composition-limonade-et-pain-depices\/","title":{"rendered":"Composition limonade et pain d&#8217;\u00e9pices"},"content":{"rendered":"<p class=\"m-b5\">Limonade : Maison Savour\u00e9<\/p>\n<p>11, avenue Justin-Clichy &#8211; 28310 JANVILLE<\/p>\n<p>Pain d&#8217;\u00e9pices\u00a0 :<\/p>\n<p>Distribu\u00e9 par<\/p>\n<p>SDP RUNGIS<\/p>\n<p><span class=\"LrzXr\">8 Rue des Oliviers,<\/span><\/p>\n<p><span class=\"LrzXr\"> 94310 Orly<\/span><\/p>\n","protected":false},"excerpt":{"rendered":"<div>\n<p>Composition limonade et pain d&#8217;\u00e9pices<\/p>\n<ul>\n<li>Limonade bouteille 1 litre<\/li>\n<li>Pain d\u2019\u00e9pices au miel le paquet 500g<\/li>\n<\/ul>\n<p>Pour les gourmands et les amateurs de Gastronomie, vous pouvez composez vous-m\u00eame vos paniers gourmands et m\u00eame les faire livrer directement \u00e0 vos proches.<\/p>\n<p>Limonade:<\/p>\n<p>Ingr\u00e9dients : Eau gaz\u00e9ifi\u00e9e, sucre de betterave, ar\u00f4mes naturels d&#8217;agrumes, acide citrique.<\/p>\n<p>D\u00e9claration nutritionnelle pour 100ml :<\/p>\n<p>Energie : 131kj \/ 31kcal<\/p>\n<p>Mati\u00e8res grasses : 0g dont acides gras satur\u00e9s : 0g<\/p>\n<p>Glucides : 7.6g dont sucres : 7.6g<\/p>\n<p>Prot\u00e9ines : 0g<\/p>\n<p>Sel : 0g<\/p>\n<p>Pain d&#8217;\u00e9pices :<\/p>\n<p>Ingr\u00e9dients : sirop de glucose-fructose, farine de <strong>seigle<\/strong>, miel (15%), sucre perl\u00e9 11%, poudres \u00e0 lever (carbonate acide de sodium, disphosphate disodique), \u00e9pices et ar\u00f4mes. Peut contenir des traces de fruits \u00e0 coques et lait.<\/p>\n<p>Valeurs nutritionnelles moyennes pour 100g<\/p>\n<p>Energie : 1382kj\/326kcal<\/p>\n<p>Mati\u00e8res grasses : 0.9g dont acides gras satur\u00e9s : 0.2g<\/p>\n<p>Glucides : 75g dont sucres : 41g<\/p>\n<p>Fibres : 3.1g<\/p>\n<p>Prot\u00e9ines : 2.9g<\/p>\n<p>Sel : 0.45g<\/p>\n<\/div>\n","protected":false},"featured_media":8283,"comment_status":"closed","ping_status":"closed","template":"","meta":{"spay_email":"","jetpack_publicize_message":"","jetpack_is_tweetstorm":false},"jetpack_publicize_connections":[],"jetpack_sharing_enabled":true,"jetpack-related-posts":[{"id":8280,"url":"https:\/\/www.passionfruits.fr\/index.php\/produit\/composition-produits-d-eure-et-loir\/","url_meta":{"origin":8282,"position":0},"title":"Composition produits de la r\u00e9gion","date":"2 mars 2016","format":false,"excerpt":"Composition produits de la r\u00e9gion Jus de pomme bouteille 1 litre : Aucun conservateur, ni additif, sans ajout de sucre, conform\u00e9ment \u00e0 la l\u00e9gislation. Limonade bouteille 1 litre : Ingr\u00e9dients : Eau gaz\u00e9ifi\u00e9e, sucre de betterave, ar\u00f4mes naturels d'agrumes, acide citrique. D\u00e9claration nutritionnelle pour 100ml : Energie : 131kj \/\u2026","rel":"","context":"Article similaire","img":{"alt_text":"","src":"https:\/\/i0.wp.com\/www.passionfruits.fr\/wp-content\/uploads\/2016\/03\/coffret-eure-et-loir.jpg?fit=600%2C600&ssl=1&resize=350%2C200","width":350,"height":200},"classes":[]},{"id":6144,"url":"https:\/\/www.passionfruits.fr\/index.php\/produit\/limonade-la-bouteille\/","url_meta":{"origin":8282,"position":1},"title":"Limonade la Beauceronne bouteille 1 litre","date":"7 d\u00e9cembre 2015","format":false,"excerpt":"Sans colorant,Sans ar\u00f4me artificiel,Sans conservateur. Elle est con\u00e7ue avec des produits de notre terroir :Eau des nappes de Beauce,Sucre de betterave,Ar\u00f4me naturel d\u2019agrumes. Ingr\u00e9dients : Eau gaz\u00e9ifi\u00e9e, sucre de betterave, ar\u00f4mes naturels d'agrumes, acide citrique. D\u00e9claration nutritionnelle pour 100ml : Energie : 131kj \/ 31kcal Mati\u00e8res grasses : 0g dont\u2026","rel":"","context":"Article similaire","img":{"alt_text":"","src":"https:\/\/i0.wp.com\/www.passionfruits.fr\/wp-content\/uploads\/2015\/12\/limonade-la-beauceronne.jpg?fit=600%2C600&ssl=1&resize=350%2C200","width":350,"height":200},"classes":[]},{"id":19513,"url":"https:\/\/www.passionfruits.fr\/index.php\/produit\/limonade-la-beauceronne-bouteille-33-cl\/","url_meta":{"origin":8282,"position":2},"title":"Limonade la Beauceronne bouteille 33 cl","date":"4 ao\u00fbt 2023","format":false,"excerpt":"6 \u20ac les 3 bouteilles Sans colorant,Sans ar\u00f4me artificiel,Sans conservateur. Elle est con\u00e7ue avec des produits de notre terroir :Eau des nappes de Beauce,Sucre de betterave,Ar\u00f4me naturel d\u2019agrumes. Ingr\u00e9dients : Eau gaz\u00e9ifi\u00e9e, sucre de betterave, ar\u00f4mes naturels d'agrumes, acide citrique. D\u00e9claration nutritionnelle pour 100ml : Energie : 131kj \/ 31kcal\u2026","rel":"","context":"Article similaire","img":{"alt_text":"","src":"https:\/\/i0.wp.com\/www.passionfruits.fr\/wp-content\/uploads\/2015\/12\/limonade-la-beauceronne.jpg?fit=600%2C600&ssl=1&resize=350%2C200","width":350,"height":200},"classes":[]},{"id":5953,"url":"https:\/\/www.passionfruits.fr\/index.php\/produit\/pain-depices-le-paquet\/","url_meta":{"origin":8282,"position":3},"title":"Pain d'\u00e9pices au miel le paquet 500g","date":"7 d\u00e9cembre 2015","format":false,"excerpt":"Pain d\u2019\u00e9pices au miel avec perle de sucre paquet de 500 grs. Go\u00fbtez ce pain d\u2019\u00e9pices et vous retrouverez les saveurs de votre enfance. Ingr\u00e9dients : sirop de glucose-fructose, farine de seigle, miel (15%), sucre perl\u00e9 11%, poudres \u00e0 lever (carbonate acide de sodium, disphosphate disodique), \u00e9pices et ar\u00f4mes. Peut\u2026","rel":"","context":"Article similaire","img":{"alt_text":"","src":"https:\/\/i1.wp.com\/www.passionfruits.fr\/wp-content\/uploads\/2015\/12\/Pain_Epices.jpg?fit=600%2C600&ssl=1&resize=350%2C200","width":350,"height":200},"classes":[]},{"id":19523,"url":"https:\/\/www.passionfruits.fr\/index.php\/produit\/limonade-la-beauceronne-grenadine-bouteille-33-cl\/","url_meta":{"origin":8282,"position":4},"title":"Limonade la Beauceronne Grenadine bouteille 33 cl","date":"4 ao\u00fbt 2023","format":false,"excerpt":"6 \u20ac les 3 bouteilles La limonade nature, cr\u00e9e en 1888, se diversifie en 2013 en se colorant et en s'aromatisant de plusieurs parfums. La citron glac\u00e9 n'est pas sans rappeler une fameuse glace au citron de notre enfance. A boire bien frais! Composition Eau gaz\u00e9ifi\u00e9e, sucre de betterave, ar\u00f4mes\u2026","rel":"","context":"Article similaire","img":{"alt_text":"","src":"https:\/\/i0.wp.com\/www.passionfruits.fr\/wp-content\/uploads\/2023\/08\/69522.jpg?fit=600%2C600&ssl=1&resize=350%2C200","width":350,"height":200},"classes":[]},{"id":19526,"url":"https:\/\/www.passionfruits.fr\/index.php\/produit\/limonade-la-beauceronne-mojito-bouteille-33-cl\/","url_meta":{"origin":8282,"position":5},"title":"Limonade la Beauceronne Mojito bouteille 33 cl","date":"4 ao\u00fbt 2023","format":false,"excerpt":"6 \u20ac les 3 bouteilles La limonade nature, cr\u00e9e en 1888, se diversifie en 2013 en se colorant et en s'aromatisant de plusieurs parfums. La citron glac\u00e9 n'est pas sans rappeler une fameuse glace au citron de notre enfance. A boire bien frais! Composition Eau gaz\u00e9ifi\u00e9e, sucre de betterave, ar\u00f4mes,\u2026","rel":"","context":"Article similaire","img":{"alt_text":"","src":"https:\/\/i0.wp.com\/www.passionfruits.fr\/wp-content\/uploads\/2023\/08\/69525.jpg?fit=600%2C600&ssl=1&resize=350%2C200","width":350,"height":200},"classes":[]}],"_links":{"self":[{"href":"https:\/\/www.passionfruits.fr\/index.php\/wp-json\/wp\/v2\/product\/8282"}],"collection":[{"href":"https:\/\/www.passionfruits.fr\/index.php\/wp-json\/wp\/v2\/product"}],"about":[{"href":"https:\/\/www.passionfruits.fr\/index.php\/wp-json\/wp\/v2\/types\/product"}],"replies":[{"embeddable":true,"href":"https:\/\/www.passionfruits.fr\/index.php\/wp-json\/wp\/v2\/comments?post=8282"}],"wp:featuredmedia":[{"embeddable":true,"href":"https:\/\/www.passionfruits.fr\/index.php\/wp-json\/wp\/v2\/media\/8283"}],"wp:attachment":[{"href":"https:\/\/www.passionfruits.fr\/index.php\/wp-json\/wp\/v2\/media?parent=8282"}],"curies":[{"name":"wp","href":"https:\/\/api.w.org\/{rel}","templated":true}]}}