{"id":8337,"date":"2016-03-04T10:11:01","date_gmt":"2016-03-04T09:11:01","guid":{"rendered":"http:\/\/www.andreclaude.fr\/web\/?post_type=product&#038;p=8337"},"modified":"2018-11-17T10:39:35","modified_gmt":"2018-11-17T09:39:35","slug":"galettes-bretonnes-sachet-150g","status":"publish","type":"product","link":"https:\/\/www.passionfruits.fr\/index.php\/produit\/galettes-bretonnes-sachet-150g\/","title":{"rendered":"Galettes Bretonnes sachet 150g"},"content":{"rendered":"","protected":false},"excerpt":{"rendered":"<p>Fabrication artisanale Galettes Bretonnes pur beurre.<\/p>\n<p>23 galettes soit 150g<\/p>\n<p>Savourez une autre institution de la gastronomie bretonne, la vraie galette de Bretagne au bon go\u00fbt de beurre !<\/p>\n<p>Ingr\u00e9dients : farine de<strong> froment (bl\u00e9)<\/strong> <strong>beurre (lait)<\/strong> 22% sucre, <strong>oeufs<\/strong>, poudre de lait, sel de Gu\u00e9rande (IGP) poudre \u00e0 lever, (bicarbonate d&#8217;ammonium et bicarboante de sodium)<\/p>\n<p>Fabriqu\u00e9 dans un atelier qui utilise des fruits \u00e0 coque de soja, de s\u00e9same)<\/p>\n<p>Valeurs nutritionnelles moyennes pour 100g<\/p>\n<p>Energie : 2055kj\/482kcal<\/p>\n<p>Mati\u00e8res grasses : 19.9g sont acides gras satur\u00e9s : 13.8g<\/p>\n<p>Glucides : 70.3g dont sucre : 27.1g<\/p>\n<p>Fibres : 1g<\/p>\n<p>Prot\u00e9ines : 6.2g<\/p>\n<p>Sel : 0.7g<\/p>\n<p>Distribu\u00e9 par SDP RUNGIS 99437 ORLY<\/p>\n<p>&nbsp;<\/p>\n","protected":false},"featured_media":8338,"comment_status":"closed","ping_status":"closed","template":"","meta":{"spay_email":"","jetpack_publicize_message":"","jetpack_is_tweetstorm":false},"jetpack_publicize_connections":[],"jetpack_sharing_enabled":true,"jetpack-related-posts":[{"id":5907,"url":"https:\/\/www.passionfruits.fr\/index.php\/produit\/palet-breton-le-paquet\/","url_meta":{"origin":8337,"position":0},"title":"Palet Breton le paquet de 150 grs","date":"7 d\u00e9cembre 2015","format":false,"excerpt":"Toutes les saveurs de la Bretagne dans un biscuit au combien traditionnel, craquez pour le v\u00e9ritable palet breton pur beurre ! Ingr\u00e9dients : farine de froment (bl\u00e9), beurre (lait) concentr\u00e9 24.5%, sucre, oeufs, poudre de lait, sel de Gu\u00e9rande (IGP), poudre \u00e0 lever (bicarbonate d'ammonium et bicarbonate de sodium) Fabriqu\u00e9\u2026","rel":"","context":"Article similaire","img":{"alt_text":"","src":"https:\/\/i2.wp.com\/www.passionfruits.fr\/wp-content\/uploads\/2015\/12\/palets-bretons.jpg?fit=600%2C600&ssl=1&resize=350%2C200","width":350,"height":200},"classes":[]},{"id":5736,"url":"https:\/\/www.passionfruits.fr\/index.php\/produit\/galet-de-la-loire\/","url_meta":{"origin":8337,"position":1},"title":"Galet de la Loire la pi\u00e8ce environ 260g","date":"7 d\u00e9cembre 2015","format":false,"excerpt":"Fromage au lait de vache pasteuris\u00e9 \u00e0 patte molle. Sans odeur, et en bouche il est d\u00e9licat et onctueux. Fromage d'Anjou au lait pasteuris\u00e9 et cr\u00e8me (origine France), ferments, pr\u00e9sure,sel. Fabriqu\u00e9 dans une fromagerie transformant du lait de ch\u00e8vre et du lait du vache. Valeurs nutritionnelles moyennes pour 100g Energie\u2026","rel":"","context":"Article similaire","img":{"alt_text":"","src":"https:\/\/i1.wp.com\/www.passionfruits.fr\/wp-content\/uploads\/2015\/12\/galet-de-la-loire.jpg?fit=599%2C599&ssl=1&resize=350%2C200","width":350,"height":200},"classes":[]},{"id":17736,"url":"https:\/\/www.passionfruits.fr\/index.php\/produit\/grandes-galettes-pur-beurre-280-g\/","url_meta":{"origin":8337,"position":2},"title":"Grandes galettes pur beurre 280 g","date":"19 mars 2021","format":false,"excerpt":"","rel":"","context":"Article similaire","img":{"alt_text":"","src":"https:\/\/i2.wp.com\/www.passionfruits.fr\/wp-content\/uploads\/2021\/03\/Galette.jpg?fit=600%2C600&ssl=1&resize=350%2C200","width":350,"height":200},"classes":[]},{"id":7782,"url":"https:\/\/www.passionfruits.fr\/index.php\/produit\/pain-a-la-tomate-sachet-150g\/","url_meta":{"origin":8337,"position":3},"title":"Pain grill\u00e9 \u00e0 la tomate sachet 150g","date":"21 janvier 2016","format":false,"excerpt":"Id\u00e9al pour tartiner vos tapenades \u00e0 l' ap\u00e9ritif. Ingr\u00e9dients : farine de bl\u00e9, huile de tournesol raffin\u00e9e (29%), tomate d\u00e9shydrat\u00e9e en poudre (8%)\u00a0 levure, sel, origan (0.4%), am\u00e9liorant de panification (farine de bl\u00e9, antiagglom\u00e9rant E170i, \u00e9mulsifiant E472e, antioxydant E300 et enzymes) et sucre. Contient du gluten. Contient des traces de\u2026","rel":"","context":"Article similaire","img":{"alt_text":"","src":"https:\/\/i1.wp.com\/www.passionfruits.fr\/wp-content\/uploads\/2016\/01\/pain-tomatep.jpg?fit=460%2C460&ssl=1&resize=350%2C200","width":350,"height":200},"classes":[]},{"id":10332,"url":"https:\/\/www.passionfruits.fr\/index.php\/produit\/arachides-3-chocolats-de-paques-sachet-428g\/","url_meta":{"origin":8337,"position":4},"title":"Arachides 3 chocolats sachet 420 grs","date":"21 mars 2017","format":false,"excerpt":"De d\u00e9licieuses cacahu\u00e8tes enrob\u00e9es aux trois chocolats: chocolat noir, chocolat au lait et chocolat blanc. Ingr\u00e9dients : arachide 49%, chocolat noir (p\u00e2te de cacao, sucre, beurre de cacao, mati\u00e8re grasse laiti\u00e8re, \u00e9mulsifiant : l\u00e9cithine de soja, ar\u00f4me naturel vanille), chocolat au lait (sucre, beurre de cacao, lait entier en poudre,\u2026","rel":"","context":"Article similaire","img":{"alt_text":"","src":"https:\/\/i2.wp.com\/www.passionfruits.fr\/wp-content\/uploads\/2017\/03\/oeufs-de-paques.jpg?fit=500%2C500&ssl=1&resize=350%2C200","width":350,"height":200},"classes":[]},{"id":6203,"url":"https:\/\/www.passionfruits.fr\/index.php\/produit\/nounours-guimauve-au-lait-barq-200-grs-env\/","url_meta":{"origin":8337,"position":5},"title":"Oursons chocolat au lait barq. 200g env.","date":"7 d\u00e9cembre 2015","format":false,"excerpt":"Parmi tous les bonbons et toutes les confiseries au monde, la guimauve est certainement la friandise la plus douce et la plus r\u00e9confortante. Ingr\u00e9dients : sirop de glucose-fructose, chocolat au lait 30% (sucre, beurre de cacao, p\u00e2te de cacao, lait entier en poudre, \u00e9mulsifiant : lecithine de soja, ar\u00f4me naturel\u2026","rel":"","context":"Article similaire","img":{"alt_text":"","src":"https:\/\/i1.wp.com\/www.passionfruits.fr\/wp-content\/uploads\/2015\/12\/oursons-guimauve.jpg?fit=290%2C290&ssl=1&resize=350%2C200","width":350,"height":200},"classes":[]}],"_links":{"self":[{"href":"https:\/\/www.passionfruits.fr\/index.php\/wp-json\/wp\/v2\/product\/8337"}],"collection":[{"href":"https:\/\/www.passionfruits.fr\/index.php\/wp-json\/wp\/v2\/product"}],"about":[{"href":"https:\/\/www.passionfruits.fr\/index.php\/wp-json\/wp\/v2\/types\/product"}],"replies":[{"embeddable":true,"href":"https:\/\/www.passionfruits.fr\/index.php\/wp-json\/wp\/v2\/comments?post=8337"}],"wp:featuredmedia":[{"embeddable":true,"href":"https:\/\/www.passionfruits.fr\/index.php\/wp-json\/wp\/v2\/media\/8338"}],"wp:attachment":[{"href":"https:\/\/www.passionfruits.fr\/index.php\/wp-json\/wp\/v2\/media?parent=8337"}],"curies":[{"name":"wp","href":"https:\/\/api.w.org\/{rel}","templated":true}]}}