{"id":8351,"date":"2016-03-07T08:48:52","date_gmt":"2016-03-07T07:48:52","guid":{"rendered":"http:\/\/www.andreclaude.fr\/web\/?post_type=product&#038;p=8351"},"modified":"2018-10-05T16:15:03","modified_gmt":"2018-10-05T15:15:03","slug":"chips-de-legumes-barquette-150g-environ","status":"publish","type":"product","link":"https:\/\/www.passionfruits.fr\/index.php\/produit\/chips-de-legumes-barquette-150g-environ\/","title":{"rendered":"Chips de l\u00e9gumes barquette 100g environ"},"content":{"rendered":"<p>Distribu\u00e9 par<\/p>\n<p>SAISOF<\/p>\n<p>29\/31 rue des investisseurs<\/p>\n<p>91560 CROSNE<\/p>\n","protected":false},"excerpt":{"rendered":"<p>M\u00e9lange de Chips de l\u00e9gumes :<\/p>\n<p>Patate douce, haricot vert, carotte, chou, potiron.<\/p>\n<p>Conditionn\u00e9 en barquette refermable \u00e0 volont\u00e9 pour garder toute sa saveur.<\/p>\n","protected":false},"featured_media":8353,"comment_status":"closed","ping_status":"closed","template":"","meta":{"spay_email":"","jetpack_publicize_message":"","jetpack_is_tweetstorm":false},"jetpack_publicize_connections":[],"jetpack_sharing_enabled":true,"jetpack-related-posts":[{"id":11081,"url":"https:\/\/www.passionfruits.fr\/index.php\/produit\/bananes-chips-deshydratees-barq-env-200-grs\/","url_meta":{"origin":8351,"position":0},"title":"Bananes chips d\u00e9shydrat\u00e9es barq. env. 200 grs","date":"18 septembre 2017","format":false,"excerpt":"Conditionn\u00e9e en barquette refermable \u00e0 volont\u00e9 pour garder toute sa saveur. BANANE CHIPS Ingr\u00e9dient: banane, huile de noix de coco,sucre, miel, ar\u00f4me de banane. Origine :Philippines Valeurs \u00e9nerg\u00e9tiques et nutritionnelles moyennes pour 100g Energie : 2125kj\/509kcal Mati\u00e8res grasses : 29g dont acides gras satur\u00e9s : 25g Glucides : 58g dont\u2026","rel":"","context":"Article similaire","img":{"alt_text":"","src":"https:\/\/i0.wp.com\/www.passionfruits.fr\/wp-content\/uploads\/2017\/09\/banane-sechee.jpeg?fit=500%2C500&ssl=1&resize=350%2C200","width":350,"height":200},"classes":[]},{"id":5273,"url":"https:\/\/www.passionfruits.fr\/index.php\/produit\/salade-sucrine-barquette-de-6-pieces\/","url_meta":{"origin":8351,"position":1},"title":"Salade Sucrine Espagne Cat 1 la barquette","date":"7 d\u00e9cembre 2015","format":false,"excerpt":"Origine Espagne","rel":"","context":"Article similaire","img":{"alt_text":"","src":"https:\/\/i2.wp.com\/www.passionfruits.fr\/wp-content\/uploads\/2015\/12\/sucrine.jpg?fit=600%2C600&ssl=1&resize=350%2C200","width":350,"height":200},"classes":[]},{"id":18232,"url":"https:\/\/www.passionfruits.fr\/index.php\/produit\/chou-rouge-chou-blanc-rapee-france-barquette-350-grs-categorie-1\/","url_meta":{"origin":8351,"position":2},"title":"Chou Rouge\/Chou Blanc Rap\u00e9e France barquette 350 grs Cat\u00e9gorie 1","date":"17 ao\u00fbt 2021","format":false,"excerpt":"L\u00e9gumes \u00e9pluch\u00e9s et coup\u00e9s, pr\u00eats \u00e0 consommer. Conditionn\u00e9 en barquette refermable \u00e0 volont\u00e9 pour garder toute sa saveur. 100% Frais, 100% Pr\u00eat, sans conservateur.","rel":"","context":"Article similaire","img":{"alt_text":"","src":"https:\/\/i0.wp.com\/www.passionfruits.fr\/wp-content\/uploads\/2021\/08\/3760032898354-1.jpg?fit=600%2C600&ssl=1&resize=350%2C200","width":350,"height":200},"classes":[]},{"id":18306,"url":"https:\/\/www.passionfruits.fr\/index.php\/produit\/poivron-emince-cat-1-hollande-barquette-200-grs\/","url_meta":{"origin":8351,"position":3},"title":"Poivron \u00e9minc\u00e9 cat 1 Belgique  barquette 200 grs","date":"16 septembre 2021","format":false,"excerpt":"","rel":"","context":"Article similaire","img":{"alt_text":"","src":"https:\/\/i1.wp.com\/www.passionfruits.fr\/wp-content\/uploads\/2021\/09\/gele-paprika-reepjes-per-kilo.jpg?fit=600%2C600&ssl=1&resize=350%2C200","width":350,"height":200},"classes":[]},{"id":18295,"url":"https:\/\/www.passionfruits.fr\/index.php\/produit\/oignon-emince-cat-1-hollande-barquette-200-grs\/","url_meta":{"origin":8351,"position":4},"title":"Oignon Jaune \u00e9minc\u00e9 cat 1 France barquette 200 grs","date":"16 septembre 2021","format":false,"excerpt":"","rel":"","context":"Article similaire","img":{"alt_text":"","src":"https:\/\/i2.wp.com\/www.passionfruits.fr\/wp-content\/uploads\/2021\/09\/vend-oignon-france-1253-2385-large.jpg?fit=600%2C600&ssl=1&resize=350%2C200","width":350,"height":200},"classes":[]},{"id":18297,"url":"https:\/\/www.passionfruits.fr\/index.php\/produit\/carotte-entiere-epluchee-cat-1-france-barquette-500-grs\/","url_meta":{"origin":8351,"position":5},"title":"Carotte enti\u00e8re \u00e9pluch\u00e9e cat 1 Portugal barquette 500 grs","date":"16 septembre 2021","format":false,"excerpt":"","rel":"","context":"Article similaire","img":{"alt_text":"","src":"https:\/\/i2.wp.com\/www.passionfruits.fr\/wp-content\/uploads\/2021\/09\/unnamed.jpg?fit=600%2C600&ssl=1&resize=350%2C200","width":350,"height":200},"classes":[]}],"_links":{"self":[{"href":"https:\/\/www.passionfruits.fr\/index.php\/wp-json\/wp\/v2\/product\/8351"}],"collection":[{"href":"https:\/\/www.passionfruits.fr\/index.php\/wp-json\/wp\/v2\/product"}],"about":[{"href":"https:\/\/www.passionfruits.fr\/index.php\/wp-json\/wp\/v2\/types\/product"}],"replies":[{"embeddable":true,"href":"https:\/\/www.passionfruits.fr\/index.php\/wp-json\/wp\/v2\/comments?post=8351"}],"wp:featuredmedia":[{"embeddable":true,"href":"https:\/\/www.passionfruits.fr\/index.php\/wp-json\/wp\/v2\/media\/8353"}],"wp:attachment":[{"href":"https:\/\/www.passionfruits.fr\/index.php\/wp-json\/wp\/v2\/media?parent=8351"}],"curies":[{"name":"wp","href":"https:\/\/api.w.org\/{rel}","templated":true}]}}