{"id":8366,"date":"2016-03-08T19:04:50","date_gmt":"2016-03-08T18:04:50","guid":{"rendered":"http:\/\/www.andreclaude.fr\/web\/?post_type=product&#038;p=8366"},"modified":"2020-11-13T09:14:21","modified_gmt":"2020-11-13T08:14:21","slug":"melange-exotique-barquette-200g-environ","status":"publish","type":"product","link":"https:\/\/www.passionfruits.fr\/index.php\/produit\/melange-exotique-barquette-200g-environ\/","title":{"rendered":"M\u00e9lange exotique barquette 250g environ"},"content":{"rendered":"<p>Distribu\u00e9 par<\/p>\n<p>Agidra<\/p>\n<p>BP 156<\/p>\n<p>69801 SAINT PRIEST<\/p>\n","protected":false},"excerpt":{"rendered":"<p>M\u00e9lange de\u00a0 fruits secs et de fruits d\u00e9shydrat\u00e9s\u00a0:<\/p>\n<p>Conditionn\u00e9 en barquette refermable \u00e0 volont\u00e9 pour garder toute sa saveur.<\/p>\n<p>Ingr\u00e9dients :Ingr\u00e9dients : raisin sec golden (raisin, huile de tournesol, conservateur : anhydride sulfureux), papaye d\u00e9shydrat\u00e9e en cubes (papaye, sucre, conservateur : anhydride sulfureux), ananas d\u00e9shydrat\u00e9 en cubes (ananas, sucre, acidifiant : acide citrique, conservateur : anhydride sulfureux), chips de banane (banane, huile de noix de coco, sucre, miel, ar\u00f4me), raisin sec flame (raisin, huile de tournesol), noix de coco en lamelles (noix de coco, conservateur : anhydride sulfureux).<br \/>\nFruits en proportions variables.<br \/>\nOrigine :import<\/p>\n<p>Valeurs \u00e9nerg\u00e9tiques et nutritionnelles pour 100 g<\/p>\n<p>Energie 1630kJ \/ 378kcal<br \/>\nGraisses 11.0g dont acides gras satur\u00e9s 10.1g<br \/>\nGlucides 69.8g dont sucres 57.2g<br \/>\nProt\u00e9ines 1.9g<br \/>\nSel 0.21g<\/p>\n","protected":false},"featured_media":8367,"comment_status":"closed","ping_status":"closed","template":"","meta":{"spay_email":"","jetpack_publicize_message":"","jetpack_is_tweetstorm":false},"jetpack_publicize_connections":[],"jetpack_sharing_enabled":true,"jetpack-related-posts":[{"id":5356,"url":"https:\/\/www.passionfruits.fr\/index.php\/produit\/raisin-sec-blond-barq-250-g\/","url_meta":{"origin":8366,"position":0},"title":"Raisin sec blond Afrique du sud Cat 1 la barquette 300 g environ","date":"7 d\u00e9cembre 2015","format":false,"excerpt":"Fruit\u00e9 et dor\u00e9 \u00e0 souhait, le raisin blond sec met du caract\u00e8re aussi bien dans les recettes sucr\u00e9es que sal\u00e9es. Conditionn\u00e9 en barquette refermable \u00e0 volont\u00e9 pour garder toute sa saveur. Ingr\u00e9dients : agent enrobage,huile non hydrog\u00e9n\u00e9e de tournesol,conservateur anhydride sulfureux. Valeurs \u00e9nerg\u00e9tiques et nutritionnelles moyennes pour 100g : Energie\u2026","rel":"","context":"Article similaire","img":{"alt_text":"","src":"https:\/\/i2.wp.com\/www.passionfruits.fr\/wp-content\/uploads\/2015\/12\/raisin-blon-du-chili.jpg?fit=600%2C600&ssl=1&resize=350%2C200","width":350,"height":200},"classes":[]},{"id":11338,"url":"https:\/\/www.passionfruits.fr\/index.php\/produit\/cake-aux-fruits-en-tranche-le-paquet-de-250-grs\/","url_meta":{"origin":8366,"position":1},"title":"Cake aux fruits en tranche le paquet de 250 grs","date":"25 novembre 2017","format":false,"excerpt":"Ingr\u00e9dients : Fruits 38.2% (raisins secs (14.2%), bigarreaux confits (13%), bigarreaux (6.6%), sirop de glucose-fructose, colorant ; anthocyanes, correcteur d'acidit\u00e9 : acide citrique, conservateur : anhydride sulfureux), \u00e9corces d'orange confites (5.5%) (\u00e9corces d'orange (2.9%), sirop de glucose fructose, sacharrose, correcteur d'acidit\u00e9 : acide citrique, conservateur : anhydride sulfureux, cubes de\u2026","rel":"","context":"Article similaire","img":{"alt_text":"","src":"https:\/\/i0.wp.com\/www.passionfruits.fr\/wp-content\/uploads\/2017\/11\/cake-fruits.jpg?fit=600%2C600&ssl=1&resize=350%2C200","width":350,"height":200},"classes":[]},{"id":5375,"url":"https:\/\/www.passionfruits.fr\/index.php\/produit\/ananas-cube-barq-300-g\/","url_meta":{"origin":8366,"position":2},"title":"Ananas cube Ap\u00e9ritif barq 300g env.","date":"7 d\u00e9cembre 2015","format":false,"excerpt":"Ananas d\u00e9shydrat\u00e9. Conditionn\u00e9 en boite refermable \u00e0 volont\u00e9 pour garder toute sa saveur. Ingr\u00e9dients:sucre,ananas,acidifiant:acide citrique E330,conservateur,anhydride sulfureux E220. Valeurs nutritionnelles Pour 100 g Energie 305 Kcal \/ 1295 Kj Lipides 0 g Glucides dont Sucres 73.9 g 53.1 g Prot\u00e9ines 2 g Fibres 5.2 g","rel":"","context":"Article similaire","img":{"alt_text":"","src":"https:\/\/i1.wp.com\/www.passionfruits.fr\/wp-content\/uploads\/2015\/12\/ananas-1.jpg?fit=590%2C568&ssl=1&resize=350%2C200","width":350,"height":200},"classes":[]},{"id":5347,"url":"https:\/\/www.passionfruits.fr\/index.php\/produit\/abricot-sec-les-250-grs\/","url_meta":{"origin":8366,"position":3},"title":"Abricot moelleux Turquie Cat 1 les 250g","date":"7 d\u00e9cembre 2015","format":false,"excerpt":"Ingr\u00e9dients : abricots secs de Turquie, eau, antioxydant : anhydride sulfureux, conservateur sorbate de potassium Valeurs \u00e9nerg\u00e9tiques et nutritionnelles moyennes pour 100 g: Energie 818kj\/193kcal Graisses 0.3g dont acides gras satur\u00e9s 0.1g Glucides 42g dont sucres 32g Fibres alimentaires : 4.5g Prot\u00e9ines 2g Sel 0.07g","rel":"","context":"Article similaire","img":{"alt_text":"","src":"https:\/\/i1.wp.com\/www.passionfruits.fr\/wp-content\/uploads\/2015\/12\/abricotsec.jpg?fit=346%2C346&ssl=1&resize=350%2C200","width":350,"height":200},"classes":[]},{"id":5358,"url":"https:\/\/www.passionfruits.fr\/index.php\/produit\/raisin-sec-flame-barq-250-g\/","url_meta":{"origin":8366,"position":4},"title":"Raisin sec Afrique du sud Cat 1 Flame la barquette 300 g environ","date":"7 d\u00e9cembre 2015","format":false,"excerpt":"Les raisins secs sont des raisins s\u00e9ch\u00e9s. Ils peuvent \u00eatre consomm\u00e9s crus tels quels ou \u00eatre utilis\u00e9s cuits dans certaines recettes. Conditionn\u00e9 en barquette refermable \u00e0 volont\u00e9 pour garder toute sa saveur. Ingr\u00e9dients : raisin Sultanine, huile de tournesol Traces possibles d'arachides et de fruits \u00e0 coque. Valeurs \u00e9nerg\u00e9tiques et\u2026","rel":"","context":"Article similaire","img":{"alt_text":"","src":"https:\/\/i2.wp.com\/www.passionfruits.fr\/wp-content\/uploads\/2015\/12\/raisin_sec.jpg?fit=400%2C400&ssl=1&resize=350%2C200","width":350,"height":200},"classes":[]},{"id":11081,"url":"https:\/\/www.passionfruits.fr\/index.php\/produit\/bananes-chips-deshydratees-barq-env-200-grs\/","url_meta":{"origin":8366,"position":5},"title":"Bananes chips d\u00e9shydrat\u00e9es barq. env. 200 grs","date":"18 septembre 2017","format":false,"excerpt":"Conditionn\u00e9e en barquette refermable \u00e0 volont\u00e9 pour garder toute sa saveur. BANANE CHIPS Ingr\u00e9dient: banane, huile de noix de coco,sucre, miel, ar\u00f4me de banane. Origine :Philippines Valeurs \u00e9nerg\u00e9tiques et nutritionnelles moyennes pour 100g Energie : 2125kj\/509kcal Mati\u00e8res grasses : 29g dont acides gras satur\u00e9s : 25g Glucides : 58g dont\u2026","rel":"","context":"Article similaire","img":{"alt_text":"","src":"https:\/\/i0.wp.com\/www.passionfruits.fr\/wp-content\/uploads\/2017\/09\/banane-sechee.jpeg?fit=500%2C500&ssl=1&resize=350%2C200","width":350,"height":200},"classes":[]}],"_links":{"self":[{"href":"https:\/\/www.passionfruits.fr\/index.php\/wp-json\/wp\/v2\/product\/8366"}],"collection":[{"href":"https:\/\/www.passionfruits.fr\/index.php\/wp-json\/wp\/v2\/product"}],"about":[{"href":"https:\/\/www.passionfruits.fr\/index.php\/wp-json\/wp\/v2\/types\/product"}],"replies":[{"embeddable":true,"href":"https:\/\/www.passionfruits.fr\/index.php\/wp-json\/wp\/v2\/comments?post=8366"}],"wp:featuredmedia":[{"embeddable":true,"href":"https:\/\/www.passionfruits.fr\/index.php\/wp-json\/wp\/v2\/media\/8367"}],"wp:attachment":[{"href":"https:\/\/www.passionfruits.fr\/index.php\/wp-json\/wp\/v2\/media?parent=8366"}],"curies":[{"name":"wp","href":"https:\/\/api.w.org\/{rel}","templated":true}]}}