{"id":8438,"date":"2016-03-16T06:00:14","date_gmt":"2016-03-16T05:00:14","guid":{"rendered":"http:\/\/www.andreclaude.fr\/web\/?post_type=product&#038;p=8438"},"modified":"2026-04-01T15:34:24","modified_gmt":"2026-04-01T14:34:24","slug":"tomate-marmande-le-kilo","status":"publish","type":"product","link":"https:\/\/www.passionfruits.fr\/index.php\/produit\/tomate-marmande-le-kilo\/","title":{"rendered":"Tomate Marmande France  Cat 1 les 500g"},"content":{"rendered":"","protected":false},"excerpt":{"rendered":"","protected":false},"featured_media":8439,"comment_status":"closed","ping_status":"closed","template":"","meta":{"spay_email":"","jetpack_publicize_message":"","jetpack_is_tweetstorm":false},"jetpack_publicize_connections":[],"jetpack_sharing_enabled":true,"jetpack-related-posts":[{"id":13708,"url":"https:\/\/www.passionfruits.fr\/index.php\/produit\/betterave-svide-france-bio-cat-1-les-500g\/","url_meta":{"origin":8438,"position":0},"title":"Betterave s\/vide France Cat 1 les 500g","date":"23 mars 2019","format":false,"excerpt":"","rel":"","context":"Article similaire","img":{"alt_text":"","src":"https:\/\/i2.wp.com\/www.passionfruits.fr\/wp-content\/uploads\/2015\/12\/betteravesousvide.jpg?fit=238%2C300&ssl=1&resize=350%2C200","width":350,"height":200},"classes":[]},{"id":7397,"url":"https:\/\/www.passionfruits.fr\/index.php\/produit\/celeri-rave-demi-piece-env-500g\/","url_meta":{"origin":8438,"position":1},"title":"C\u00e8leri rave France Cat 1 demi env. 500g","date":"1 janvier 2016","format":false,"excerpt":"","rel":"","context":"Article similaire","img":{"alt_text":"","src":"https:\/\/i1.wp.com\/www.passionfruits.fr\/wp-content\/uploads\/2016\/01\/celeri-rave.jpg?fit=580%2C420&ssl=1&resize=350%2C200","width":350,"height":200},"classes":[]},{"id":6508,"url":"https:\/\/www.passionfruits.fr\/index.php\/produit\/carotte-rondelle-barq-500g\/","url_meta":{"origin":8438,"position":2},"title":"Carotte rondelle France  Cat 1 la barq. 500g","date":"7 d\u00e9cembre 2015","format":false,"excerpt":"L\u00e9gumes \u00e9pluch\u00e9s et coup\u00e9s, pr\u00eats \u00e0 consommer. Conditionn\u00e9 en barquette refermable \u00e0 volont\u00e9 pour garder toute sa saveur. 100% Frais, 100% Pr\u00eat, sans conservateur.","rel":"","context":"Article similaire","img":{"alt_text":"","src":"https:\/\/i1.wp.com\/www.passionfruits.fr\/wp-content\/uploads\/2015\/12\/carotte-rondelle.jpg?fit=600%2C600&ssl=1&resize=350%2C200","width":350,"height":200},"classes":[]},{"id":5340,"url":"https:\/\/www.passionfruits.fr\/index.php\/produit\/pruneau-denoyaute-les-500grs\/","url_meta":{"origin":8438,"position":3},"title":"Pruneau d\u00e9noyaut\u00e9 France Cat 1 le sachet de 500g","date":"7 d\u00e9cembre 2015","format":false,"excerpt":"","rel":"","context":"Article similaire","img":{"alt_text":"","src":"https:\/\/i0.wp.com\/www.passionfruits.fr\/wp-content\/uploads\/2015\/12\/pruneau-sachet.jpg?fit=600%2C600&ssl=1&resize=350%2C200","width":350,"height":200},"classes":[]},{"id":5024,"url":"https:\/\/www.passionfruits.fr\/index.php\/produit\/oignon-rouge-les-500-grs\/","url_meta":{"origin":8438,"position":4},"title":"Oignon Rouge France Cat 1 les 500g","date":"7 d\u00e9cembre 2015","format":false,"excerpt":"","rel":"","context":"Article similaire","img":{"alt_text":"","src":"https:\/\/i2.wp.com\/www.passionfruits.fr\/wp-content\/uploads\/2015\/12\/oignon-rouge.jpg?fit=600%2C600&ssl=1&resize=350%2C200","width":350,"height":200},"classes":[]},{"id":5342,"url":"https:\/\/www.passionfruits.fr\/index.php\/produit\/pruneau-vrac-noyau-les-500-grs\/","url_meta":{"origin":8438,"position":5},"title":"Pruneau France Cat 1 avec noyau les 500g","date":"7 d\u00e9cembre 2015","format":false,"excerpt":"Ingr\u00e9dients : Pruneaux avec noyau Traces \u00e9ventuelles de Sulfite","rel":"","context":"Article similaire","img":{"alt_text":"","src":"https:\/\/i1.wp.com\/www.passionfruits.fr\/wp-content\/uploads\/2015\/12\/pruneau.jpg?fit=395%2C304&ssl=1&resize=350%2C200","width":350,"height":200},"classes":[]}],"_links":{"self":[{"href":"https:\/\/www.passionfruits.fr\/index.php\/wp-json\/wp\/v2\/product\/8438"}],"collection":[{"href":"https:\/\/www.passionfruits.fr\/index.php\/wp-json\/wp\/v2\/product"}],"about":[{"href":"https:\/\/www.passionfruits.fr\/index.php\/wp-json\/wp\/v2\/types\/product"}],"replies":[{"embeddable":true,"href":"https:\/\/www.passionfruits.fr\/index.php\/wp-json\/wp\/v2\/comments?post=8438"}],"wp:featuredmedia":[{"embeddable":true,"href":"https:\/\/www.passionfruits.fr\/index.php\/wp-json\/wp\/v2\/media\/8439"}],"wp:attachment":[{"href":"https:\/\/www.passionfruits.fr\/index.php\/wp-json\/wp\/v2\/media?parent=8438"}],"curies":[{"name":"wp","href":"https:\/\/api.w.org\/{rel}","templated":true}]}}