{"id":8550,"date":"2016-04-01T08:40:24","date_gmt":"2016-04-01T07:40:24","guid":{"rendered":"http:\/\/www.andreclaude.fr\/web\/?post_type=product&#038;p=8550"},"modified":"2026-04-08T17:15:40","modified_gmt":"2026-04-08T16:15:40","slug":"tomate-d-antan-les-500g","status":"publish","type":"product","link":"https:\/\/www.passionfruits.fr\/index.php\/produit\/tomate-d-antan-les-500g\/","title":{"rendered":"Tomate Saveur d&#8217;antan France Cat 1 les 500g"},"content":{"rendered":"","protected":false},"excerpt":{"rendered":"<p>Les tomates Saveurs d\u2019antan, c\u2019est un assortiment de tomates de vari\u00e9t\u00e9s anciennes, de couleurs diff\u00e9rentes\u00a0: noire de Crim\u00e9e, green z\u00e9bra, tomate rose, cornue des Andes, c\u0153ur de b\u0153uf\u2026<\/p>\n","protected":false},"featured_media":8551,"comment_status":"closed","ping_status":"closed","template":"","meta":{"spay_email":"","jetpack_publicize_message":"","jetpack_is_tweetstorm":false},"jetpack_publicize_connections":[],"jetpack_sharing_enabled":true,"jetpack-related-posts":[{"id":6440,"url":"https:\/\/www.passionfruits.fr\/index.php\/produit\/tapenade-chevre-et-tomate-le-pot\/","url_meta":{"origin":8550,"position":0},"title":"Tapenade - Ch\u00e8vre et tomate verrine 90g","date":"7 d\u00e9cembre 2015","format":false,"excerpt":"Une alliance d\u00e9licate entre l'onctuosit\u00e9 cr\u00e9meuse du ch\u00e8vre et la saveur raffin\u00e9e de la tomate s\u00e9ch\u00e9e. Comblera le plus avis\u00e9 des gastronomes. Ingr\u00e9dients : fromage blanc, fromage de ch\u00e8vre 22% tomates s\u00e9ch\u00e9es 16%, tomates pel\u00e9es concass\u00e9es, ail, sel, origan, amidon transform\u00e9, poivre blanc. Sans conservateur, sans OGM Valeurs nutritionnelles moyennes\u2026","rel":"","context":"Article similaire","img":{"alt_text":"","src":"https:\/\/i2.wp.com\/www.passionfruits.fr\/wp-content\/uploads\/2015\/12\/delice-de-chevre.jpg?fit=458%2C458&ssl=1&resize=350%2C200","width":350,"height":200},"classes":[]},{"id":9590,"url":"https:\/\/www.passionfruits.fr\/index.php\/produit\/croutons-tomate-et-basilic-sachet-150g\/","url_meta":{"origin":8550,"position":1},"title":"Croutons tomate et basilic sachet de 150g","date":"28 octobre 2016","format":false,"excerpt":"Id\u00e9ale pour accompagner vos soupes ou vos salades. Ingr\u00e9dients : farine de bl\u00e9 76%, huile v\u00e9g\u00e9tale 7%, huile d'olive extra vierge 5%, concentr\u00e9 de tomate 3%, herbes aromatiques (romarin ,persil) 2.5%, sel 2%, levure 1% , basilic 1% \u00e9pices (paprika, curry, chili)0.5% farine de c\u00e9r\u00e9ales malt\u00e9es 0.4%, lait en poudre\u2026","rel":"","context":"Article similaire","img":{"alt_text":"","src":"https:\/\/i1.wp.com\/www.passionfruits.fr\/wp-content\/uploads\/2016\/10\/croutons-tomate.jpg?fit=600%2C600&ssl=1&resize=350%2C200","width":350,"height":200},"classes":[]},{"id":6157,"url":"https:\/\/www.passionfruits.fr\/index.php\/produit\/tapenade-sardinade-le-pot\/","url_meta":{"origin":8550,"position":2},"title":"Tapenade - Sardinade verrine 90g","date":"7 d\u00e9cembre 2015","format":false,"excerpt":"Souvenir d'enfance, la Sardinade et ses saveurs...Sur une bonne tartine de pain , le tout saupoudr\u00e9 de piment d'Espelette. Pr\u00eate \u00e0 \u00eatre d\u00e9gust\u00e9e ! Ingr\u00e9dients : sardines 31%, olives vertes,poivrons rouges, huile de tournesol, tomates s\u00e9ch\u00e9es 9%, c\u00e2pres, tomates pel\u00e9es, persil, ail, huile d'olive, jus de citron, concentr\u00e9, sel amidon\u2026","rel":"","context":"Article similaire","img":{"alt_text":"","src":"https:\/\/i2.wp.com\/www.passionfruits.fr\/wp-content\/uploads\/2015\/12\/sardinade.jpg?fit=458%2C458&ssl=1&resize=350%2C200","width":350,"height":200},"classes":[]},{"id":5148,"url":"https:\/\/www.passionfruits.fr\/index.php\/produit\/tomate-cerise-les-250grs\/","url_meta":{"origin":8550,"position":3},"title":"Tomate cerise France  Cat 1  soit 2,95 les  250g","date":"7 d\u00e9cembre 2015","format":false,"excerpt":"Avec sa petite taille, la tomate cerise se fait souvent picorer \u00e0 l'ap\u00e9ritif. Mais elle se d\u00e9guste \u00e9galement dans de nombreuses recettes faciles, au bon go\u00fbt de l'\u00e9t\u00e9. Caram\u00e9lis\u00e9es et roul\u00e9es dans des graines de s\u00e9same ou de pavot, la tomate cerise devient \"d'amour\", comme les pommes de la f\u00eate\u2026","rel":"","context":"Article similaire","img":{"alt_text":"","src":"https:\/\/i1.wp.com\/www.passionfruits.fr\/wp-content\/uploads\/2015\/12\/tomatecerise.jpg?fit=399%2C301&ssl=1&resize=350%2C200","width":350,"height":200},"classes":[]},{"id":10978,"url":"https:\/\/www.passionfruits.fr\/index.php\/produit\/tomate-entiere-pelee-le-pot-de-660g\/","url_meta":{"origin":8550,"position":4},"title":"Tomate enti\u00e8re pel\u00e9e le pot de 660g","date":"25 ao\u00fbt 2017","format":false,"excerpt":"C'est vrai, une bo\u00eete de tomates pel\u00e9es, on peut en faire tout un plat. Mais on peut aussi en faire un condiment pour accompagner vos plats. Ingr\u00e9dients : Tomates pel\u00e9es, jus de tomate, sel, acidifiant : acide citrique et affermissant : chlorure de calcium. \u00a0","rel":"","context":"Article similaire","img":{"alt_text":"","src":"https:\/\/i2.wp.com\/www.passionfruits.fr\/wp-content\/uploads\/2017\/08\/Tomate-pelee.jpg?fit=500%2C500&ssl=1&resize=350%2C200","width":350,"height":200},"classes":[]},{"id":6162,"url":"https:\/\/www.passionfruits.fr\/index.php\/produit\/tapenade-tomates-sechees-le-pot\/","url_meta":{"origin":8550,"position":5},"title":"Tapenade - Tomates s\u00e9ch\u00e9es verrine 90g","date":"7 d\u00e9cembre 2015","format":false,"excerpt":"Le D\u00e9lice de tomates s\u00e9ch\u00e9es est caract\u00e9ris\u00e9\u00a0par une robe sombre et un moelleux flatteur en bouche. Ingr\u00e9dients : tomates s\u00e9ch\u00e9es 45%, huile de tournesol, tomates pel\u00e9es, huile d'olive, eau, ail, mozzarella, poivre. Sans conservateur, sans OGM Valeurs nutritionnelles moyennes pour 100 g Energie : 2015kj\/487kcal Mati\u00e8res grasses : 43.2 g\u2026","rel":"","context":"Article similaire","img":{"alt_text":"","src":"https:\/\/i1.wp.com\/www.passionfruits.fr\/wp-content\/uploads\/2015\/12\/delice-de-tomates-sechees.jpg?fit=458%2C458&ssl=1&resize=350%2C200","width":350,"height":200},"classes":[]}],"_links":{"self":[{"href":"https:\/\/www.passionfruits.fr\/index.php\/wp-json\/wp\/v2\/product\/8550"}],"collection":[{"href":"https:\/\/www.passionfruits.fr\/index.php\/wp-json\/wp\/v2\/product"}],"about":[{"href":"https:\/\/www.passionfruits.fr\/index.php\/wp-json\/wp\/v2\/types\/product"}],"replies":[{"embeddable":true,"href":"https:\/\/www.passionfruits.fr\/index.php\/wp-json\/wp\/v2\/comments?post=8550"}],"wp:featuredmedia":[{"embeddable":true,"href":"https:\/\/www.passionfruits.fr\/index.php\/wp-json\/wp\/v2\/media\/8551"}],"wp:attachment":[{"href":"https:\/\/www.passionfruits.fr\/index.php\/wp-json\/wp\/v2\/media?parent=8550"}],"curies":[{"name":"wp","href":"https:\/\/api.w.org\/{rel}","templated":true}]}}