{"id":8573,"date":"2016-04-02T17:11:47","date_gmt":"2016-04-02T16:11:47","guid":{"rendered":"http:\/\/www.andreclaude.fr\/web\/?post_type=product&#038;p=8573"},"modified":"2018-10-10T17:32:20","modified_gmt":"2018-10-10T16:32:20","slug":"chateau-haut-brion-75-cl-2003","status":"publish","type":"product","link":"https:\/\/www.passionfruits.fr\/index.php\/produit\/chateau-haut-brion-75-cl-2003\/","title":{"rendered":"Ch\u00e2teau Haut-Brion 75 cl 2003"},"content":{"rendered":"","protected":false},"excerpt":{"rendered":"<p>Ch\u00e2teau Haut-Brion, Rouge 2003, Premier Grand Cru Class\u00e9 en 1855, Pessac L\u00e9ognan, Bordeaux.<\/p>\n<p>Le Haut-Brion 2003, qui traduit bien l&#8217;opulence et la faible acidit\u00e9 inh\u00e9rentes au mill\u00e9sime, est encore plus tannique que son a\u00een\u00e9 de 2000. Sa robe d&#8217;un rubis-pourpre profond accompagne de classiques senteurs, de min\u00e9ral et de fruits noirs et bleus. L&#8217;ensemble qui r\u00e9v\u00e8le \u00e0 l&#8217;attaque une richesse et une intensit\u00e9 extraordinaires, n&#8217;est ni lourd ni sur m\u00fbri. Issu de faibles rendements de 36hl\/ha, il pr\u00e9sente une douceur et une profondeur sous-jacentes d&#8217;excellent aloi. il se distingue par son caract\u00e8re moyennement cors\u00e9, son ampleur, sa fra\u00eecheur, son \u00e9toffe et sa tonicit\u00e9. En outre, il n&#8217;accuse aucun aspect confit. A boire entre 2009 et 2025.<\/p>\n<div id=\"tab-description\" class=\"woocommerce-Tabs-panel woocommerce-Tabs-panel--description panel entry-content wc-tab\">\n<p class=\" text-justify\">Alcool 13 % Contient des sulfites.<\/p>\n<p class=\" text-justify\">La consommation de boissons alcoolis\u00e9es pendant la grossesse, m\u00eame en faible quantit\u00e9, peut avoir des cons\u00e9quences graves sur la sant\u00e9 de l\u2019enfant.<\/p>\n<p class=\" text-justify\">L ABUS D ALCOOL EST DANGEREUX POUR LA SANTE. A CONSOMMER AVEC MODERATION.<\/p>\n<p class=\" text-justify\">LA VENTE D ALCOOL EST INTERDITE AUX MINEURS.<\/p>\n<p>Clarence Dillon Pessac 33600 Gironde.<\/p>\n<\/div>\n","protected":false},"featured_media":8574,"comment_status":"closed","ping_status":"closed","template":"","meta":{"spay_email":"","jetpack_publicize_message":"","jetpack_is_tweetstorm":false},"jetpack_publicize_connections":[],"jetpack_sharing_enabled":true,"jetpack-related-posts":[{"id":5867,"url":"https:\/\/www.passionfruits.fr\/index.php\/produit\/chateau-batailley-grand-cru-classe-pauillac-150-cl-2005\/","url_meta":{"origin":8573,"position":0},"title":"Ch\u00e2teau Batailley Pauillac 150cl 2003","date":"7 d\u00e9cembre 2015","format":false,"excerpt":"Grand Cru Class\u00e9 AOC Pauillac. Ch\u00e2teau Batailley, 5\u00e8me Grand Cru Class\u00e9 en 1855, est un des joyaux de la famille Cast\u00e9ja et de Borie-Manoux. Batailley est un Pauillac classique, avec une couleur rubis fonc\u00e9, bien charpent\u00e9 et des notes prononc\u00e9es de cassis. Alcool 13,5 % Contient des sulfites. La consommation\u2026","rel":"","context":"Article similaire","img":{"alt_text":"","src":"https:\/\/i2.wp.com\/www.passionfruits.fr\/wp-content\/uploads\/2015\/12\/batailley.jpg?fit=600%2C600&ssl=1&resize=350%2C200","width":350,"height":200},"classes":[]},{"id":5397,"url":"https:\/\/www.passionfruits.fr\/index.php\/produit\/chateau-laubade-bas-armagnac-millesime\/","url_meta":{"origin":8573,"position":1},"title":"Ch\u00e2teau Laubade Bas Armagnac 1987","date":"7 d\u00e9cembre 2015","format":false,"excerpt":"Les Mill\u00e9simes proviennent \u00e0 100% d\u2019une seule ann\u00e9e de r\u00e9colte et de distillation. Ils ont la vertu d\u2019afficher clairement leur \u00e2ge. C\u2019est la grande sp\u00e9cificit\u00e9 de l\u2019armagnac et la marque de fabrique du ch\u00e2teau. Dans les chais du Ch\u00e2teau de Laubade vieillissent plus de 80 mill\u00e9simes diff\u00e9rents, v\u00e9ritables t\u00e9moignages de\u2026","rel":"","context":"Article similaire","img":{"alt_text":"","src":"https:\/\/i2.wp.com\/www.passionfruits.fr\/wp-content\/uploads\/2015\/12\/laubade-1.jpg?fit=500%2C500&ssl=1&resize=350%2C200","width":350,"height":200},"classes":[]},{"id":5403,"url":"https:\/\/www.passionfruits.fr\/index.php\/produit\/chateau-de-laubade-vsop-acacia-50-cl\/","url_meta":{"origin":8573,"position":2},"title":"Armagnac hors d'Age 70 cl","date":"7 d\u00e9cembre 2015","format":false,"excerpt":"Carafe Bas Armagnac Acacia Chateau de Laubade VSOP \u00a050cl. 40\u00b0.Le V.S.O.P est un assemblage \u00ab\u00a0plaisir\u00a0\u00bb \u00e0 d\u00e9guster en digestif ou en ap\u00e9ritif. Ch\u00e2teau de Laubade 32110 Sorbets. La consommation de boissons alcoolis\u00e9es pendant la grossesse, m\u00eame en faible quantit\u00e9, peut avoir des cons\u00e9quences graves sur la sant\u00e9 de l\u2019enfant. L\u2026","rel":"","context":"Article similaire","img":{"alt_text":"","src":"https:\/\/i0.wp.com\/www.passionfruits.fr\/wp-content\/uploads\/2015\/12\/laubade2.jpg?fit=600%2C600&ssl=1&resize=350%2C200","width":350,"height":200},"classes":[]},{"id":5459,"url":"https:\/\/www.passionfruits.fr\/index.php\/produit\/chateau-tournefeuille-150cl-2009\/","url_meta":{"origin":8573,"position":3},"title":"Ch\u00e2teau tournefeuille 150cl 2022","date":"7 d\u00e9cembre 2015","format":false,"excerpt":"Les 17 hectares qui composent le vignoble du Ch\u00e2teau TOURNEFEUILLE appartiennent \u00e0 l\u2019appellation Lalande de Pomerol. Admirablement situ\u00e9 sur un \u00e9peron argilo-graveleux unique de la commune de N\u00e9ac face aux plus grands terroirs de Pomerol, le vignoble du Ch\u00e2teau TOURNEFEUILLE s\u2019\u00e9tend sur 17 hectares de vignes, rassembl\u00e9s autour du ch\u00e2teau\u2026","rel":"","context":"Article similaire","img":{"alt_text":"","src":"https:\/\/i2.wp.com\/www.passionfruits.fr\/wp-content\/uploads\/2015\/12\/tournefeuille.jpg?fit=570%2C620&ssl=1&resize=350%2C200","width":350,"height":200},"classes":[]},{"id":20298,"url":"https:\/\/www.passionfruits.fr\/index.php\/produit\/chateau-gabelot-la-bouteille-75-cl-2020\/","url_meta":{"origin":8573,"position":4},"title":"Ch\u00e2teau Gabelot la bouteille 75 cl 2020","date":"14 janvier 2025","format":false,"excerpt":"6 \u20ac la bouteille au carton de 6 bouteilles Alcool 13.5 % Contient des sulfites. La consommation de boissons alcoolis\u00e9es pendant la grossesse, m\u00eame en faible quantit\u00e9, peut avoir des cons\u00e9quences graves sur la sant\u00e9 de l\u2019enfant. L ABUS D ALCOOL EST DANGEREUX POUR LA SANTE. A CONSOMMER AVEC MODERATION.\u2026","rel":"","context":"Article similaire","img":{"alt_text":"","src":"https:\/\/i0.wp.com\/www.passionfruits.fr\/wp-content\/uploads\/2025\/01\/876.jpg?fit=600%2C600&ssl=1&resize=350%2C200","width":350,"height":200},"classes":[]},{"id":20284,"url":"https:\/\/www.passionfruits.fr\/index.php\/produit\/chateau-la-chapelle-du-couvent-blaye-le-magnum-150-cl-2019\/","url_meta":{"origin":8573,"position":5},"title":"Ch\u00e2teau La chapelle du couvent Blaye le Magnum 150 cl 2019","date":"11 janvier 2025","format":false,"excerpt":"Alcool 13 % Contient des sulfites. La consommation de boissons alcoolis\u00e9es pendant la grossesse, m\u00eame en faible quantit\u00e9, peut avoir des cons\u00e9quences graves sur la sant\u00e9 de l\u2019enfant. L ABUS D ALCOOL EST DANGEREUX POUR LA SANTE. A CONSOMMER AVEC MODERATION. LA VENTE D ALCOOL EST INTERDITE AUX MINEURS. Borie\u2026","rel":"","context":"Article similaire","img":{"alt_text":"","src":"https:\/\/i0.wp.com\/www.passionfruits.fr\/wp-content\/uploads\/2025\/01\/809.jpg?fit=600%2C600&ssl=1&resize=350%2C200","width":350,"height":200},"classes":[]}],"_links":{"self":[{"href":"https:\/\/www.passionfruits.fr\/index.php\/wp-json\/wp\/v2\/product\/8573"}],"collection":[{"href":"https:\/\/www.passionfruits.fr\/index.php\/wp-json\/wp\/v2\/product"}],"about":[{"href":"https:\/\/www.passionfruits.fr\/index.php\/wp-json\/wp\/v2\/types\/product"}],"replies":[{"embeddable":true,"href":"https:\/\/www.passionfruits.fr\/index.php\/wp-json\/wp\/v2\/comments?post=8573"}],"wp:featuredmedia":[{"embeddable":true,"href":"https:\/\/www.passionfruits.fr\/index.php\/wp-json\/wp\/v2\/media\/8574"}],"wp:attachment":[{"href":"https:\/\/www.passionfruits.fr\/index.php\/wp-json\/wp\/v2\/media?parent=8573"}],"curies":[{"name":"wp","href":"https:\/\/api.w.org\/{rel}","templated":true}]}}