{"id":9275,"date":"2016-08-27T09:26:20","date_gmt":"2016-08-27T08:26:20","guid":{"rendered":"http:\/\/www.andreclaude.fr\/web\/?post_type=product&#038;p=9275"},"modified":"2025-09-25T06:36:31","modified_gmt":"2025-09-25T05:36:31","slug":"ananas-demi-epluche-en-cube-la-barq","status":"publish","type":"product","link":"https:\/\/www.passionfruits.fr\/index.php\/produit\/ananas-demi-epluche-en-cube-la-barq\/","title":{"rendered":"Ananas demi \u00e9pluch\u00e9 en cube la barq"},"content":{"rendered":"","protected":false},"excerpt":{"rendered":"","protected":false},"featured_media":9276,"comment_status":"closed","ping_status":"closed","template":"","meta":{"spay_email":"","jetpack_publicize_message":"","jetpack_is_tweetstorm":false},"jetpack_publicize_connections":[],"jetpack_sharing_enabled":true,"jetpack-related-posts":[{"id":5375,"url":"https:\/\/www.passionfruits.fr\/index.php\/produit\/ananas-cube-barq-300-g\/","url_meta":{"origin":9275,"position":0},"title":"Ananas cube Ap\u00e9ritif barq 300g env.","date":"7 d\u00e9cembre 2015","format":false,"excerpt":"Ananas d\u00e9shydrat\u00e9. Conditionn\u00e9 en boite refermable \u00e0 volont\u00e9 pour garder toute sa saveur. Ingr\u00e9dients:sucre,ananas,acidifiant:acide citrique E330,conservateur,anhydride sulfureux E220. Valeurs nutritionnelles Pour 100 g Energie 305 Kcal \/ 1295 Kj Lipides 0 g Glucides dont Sucres 73.9 g 53.1 g Prot\u00e9ines 2 g Fibres 5.2 g","rel":"","context":"Article similaire","img":{"alt_text":"","src":"https:\/\/i1.wp.com\/www.passionfruits.fr\/wp-content\/uploads\/2015\/12\/ananas-1.jpg?fit=590%2C568&ssl=1&resize=350%2C200","width":350,"height":200},"classes":[]},{"id":8343,"url":"https:\/\/www.passionfruits.fr\/index.php\/produit\/ananas-entier-epluche-en-barquette\/","url_meta":{"origin":9275,"position":1},"title":"Ananas entier Cote d 'ivoire Cat 1 \u00e9pluch\u00e9","date":"4 mars 2016","format":false,"excerpt":"Ananas frais pr\u00eats \u00e0 \u00eatre d\u00e9gust\u00e9 ! sans additifs, d\u00e9j\u00e0 \u00e9pluch\u00e9s et coup\u00e9s, pour un plaisir imm\u00e9diat. Succombez alors \u00e0 la gourmandise en toute simplicit\u00e9 ! Conditionn\u00e9 par nos soins en barquette refermable \u00e0 volont\u00e9 pour garder toute sa saveur. 100% Frais, 100% Pr\u00eat, sans conservateur.","rel":"","context":"Article similaire","img":{"alt_text":"","src":"https:\/\/i0.wp.com\/www.passionfruits.fr\/wp-content\/uploads\/2016\/03\/ananas-epluche.jpg?fit=600%2C600&ssl=1&resize=350%2C200","width":350,"height":200},"classes":[]},{"id":5798,"url":"https:\/\/www.passionfruits.fr\/index.php\/produit\/haricot-vert-epluche-la-barquette\/","url_meta":{"origin":9275,"position":2},"title":"Haricot Vert \u00e9pluch\u00e9  Kenya Cat 1 la barq. de 250grs","date":"7 d\u00e9cembre 2015","format":false,"excerpt":"","rel":"","context":"Article similaire","img":{"alt_text":"","src":"https:\/\/i0.wp.com\/www.passionfruits.fr\/wp-content\/uploads\/2015\/12\/hv-epluche.jpg?fit=600%2C583&ssl=1&resize=350%2C200","width":350,"height":200},"classes":[]},{"id":6497,"url":"https:\/\/www.passionfruits.fr\/index.php\/produit\/blanc-de-poireau-barq-400grs\/","url_meta":{"origin":9275,"position":3},"title":"Blanc de poireau Portugal Cat 1 la Barq. 400g","date":"7 d\u00e9cembre 2015","format":false,"excerpt":"L\u00e9gumes \u00e9pluch\u00e9s et coup\u00e9s, pr\u00eats \u00e0 consommer. Conditionn\u00e9 en barquette refermable \u00e0 volont\u00e9 pour garder toute sa saveur. 100% Frais, 100% Pr\u00eat, sans conservateur.","rel":"","context":"Article similaire","img":{"alt_text":"","src":"https:\/\/i0.wp.com\/www.passionfruits.fr\/wp-content\/uploads\/2015\/12\/blanc-de-poireau-450x300.jpg?fit=450%2C300&ssl=1&resize=350%2C200","width":350,"height":200},"classes":[]},{"id":6499,"url":"https:\/\/www.passionfruits.fr\/index.php\/produit\/courgette-lamelle-barq-450grs\/","url_meta":{"origin":9275,"position":4},"title":"Courgette lamelle France  Cat 1 la barq 450 grs","date":"7 d\u00e9cembre 2015","format":false,"excerpt":"L\u00e9gumes \u00e9pluch\u00e9s et coup\u00e9s, pr\u00eats \u00e0 consommer. Conditionn\u00e9 en barquette refermable \u00e0 volont\u00e9 pour garder toute sa saveur. 100% Frais, 100% Pr\u00eat, sans conservateur.","rel":"","context":"Article similaire","img":{"alt_text":"","src":"https:\/\/i1.wp.com\/www.passionfruits.fr\/wp-content\/uploads\/2015\/12\/Courgettes-Rondelle.jpg?fit=600%2C600&ssl=1&resize=350%2C200","width":350,"height":200},"classes":[]},{"id":6508,"url":"https:\/\/www.passionfruits.fr\/index.php\/produit\/carotte-rondelle-barq-500g\/","url_meta":{"origin":9275,"position":5},"title":"Carotte rondelle Portugal  Cat 1 la barq. 500g","date":"7 d\u00e9cembre 2015","format":false,"excerpt":"L\u00e9gumes \u00e9pluch\u00e9s et coup\u00e9s, pr\u00eats \u00e0 consommer. Conditionn\u00e9 en barquette refermable \u00e0 volont\u00e9 pour garder toute sa saveur. 100% Frais, 100% Pr\u00eat, sans conservateur.","rel":"","context":"Article similaire","img":{"alt_text":"","src":"https:\/\/i1.wp.com\/www.passionfruits.fr\/wp-content\/uploads\/2015\/12\/carotte-rondelle.jpg?fit=600%2C600&ssl=1&resize=350%2C200","width":350,"height":200},"classes":[]}],"_links":{"self":[{"href":"https:\/\/www.passionfruits.fr\/index.php\/wp-json\/wp\/v2\/product\/9275"}],"collection":[{"href":"https:\/\/www.passionfruits.fr\/index.php\/wp-json\/wp\/v2\/product"}],"about":[{"href":"https:\/\/www.passionfruits.fr\/index.php\/wp-json\/wp\/v2\/types\/product"}],"replies":[{"embeddable":true,"href":"https:\/\/www.passionfruits.fr\/index.php\/wp-json\/wp\/v2\/comments?post=9275"}],"wp:featuredmedia":[{"embeddable":true,"href":"https:\/\/www.passionfruits.fr\/index.php\/wp-json\/wp\/v2\/media\/9276"}],"wp:attachment":[{"href":"https:\/\/www.passionfruits.fr\/index.php\/wp-json\/wp\/v2\/media?parent=9275"}],"curies":[{"name":"wp","href":"https:\/\/api.w.org\/{rel}","templated":true}]}}