{"id":9559,"date":"2016-10-25T15:44:20","date_gmt":"2016-10-25T14:44:20","guid":{"rendered":"http:\/\/www.andreclaude.fr\/web\/?post_type=product&#038;p=9559"},"modified":"2022-12-23T14:22:46","modified_gmt":"2022-12-23T13:22:46","slug":"rhum-ananas-bouteille-70-cl","status":"publish","type":"product","link":"https:\/\/www.passionfruits.fr\/index.php\/produit\/rhum-ananas-bouteille-70-cl\/","title":{"rendered":"Rhum ananas Victoria la bouteille 70 cl"},"content":{"rendered":"","protected":false},"excerpt":{"rendered":"<p>L\u2019ananas Victoria ou \u00ab Queen Victoria \u00bb a un go\u00fbt incomparable \u00e0 la fois sucr\u00e9 et parfum\u00e9. Sa robe donne une couleur dor\u00e9e au punch.<br \/>\nSa douceur sera particuli\u00e8rement appr\u00e9ci\u00e9e des femmes.<\/p>\n<p>Nous vous conseillons de d\u00e9guster notre punch Ananas frais \u00e0 l\u2019ap\u00e9ritif.<\/p>\n<p>Alcool 28,5 %<\/p>\n<p>La consommation de boissons alcoolis\u00e9es pendant la grossesse, m\u00eame en faible quantit\u00e9, peut avoir des cons\u00e9quences graves sur la sant\u00e9 de l\u2019enfant.<\/p>\n<p>L ABUS D ALCOOL EST DANGEREUX POUR LA SANTE. A CONSOMMER AVEC MODERATION.<\/p>\n<p>LA VENTE D ALCOOL EST INTERDITE AUX MINEURS.<\/p>\n<p>L\u2019arom&#8217;arrang\u00e9 249 rue de la Girardi\u00e8re\u00a0 37530 Charg\u00e9.<\/p>\n","protected":false},"featured_media":9560,"comment_status":"closed","ping_status":"closed","template":"","meta":{"spay_email":"","jetpack_publicize_message":"","jetpack_is_tweetstorm":false},"jetpack_publicize_connections":[],"jetpack_sharing_enabled":true,"jetpack-related-posts":[{"id":9564,"url":"https:\/\/www.passionfruits.fr\/index.php\/produit\/rhum-ananas-mangue-bouteille-70-cl\/","url_meta":{"origin":9559,"position":0},"title":"Rhum Ananas - Mangue la bouteille 70 cl","date":"25 octobre 2016","format":false,"excerpt":"L\u2019ananas Victoria ou \u00ab Queen Victoria \u00bb a un go\u00fbt incomparable \u00e0 la fois sucr\u00e9 et parfum\u00e9. La mangue\u00a0avec son parfum puissant et son c\u00f4t\u00e9 poivr\u00e9, forme une excellente alliance avec l\u2019ananas. Alcool 28,5 % La consommation de boissons alcoolis\u00e9es pendant la grossesse, m\u00eame en faible quantit\u00e9, peut avoir des\u2026","rel":"","context":"Article similaire","img":{"alt_text":"","src":"https:\/\/i1.wp.com\/www.passionfruits.fr\/wp-content\/uploads\/2016\/10\/rhum-ananas-mangue.jpg?fit=390%2C564&ssl=1&resize=350%2C200","width":350,"height":200},"classes":[]},{"id":9572,"url":"https:\/\/www.passionfruits.fr\/index.php\/produit\/rhum-fraise-la-bouteille-70-cl\/","url_meta":{"origin":9559,"position":1},"title":"Rhum \u00e0 la Fraise - la bouteille 70 cl","date":"25 octobre 2016","format":false,"excerpt":"Avant-gardiste des beaux jours, ce punch\u00a0gourmand vous transportera aux pr\u00e9mices de la saison\u00a0estivale. A consommer frais de pr\u00e9f\u00e9rence. Alcool 22,8% La consommation de boissons alcoolis\u00e9es pendant la grossesse, m\u00eame en faible quantit\u00e9, peut avoir des cons\u00e9quences graves sur la sant\u00e9 de l\u2019enfant. L ABUS D ALCOOL EST DANGEREUX POUR LA\u2026","rel":"","context":"Article similaire","img":{"alt_text":"","src":"https:\/\/i0.wp.com\/www.passionfruits.fr\/wp-content\/uploads\/2016\/10\/Rhum-fraise.jpg?fit=387%2C580&ssl=1&resize=350%2C200","width":350,"height":200},"classes":[]},{"id":18741,"url":"https:\/\/www.passionfruits.fr\/index.php\/produit\/coffret-degustation-rhum-arrange-5-b-x-5-cl\/","url_meta":{"origin":9559,"position":2},"title":"Coffret D\u00e9gustation Rhum Arrang\u00e9 5 B. x 5 cl","date":"9 avril 2022","format":false,"excerpt":"Coffret D\u00e9gustation Rhum Arrang\u00e9 5 B. x 5 cl Ananas, Mangue passion, Shrubb, Gingembre citron vert et Duo de Vanilles Alcool entre 17 et 34\u00a0 % selon les vari\u00e9t\u00e9es La consommation de boissons alcoolis\u00e9es pendant la grossesse, m\u00eame en faible quantit\u00e9, peut avoir des cons\u00e9quences graves sur la sant\u00e9 de\u2026","rel":"","context":"Article similaire","img":{"alt_text":"","src":"https:\/\/i2.wp.com\/www.passionfruits.fr\/wp-content\/uploads\/2022\/04\/84130.jpg?fit=600%2C600&ssl=1&resize=350%2C200","width":350,"height":200},"classes":[]},{"id":9574,"url":"https:\/\/www.passionfruits.fr\/index.php\/produit\/rhum-mojito-framboise-la-bouteille-70-cl\/","url_meta":{"origin":9559,"position":3},"title":"Rhum Mojito - framboise la bouteille 70 cl","date":"25 octobre 2016","format":false,"excerpt":"Avant-gardiste des beaux jours, ce punch\u00a0gourmand vous transportera aux pr\u00e9mices de la saison\u00a0estivale. Il se boit nature. Il peut \u00e9galement \u00eatre servi avec de l\u2019eau gazeuse ou du vin blanc p\u00e9tillant. \u00c0 consommer bien frais Alcool 17 % La consommation de boissons alcoolis\u00e9es pendant la grossesse, m\u00eame en faible quantit\u00e9,\u2026","rel":"","context":"Article similaire","img":{"alt_text":"","src":"https:\/\/i1.wp.com\/www.passionfruits.fr\/wp-content\/uploads\/2016\/10\/mojito-framboises.jpg?fit=387%2C580&ssl=1&resize=350%2C200","width":350,"height":200},"classes":[]},{"id":12184,"url":"https:\/\/www.passionfruits.fr\/index.php\/produit\/rhum-vanille-coco-la-bouteille-de-70-cl\/","url_meta":{"origin":9559,"position":4},"title":"Rhum Noix de Coco la bouteille de 70 cl","date":"15 mai 2018","format":false,"excerpt":"Un arrang\u00e9 aux saveurs des \u00eeles\u2026. \u00c0 consommer bien frais Alcool 28,5 % La consommation de boissons alcoolis\u00e9es pendant la grossesse, m\u00eame en faible quantit\u00e9, peut avoir des cons\u00e9quences graves sur la sant\u00e9 de l\u2019enfant. L ABUS D ALCOOL EST DANGEREUX POUR LA SANTE. A CONSOMMER AVEC MODERATION. LA VENTE\u2026","rel":"","context":"Article similaire","img":{"alt_text":"","src":"https:\/\/i2.wp.com\/www.passionfruits.fr\/wp-content\/uploads\/2018\/05\/vanille-coco1.jpg?fit=600%2C600&ssl=1&resize=350%2C200","width":350,"height":200},"classes":[]},{"id":15869,"url":"https:\/\/www.passionfruits.fr\/index.php\/produit\/sangria-75-cl\/","url_meta":{"origin":9559,"position":5},"title":"Sangria Rouge 75 cl","date":"21 avril 2020","format":false,"excerpt":"Alcool 10 % Contient des sulfites. La consommation de boissons alcoolis\u00e9es pendant la grossesse, m\u00eame en faible quantit\u00e9, peut avoir des cons\u00e9quences graves sur la sant\u00e9 de l\u2019enfant. L ABUS D ALCOOL EST DANGEREUX POUR LA SANTE. A CONSOMMER AVEC MODERATION. LA VENTE D ALCOOL EST INTERDITE AUX MINEURS.","rel":"","context":"Article similaire","img":{"alt_text":"","src":"https:\/\/i2.wp.com\/www.passionfruits.fr\/wp-content\/uploads\/2020\/04\/Sangria.jpg?fit=600%2C600&ssl=1&resize=350%2C200","width":350,"height":200},"classes":[]}],"_links":{"self":[{"href":"https:\/\/www.passionfruits.fr\/index.php\/wp-json\/wp\/v2\/product\/9559"}],"collection":[{"href":"https:\/\/www.passionfruits.fr\/index.php\/wp-json\/wp\/v2\/product"}],"about":[{"href":"https:\/\/www.passionfruits.fr\/index.php\/wp-json\/wp\/v2\/types\/product"}],"replies":[{"embeddable":true,"href":"https:\/\/www.passionfruits.fr\/index.php\/wp-json\/wp\/v2\/comments?post=9559"}],"wp:featuredmedia":[{"embeddable":true,"href":"https:\/\/www.passionfruits.fr\/index.php\/wp-json\/wp\/v2\/media\/9560"}],"wp:attachment":[{"href":"https:\/\/www.passionfruits.fr\/index.php\/wp-json\/wp\/v2\/media?parent=9559"}],"curies":[{"name":"wp","href":"https:\/\/api.w.org\/{rel}","templated":true}]}}