{"id":9590,"date":"2016-10-28T09:05:45","date_gmt":"2016-10-28T08:05:45","guid":{"rendered":"http:\/\/www.andreclaude.fr\/web\/?post_type=product&#038;p=9590"},"modified":"2023-02-17T09:59:35","modified_gmt":"2023-02-17T08:59:35","slug":"croutons-tomate-et-basilic-sachet-150g","status":"publish","type":"product","link":"https:\/\/www.passionfruits.fr\/index.php\/produit\/croutons-tomate-et-basilic-sachet-150g\/","title":{"rendered":"Croutons tomate et basilic sachet de 150g"},"content":{"rendered":"<p>Les saveurs du Clavon<\/p>\n<p><span class=\"LrzXr\">ZI des plaines, <\/span><\/p>\n<p><span class=\"LrzXr\">80 chemins des buis, <\/span><\/p>\n<p><span class=\"LrzXr\">26780 Malataverne<\/span><\/p>\n","protected":false},"excerpt":{"rendered":"<p>Id\u00e9ale pour accompagner vos soupes ou vos salades.<\/p>\n<p>Ingr\u00e9dients : farine de <strong>bl\u00e9 <\/strong>76%, huile v\u00e9g\u00e9tale 7%, huile d&#8217;olive extra vierge 5%, concentr\u00e9 de tomate 3%, herbes aromatiques (romarin ,persil) 2.5%, sel 2%, levure 1% , basilic 1% \u00e9pices (paprika, curry, chili)0.5% farine de <strong>c\u00e9r\u00e9ales<\/strong> malt\u00e9es 0.4%, <strong>lait<\/strong> en poudre 0.4%, amidon de ma\u00ees modifi\u00e9 0.4%, <strong>lactose<\/strong> 0.4%, extrait de levure 0.4%.<\/p>\n<p>Peut contenir des traces de graines de s\u00e9same.<\/p>\n<p>Valeurs nutritionnelles moyennes\u00a0 pour 100 g<\/p>\n<p>Energie : 441kcal\/1858kj<\/p>\n<p>lipides : 11.9g dont satur\u00e9s 5g<\/p>\n<p>Glucides : 71.3g dont sucres 3.3g<\/p>\n<p>Fibres alimentaires : 3.3g<\/p>\n<p>Prot\u00e9ines : 12.4g<\/p>\n<p>Sel : 3.3g<\/p>\n","protected":false},"featured_media":9591,"comment_status":"closed","ping_status":"closed","template":"","meta":{"spay_email":"","jetpack_publicize_message":"","jetpack_is_tweetstorm":false},"jetpack_publicize_connections":[],"jetpack_sharing_enabled":true,"jetpack-related-posts":[{"id":7782,"url":"https:\/\/www.passionfruits.fr\/index.php\/produit\/pain-a-la-tomate-sachet-150g\/","url_meta":{"origin":9590,"position":0},"title":"Pain grill\u00e9 \u00e0 la tomate sachet 150g","date":"21 janvier 2016","format":false,"excerpt":"Id\u00e9al pour tartiner vos tapenades \u00e0 l' ap\u00e9ritif. Ingr\u00e9dients : farine de bl\u00e9, huile de tournesol raffin\u00e9e (29%), tomate d\u00e9shydrat\u00e9e en poudre (8%)\u00a0 levure, sel, origan (0.4%), am\u00e9liorant de panification (farine de bl\u00e9, antiagglom\u00e9rant E170i, \u00e9mulsifiant E472e, antioxydant E300 et enzymes) et sucre. Contient du gluten. Contient des traces de\u2026","rel":"","context":"Article similaire","img":{"alt_text":"","src":"https:\/\/i1.wp.com\/www.passionfruits.fr\/wp-content\/uploads\/2016\/01\/pain-tomatep.jpg?fit=460%2C460&ssl=1&resize=350%2C200","width":350,"height":200},"classes":[]},{"id":9588,"url":"https:\/\/www.passionfruits.fr\/index.php\/produit\/croutons-a-lhuile-dolive-sachet-de-150-gr\/","url_meta":{"origin":9590,"position":1},"title":"Croutons \u00e0 l'huile d'olive sachet de 150 Gr","date":"28 octobre 2016","format":false,"excerpt":"Id\u00e9ale pour accompagner vos soupes ou vos salades. Ingr\u00e9dients : farine de bl\u00e9, huile v\u00e9g\u00e9tale, huile d'olive extra vierge 5%, sel, levure, farine de c\u00e9r\u00e9ales malt\u00e9es, lait en poudre, extrait de levure, ar\u00f4me naturel. Peut contenir des traces de graines de s\u00e9same. Valeurs nutritionnelles moyennes\u00a0 pour 100 g Energie :\u2026","rel":"","context":"Article similaire","img":{"alt_text":"","src":"https:\/\/i0.wp.com\/www.passionfruits.fr\/wp-content\/uploads\/2016\/10\/croutons-huile-olive-150g.jpg?fit=600%2C600&ssl=1&resize=350%2C200","width":350,"height":200},"classes":[]},{"id":6014,"url":"https:\/\/www.passionfruits.fr\/index.php\/produit\/pain-a-lail\/","url_meta":{"origin":9590,"position":2},"title":"Pain grill\u00e9 \u00e0 l'ail et au persil sachet 150g","date":"7 d\u00e9cembre 2015","format":false,"excerpt":"Id\u00e9al pour tartiner vos tapenades \u00e0 l' ap\u00e9ritif. Ingr\u00e9dients : farine de bl\u00e9, assaisonnement (huile de tournesol raffin\u00e9e (22%), \u00e0 l'ail (0.1%) et sel) huile de tournesol raffin\u00e9e (8%), levure, sel, persil (0.4%), am\u00e9liorant de panification (farine de bl\u00e9, antiagglom\u00e9rant E170i, \u00e9mulsifiant E472e, antioxydant E300 et enzymes) et sucre. Contient\u2026","rel":"","context":"Article similaire","img":{"alt_text":"","src":"https:\/\/i0.wp.com\/www.passionfruits.fr\/wp-content\/uploads\/2015\/12\/pain-a-l-ail.jpg?fit=460%2C460&ssl=1&resize=350%2C200","width":350,"height":200},"classes":[]},{"id":6157,"url":"https:\/\/www.passionfruits.fr\/index.php\/produit\/tapenade-sardinade-le-pot\/","url_meta":{"origin":9590,"position":3},"title":"Tapenade - Sardinade verrine 90g","date":"7 d\u00e9cembre 2015","format":false,"excerpt":"Souvenir d'enfance, la Sardinade et ses saveurs...Sur une bonne tartine de pain , le tout saupoudr\u00e9 de piment d'Espelette. Pr\u00eate \u00e0 \u00eatre d\u00e9gust\u00e9e ! Ingr\u00e9dients : sardines 31%, olives vertes,poivrons rouges, huile de tournesol, tomates s\u00e9ch\u00e9es 9%, c\u00e2pres, tomates pel\u00e9es, persil, ail, huile d'olive, jus de citron, concentr\u00e9, sel amidon\u2026","rel":"","context":"Article similaire","img":{"alt_text":"","src":"https:\/\/i2.wp.com\/www.passionfruits.fr\/wp-content\/uploads\/2015\/12\/sardinade.jpg?fit=458%2C458&ssl=1&resize=350%2C200","width":350,"height":200},"classes":[]},{"id":18323,"url":"https:\/\/www.passionfruits.fr\/index.php\/produit\/croutons-ail-et-basilic-sachet-de-150-gr\/","url_meta":{"origin":9590,"position":4},"title":"Croutons ail et basilic sachet de 150 Gr","date":"16 septembre 2021","format":false,"excerpt":"Ingr\u00e9dients: farine de bl\u00e9, huile d'olive extra vierge 5%, huile d'olive 5%, sel iod\u00e9, arome naturel, ail 1%, basilic 1%,levure,gluten de bl\u00e9, farine de bl\u00e9 malt\u00e9e, malt d 'orge grill\u00e9 .Peut contenir des traces de soja et de lait. Valeurs nutritionnelles moyennes pour 100grs \u00e9nergies 1885kj_447kcal Mati\u00e8res grasses 11,9g dont\u2026","rel":"","context":"Article similaire","img":{"alt_text":"","src":"https:\/\/i1.wp.com\/www.passionfruits.fr\/wp-content\/uploads\/2021\/09\/croutons_-_sc_ail_et_basilic_-_img_4783_copier_copier_.jpg?fit=600%2C600&ssl=1&resize=350%2C200","width":350,"height":200},"classes":[]},{"id":9242,"url":"https:\/\/www.passionfruits.fr\/index.php\/produit\/melange-sambahia-barquette-150-g-environ\/","url_meta":{"origin":9590,"position":5},"title":"M\u00e9lange sambahia barquette 150 g environ","date":"20 ao\u00fbt 2016","format":false,"excerpt":"M\u00e9lange d'arachides enrob\u00e9es et de biscuits souffl\u00e9s au riz. Conditionn\u00e9 en barquette refermable \u00e0 volont\u00e9 pour garder toute sa saveur. Ingr\u00e9dients: Riz 33%, arachides 17%, farine de bl\u00e9,sucre, huile vegetales (palm, tournesol), amidon modifi\u00e9 de ma\u00efs et de tapioca, sauce soja (eau,soja,bl\u00e9,sel), sel, assaisonnement aromtis\u00e9 (maltodextrine, sel, oignon, ail, sucre,\u2026","rel":"","context":"Article similaire","img":{"alt_text":"","src":"https:\/\/i1.wp.com\/www.passionfruits.fr\/wp-content\/uploads\/2016\/08\/Melange-sambahia.jpg?fit=600%2C600&ssl=1&resize=350%2C200","width":350,"height":200},"classes":[]}],"_links":{"self":[{"href":"https:\/\/www.passionfruits.fr\/index.php\/wp-json\/wp\/v2\/product\/9590"}],"collection":[{"href":"https:\/\/www.passionfruits.fr\/index.php\/wp-json\/wp\/v2\/product"}],"about":[{"href":"https:\/\/www.passionfruits.fr\/index.php\/wp-json\/wp\/v2\/types\/product"}],"replies":[{"embeddable":true,"href":"https:\/\/www.passionfruits.fr\/index.php\/wp-json\/wp\/v2\/comments?post=9590"}],"wp:featuredmedia":[{"embeddable":true,"href":"https:\/\/www.passionfruits.fr\/index.php\/wp-json\/wp\/v2\/media\/9591"}],"wp:attachment":[{"href":"https:\/\/www.passionfruits.fr\/index.php\/wp-json\/wp\/v2\/media?parent=9590"}],"curies":[{"name":"wp","href":"https:\/\/api.w.org\/{rel}","templated":true}]}}